{"id":74883,"date":"2021-06-28T13:24:58","date_gmt":"2021-06-28T10:24:58","guid":{"rendered":"https:\/\/www.mikropor.com\/?page_id=74883"},"modified":"2021-07-12T13:37:44","modified_gmt":"2021-07-12T10:37:44","slug":"markenwerte","status":"publish","type":"page","link":"https:\/\/www.mikropor.com\/de\/unternehmen\/markenwerte\/","title":{"rendered":"Markenwerte"},"content":{"rendered":"<section class=\"wpb-content-wrapper\"><p>[vc_row full_width=&#8220;stretch_row&#8220; parallax=&#8220;content-moving&#8220; css=&#8220;.vc_custom_1623616028563{margin-top: -50px !important;padding-top: 8% !important;padding-bottom: 8% !important;background-image: url(https:\/\/www.mikropor.com\/wp-content\/uploads\/2021\/04\/MIKROPOR_1647.jpg?id=73321) !important;}&#8220; el_class=&#8220;vc_hidden-xs&#8220;][vc_column width=&#8220;1\/2&#8243;][vc_custom_heading text=&#8220;We are always following the latest production techniques.&#8220; font_container=&#8220;tag:h2|font_size:48px|text_align:left|color:%23ffffff&#8220; use_theme_fonts=&#8220;yes&#8220; el_class=&#8220;about-subtitle wow fadeIn delay&#8211;1&#8243;][\/vc_column][vc_column width=&#8220;1\/2&#8243;][\/vc_column][\/vc_row][vc_row full_width=&#8220;stretch_row&#8220; parallax=&#8220;content-moving&#8220; css=&#8220;.vc_custom_1623616211870{margin-top: -50px !important;padding-top: 8% !important;padding-bottom: 8% !important;background-image: url(https:\/\/www.mikropor.com\/wp-content\/uploads\/2021\/06\/MARKA-DEGERLERI-1-1.jpg?id=74733) !important;}&#8220; el_class=&#8220;vc_hidden-lg vc_hidden-md vc_hidden-sm&#8220;][vc_column width=&#8220;1\/2&#8243;][vc_custom_heading text=&#8220;We are always following the latest production techniques.&#8220; font_container=&#8220;tag:h2|font_size:25px|text_align:center|color:%23ffffff&#8220; use_theme_fonts=&#8220;yes&#8220; el_class=&#8220;about-subtitle wow fadeIn delay&#8211;1&#8243;][\/vc_column][vc_column width=&#8220;1\/2&#8243;][\/vc_column][\/vc_row][vc_row][vc_column width=&#8220;4\/6&#8243;][vc_row_inner equal_height=&#8220;yes&#8220; content_placement=&#8220;middle&#8220; el_class=&#8220;wow fadeIn delay&#8211;1&#8243; css=&#8220;.vc_custom_1618916322485{padding-top: 70px !important;}&#8220;][vc_column_inner width=&#8220;1\/4&#8243;][vc_single_image image=&#8220;75134&#8243; img_size=&#8220;full&#8220; alignment=&#8220;center&#8220; el_class=&#8220;marka-mobil&#8220;][\/vc_column_inner][vc_column_inner width=&#8220;3\/4&#8243;][vc_column_text]<\/p>\n<p style=\"font-size: 16px;\">Wir produzieren die L\u00f6sungen f\u00fcr unsere weltweiten Kunden in hoher Fertigungstiefe, daher sind wir st\u00e4ndig auf der Suche nach den neuesten Produktionstechnologien.<\/p>\n<p>[\/vc_column_text][\/vc_column_inner][\/vc_row_inner][vc_row_inner content_placement=&#8220;middle&#8220; el_class=&#8220;wow fadeIn delay&#8211;2&#8243;][vc_column_inner width=&#8220;1\/4&#8243;][vc_single_image image=&#8220;75137&#8243; img_size=&#8220;full&#8220; el_class=&#8220;marka-mobil&#8220;][\/vc_column_inner][vc_column_inner width=&#8220;3\/4&#8243;][vc_column_text]<\/p>\n<p style=\"font-size: 16px;\">In fester \u00dcberzeugung an die &#8222;St\u00e4rke der Zahlen&#8220; wachsen wir kontinuierlich mit mehr als 1000 Mitarbeitern heute.<\/p>\n<p>[\/vc_column_text][\/vc_column_inner][\/vc_row_inner][vc_row_inner content_placement=&#8220;middle&#8220; el_class=&#8220;wow fadeIn delay&#8211;3&#8243;][vc_column_inner width=&#8220;1\/4&#8243;][vc_single_image image=&#8220;75146&#8243; img_size=&#8220;full&#8220; el_class=&#8220;marka-mobil&#8220;][\/vc_column_inner][vc_column_inner width=&#8220;3\/4&#8243;][vc_column_text]<\/p>\n<p style=\"font-size: 16px;\">Wir sehen uns in der Verantwortung f\u00fcr die Zukunft, daher erzeugen wir mit umweltfreundlichen Produktionsmethoden hochqualitative Produkte und L\u00f6sungen, die zur Energieeffiezienz beitragen.<\/p>\n<p>[\/vc_column_text][\/vc_column_inner][\/vc_row_inner][vc_row_inner content_placement=&#8220;middle&#8220; el_class=&#8220;wow fadeIn delay&#8211;4&#8243;][vc_column_inner width=&#8220;1\/4&#8243;][vc_single_image image=&#8220;75143&#8243; img_size=&#8220;full&#8220; el_class=&#8220;marka-mobil&#8220;][\/vc_column_inner][vc_column_inner width=&#8220;3\/4&#8243;][vc_column_text]<\/p>\n<p style=\"font-size: 16px;\">Unsere Mitarbeiter sind der Schl\u00fcssel zu unserem Erfolg, daher stehen ihre Wertsch\u00e4tzung und Einbindung an erster Stelle.<\/p>\n<p>[\/vc_column_text][\/vc_column_inner][\/vc_row_inner][vc_row_inner content_placement=&#8220;middle&#8220; el_class=&#8220;wow fadeIn delay&#8211;5&#8243;][vc_column_inner width=&#8220;1\/4&#8243;][vc_single_image image=&#8220;75140&#8243; img_size=&#8220;full&#8220; el_class=&#8220;marka-mobil&#8220;][\/vc_column_inner][vc_column_inner width=&#8220;3\/4&#8243;][vc_column_text el_class=&#8220;wow fadeIn delay&#8211;6&#8243;]<\/p>\n<p style=\"font-size: 16px;\">Als hochspezialisiertes Unternehmen leitet uns unsere Philosophie &#8222;Produzieren f\u00fcr die Zukunft&#8220;. So k\u00f6nnen wir schnell neue Technologien adaptieren und die W\u00fcnsche unserer Kunden erf\u00fcllen.<\/p>\n<p>[\/vc_column_text][\/vc_column_inner][\/vc_row_inner][vc_raw_html]JTNDc3R5bGUlM0UudmNfcm93JTIwJTdCJTIwbWFyZ2luLWJvdHRvbSUzQSUyMC0yNHB4JTNCJTdEJTBBJTQwbWVkaWElMjBvbmx5JTIwc2NyZWVuJTIwYW5kJTIwJTI4bWF4LXdpZHRoJTNBJTIwNzIwcHglMjklN0IlMEEudmNfY3VzdG9tXzE2MTg5MTYzMjI0ODUlMjAlN0IlMEElMjAlMjAlMjAlMjBwYWRkaW5nLXRvcCUzQSUyMDBweCUyMCUyMWltcG9ydGFudCUzQiUwQSU3RCUwQSUyM2NvbnRlbnQlMjAud3BiX2FsZXJ0JTIwcCUzQWxhc3QtY2hpbGQlMkMlMjAlMjNjb250ZW50JTIwLndwYl90ZXh0X2NvbHVtbiUyMCUzQWxhc3QtY2hpbGQlMkMlMjAlMjNjb250ZW50JTIwLndwYl90ZXh0X2NvbHVtbiUyMHAlM0FsYXN0LWNoaWxkJTJDJTIwLndwYl9hbGVydCUyMHAlM0FsYXN0LWNoaWxkJTJDJTIwLndwYl90ZXh0X2NvbHVtbiUyMCUzQWxhc3QtY2hpbGQlMkMlMjAud3BiX3RleHRfY29sdW1uJTIwcCUzQWxhc3QtY2hpbGQlMjAlN0IlMEElMjAlMjAlMjAlMjBtYXJnaW4tYm90dG9tJTNBJTIwNDBweCUzQiUwQSU3RCUwQS53cGJfYnV0dG9uJTJDJTIwLndwYl9jb250ZW50X2VsZW1lbnQlMkMlMjB1bC53cGJfdGh1bWJuYWlscy1mbHVpZCUzRWxpJTIwJTdCJTBBJTIwJTIwJTIwJTIwbWFyZ2luLWJvdHRvbSUzQSUyMDBweCUzQiUwQSU3RCUwQSU3RCUwQSUzQyUyRnN0eWxlJTNF[\/vc_raw_html][\/vc_column][vc_column width=&#8220;2\/6&#8243; offset=&#8220;vc_hidden-md vc_hidden-sm vc_hidden-xs&#8220;][vc_single_image image=&#8220;74915&#8243; img_size=&#8220;211&#215;400&#8243; alignment=&#8220;right&#8220; el_class=&#8220;wow slideInRight delay&#8211;6&#8243; css=&#8220;.vc_custom_1621509455699{padding-top: 70px !important;}&#8220;][\/vc_column][\/vc_row][vc_row content_placement=&#8220;middle&#8220; disable_element=&#8220;yes&#8220; css=&#8220;.vc_custom_1617274127938{padding-top: 65px !important;}&#8220; el_id=&#8220;sektorler&#8220;][vc_column width=&#8220;1\/2&#8243; el_class=&#8220;wow fadeIn delay&#8211;1&#8243;][vc_single_image image=&#8220;74871&#8243; img_size=&#8220;full&#8220;][\/vc_column][vc_column width=&#8220;1\/2&#8243; el_class=&#8220;wow fadeIn delay&#8211;2&#8243;][vc_custom_heading text=&#8220;\u00dcr\u00fcnlerimizin Kullan\u0131ld\u0131\u011f\u0131 Sekt\u00f6rler&#8220; use_theme_fonts=&#8220;yes&#8220; el_class=&#8220;about-subtitle_2&#8243; css=&#8220;.vc_custom_1615455061552{padding-right: 3% !important;padding-left: 3% !important;}&#8220;][vc_row_inner][vc_column_inner width=&#8220;1\/2&#8243;][vc_column_text css=&#8220;.vc_custom_1615455427533{padding-right: 3% !important;padding-left: 3% !important;}&#8220;]<\/p>\n<ul>\n<li>AVM&#8217;ler ve Plazalar<\/li>\n<li>Hastaneler ve Lavoratuarlar<\/li>\n<li>\u00d6zel Tasar\u0131m Filtreler<\/li>\n<li>\u0130la\u00e7 Sekt\u00f6r\u00fc<\/li>\n<li>Kompres\u00f6r Sekt\u00f6r\u00fc<\/li>\n<\/ul>\n<p>[\/vc_column_text][\/vc_column_inner][vc_column_inner width=&#8220;1\/2&#8243;][vc_column_text css=&#8220;.vc_custom_1615455440005{padding-right: 3% !important;padding-left: 3% !important;}&#8220;]<\/p>\n<ul>\n<li>Demir \u00c7elik Sekt\u00f6r\u00fc<\/li>\n<li>Boya ve Kaplama Sistemleri<\/li>\n<li>\u0130leri Teknoloji Uygulamalar\u0131<\/li>\n<li>Temiz Oda ve HVAC<\/li>\n<\/ul>\n<p>[\/vc_column_text][\/vc_column_inner][\/vc_row_inner][\/vc_column][\/vc_row]<\/p>\n<\/section>","protected":false},"excerpt":{"rendered":"<p>[vc_row full_width=&#8220;stretch_row&#8220; parallax=&#8220;content-moving&#8220; css=&#8220;.vc_custom_1623616028563{margin-top: -50px !important;padding-top: 8% !important;padding-bottom: 8% !important;background-image: url(https:\/\/www.mikropor.com\/wp-content\/uploads\/2021\/04\/MIKROPOR_1647.jpg?id=73321) !important;}&#8220; el_class=&#8220;vc_hidden-xs&#8220;][vc_column width=&#8220;1\/2&#8243;][vc_custom_heading text=&#8220;We are always following the latest production techniques.&#8220; font_container=&#8220;tag:h2|font_size:48px|text_align:left|color:%23ffffff&#8220; use_theme_fonts=&#8220;yes&#8220; el_class=&#8220;about-subtitle wow fadeIn delay&#8211;1&#8243;][\/vc_column][vc_column width=&#8220;1\/2&#8243;][\/vc_column][\/vc_row][vc_row full_width=&#8220;stretch_row&#8220; parallax=&#8220;content-moving&#8220; css=&#8220;.vc_custom_1623616211870{margin-top: -50px !important;padding-top: 8% !important;padding-bottom: 8% !important;background-image: url(https:\/\/www.mikropor.com\/wp-content\/uploads\/2021\/06\/MARKA-DEGERLERI-1-1.jpg?id=74733) !important;}&#8220; el_class=&#8220;vc_hidden-lg vc_hidden-md vc_hidden-sm&#8220;][vc_column width=&#8220;1\/2&#8243;][vc_custom_heading text=&#8220;We are always following the latest production techniques.&#8220; font_container=&#8220;tag:h2|font_size:25px|text_align:center|color:%23ffffff&#8220; use_theme_fonts=&#8220;yes&#8220; el_class=&#8220;about-subtitle [&hellip;]<\/p>\n","protected":false},"author":3,"featured_media":0,"parent":74869,"menu_order":0,"comment_status":"closed","ping_status":"closed","template":"page-full-width.php","meta":{"footnotes":""},"class_list":["post-74883","page","type-page","status-publish","hentry"],"_links":{"self":[{"href":"https:\/\/www.mikropor.com\/de\/wp-json\/wp\/v2\/pages\/74883","targetHints":{"allow":["GET"]}}],"collection":[{"href":"https:\/\/www.mikropor.com\/de\/wp-json\/wp\/v2\/pages"}],"about":[{"href":"https:\/\/www.mikropor.com\/de\/wp-json\/wp\/v2\/types\/page"}],"author":[{"embeddable":true,"href":"https:\/\/www.mikropor.com\/de\/wp-json\/wp\/v2\/users\/3"}],"replies":[{"embeddable":true,"href":"https:\/\/www.mikropor.com\/de\/wp-json\/wp\/v2\/comments?post=74883"}],"version-history":[{"count":0,"href":"https:\/\/www.mikropor.com\/de\/wp-json\/wp\/v2\/pages\/74883\/revisions"}],"up":[{"embeddable":true,"href":"https:\/\/www.mikropor.com\/de\/wp-json\/wp\/v2\/pages\/74869"}],"wp:attachment":[{"href":"https:\/\/www.mikropor.com\/de\/wp-json\/wp\/v2\/media?parent=74883"}],"curies":[{"name":"wp","href":"https:\/\/api.w.org\/{rel}","templated":true}]}}