{"id":74921,"date":"2021-06-28T13:28:31","date_gmt":"2021-06-28T10:28:31","guid":{"rendered":"https:\/\/www.mikropor.com\/?page_id=74921"},"modified":"2026-01-05T11:35:25","modified_gmt":"2026-01-05T08:35:25","slug":"qualitaet","status":"publish","type":"page","link":"https:\/\/www.mikropor.com\/de\/qualitaet\/","title":{"rendered":"Qualit\u00e4t"},"content":{"rendered":"<section class=\"wpb-content-wrapper\"><p>[vc_row full_width=&#8220;stretch_row&#8220; parallax=&#8220;content-moving&#8220; bg_type=&#8220;image&#8220; parallax_style=&#8220;vcpb-default&#8220; bg_image_new=&#8220;id^72981|url^https:\/\/www.mikropor.com\/wp-content\/uploads\/2021\/04\/Kalite-2-1-scaled-e1617614620312.jpg|caption^null|alt^null|title^Kalite-2|description^null&#8220; bg_image_repeat=&#8220;no-repeat&#8220; el_class=&#8220;vc_hidden-xs hero-bg&#8220; css=&#8220;.vc_custom_1765361929996{margin-top: -93px !important;padding-top: 12% !important;padding-bottom: 12% !important;}&#8220;][vc_column width=&#8220;1\/2&#8243;][\/vc_column][vc_column width=&#8220;1\/2&#8243;][vc_custom_heading text=&#8220;Wir arbeiten daran, k\u00fcnftigen Generationen eine lebenswerte Welt zu hinterlassen.&#8220; font_container=&#8220;tag:h2|font_size:52px|text_align:right|color:%23ffffff&#8220; use_theme_fonts=&#8220;yes&#8220; el_class=&#8220;about-subtitle wow fadeIn delay&#8211;1&#8243;][\/vc_column][\/vc_row][vc_row full_width=&#8220;stretch_row&#8220; parallax=&#8220;content-moving&#8220; bg_type=&#8220;image&#8220; parallax_style=&#8220;vcpb-default&#8220; bg_image_new=&#8220;id^72981|url^https:\/\/www.mikropor.com\/wp-content\/uploads\/2021\/04\/Kalite-2-1-scaled-e1617614620312.jpg|caption^null|alt^null|title^Kalite-2|description^null&#8220; bg_image_repeat=&#8220;no-repeat&#8220; el_class=&#8220;vc_hidden-lg vc_hidden-md vc_hidden-sm hero-bg&#8220; css=&#8220;.vc_custom_1765362007929{margin-top: -50px !important;padding-top: 12% !important;padding-bottom: 12% !important;}&#8220;][vc_column width=&#8220;1\/2&#8243;][\/vc_column][vc_column width=&#8220;1\/2&#8243;][vc_custom_heading text=&#8220;Wir arbeiten daran, k\u00fcnftigen Generationen eine lebenswerte Welt zu hinterlassen.&#8220; font_container=&#8220;tag:h2|font_size:24px|text_align:right|color:%23ffffff&#8220; use_theme_fonts=&#8220;yes&#8220; el_class=&#8220;about-subtitle wow fadeIn delay&#8211;1&#8243;][\/vc_column][\/vc_row][vc_row][vc_column css=&#8220;.vc_custom_1749629847709{margin-top: 15px !important;margin-bottom: 60px !important;}&#8220;][vc_column_text]<\/p>\n<p style=\"text-align: center; margin-top: 15px;\"><span style=\"color: #000000;\"><br \/>\nAls Mikropor orientieren wir uns in allen unseren Prozessen, von der Produktion bis zum Service, an internationalen Qualit\u00e4tsstandards. Mit unserem Ansatz, der auf Kundenzufriedenheit und kontinuierlicher Verbesserung basiert, bieten wir zuverl\u00e4ssige und nachhaltige L\u00f6sungen.<\/span><\/p>\n<p>[\/vc_column_text][\/vc_column][\/vc_row][vc_row content_placement=&#8220;middle&#8220; el_class=&#8220;corporate-policy-section policy-isg&#8220; css=&#8220;.vc_custom_1753971019576{margin-bottom: 30px !important;}&#8220;][vc_column width=&#8220;1\/3&#8243;][vc_single_image image=&#8220;81454&#8243; img_size=&#8220;full&#8220;][\/vc_column][vc_column width=&#8220;2\/3&#8243;][vc_column_text]<\/p>\n<h3 style=\"text-align: left;\">ARBEITSSCHUTZ- UND SICHERHEITSPOLITIK<\/h3>\n<ul>\n<li>Proaktive und pr\u00e4ventive Ma\u00dfnahmen zur Vermeidung von Arbeitsunf\u00e4llen und Berufskrankheiten ergreifen.<\/li>\n<li>Unseren Mitarbeitern und Besuchern ein gesundes und sicheres Arbeitsumfeld bieten.<\/li>\n<li>Durch die Beteiligung unserer Mitarbeiter die Arbeitsschutzrisiken bewerten und auf ein akzeptables Ma\u00df reduzieren.<\/li>\n<li>Die gesetzlichen und sonstigen Anforderungen gewissenhaft einhalten.<\/li>\n<li>Das Bewusstsein unserer Mitarbeiter f\u00fcr Arbeitsschutz st\u00e4rken und ihre kontinuierliche Weiterentwicklung durch Schulungen f\u00f6rdern.<\/li>\n<li>Kontinuierliche Verbesserung unserer Arbeitssicherheitsleistung durch Vorschlags- und Feedbackmechanismen.<\/li>\n<li>Effiziente Nutzung unserer Ressourcen und Umsetzung kontinuierlicher Verbesserungsprozesse, um unsere Arbeitssicherheitsziele zu erreichen.<\/li>\n<\/ul>\n<p>[\/vc_column_text][\/vc_column][\/vc_row][vc_row content_placement=&#8220;middle&#8220; el_class=&#8220;corporate-policy-section policy-cevre&#8220; css=&#8220;.vc_custom_1753971026884{margin-bottom: 30px !important;}&#8220;][vc_column width=&#8220;2\/3&#8243;][vc_column_text]<\/p>\n<h3>UMWELTPOLITIK<\/h3>\n<ul>\n<li>Sorgf\u00e4ltige Einhaltung gesetzlicher Verfahren und internationaler Abkommen.<\/li>\n<li>Schaffung und Verbreitung einer Umweltkultur durch Verringerung von Umweltrisiken.<\/li>\n<li>Durchf\u00fchrung von Schulungen zur Steigerung des Umweltbewusstseins unserer Mitarbeiter und aller Stakeholder.<\/li>\n<li>Sensibilisierung f\u00fcr die Auswirkungen der Nutzung nat\u00fcrlicher Ressourcen auf die Umwelt.<\/li>\n<li>Erneuerbaren Energiequellen Vorrang einr\u00e4umen.<\/li>\n<li>Abf\u00e4lle an der Quelle trennen, Recycling f\u00f6rdern und die Abfallmenge reduzieren.<\/li>\n<li>Die Auswirkungen auf die Umwelt \u00fcberwachen und kontinuierlich verbessern.<\/li>\n<li>Ziele zur Reduzierung der CO2-Emissionen festlegen und Ma\u00dfnahmen zur Erreichung dieser Ziele ergreifen.<\/li>\n<li>Leistungsindikatoren festlegen, um die Wirksamkeit zu \u00fcberwachen und regelm\u00e4\u00dfig dar\u00fcber zu berichten.<\/li>\n<\/ul>\n<p>[\/vc_column_text][\/vc_column][vc_column width=&#8220;1\/3&#8243;][vc_single_image image=&#8220;88398&#8243; img_size=&#8220;full&#8220;][\/vc_column][\/vc_row][vc_row content_placement=&#8220;middle&#8220; el_class=&#8220;corporate-policy-section policy-kalite&#8220; css=&#8220;.vc_custom_1753971031087{margin-bottom: 30px !important;}&#8220;][vc_column width=&#8220;1\/3&#8243;][vc_single_image image=&#8220;88402&#8243; img_size=&#8220;full&#8220;][\/vc_column][vc_column width=&#8220;2\/3&#8243;][vc_column_text]<\/p>\n<h3>QUALIT\u00c4TSPOLITIK<\/h3>\n<ul>\n<li>Mit unserem kundenorientierten Ansatz Produkte herstellen und entwickeln, die die Erwartungen unserer Kunden \u00fcbertreffen und auf ihre Bed\u00fcrfnisse eingehen.<\/li>\n<li>Durch die Bedeutung, die wir Forschung und Entwicklung sowie Innovation beimessen, verbessern wir kontinuierlich unsere Wettbewerbsf\u00e4higkeit.<\/li>\n<li>Wir verbessern und entwickeln die Leistungsf\u00e4higkeit unseres Qualit\u00e4tsmanagementsystems kontinuierlich weiter.<\/li>\n<li>Wir sorgen daf\u00fcr, dass die Effizienz aller unserer Gesch\u00e4ftsprozesse ein nachhaltiger Wettbewerbsfaktor auf internationaler Ebene ist.<\/li>\n<li>Unsere Zusammenarbeit mit unseren Lieferanten im Rahmen ethischer Regeln auf der Grundlage gegenseitigen Vertrauens und gegenseitigen Nutzens zu gestalten.<\/li>\n<li>Die Kenntnisse und F\u00e4higkeiten unserer Mitarbeiter weiterzuentwickeln.<\/li>\n<\/ul>\n<p>[\/vc_column_text][\/vc_column][\/vc_row][vc_row content_placement=&#8220;middle&#8220; el_class=&#8220;corporate-policy-section policy-tibbi&#8220; css=&#8220;.vc_custom_1753971035312{margin-bottom: 30px !important;}&#8220;][vc_column width=&#8220;2\/3&#8243;][vc_column_text]<\/p>\n<h3>POLITIK DES QUALIT\u00c4TSMANAGEMENTSYSTEMS F\u00dcR MEDIZINISCHE GER\u00c4TE<\/h3>\n<ul>\n<li>Mit unserem kundenorientierten Ansatz Produkte herstellen und entwickeln, die den Bed\u00fcrfnissen und Erwartungen der Kunden in Bezug auf medizinische Ger\u00e4te und Komponenten entsprechen.<\/li>\n<li>Durch die Bedeutung, die wir Forschung und Entwicklung sowie Innovation beimessen, verbessern wir kontinuierlich unsere Wettbewerbsf\u00e4higkeit.<\/li>\n<li>Wir verbessern und entwickeln die Leistungsf\u00e4higkeit unseres Qualit\u00e4tsmanagementsystems kontinuierlich weiter.<\/li>\n<li>Wir sorgen daf\u00fcr, dass die Effizienz aller unserer Gesch\u00e4ftsprozesse ein nachhaltiger Wettbewerbsfaktor auf internationaler Ebene ist.<\/li>\n<li>Unsere Zusammenarbeit mit unseren Lieferanten im Rahmen ethischer Regeln auf der Grundlage gegenseitigen Vertrauens und gegenseitigen Nutzens zu gestalten.<\/li>\n<li>Die Kenntnisse und F\u00e4higkeiten unserer Mitarbeiter weiterzuentwickeln.<\/li>\n<\/ul>\n<p>[\/vc_column_text][\/vc_column][vc_column width=&#8220;1\/3&#8243;][vc_single_image image=&#8220;88406&#8243; img_size=&#8220;full&#8220;][\/vc_column][\/vc_row][vc_row content_placement=&#8220;middle&#8220; el_class=&#8220;corporate-policy-section policy-enerji&#8220; css=&#8220;.vc_custom_1753971043269{margin-bottom: 30px !important;}&#8220;][vc_column width=&#8220;1\/3&#8243;][vc_single_image image=&#8220;88410&#8243; img_size=&#8220;full&#8220;][\/vc_column][vc_column width=&#8220;2\/3&#8243;][vc_column_text]<\/p>\n<h3>ENERGIEPOLITIK<\/h3>\n<ul>\n<li>Durch Verfolgung der technologischen Innovationen in der Branche erf\u00fcllen wir mit unserem Managementteam und unserem geschulten Personal die Bed\u00fcrfnisse und Erwartungen unserer Kunden gem\u00e4\u00df den Anforderungen des Energiemanagementsystems.<\/li>\n<li>Unser Energiemanagementsystem kontinuierlich weiterzuentwickeln und zu verbessern,<\/li>\n<li>Die f\u00fcr uns geltenden gesetzlichen Bestimmungen, Normen und Konformit\u00e4tsverpflichtungen sowie die geltenden Energievorschriften einzuhalten,<\/li>\n<li>Eine effiziente Nutzung von Energie, Rohstoffen und nat\u00fcrlichen Ressourcen sicherzustellen,<\/li>\n<li>Bei unserer Arbeit den Grunds\u00e4tzen hoher Effizienz und geringen Energieverbrauchs treu bleiben,<\/li>\n<li>Unsere Mitarbeiter f\u00fcr das Thema Energieeinsparung sensibilisieren,<\/li>\n<li>Ma\u00dfnahmen zur Minimierung des Energieverbrauchs umsetzen.<\/li>\n<\/ul>\n<p>[\/vc_column_text][\/vc_column][\/vc_row][vc_row content_placement=&#8220;middle&#8220; el_class=&#8220;corporate-policy-section policy-surdurulebilirlik&#8220; css=&#8220;.vc_custom_1753971047547{margin-bottom: 30px !important;}&#8220;][vc_column width=&#8220;2\/3&#8243;][vc_column_text]<\/p>\n<h3>NACHHALTIGKEITSPOLITIK<\/h3>\n<h4><strong>\u00d6kologische Nachhaltigkeit<\/strong><\/h4>\n<ul>\n<li>Sensibilit\u00e4t f\u00fcr die Auswirkungen der Nutzung nat\u00fcrlicher Ressourcen auf die Umwelt.<\/li>\n<li>Durch die effiziente Nutzung unserer Ressourcen die Abfallmenge aus unseren Produkten und Dienstleistungen zu reduzieren.<\/li>\n<li>Produktionsprozesse zu verbreiten, die den CO2-Aussto\u00df und den Klimawandel reduzieren.<\/li>\n<li>Nachhaltige Entwicklung zu f\u00f6rdern, indem erneuerbaren Energiequellen Vorrang einger\u00e4umt wird.<\/li>\n<\/ul>\n<h4><strong>Soziale Nachhaltigkeit<\/strong><\/h4>\n<ul>\n<li>Gleichberechtigte Chancen am Arbeitsplatz ohne Diskriminierung aufgrund von Geschlecht, ethnischer Herkunft, Alter, Religion oder Behinderung.<\/li>\n<li>Kontinuierliche Verbesserung der Arbeitsbedingungen, Unterst\u00fctzung des Wohlergehens unserer Mitarbeiter durch eine faire Lohnpolitik und Zusatzleistungen.<\/li>\n<li>Entwicklung familienfreundlicher Ma\u00dfnahmen zur Wahrung der Work-Life-Balance unserer Mitarbeiter.<\/li>\n<li>F\u00f6rderung der sozialen Entwicklung durch Beitr\u00e4ge zu den Gemeinschaften, in denen wir t\u00e4tig sind.<\/li>\n<\/ul>\n<h4><strong>Wirtschaftliche Nachhaltigkeit<\/strong><\/h4>\n<ul>\n<li>Risikomanagementstrategien umsetzen, um unsere finanzielle Leistungsf\u00e4higkeit nachhaltig zu sichern.<\/li>\n<li>Finanzielle Transparenz in den Vordergrund stellen.<\/li>\n<li>Durch die \u00dcbernahme technologischer Entwicklungen, digitaler Transformation, gr\u00fcner Technologien und innovativer Gesch\u00e4ftsmodelle nachhaltige L\u00f6sungen zu entwickeln.<\/li>\n<li>Durch transparente Kommunikation und Zusammenarbeit einen Beitrag zu den Nachhaltigkeitszielen aller unserer Stakeholder zu leisten.<\/li>\n<li>Unsere wirtschaftlichen Beziehungen auf der Grundlage von Nachhaltigkeit aufzubauen.<\/li>\n<\/ul>\n<p>[\/vc_column_text][\/vc_column][vc_column width=&#8220;1\/3&#8243;][vc_single_image image=&#8220;88414&#8243; img_size=&#8220;full&#8220;][\/vc_column][\/vc_row][vc_row css=&#8220;.vc_custom_1750774028296{padding-top: 60px !important;}&#8220;][vc_column][vc_custom_heading text=&#8220;Unsere Dokumente und Zertifikate&#8220; google_fonts=&#8220;font_family:Open%20Sans%3A300%2C300italic%2Cregular%2Citalic%2C600%2C600italic%2C700%2C700italic%2C800%2C800italic|font_style:600%20bold%20regular%3A600%3Anormal&#8220;][vc_column_text]Alle unsere Zertifikate und Dokumente finden Sie unten.[\/vc_column_text][vc_row_inner css=&#8220;.vc_custom_1750774802996{padding-top: 30px !important;}&#8220;][vc_column_inner width=&#8220;1\/3&#8243; css=&#8220;.vc_custom_1750775191303{padding-right: 7px !important;padding-left: 7px !important;}&#8220;][vc_column_text el_class=&#8220;sertifika-div&#8220;]<a class=\"sertifika-alt\"><img decoding=\"async\" class=\"alignnone wp-image-74241\" src=\"https:\/\/www.mikropor.com\/wp-content\/uploads\/2021\/05\/CE.png\" alt=\"\" width=\"52\" height=\"52\" \/> <strong>Europ\u00e4ische Union<br \/>\n<span style=\"display: inline-block; font-weight: 400;\">Europ\u00e4ische Konformit\u00e4t<\/span><\/strong><\/a><\/p>\n<p><a class=\"sertifika-alt\"><img decoding=\"async\" class=\"alignnone wp-image-74241\" src=\"https:\/\/www.mikropor.com\/wp-content\/webp-express\/webp-images\/uploads\/2021\/05\/Topas-Logo-1-61x61.png.webp\" alt=\"\" width=\"52\" height=\"52\" \/> <strong>TOPAS<br \/>\n<span style=\"display: inline-block; font-weight: 400;\">Konformit\u00e4tsbescheinigung<\/span><\/strong><\/a><\/p>\n<p><a class=\"sertifika-alt\"><img decoding=\"async\" class=\"alignnone wp-image-74241\" src=\"https:\/\/www.mikropor.com\/wp-content\/webp-express\/webp-images\/uploads\/2021\/06\/VDI_Siegel-61x61.png.webp\" alt=\"\" width=\"52\" height=\"52\" \/> <strong>VDI<br \/>\n<span style=\"display: inline-block; font-weight: 400;\">Hygienische Konformit\u00e4t<\/span><\/strong><\/a>[\/vc_column_text][\/vc_column_inner][vc_column_inner width=&#8220;1\/3&#8243; css=&#8220;.vc_custom_1750775196797{padding-right: 7px !important;padding-left: 7px !important;}&#8220;][vc_column_text el_class=&#8220;sertifika-div&#8220;]<a class=\"sertifika-alt\"><img loading=\"lazy\" decoding=\"async\" class=\"alignnone wp-image-74241\" src=\"https:\/\/www.mikropor.com\/wp-content\/webp-express\/webp-images\/uploads\/2021\/03\/cert_nbbi-61x61.png.webp\" alt=\"\" width=\"52\" height=\"52\" \/> <strong>National Board<br \/>\n<span style=\"display: inline-block; font-weight: 400;\">Zertifizierungsdiplom<\/span><\/strong><\/a><\/p>\n<p><a class=\"sertifika-alt\"><img loading=\"lazy\" decoding=\"async\" class=\"alignnone wp-image-74241\" src=\"https:\/\/www.mikropor.com\/wp-content\/webp-express\/webp-images\/uploads\/2021\/03\/iso-logo.png.webp\" alt=\"\" width=\"52\" height=\"52\" \/> <strong>ISO<br \/>\n<span style=\"display: inline-block; font-weight: 400;\">ISO Zertifikate<\/span><\/strong><\/a><\/p>\n<p><a class=\"sertifika-alt\"><img loading=\"lazy\" decoding=\"async\" class=\"alignnone wp-image-74241\" src=\"https:\/\/www.mikropor.com\/wp-content\/webp-express\/webp-images\/uploads\/2021\/06\/C-UL-2-61x61.png.webp\" alt=\"\" width=\"52\" height=\"52\" \/> <strong>UL<br \/>\n<span style=\"display: inline-block; font-weight: 400;\">cUL-gelistete Zertifizierung<\/span><\/strong><\/a>[\/vc_column_text][\/vc_column_inner][vc_column_inner width=&#8220;1\/3&#8243;][vc_column_text el_class=&#8220;sertifika-div&#8220;]<a class=\"sertifika-alt\"><img loading=\"lazy\" decoding=\"async\" class=\"alignnone wp-image-74241\" src=\"https:\/\/www.mikropor.com\/wp-content\/webp-express\/webp-images\/uploads\/2021\/03\/Designador-U-e1615411064549-61x65.png.webp\" alt=\"\" width=\"52\" height=\"52\" \/> <strong>ASME<br \/>\n<span style=\"display: inline-block; font-weight: 400;\">Zertifizierungsdiplom<\/span><\/strong><\/a><\/p>\n<p><a class=\"sertifika-alt\"><img loading=\"lazy\" decoding=\"async\" class=\"alignnone wp-image-74241\" src=\"https:\/\/www.mikropor.com\/wp-content\/webp-express\/webp-images\/uploads\/2021\/05\/ATEX-60x60.png.webp\" alt=\"\" width=\"52\" height=\"52\" \/> <strong>Atex<br \/>\n<span style=\"display: inline-block; font-weight: 400;\">Konformit\u00e4tsbescheinigung<\/span><\/strong><\/a><\/p>\n<p><a class=\"sertifika-alt\"><img loading=\"lazy\" decoding=\"async\" class=\"alignnone wp-image-74241\" src=\"https:\/\/www.mikropor.com\/wp-content\/webp-express\/webp-images\/uploads\/2021\/03\/cagi-compressed-air-and-gas-institute.png.webp\" alt=\"\" width=\"52\" height=\"52\" \/> <strong>CAGI<br \/>\n<span style=\"display: inline-block; font-weight: 400;\">Testberichte<\/span><\/strong><\/a>[\/vc_column_text][\/vc_column_inner][\/vc_row_inner][\/vc_column][\/vc_row]<\/p>\n<\/section>","protected":false},"excerpt":{"rendered":"<p>[vc_row full_width=&#8220;stretch_row&#8220; parallax=&#8220;content-moving&#8220; bg_type=&#8220;image&#8220; parallax_style=&#8220;vcpb-default&#8220; bg_image_new=&#8220;id^72981|url^https:\/\/www.mikropor.com\/wp-content\/uploads\/2021\/04\/Kalite-2-1-scaled-e1617614620312.jpg|caption^null|alt^null|title^Kalite-2|description^null&#8220; bg_image_repeat=&#8220;no-repeat&#8220; el_class=&#8220;vc_hidden-xs hero-bg&#8220; css=&#8220;.vc_custom_1765361929996{margin-top: -93px !important;padding-top: 12% !important;padding-bottom: 12% !important;}&#8220;][vc_column width=&#8220;1\/2&#8243;][\/vc_column][vc_column width=&#8220;1\/2&#8243;][vc_custom_heading text=&#8220;Wir arbeiten daran, k\u00fcnftigen Generationen eine lebenswerte Welt zu hinterlassen.&#8220; font_container=&#8220;tag:h2|font_size:52px|text_align:right|color:%23ffffff&#8220; use_theme_fonts=&#8220;yes&#8220; el_class=&#8220;about-subtitle wow fadeIn delay&#8211;1&#8243;][\/vc_column][\/vc_row][vc_row full_width=&#8220;stretch_row&#8220; parallax=&#8220;content-moving&#8220; bg_type=&#8220;image&#8220; parallax_style=&#8220;vcpb-default&#8220; bg_image_new=&#8220;id^72981|url^https:\/\/www.mikropor.com\/wp-content\/uploads\/2021\/04\/Kalite-2-1-scaled-e1617614620312.jpg|caption^null|alt^null|title^Kalite-2|description^null&#8220; bg_image_repeat=&#8220;no-repeat&#8220; el_class=&#8220;vc_hidden-lg vc_hidden-md vc_hidden-sm hero-bg&#8220; css=&#8220;.vc_custom_1765362007929{margin-top: -50px !important;padding-top: 12% !important;padding-bottom: 12% !important;}&#8220;][vc_column width=&#8220;1\/2&#8243;][\/vc_column][vc_column width=&#8220;1\/2&#8243;][vc_custom_heading text=&#8220;Wir arbeiten [&hellip;]<\/p>\n","protected":false},"author":3,"featured_media":0,"parent":0,"menu_order":0,"comment_status":"closed","ping_status":"closed","template":"page-full-width.php","meta":{"footnotes":""},"class_list":["post-74921","page","type-page","status-publish","hentry"],"_links":{"self":[{"href":"https:\/\/www.mikropor.com\/de\/wp-json\/wp\/v2\/pages\/74921","targetHints":{"allow":["GET"]}}],"collection":[{"href":"https:\/\/www.mikropor.com\/de\/wp-json\/wp\/v2\/pages"}],"about":[{"href":"https:\/\/www.mikropor.com\/de\/wp-json\/wp\/v2\/types\/page"}],"author":[{"embeddable":true,"href":"https:\/\/www.mikropor.com\/de\/wp-json\/wp\/v2\/users\/3"}],"replies":[{"embeddable":true,"href":"https:\/\/www.mikropor.com\/de\/wp-json\/wp\/v2\/comments?post=74921"}],"version-history":[{"count":8,"href":"https:\/\/www.mikropor.com\/de\/wp-json\/wp\/v2\/pages\/74921\/revisions"}],"predecessor-version":[{"id":91857,"href":"https:\/\/www.mikropor.com\/de\/wp-json\/wp\/v2\/pages\/74921\/revisions\/91857"}],"wp:attachment":[{"href":"https:\/\/www.mikropor.com\/de\/wp-json\/wp\/v2\/media?parent=74921"}],"curies":[{"name":"wp","href":"https:\/\/api.w.org\/{rel}","templated":true}]}}