{"id":74971,"date":"2021-06-28T14:47:15","date_gmt":"2021-06-28T11:47:15","guid":{"rendered":"https:\/\/www.mikropor.com\/?page_id=74971"},"modified":"2025-06-30T16:35:33","modified_gmt":"2025-06-30T13:35:33","slug":"filter-fuer-ventilatoren","status":"publish","type":"page","link":"https:\/\/www.mikropor.com\/de\/luftfilter\/filter-fuer-ventilatoren\/","title":{"rendered":"Filter f\u00fcr Ventilatoren"},"content":{"rendered":"<section class=\"wpb-content-wrapper\"><p>[vc_row][vc_column width=&#8220;1\/2&#8243;][vc_column_text]<\/p>\n<h5 style=\"font-size: 19px;\">Unsere qualitativ hochwertigen und energiesparenden Filter sch\u00fctzen Personen, Prozesse und Produkte effektiv vor Feinstaub. Wir garantieren die Filtrationsleistung unserer Produkte nach ISO 16890 mit der Anwendung des breiteren Partikelspektrums im Vergleich zur EN779.<\/h5>\n<p>[\/vc_column_text][\/vc_column][vc_column width=&#8220;1\/2&#8243;][vc_single_image image=&#8220;74954&#8243; img_size=&#8220;full&#8220; add_caption=&#8220;yes&#8220; style=&#8220;vc_box_rounded&#8220; css=&#8220;.vc_custom_1618482769897{margin-top: 5px !important;}&#8220; el_class=&#8220;wow fadeIn delay&#8211;1&#8243;][\/vc_column][\/vc_row][vc_row][vc_column][vc_column_text]Rund 80% der Kosten f\u00fcr die Filtration werden durch den Energieverbrauch verursacht. Aufgrund dieses hohen Anteils ist der Einsatz von energieeffizienten Filtern von entscheidender Bedeutung. Zus\u00e4tzlich reduzieren die verl\u00e4ngerten Wechselintervalle der Filter den Entsorgungsaufwand deutlich.<\/p>\n<p>Die Energieeffizienz der Filter G4, M5, M6, F7, F8 und F9 wird durch die Eurovent 4\/11 klassifiziert. Unsere Eurovent 4\/11 zertifizierten Filter senken entscheidend den Energieverbrauch und sch\u00fctzen ihre Gesundheit und die Umwelt.<\/p>\n<p>Die Kataloge im Downloadbereich links zeigen das gesamte Angebot f\u00fcr die Kategorien:<\/p>\n<ul>\n<li>Grobfilter G2 &#8211; G3 &#8211; G4<\/li>\n<li>Feinfilter M5 &#8211; F9<\/li>\n<li>Aktivkohlefilter<\/li>\n<\/ul>\n<p>F\u00fcr eine nachhaltige und langfriste Kostenoptimierung in unterschiedlichen Industriezweigen und bieten wir eine systematische L\u00f6sung. Mit dem Mikropor Clean Air Management MICAM messen, kontrollieren und dokumentieren wir die Leistung der eingesetzten Filter. So wird eine verbrauchsoptimale Filtrationsl\u00f6sung f\u00fcr den Kunden realisiert.<\/p>\n<p>Laden Sie sich die Brosch\u00fcren mit unseren speziellen L\u00f6sungen f\u00fcr Anwendungen in unterschiedlichen Industriebereichen im Downloadbereich links herunter.[\/vc_column_text][\/vc_column][\/vc_row][vc_row disable_element=&#8220;yes&#8220; css=&#8220;.vc_custom_1618482935278{padding-top: 15px !important;padding-bottom: 25px !important;}&#8220;][vc_column][vc_tta_tabs shape=&#8220;square&#8220; active_section=&#8220;1&#8243;][vc_tta_section title=&#8220;Overview&#8220; tab_id=&#8220;1498640767828-d829c451-e4e8&#8243;][vc_column_text]A corporate tax is a tax imposed on the net profit of a corporation that are taxed at the entity level in a particular jurisdiction. Net profit for corporate tax is generally the financial statement net profit with modifications, and may be defined in great detail within each country&#8217;s tax system. Such taxes may include income or other taxes.[\/vc_column_text][\/vc_tta_section][vc_tta_section title=&#8220;Types&#8220; tab_id=&#8220;1498640767881-a7334b3d-3aa6&#8243;][vc_column_text]Corporations may be taxed on their incomes, property, or existence or equity structure by various jurisdictions. Maryland imposes a tax on corporations organized in that state based on the number of shares of capital stock issued and outstanding. Many jurisdictions instead impose a tax based on stated or computed capital, often including retained profits.[\/vc_column_text][\/vc_tta_section][vc_tta_section title=&#8220;Income&#8220; tab_id=&#8220;1498640823454-a7f3f480-2399&#8243;][vc_column_text]Most systems impose income tax at a specified rate of tax times taxable income, which may be decreased due to tax exemption. The United States define taxable income for a corporation as all gross income, i.e. sales plus other income minus cost of goods sold and tax exempt income less allowable tax deductions, without the allowance of the standard deduction.[\/vc_column_text][\/vc_tta_section][\/vc_tta_tabs][\/vc_column][\/vc_row][vc_row disable_element=&#8220;yes&#8220; css=&#8220;.vc_custom_1620296713268{padding-bottom: 20px !important;}&#8220;][vc_column][vc_custom_heading text=&#8220;Kaynaklar&#8220; font_container=&#8220;tag:h4|text_align:left&#8220; use_theme_fonts=&#8220;yes&#8220; css=&#8220;.vc_custom_1618483032907{padding-bottom: 10px !important;}&#8220;][vc_row_inner][vc_column_inner el_class=&#8220;wow fadeIn delay&#8211;1&#8243; width=&#8220;1\/2&#8243;][vc_column_text]<\/p>\n<ul class=\"doc\">\n<li><a href=\"#\" target=\"_blank\" rel=\"noopener\">Kaba Filtreler Teknik D\u00f6k\u00fcman<\/a> <strong>1.76 MB<\/strong><\/li>\n<\/ul>\n<p>[\/vc_column_text][\/vc_column_inner][vc_column_inner el_class=&#8220;wow fadeIn delay&#8211;2&#8243; width=&#8220;1\/2&#8243;][vc_column_text]<\/p>\n<ul class=\"doc\">\n<li><a href=\"#\" target=\"_blank\" rel=\"noopener noreferrer\">Hassas Filtreler Teknik D\u00f6k\u00fcman<\/a> <strong>2.86 MB<\/strong><\/li>\n<\/ul>\n<p>[\/vc_column_text][\/vc_column_inner][\/vc_row_inner][\/vc_column][\/vc_row][vc_row disable_element=&#8220;yes&#8220; css=&#8220;.vc_custom_1751290531245{padding-bottom: 15px !important;}&#8220;][vc_column][vc_raw_html]JTVCc2MlMjBuYW1lJTNEJTIyMjAyNWh2YWNkZSUyMiU1RCU1QiUyRnNjJTVE[\/vc_raw_html][\/vc_column][\/vc_row][vc_row disable_element=&#8220;yes&#8220; css=&#8220;.vc_custom_1729456103301{padding-bottom: 15px !important;}&#8220;][vc_column][vc_custom_heading text=&#8220;Regionale Vertriebsmanager&#8220; font_container=&#8220;tag:h4|text_align:left&#8220; use_theme_fonts=&#8220;yes&#8220;][vc_raw_html]JTNDZGl2JTIwY2xhc3MlM0QlMjJ2Y19yb3clMjB3cGJfcm93JTIwdmNfcm93LWZsdWlkJTIwdmNfY3VzdG9tXzE0OTg2NTg0MzQ4NzUlMjIlM0UlM0NkaXYlMjBjbGFzcyUzRCUyMndvdyUyMGZhZGVJbiUyMGRlbGF5LS0xJTIwd3BiX2NvbHVtbiUyMHZjX2NvbHVtbl9jb250YWluZXIlMjB2Y19jb2wtc20tNiUyMiUyMHN0eWxlJTNEJTIydmlzaWJpbGl0eSUzQSUyMHZpc2libGUlM0IlMjBhbmltYXRpb24tbmFtZSUzQSUyMGZhZGVJbiUzQiUyMiUzRSUzQ2RpdiUyMGNsYXNzJTNEJTIydmNfY29sdW1uLWlubmVyJTIyJTNFJTNDZGl2JTIwY2xhc3MlM0QlMjJ3cGJfd3JhcHBlciUyMiUzRSUzQ2RpdiUyMGNsYXNzJTNEJTIydmNfcm93JTIwd3BiX3JvdyUyMHZjX2lubmVyJTIwdmNfcm93LWZsdWlkJTIyJTNFJTNDZGl2JTIwY2xhc3MlM0QlMjJ3cGJfY29sdW1uJTIwdmNfY29sdW1uX2NvbnRhaW5lciUyMHZjX2NvbC1zbS00JTIyJTNFJTNDZGl2JTIwY2xhc3MlM0QlMjJ2Y19jb2x1bW4taW5uZXIlMjIlM0UlM0NkaXYlMjBjbGFzcyUzRCUyMndwYl93cmFwcGVyJTIyJTNFJTBBJTA5JTNDZGl2JTIwY2xhc3MlM0QlMjJ3cGJfc2luZ2xlX2ltYWdlJTIwd3BiX2NvbnRlbnRfZWxlbWVudCUyMHZjX2FsaWduX2xlZnQlMjIlM0UlMEElMDklMDklMEElMDklMDklM0NmaWd1cmUlMjBjbGFzcyUzRCUyMndwYl93cmFwcGVyJTIwdmNfZmlndXJlJTIyJTNFJTBBJTA5JTA5JTA5JTNDZGl2JTIwY2xhc3MlM0QlMjJ2Y19zaW5nbGVfaW1hZ2Utd3JhcHBlciUyMCUyMCUyMHZjX2JveF9ib3JkZXJfZ3JleSUyMiUzRSUzQ2ltZyUyMHdpZHRoJTNEJTIyMzAwJTIyJTIwaGVpZ2h0JTNEJTIyMzAwJTIyJTIwc3JjJTNEJTIyaHR0cHMlM0ElMkYlMkZ3d3cubWlrcm9wb3IuY29tLnRyJTJGd3AtY29udGVudCUyRnVwbG9hZHMlMkYyMDIxJTJGMDUlMkZCdXJhay0zMDB4MzAwLmpwZyUyMiUyMGNsYXNzJTNEJTIydmNfc2luZ2xlX2ltYWdlLWltZyUyMGF0dGFjaG1lbnQtbWVkaXVtJTIyJTIwYWx0JTNEJTIyJTIyJTIwbG9hZGluZyUzRCUyMmxhenklMjIlMjBzcmNzZXQlM0QlMjJodHRwcyUzQSUyRiUyRnd3dy5taWtyb3Bvci5jb20udHIlMkZ3cC1jb250ZW50JTJGdXBsb2FkcyUyRjIwMjElMkYwNSUyRkJ1cmFrLTMwMHgzMDAuanBnJTIwMzAwdyUyQyUyMGh0dHBzJTNBJTJGJTJGd3d3Lm1pa3JvcG9yLmNvbS50ciUyRndwLWNvbnRlbnQlMkZ1cGxvYWRzJTJGMjAyMSUyRjA1JTJGQnVyYWstMTUweDE1MC5qcGclMjAxNTB3JTJDJTIwaHR0cHMlM0ElMkYlMkZ3d3cubWlrcm9wb3IuY29tLnRyJTJGd3AtY29udGVudCUyRnVwbG9hZHMlMkYyMDIxJTJGMDUlMkZCdXJhay5qcGclMjA0MDR3JTIyJTIwc2l6ZXMlM0QlMjIlMjhtYXgtd2lkdGglM0ElMjAzMDBweCUyOSUyMDEwMHZ3JTJDJTIwMzAwcHglMjIlM0UlM0MlMkZkaXYlM0UlMEElMDklMDklM0MlMkZmaWd1cmUlM0UlMEElMDklM0MlMkZkaXYlM0UlMEElM0MlMkZkaXYlM0UlM0MlMkZkaXYlM0UlM0MlMkZkaXYlM0UlM0NkaXYlMjBjbGFzcyUzRCUyMndwYl9jb2x1bW4lMjB2Y19jb2x1bW5fY29udGFpbmVyJTIwdmNfY29sLXNtLTglMjIlM0UlM0NkaXYlMjBjbGFzcyUzRCUyMnZjX2NvbHVtbi1pbm5lciUyMiUzRSUzQ2RpdiUyMGNsYXNzJTNEJTIyd3BiX3dyYXBwZXIlMjIlM0UlMEElMDklM0NkaXYlMjBjbGFzcyUzRCUyMndwYl90ZXh0X2NvbHVtbiUyMHdwYl9jb250ZW50X2VsZW1lbnQlMjAlMjIlM0UlMEElMDklMDklM0NkaXYlMjBjbGFzcyUzRCUyMndwYl93cmFwcGVyJTIyJTNFJTBBJTA5JTA5JTA5JTNDaDUlM0VCdXJhayUyME96dHVyayUzQyUyRmg1JTNFJTBBJTNDaDYlM0VUJTNBJTJCOTAlMjAzMTIlMjAyNjclMjAwNyUyMDAwJTNDYnIlM0UlMEFNJTNBJTJCOTAlMjA1MzAlMjA1NDklMjA1OCUyMDgyJTNDYnIlM0UlMEElM0NhJTIwaHJlZiUzRCUyMm1haWx0byUzQWJ1cmFrLm96dHVyayU0MG1pa3JvcG9yLmNvbSUyMiUzRWJ1cmFrLm96dHVyayU0MG1pa3JvcG9yLmNvbSUzQyUyRmElM0UlM0MlMkZoNiUzRSUwQSUwQSUwOSUwOSUzQyUyRmRpdiUzRSUwQSUwOSUzQyUyRmRpdiUzRSUwQSUzQyUyRmRpdiUzRSUzQyUyRmRpdiUzRSUzQyUyRmRpdiUzRSUzQyUyRmRpdiUzRSUzQyUyRmRpdiUzRSUzQyUyRmRpdiUzRSUzQyUyRmRpdiUzRSUzQ2RpdiUyMGNsYXNzJTNEJTIyd293JTIwZmFkZUluJTIwZGVsYXktLTIlMjB3cGJfY29sdW1uJTIwdmNfY29sdW1uX2NvbnRhaW5lciUyMHZjX2NvbC1zbS02JTIyJTIwc3R5bGUlM0QlMjJ2aXNpYmlsaXR5JTNBJTIwdmlzaWJsZSUzQiUyMGFuaW1hdGlvbi1uYW1lJTNBJTIwZmFkZUluJTNCJTIyJTNFJTNDZGl2JTIwY2xhc3MlM0QlMjJ2Y19jb2x1bW4taW5uZXIlMjIlM0UlM0NkaXYlMjBjbGFzcyUzRCUyMndwYl93cmFwcGVyJTIyJTNFJTNDZGl2JTIwY2xhc3MlM0QlMjJ2Y19yb3clMjB3cGJfcm93JTIwdmNfaW5uZXIlMjB2Y19yb3ctZmx1aWQlMjIlM0UlM0NkaXYlMjBjbGFzcyUzRCUyMndwYl9jb2x1bW4lMjB2Y19jb2x1bW5fY29udGFpbmVyJTIwdmNfY29sLXNtLTQlMjIlM0UlM0NkaXYlMjBjbGFzcyUzRCUyMnZjX2NvbHVtbi1pbm5lciUyMiUzRSUzQ2RpdiUyMGNsYXNzJTNEJTIyd3BiX3dyYXBwZXIlMjIlM0UlMEElMDklM0NkaXYlMjBjbGFzcyUzRCUyMndwYl9zaW5nbGVfaW1hZ2UlMjB3cGJfY29udGVudF9lbGVtZW50JTIwdmNfYWxpZ25fbGVmdCUyMiUzRSUwQSUwOSUwOSUwQSUwOSUwOSUzQ2ZpZ3VyZSUyMGNsYXNzJTNEJTIyd3BiX3dyYXBwZXIlMjB2Y19maWd1cmUlMjIlM0UlMEElMDklMDklMDklM0NkaXYlMjBjbGFzcyUzRCUyMnZjX3NpbmdsZV9pbWFnZS13cmFwcGVyJTIwJTIwJTIwdmNfYm94X2JvcmRlcl9ncmV5JTIyJTNFJTNDaW1nJTIwd2lkdGglM0QlMjIzMDAlMjIlMjBoZWlnaHQlM0QlMjIzMDAlMjIlMjBzcmMlM0QlMjJodHRwcyUzQSUyRiUyRnd3dy5taWtyb3Bvci5jb20udHIlMkZ3cC1jb250ZW50JTJGdXBsb2FkcyUyRjIwMjElMkYwNSUyRkhha2FuLTMwMHgzMDAuanBlZyUyMiUyMGNsYXNzJTNEJTIydmNfc2luZ2xlX2ltYWdlLWltZyUyMGF0dGFjaG1lbnQtbWVkaXVtJTIyJTIwYWx0JTNEJTIyJTIyJTIwbG9hZGluZyUzRCUyMmxhenklMjIlMjBzcmNzZXQlM0QlMjJodHRwcyUzQSUyRiUyRnd3dy5taWtyb3Bvci5jb20udHIlMkZ3cC1jb250ZW50JTJGdXBsb2FkcyUyRjIwMjElMkYwNSUyRkhha2FuLTMwMHgzMDAuanBlZyUyMDMwMHclMkMlMjBodHRwcyUzQSUyRiUyRnd3dy5taWtyb3Bvci5jb20udHIlMkZ3cC1jb250ZW50JTJGdXBsb2FkcyUyRjIwMjElMkYwNSUyRkhha2FuLTE1MHgxNTAuanBlZyUyMDE1MHclMkMlMjBodHRwcyUzQSUyRiUyRnd3dy5taWtyb3Bvci5jb20udHIlMkZ3cC1jb250ZW50JTJGdXBsb2FkcyUyRjIwMjElMkYwNSUyRkhha2FuLmpwZWclMjAzMDh3JTIyJTIwc2l6ZXMlM0QlMjIlMjhtYXgtd2lkdGglM0ElMjAzMDBweCUyOSUyMDEwMHZ3JTJDJTIwMzAwcHglMjIlM0UlM0MlMkZkaXYlM0UlMEElMDklMDklM0MlMkZmaWd1cmUlM0UlMEElMDklM0MlMkZkaXYlM0UlMEElM0MlMkZkaXYlM0UlM0MlMkZkaXYlM0UlM0MlMkZkaXYlM0UlM0NkaXYlMjBjbGFzcyUzRCUyMndwYl9jb2x1bW4lMjB2Y19jb2x1bW5fY29udGFpbmVyJTIwdmNfY29sLXNtLTglMjIlM0UlM0NkaXYlMjBjbGFzcyUzRCUyMnZjX2NvbHVtbi1pbm5lciUyMiUzRSUzQ2RpdiUyMGNsYXNzJTNEJTIyd3BiX3dyYXBwZXIlMjIlM0UlMEElMDklM0NkaXYlMjBjbGFzcyUzRCUyMndwYl90ZXh0X2NvbHVtbiUyMHdwYl9jb250ZW50X2VsZW1lbnQlMjAlMjIlM0UlMEElMDklMDklM0NkaXYlMjBjbGFzcyUzRCUyMndwYl93cmFwcGVyJTIyJTNFJTBBJTA5JTA5JTA5JTNDaDUlM0VIYWthbiUyMENlbGlrJTNDJTJGaDUlM0UlMEElM0NoNiUzRVQlM0ElMkI5MCUyMDIxMiUyMDIxMSUyMDU1JTIwMDAlM0NiciUzRSUwQU0lM0ElMkI5MCUyMDUzOSUyMDc5MiUyMDc5JTIwNTclM0NiciUzRSUwQSUzQ2ElMjBocmVmJTNEJTIybWFpbHRvJTNBaGFrYW4uY2VsaWslNDBtaWtyb3Bvci5jb20lMjIlM0VoYWthbi5jZWxpayU0MG1pa3JvcG9yLmNvbSUzQyUyRmElM0UlM0MlMkZoNiUzRSUwQSUwQSUwOSUwOSUzQyUyRmRpdiUzRSUwQSUwOSUzQyUyRmRpdiUzRSUwQSUzQyUyRmRpdiUzRSUzQyUyRmRpdiUzRSUzQyUyRmRpdiUzRSUzQyUyRmRpdiUzRSUzQyUyRmRpdiUzRSUzQyUyRmRpdiUzRSUzQyUyRmRpdiUzRSUzQyUyRmRpdiUzRQ==[\/vc_raw_html][vc_raw_html]JTNDZGl2JTIwY2xhc3MlM0QlMjJ2Y19yb3clMjB3cGJfcm93JTIwdmNfcm93LWZsdWlkJTIwdmNfY3VzdG9tXzE0OTg2NTg0MzQ4NzUlMjIlM0UlM0NkaXYlMjBjbGFzcyUzRCUyMndvdyUyMGZhZGVJbiUyMGRlbGF5LS0xJTIwd3BiX2NvbHVtbiUyMHZjX2NvbHVtbl9jb250YWluZXIlMjB2Y19jb2wtc20tNiUyMiUyMHN0eWxlJTNEJTIydmlzaWJpbGl0eSUzQSUyMHZpc2libGUlM0IlMjBhbmltYXRpb24tbmFtZSUzQSUyMGZhZGVJbiUzQiUyMiUzRSUzQ2RpdiUyMGNsYXNzJTNEJTIydmNfY29sdW1uLWlubmVyJTIyJTNFJTNDZGl2JTIwY2xhc3MlM0QlMjJ3cGJfd3JhcHBlciUyMiUzRSUzQ2RpdiUyMGNsYXNzJTNEJTIydmNfcm93JTIwd3BiX3JvdyUyMHZjX2lubmVyJTIwdmNfcm93LWZsdWlkJTIyJTNFJTNDZGl2JTIwY2xhc3MlM0QlMjJ3cGJfY29sdW1uJTIwdmNfY29sdW1uX2NvbnRhaW5lciUyMHZjX2NvbC1zbS00JTIyJTNFJTNDZGl2JTIwY2xhc3MlM0QlMjJ2Y19jb2x1bW4taW5uZXIlMjIlM0UlM0NkaXYlMjBjbGFzcyUzRCUyMndwYl93cmFwcGVyJTIyJTNFJTBBJTA5JTNDZGl2JTIwY2xhc3MlM0QlMjJ3cGJfc2luZ2xlX2ltYWdlJTIwd3BiX2NvbnRlbnRfZWxlbWVudCUyMHZjX2FsaWduX2xlZnQlMjIlM0UlMEElMDklMDklMEElMDklMDklM0NmaWd1cmUlMjBjbGFzcyUzRCUyMndwYl93cmFwcGVyJTIwdmNfZmlndXJlJTIyJTNFJTBBJTA5JTA5JTA5JTNDZGl2JTIwY2xhc3MlM0QlMjJ2Y19zaW5nbGVfaW1hZ2Utd3JhcHBlciUyMCUyMCUyMHZjX2JveF9ib3JkZXJfZ3JleSUyMiUzRSUzQ2ltZyUyMHdpZHRoJTNEJTIyMzAwJTIyJTIwaGVpZ2h0JTNEJTIyMzAwJTIyJTIwc3JjJTNEJTIyaHR0cHMlM0ElMkYlMkZ3d3cubWlrcm9wb3IuY29tLnRyJTJGd3AtY29udGVudCUyRnVwbG9hZHMlMkYyMDIxJTJGMDYlMkZtdXNhLTMwMHgzMDAuanBnJTIyJTIwY2xhc3MlM0QlMjJ2Y19zaW5nbGVfaW1hZ2UtaW1nJTIwYXR0YWNobWVudC1tZWRpdW0lMjIlMjBhbHQlM0QlMjIlMjIlMjBsb2FkaW5nJTNEJTIybGF6eSUyMiUyMHNyY3NldCUzRCUyMmh0dHBzJTNBJTJGJTJGd3d3Lm1pa3JvcG9yLmNvbS50ciUyRndwLWNvbnRlbnQlMkZ1cGxvYWRzJTJGMjAyMSUyRjA2JTJGbXVzYS0zMDB4MzAwLmpwZyUyMDMwMHclMkMlMjBodHRwcyUzQSUyRiUyRnd3dy5taWtyb3Bvci5jb20udHIlMkZ3cC1jb250ZW50JTJGdXBsb2FkcyUyRjIwMjElMkYwNiUyRm11c2EtMTUweDE1MC5qcGclMjAxNTB3JTJDJTIwaHR0cHMlM0ElMkYlMkZ3d3cubWlrcm9wb3IuY29tLnRyJTJGd3AtY29udGVudCUyRnVwbG9hZHMlMkYyMDIxJTJGMDYlMkZtdXNhLmpwZyUyMDUwMHclMjIlMjBzaXplcyUzRCUyMiUyOG1heC13aWR0aCUzQSUyMDMwMHB4JTI5JTIwMTAwdnclMkMlMjAzMDBweCUyMiUzRSUzQyUyRmRpdiUzRSUwQSUwOSUwOSUzQyUyRmZpZ3VyZSUzRSUwQSUwOSUzQyUyRmRpdiUzRSUwQSUzQyUyRmRpdiUzRSUzQyUyRmRpdiUzRSUzQyUyRmRpdiUzRSUzQ2RpdiUyMGNsYXNzJTNEJTIyd3BiX2NvbHVtbiUyMHZjX2NvbHVtbl9jb250YWluZXIlMjB2Y19jb2wtc20tOCUyMiUzRSUzQ2RpdiUyMGNsYXNzJTNEJTIydmNfY29sdW1uLWlubmVyJTIyJTNFJTNDZGl2JTIwY2xhc3MlM0QlMjJ3cGJfd3JhcHBlciUyMiUzRSUwQSUwOSUzQ2RpdiUyMGNsYXNzJTNEJTIyd3BiX3RleHRfY29sdW1uJTIwd3BiX2NvbnRlbnRfZWxlbWVudCUyMCUyMiUzRSUwQSUwOSUwOSUzQ2RpdiUyMGNsYXNzJTNEJTIyd3BiX3dyYXBwZXIlMjIlM0UlMEElMDklMDklMDklM0NoNSUzRU11c2ElMjBLdXJ0dWxtdXMlM0MlMkZoNSUzRSUwQSUzQ2g2JTNFVCUzQSUyQjkwJTIwMzEyJTIwMjY3JTIwMDclMjAwMCUzQ2JyJTNFJTBBTSUzQSUyQjkwJTIwNTM5JTIwNzkyJTIwNzklMjA1OCUzQ2JyJTNFJTBBJTNDYSUyMGhyZWYlM0QlMjJtYWlsdG8lM0FtdXNhLmt1cnR1bG11cyU0MG1pa3JvcG9yLmNvbSUyMiUzRW11c2Eua3VydHVsbXVzJTQwbWlrcm9wb3IuY29tJTNDJTJGYSUzRSUzQyUyRmg2JTNFJTBBJTBBJTA5JTA5JTNDJTJGZGl2JTNFJTBBJTA5JTNDJTJGZGl2JTNFJTBBJTNDJTJGZGl2JTNFJTNDJTJGZGl2JTNFJTNDJTJGZGl2JTNFJTNDJTJGZGl2JTNFJTNDJTJGZGl2JTNFJTNDJTJGZGl2JTNFJTNDJTJGZGl2JTNFJTNDZGl2JTIwY2xhc3MlM0QlMjJ3b3clMjBmYWRlSW4lMjBkZWxheS0tMiUyMHdwYl9jb2x1bW4lMjB2Y19jb2x1bW5fY29udGFpbmVyJTIwdmNfY29sLXNtLTYlMjIlMjBzdHlsZSUzRCUyMnZpc2liaWxpdHklM0ElMjB2aXNpYmxlJTNCJTIwYW5pbWF0aW9uLW5hbWUlM0ElMjBmYWRlSW4lM0IlMjIlM0UlM0NkaXYlMjBjbGFzcyUzRCUyMnZjX2NvbHVtbi1pbm5lciUyMiUzRSUzQ2RpdiUyMGNsYXNzJTNEJTIyd3BiX3dyYXBwZXIlMjIlM0UlM0NkaXYlMjBjbGFzcyUzRCUyMnZjX3JvdyUyMHdwYl9yb3clMjB2Y19pbm5lciUyMHZjX3Jvdy1mbHVpZCUyMiUzRSUzQ2RpdiUyMGNsYXNzJTNEJTIyd3BiX2NvbHVtbiUyMHZjX2NvbHVtbl9jb250YWluZXIlMjB2Y19jb2wtc20tNCUyMiUzRSUzQ2RpdiUyMGNsYXNzJTNEJTIydmNfY29sdW1uLWlubmVyJTIyJTNFJTNDZGl2JTIwY2xhc3MlM0QlMjJ3cGJfd3JhcHBlciUyMiUzRSUwQSUwOSUzQ2RpdiUyMGNsYXNzJTNEJTIyd3BiX3NpbmdsZV9pbWFnZSUyMHdwYl9jb250ZW50X2VsZW1lbnQlMjB2Y19hbGlnbl9sZWZ0JTIyJTNFJTBBJTA5JTA5JTBBJTA5JTA5JTNDZmlndXJlJTIwY2xhc3MlM0QlMjJ3cGJfd3JhcHBlciUyMHZjX2ZpZ3VyZSUyMiUzRSUwQSUwOSUwOSUwOSUzQ2RpdiUyMGNsYXNzJTNEJTIydmNfc2luZ2xlX2ltYWdlLXdyYXBwZXIlMjAlMjAlMjB2Y19ib3hfYm9yZGVyX2dyZXklMjIlM0UlM0NpbWclMjB3aWR0aCUzRCUyMjMwMCUyMiUyMGhlaWdodCUzRCUyMjI5OCUyMiUyMHNyYyUzRCUyMmh0dHBzJTNBJTJGJTJGd3d3Lm1pa3JvcG9yLmNvbS50ciUyRndwLWNvbnRlbnQlMkZ1cGxvYWRzJTJGMjAyMSUyRjA2JTJGYm9nYWNoYW4tMzAweDI5OC5qcGVnJTIyJTIwY2xhc3MlM0QlMjJ2Y19zaW5nbGVfaW1hZ2UtaW1nJTIwYXR0YWNobWVudC1tZWRpdW0lMjIlMjBhbHQlM0QlMjIlMjIlMjBsb2FkaW5nJTNEJTIybGF6eSUyMiUyMHNyY3NldCUzRCUyMmh0dHBzJTNBJTJGJTJGd3d3Lm1pa3JvcG9yLmNvbS50ciUyRndwLWNvbnRlbnQlMkZ1cGxvYWRzJTJGMjAyMSUyRjA2JTJGYm9nYWNoYW4tMzAweDI5OC5qcGVnJTIwMzAwdyUyQyUyMGh0dHBzJTNBJTJGJTJGd3d3Lm1pa3JvcG9yLmNvbS50ciUyRndwLWNvbnRlbnQlMkZ1cGxvYWRzJTJGMjAyMSUyRjA2JTJGYm9nYWNoYW4tMTUweDE1MC5qcGVnJTIwMTUwdyUyQyUyMGh0dHBzJTNBJTJGJTJGd3d3Lm1pa3JvcG9yLmNvbS50ciUyRndwLWNvbnRlbnQlMkZ1cGxvYWRzJTJGMjAyMSUyRjA2JTJGYm9nYWNoYW4uanBlZyUyMDM3OHclMjIlMjBzaXplcyUzRCUyMiUyOG1heC13aWR0aCUzQSUyMDMwMHB4JTI5JTIwMTAwdnclMkMlMjAzMDBweCUyMiUzRSUzQyUyRmRpdiUzRSUwQSUwOSUwOSUzQyUyRmZpZ3VyZSUzRSUwQSUwOSUzQyUyRmRpdiUzRSUwQSUzQyUyRmRpdiUzRSUzQyUyRmRpdiUzRSUzQyUyRmRpdiUzRSUzQ2RpdiUyMGNsYXNzJTNEJTIyd3BiX2NvbHVtbiUyMHZjX2NvbHVtbl9jb250YWluZXIlMjB2Y19jb2wtc20tOCUyMiUzRSUzQ2RpdiUyMGNsYXNzJTNEJTIydmNfY29sdW1uLWlubmVyJTIyJTNFJTNDZGl2JTIwY2xhc3MlM0QlMjJ3cGJfd3JhcHBlciUyMiUzRSUwQSUwOSUzQ2RpdiUyMGNsYXNzJTNEJTIyd3BiX3RleHRfY29sdW1uJTIwd3BiX2NvbnRlbnRfZWxlbWVudCUyMCUyMiUzRSUwQSUwOSUwOSUzQ2RpdiUyMGNsYXNzJTNEJTIyd3BiX3dyYXBwZXIlMjIlM0UlMEElMDklMDklMDklM0NoNSUzRUJvZ2FjaGFuJTIwQm96a3VydCUzQyUyRmg1JTNFJTBBJTNDaDYlM0VUJTNBJTJCOTAlMjAyMTIlMjAyMTElMjA1NSUyMDAwJTNDYnIlM0UlMEFNJTNBJTJCOTAlMjA1MzklMjA3OTIlMjA3OSUyMDU5JTNDYnIlM0UlMEElM0NhJTIwc3R5bGUlM0QlMjJmb250LXNpemUlM0ElMjAxNS43cHglM0IlMjIlMjBocmVmJTNEJTIybWFpbHRvJTNBYm9nYWNoYW4uYm96a3VydCU0MG1pa3JvcG9yLmNvbSUyMiUzRWJvZ2FjaGFuLmJvemt1cnQlNDBtaWtyb3Bvci5jb20lM0MlMkZhJTNFJTNDJTJGaDYlM0UlMEElMEElMDklMDklM0MlMkZkaXYlM0UlMEElMDklM0MlMkZkaXYlM0UlMEElM0MlMkZkaXYlM0UlM0MlMkZkaXYlM0UlM0MlMkZkaXYlM0UlM0MlMkZkaXYlM0UlM0MlMkZkaXYlM0UlM0MlMkZkaXYlM0UlM0MlMkZkaXYlM0UlM0MlMkZkaXYlM0U=[\/vc_raw_html][\/vc_column][\/vc_row][vc_row][vc_column][vc_raw_html]JTNDc3R5bGUlM0UuZW50cnktY29udGVudCUyMCU3Qm1hcmdpbi10b3AlM0ElMjAzMHB4JTNCJTdEJTIwLmFkdmFuY2VkLXNpZGViYXItbWVudSUyMCU3QiUyMG1hcmdpbi10b3AlM0ElMjAzMHB4JTNCJTIwJTdEJTNDJTJGc3R5bGUlM0U=[\/vc_raw_html][\/vc_column][\/vc_row]<\/p>\n<\/section>","protected":false},"excerpt":{"rendered":"<p>[vc_row][vc_column width=&#8220;1\/2&#8243;][vc_column_text] Unsere qualitativ hochwertigen und energiesparenden Filter sch\u00fctzen Personen, Prozesse und Produkte effektiv vor Feinstaub. Wir garantieren die Filtrationsleistung unserer Produkte nach ISO 16890 mit der Anwendung des breiteren Partikelspektrums im Vergleich zur EN779. [\/vc_column_text][\/vc_column][vc_column width=&#8220;1\/2&#8243;][vc_single_image image=&#8220;74954&#8243; img_size=&#8220;full&#8220; add_caption=&#8220;yes&#8220; style=&#8220;vc_box_rounded&#8220; css=&#8220;.vc_custom_1618482769897{margin-top: 5px !important;}&#8220; el_class=&#8220;wow fadeIn delay&#8211;1&#8243;][\/vc_column][\/vc_row][vc_row][vc_column][vc_column_text]Rund 80% der Kosten f\u00fcr die Filtration werden durch [&hellip;]<\/p>\n","protected":false},"author":3,"featured_media":0,"parent":74950,"menu_order":0,"comment_status":"closed","ping_status":"closed","template":"","meta":{"footnotes":""},"class_list":["post-74971","page","type-page","status-publish","hentry"],"_links":{"self":[{"href":"https:\/\/www.mikropor.com\/de\/wp-json\/wp\/v2\/pages\/74971","targetHints":{"allow":["GET"]}}],"collection":[{"href":"https:\/\/www.mikropor.com\/de\/wp-json\/wp\/v2\/pages"}],"about":[{"href":"https:\/\/www.mikropor.com\/de\/wp-json\/wp\/v2\/types\/page"}],"author":[{"embeddable":true,"href":"https:\/\/www.mikropor.com\/de\/wp-json\/wp\/v2\/users\/3"}],"replies":[{"embeddable":true,"href":"https:\/\/www.mikropor.com\/de\/wp-json\/wp\/v2\/comments?post=74971"}],"version-history":[{"count":4,"href":"https:\/\/www.mikropor.com\/de\/wp-json\/wp\/v2\/pages\/74971\/revisions"}],"predecessor-version":[{"id":82483,"href":"https:\/\/www.mikropor.com\/de\/wp-json\/wp\/v2\/pages\/74971\/revisions\/82483"}],"up":[{"embeddable":true,"href":"https:\/\/www.mikropor.com\/de\/wp-json\/wp\/v2\/pages\/74950"}],"wp:attachment":[{"href":"https:\/\/www.mikropor.com\/de\/wp-json\/wp\/v2\/media?parent=74971"}],"curies":[{"name":"wp","href":"https:\/\/api.w.org\/{rel}","templated":true}]}}