{"id":74979,"date":"2021-06-28T14:52:19","date_gmt":"2021-06-28T11:52:19","guid":{"rendered":"https:\/\/www.mikropor.com\/?page_id=74979"},"modified":"2025-06-30T16:34:51","modified_gmt":"2025-06-30T13:34:51","slug":"hochtemperatur-filter","status":"publish","type":"page","link":"https:\/\/www.mikropor.com\/de\/luftfilter\/hochtemperatur-filter\/","title":{"rendered":"Hochtemperatur Filter"},"content":{"rendered":"<section class=\"wpb-content-wrapper\"><p>[vc_row][vc_column width=&#8220;1\/2&#8243;][vc_column_text]<\/p>\n<h5 style=\"font-size: 19px;\">Unsere qualitativ hochwertigen und energiesparenden Filter sch\u00fctzen Personen, Prozesse und Produkte effektiv vor Feinstaub. Wir garantieren die Filtrationsleistung unserer Produkte durch Tests nach EN779 und ISO 16890 mit der Anwendung des breiteren Partikelspektrums.<\/h5>\n<p>[\/vc_column_text][\/vc_column][vc_column width=&#8220;1\/2&#8243;][vc_single_image image=&#8220;74981&#8243; img_size=&#8220;full&#8220; add_caption=&#8220;yes&#8220; style=&#8220;vc_box_rounded&#8220; css=&#8220;.vc_custom_1619646966498{margin-top: 5px !important;}&#8220; el_class=&#8220;wow fadeIn delay&#8211;1&#8243;][\/vc_column][\/vc_row][vc_row][vc_column][vc_column_text]Rund 80% der Kosten f\u00fcr die Filtration werden durch den Energieverbrauch verursacht. Aufgrund dieses hohen Anteils ist der Einsatz von energieeffizienten Filtern von entscheidender Bedeutung. Zus\u00e4tzlich reduzieren die verl\u00e4ngerten Wechselintervalle der Filter den Entsorgungsaufwand deutlich. Die Energieeffizienz der Filter G4, M5, M6, F7, F8 und F9 wird durch die Eurovent 4\/11 klassifiziert. Unsere Eurovent 4\/11 zertifizierten Filter senken entscheidend den Energieverbrauch und sch\u00fctzen ihre Gesundheit und die Umwelt.<\/p>\n<p>Moderne Lackierprozesse erfordern saubere, partikelfreie Frischluft oder Luftkreisl\u00e4ufe, die frei von fl\u00fcchtigen organischen Verbindungen (VOC) sind. Aufgrund auf unserer weltweiten Erfahrung setzen bekannte Automobilhersteller bevorzugt unsere ultimativen Filtrationsl\u00f6sungen in HVAC- und HT-Applikationen ein.<\/p>\n<p>Neben HVAC-Applikationen bieten wir Filtrationsl\u00f6sungen f\u00fcr Lackierprozesse und -\u00d6fen an, die mit unterschiedlich hohen Lufttemperaturen arbeiten. Im Downloadbreich stellen wir Ihnen unser Produktspektrum f\u00fcr Anwendungen bis zu einer Arbeitstemperatur von 350 \u00b0C vor.<\/p>\n<ul>\n<li>Partikelfiltration (F6 &#8211; H10)<\/li>\n<li>Sonderanfertigungen<\/li>\n<li>Silkonfrei, LABS konform<\/li>\n<\/ul>\n<p>F\u00fcr eine nachhaltige und langfriste Kostenoptimierung in unterschiedlichen Industriezweigen und bieten wir eine systematische L\u00f6sung. Mit dem Mikropor Clean Air Management MICAM messen, kontrollieren und dokumentieren wir die Leistung der eingesetzten Filter. So wird eine verbrauchsoptimale Filtrationsl\u00f6sung f\u00fcr den Kunden realisiert.<\/p>\n<p>Laden Sie sich die Brosch\u00fcren mit unseren speziellen L\u00f6sungen f\u00fcr Anwendungen in unterschiedlichen Industriebereichen im Downloadbereich links herunter.[\/vc_column_text][\/vc_column][\/vc_row][vc_row disable_element=&#8220;yes&#8220; css=&#8220;.vc_custom_1618482935278{padding-top: 15px !important;padding-bottom: 25px !important;}&#8220;][vc_column][vc_tta_tabs shape=&#8220;square&#8220; active_section=&#8220;1&#8243;][vc_tta_section title=&#8220;Overview&#8220; tab_id=&#8220;1498640767828-d829c451-e4e8&#8243;][vc_column_text]A corporate tax is a tax imposed on the net profit of a corporation that are taxed at the entity level in a particular jurisdiction. Net profit for corporate tax is generally the financial statement net profit with modifications, and may be defined in great detail within each country&#8217;s tax system. Such taxes may include income or other taxes.[\/vc_column_text][\/vc_tta_section][vc_tta_section title=&#8220;Types&#8220; tab_id=&#8220;1498640767881-a7334b3d-3aa6&#8243;][vc_column_text]Corporations may be taxed on their incomes, property, or existence or equity structure by various jurisdictions. Maryland imposes a tax on corporations organized in that state based on the number of shares of capital stock issued and outstanding. Many jurisdictions instead impose a tax based on stated or computed capital, often including retained profits.[\/vc_column_text][\/vc_tta_section][vc_tta_section title=&#8220;Income&#8220; tab_id=&#8220;1498640823454-a7f3f480-2399&#8243;][vc_column_text]Most systems impose income tax at a specified rate of tax times taxable income, which may be decreased due to tax exemption. The United States define taxable income for a corporation as all gross income, i.e. sales plus other income minus cost of goods sold and tax exempt income less allowable tax deductions, without the allowance of the standard deduction.[\/vc_column_text][\/vc_tta_section][\/vc_tta_tabs][\/vc_column][\/vc_row][vc_row disable_element=&#8220;yes&#8220; css=&#8220;.vc_custom_1620297369549{padding-bottom: 20px !important;}&#8220;][vc_column][vc_custom_heading text=&#8220;Kaynaklar&#8220; font_container=&#8220;tag:h4|text_align:left&#8220; use_theme_fonts=&#8220;yes&#8220; css=&#8220;.vc_custom_1618483032907{padding-bottom: 10px !important;}&#8220;][vc_row_inner][vc_column_inner el_class=&#8220;wow fadeIn delay&#8211;1&#8243;][vc_column_text]<\/p>\n<ul class=\"doc\">\n<li><a href=\"#\" target=\"_blank\" rel=\"noopener\">Y\u00fcksek S\u0131cakl\u0131k Filtreleri Teknik Dok\u00fcman<\/a> <strong>1.76 MB<\/strong><\/li>\n<\/ul>\n<p>[\/vc_column_text][\/vc_column_inner][\/vc_row_inner][\/vc_column][\/vc_row][vc_row disable_element=&#8220;yes&#8220; css=&#8220;.vc_custom_1751290489348{padding-bottom: 15px !important;}&#8220;][vc_column][vc_raw_html]JTVCc2MlMjBuYW1lJTNEJTIyMjAyNWh2YWNkZSUyMiU1RCU1QiUyRnNjJTVE[\/vc_raw_html][\/vc_column][\/vc_row][vc_row][vc_column][vc_raw_html]JTNDc3R5bGUlM0UuZW50cnktY29udGVudCUyMCU3Qm1hcmdpbi10b3AlM0ElMjAzMHB4JTNCJTdEJTIwLmFkdmFuY2VkLXNpZGViYXItbWVudSUyMCU3QiUyMG1hcmdpbi10b3AlM0ElMjAzMHB4JTNCJTIwJTdEJTNDJTJGc3R5bGUlM0U=[\/vc_raw_html][\/vc_column][\/vc_row]<\/p>\n<\/section>","protected":false},"excerpt":{"rendered":"<p>[vc_row][vc_column width=&#8220;1\/2&#8243;][vc_column_text] Unsere qualitativ hochwertigen und energiesparenden Filter sch\u00fctzen Personen, Prozesse und Produkte effektiv vor Feinstaub. Wir garantieren die Filtrationsleistung unserer Produkte durch Tests nach EN779 und ISO 16890 mit der Anwendung des breiteren Partikelspektrums. [\/vc_column_text][\/vc_column][vc_column width=&#8220;1\/2&#8243;][vc_single_image image=&#8220;74981&#8243; img_size=&#8220;full&#8220; add_caption=&#8220;yes&#8220; style=&#8220;vc_box_rounded&#8220; css=&#8220;.vc_custom_1619646966498{margin-top: 5px !important;}&#8220; el_class=&#8220;wow fadeIn delay&#8211;1&#8243;][\/vc_column][\/vc_row][vc_row][vc_column][vc_column_text]Rund 80% der Kosten f\u00fcr die Filtration werden durch [&hellip;]<\/p>\n","protected":false},"author":3,"featured_media":0,"parent":74950,"menu_order":0,"comment_status":"closed","ping_status":"closed","template":"","meta":{"footnotes":""},"class_list":["post-74979","page","type-page","status-publish","hentry"],"_links":{"self":[{"href":"https:\/\/www.mikropor.com\/de\/wp-json\/wp\/v2\/pages\/74979","targetHints":{"allow":["GET"]}}],"collection":[{"href":"https:\/\/www.mikropor.com\/de\/wp-json\/wp\/v2\/pages"}],"about":[{"href":"https:\/\/www.mikropor.com\/de\/wp-json\/wp\/v2\/types\/page"}],"author":[{"embeddable":true,"href":"https:\/\/www.mikropor.com\/de\/wp-json\/wp\/v2\/users\/3"}],"replies":[{"embeddable":true,"href":"https:\/\/www.mikropor.com\/de\/wp-json\/wp\/v2\/comments?post=74979"}],"version-history":[{"count":4,"href":"https:\/\/www.mikropor.com\/de\/wp-json\/wp\/v2\/pages\/74979\/revisions"}],"predecessor-version":[{"id":82481,"href":"https:\/\/www.mikropor.com\/de\/wp-json\/wp\/v2\/pages\/74979\/revisions\/82481"}],"up":[{"embeddable":true,"href":"https:\/\/www.mikropor.com\/de\/wp-json\/wp\/v2\/pages\/74950"}],"wp:attachment":[{"href":"https:\/\/www.mikropor.com\/de\/wp-json\/wp\/v2\/media?parent=74979"}],"curies":[{"name":"wp","href":"https:\/\/api.w.org\/{rel}","templated":true}]}}