{"id":74993,"date":"2021-06-28T15:15:00","date_gmt":"2021-06-28T12:15:00","guid":{"rendered":"https:\/\/www.mikropor.com\/?page_id=74993"},"modified":"2025-06-30T16:31:35","modified_gmt":"2025-06-30T13:31:35","slug":"einlassfilter-fuer-gasturbinen","status":"publish","type":"page","link":"https:\/\/www.mikropor.com\/de\/luftfilter\/einlassfilter-fuer-gasturbinen\/","title":{"rendered":"Einlassfilter f\u00fcr Gasturbinen"},"content":{"rendered":"<section class=\"wpb-content-wrapper\"><p>[vc_row][vc_column width=&#8220;1\/2&#8243;][vc_column_text]<\/p>\n<h5 style=\"font-size: 19px;\">Unsere fortschrittlichen L\u00f6sungen f\u00fcr Gasturbinen umfassen Feinfaltenfilter, Filter f\u00fcr hohe Staubaufnahme und selbstreinigende Pulsfilter, die mit gro\u00dfen Oberfl\u00e4chen hohe Effizienz und geringen Druckverlust bieten.<\/h5>\n<p>[\/vc_column_text][\/vc_column][vc_column width=&#8220;1\/2&#8243;][vc_single_image image=&#8220;74959&#8243; img_size=&#8220;306&#215;204&#8243; add_caption=&#8220;yes&#8220; alignment=&#8220;right&#8220; style=&#8220;vc_box_rounded&#8220; css=&#8220;.vc_custom_1620298356122{margin-top: 5px !important;}&#8220; el_class=&#8220;wow fadeIn delay&#8211;1&#8243;][\/vc_column][\/vc_row][vc_row][vc_column][vc_column_text]Rund 80% der Kosten f\u00fcr die Filtration werden durch den Energieverbrauch verursacht. Wegen dieses hohen Anteils ist der Einsatz von energieeffizienten Filtern von entscheidender Bedeutung. Zus\u00e4tzlich wird der Entsorgungsaufwand durch die verl\u00e4ngerten Wechselintervalle deutlich reduziert. Die Energieeffizienz der Filter G4, M5, M6, F7, F8 und F9 wird durch die Eurovent 4\/11 klassifiziert. Unsere Eurovent 4\/11 zertifizierten Filter senken entscheidend den Energieverbrauch und sch\u00fctzen ihre Gesundheit und die Umwelt.<\/p>\n<p>Renommierte Turbinenhersteller setzen unsere hitec Puls- und statischen Lufteinlassfilter gerne auch bei rauen Umweltbedingungen ein. Unsere Filtrationsl\u00f6sungen minimieren die Schaufelerosion und sind f\u00fcr Hochleistungsaggregate geeignet. Das Einsatzspektrum reicht von onshore \/ offshore Applikationen bis zum Einsatz bei extremer Luftfeuchte.<\/p>\n<ul>\n<li>Filterl\u00f6sungen f\u00fcr hohe Leistungsanforderungen, Zuverl\u00e4ssigkeit, lange Serviceintervalle und stark wechselnde Umweltbedingungen.<\/li>\n<li>Die hohe Staubaufnahmef\u00e4higkeit verhindert zuverl\u00e4ssig Turbinensch\u00e4den durch Zementstaub, Sand und andere industrielle Luftbelastungen.<\/li>\n<li>Die ideale L\u00f6sung zur Vermeidung von Ausf\u00e4llen durch Korrosion, Schwebpartikel oder Salzbelastung.<\/li>\n<li>Die geringen Differentialdr\u00fccke erm\u00f6glichen einen kontinuierlichen Langzeitbetrieb.<\/li>\n<\/ul>\n<p>Im Downloadbereich links finden Sie unsere L\u00f6sungen f\u00fcr Gasturbinen und andere Applikationen.[\/vc_column_text][\/vc_column][\/vc_row][vc_row disable_element=&#8220;yes&#8220; css=&#8220;.vc_custom_1618482935278{padding-top: 15px !important;padding-bottom: 25px !important;}&#8220;][vc_column][vc_tta_tabs shape=&#8220;square&#8220; active_section=&#8220;1&#8243;][vc_tta_section title=&#8220;Overview&#8220; tab_id=&#8220;1498640767828-d829c451-e4e8&#8243;][vc_column_text]A corporate tax is a tax imposed on the net profit of a corporation that are taxed at the entity level in a particular jurisdiction. Net profit for corporate tax is generally the financial statement net profit with modifications, and may be defined in great detail within each country&#8217;s tax system. Such taxes may include income or other taxes.[\/vc_column_text][\/vc_tta_section][vc_tta_section title=&#8220;Types&#8220; tab_id=&#8220;1498640767881-a7334b3d-3aa6&#8243;][vc_column_text]Corporations may be taxed on their incomes, property, or existence or equity structure by various jurisdictions. Maryland imposes a tax on corporations organized in that state based on the number of shares of capital stock issued and outstanding. Many jurisdictions instead impose a tax based on stated or computed capital, often including retained profits.[\/vc_column_text][\/vc_tta_section][vc_tta_section title=&#8220;Income&#8220; tab_id=&#8220;1498640823454-a7f3f480-2399&#8243;][vc_column_text]Most systems impose income tax at a specified rate of tax times taxable income, which may be decreased due to tax exemption. The United States define taxable income for a corporation as all gross income, i.e. sales plus other income minus cost of goods sold and tax exempt income less allowable tax deductions, without the allowance of the standard deduction.[\/vc_column_text][\/vc_tta_section][\/vc_tta_tabs][\/vc_column][\/vc_row][vc_row disable_element=&#8220;yes&#8220; css=&#8220;.vc_custom_1620298422282{padding-bottom: 20px !important;}&#8220;][vc_column][vc_custom_heading text=&#8220;Kaynaklar&#8220; font_container=&#8220;tag:h4|text_align:left&#8220; use_theme_fonts=&#8220;yes&#8220; css=&#8220;.vc_custom_1618483032907{padding-bottom: 10px !important;}&#8220;][vc_row_inner][vc_column_inner el_class=&#8220;wow fadeIn delay&#8211;1&#8243;][vc_column_text]<\/p>\n<ul class=\"doc\">\n<li><a href=\"#\" target=\"_blank\" rel=\"noopener\">Gaz T\u00fcrbini Hava Emi\u015f Filtreleri Teknik Dok\u00fcman<\/a> <strong>1.76 MB<\/strong><\/li>\n<\/ul>\n<p>[\/vc_column_text][\/vc_column_inner][\/vc_row_inner][\/vc_column][\/vc_row][vc_row disable_element=&#8220;yes&#8220; css=&#8220;.vc_custom_1751290293521{padding-bottom: 15px !important;}&#8220;][vc_column][vc_raw_html]JTVCc2MlMjBuYW1lJTNEJTIyMjAyNWh2YWNkZSUyMiU1RCU1QiUyRnNjJTVE[\/vc_raw_html][\/vc_column][\/vc_row][vc_row][vc_column][vc_raw_html]JTNDc3R5bGUlM0UuZW50cnktY29udGVudCUyMCU3Qm1hcmdpbi10b3AlM0ElMjAzMHB4JTNCJTdEJTIwLmFkdmFuY2VkLXNpZGViYXItbWVudSUyMCU3QiUyMG1hcmdpbi10b3AlM0ElMjAzMHB4JTNCJTIwJTdEJTNDJTJGc3R5bGUlM0U=[\/vc_raw_html][\/vc_column][\/vc_row]<\/p>\n<\/section>","protected":false},"excerpt":{"rendered":"<p>[vc_row][vc_column width=&#8220;1\/2&#8243;][vc_column_text] Unsere fortschrittlichen L\u00f6sungen f\u00fcr Gasturbinen umfassen Feinfaltenfilter, Filter f\u00fcr hohe Staubaufnahme und selbstreinigende Pulsfilter, die mit gro\u00dfen Oberfl\u00e4chen hohe Effizienz und geringen Druckverlust bieten. [\/vc_column_text][\/vc_column][vc_column width=&#8220;1\/2&#8243;][vc_single_image image=&#8220;74959&#8243; img_size=&#8220;306&#215;204&#8243; add_caption=&#8220;yes&#8220; alignment=&#8220;right&#8220; style=&#8220;vc_box_rounded&#8220; css=&#8220;.vc_custom_1620298356122{margin-top: 5px !important;}&#8220; el_class=&#8220;wow fadeIn delay&#8211;1&#8243;][\/vc_column][\/vc_row][vc_row][vc_column][vc_column_text]Rund 80% der Kosten f\u00fcr die Filtration werden durch den Energieverbrauch verursacht. Wegen dieses hohen Anteils ist [&hellip;]<\/p>\n","protected":false},"author":3,"featured_media":0,"parent":74950,"menu_order":0,"comment_status":"closed","ping_status":"closed","template":"","meta":{"footnotes":""},"class_list":["post-74993","page","type-page","status-publish","hentry"],"_links":{"self":[{"href":"https:\/\/www.mikropor.com\/de\/wp-json\/wp\/v2\/pages\/74993","targetHints":{"allow":["GET"]}}],"collection":[{"href":"https:\/\/www.mikropor.com\/de\/wp-json\/wp\/v2\/pages"}],"about":[{"href":"https:\/\/www.mikropor.com\/de\/wp-json\/wp\/v2\/types\/page"}],"author":[{"embeddable":true,"href":"https:\/\/www.mikropor.com\/de\/wp-json\/wp\/v2\/users\/3"}],"replies":[{"embeddable":true,"href":"https:\/\/www.mikropor.com\/de\/wp-json\/wp\/v2\/comments?post=74993"}],"version-history":[{"count":4,"href":"https:\/\/www.mikropor.com\/de\/wp-json\/wp\/v2\/pages\/74993\/revisions"}],"predecessor-version":[{"id":82470,"href":"https:\/\/www.mikropor.com\/de\/wp-json\/wp\/v2\/pages\/74993\/revisions\/82470"}],"up":[{"embeddable":true,"href":"https:\/\/www.mikropor.com\/de\/wp-json\/wp\/v2\/pages\/74950"}],"wp:attachment":[{"href":"https:\/\/www.mikropor.com\/de\/wp-json\/wp\/v2\/media?parent=74993"}],"curies":[{"name":"wp","href":"https:\/\/api.w.org\/{rel}","templated":true}]}}