{"id":75002,"date":"2021-06-28T15:21:01","date_gmt":"2021-06-28T12:21:01","guid":{"rendered":"https:\/\/www.mikropor.com\/?page_id=75002"},"modified":"2025-06-30T16:28:27","modified_gmt":"2025-06-30T13:28:27","slug":"oelnebelsammler","status":"publish","type":"page","link":"https:\/\/www.mikropor.com\/de\/luftfilter\/oelnebelsammler\/","title":{"rendered":"\u00d6lnebelsammler"},"content":{"rendered":"<section class=\"wpb-content-wrapper\"><p>[vc_row][vc_column width=&#8220;1\/2&#8243;][vc_column_text]<\/p>\n<h5 style=\"font-size: 19px;\">Unsere \u00d6lnebelsammler (OMC &#8211; Systeme) k\u00f6nnen einfach an bestehenden Maschinen und Anlagen ohne kostenintensive Modifikationen erg\u00e4nzt werden. Sie bieten hohe Effizienz bei der \u00d6labscheidung, geringen Energieverbrauch, geringe Wartungskosten, ein niedriges Betriebsger\u00e4usch sowie einfache Montage und Inbetriebnahme.<\/h5>\n<p>[\/vc_column_text][\/vc_column][vc_column width=&#8220;1\/2&#8243;][vc_single_image image=&#8220;75004&#8243; img_size=&#8220;306&#215;204&#8243; add_caption=&#8220;yes&#8220; style=&#8220;vc_box_rounded&#8220; css=&#8220;.vc_custom_1620128183786{margin-top: 5px !important;}&#8220; el_class=&#8220;wow fadeIn delay&#8211;1&#8243;][\/vc_column][\/vc_row][vc_row][vc_column][vc_column_text]Beim Einsatz von Werkzeugmaschinen entstehen w\u00e4hrend des Bearbeitungsprozesses durch die K\u00fchl- und Schmierfl\u00fcssigkeit feine \u00d6lnebel. Sie stellen in der Atemluft eine Gesundheitsgefahr dar. Sich am Boden oder den W\u00e4nden niederschlagende \u00d6lnebel sind ein Risiko f\u00fcr die Arbeitssicherheit und erh\u00f6hen den Reinigungsaufwand. In der metallverarbeitenden Industrie ist daher der Einsatz von \u00d6lnebelsammlern erforderlich, um das Einatmen und die Kontamination der Umgebungsluft durch \u00d6lnebel zu verhindern. In vielen L\u00e4ndern ist dies durch gesetzliche Anforderunegn und Vorschriften geregelt.<\/p>\n<p>Unsere OMC &#8211; Syteme bieten ein 5-stufiges Reinigungskonzept<\/p>\n<ul>\n<li>Luftdiffusor<\/li>\n<li>Prallabscheider<\/li>\n<li>Vorfilter \/ Koaleszer<\/li>\n<li>Magicbox Feinkoaleszer<\/li>\n<li>HEPA &#8211; Filter (99,95%)<\/li>\n<\/ul>\n<p>Laden Sie sich unseren Produktkatalog und die Brosch\u00fcren mit unseren speziellen L\u00f6sungen f\u00fcr Anwendungen in unterschiedlichen Industriebereichen im Downloadbereich links herunter.[\/vc_column_text][\/vc_column][\/vc_row][vc_row disable_element=&#8220;yes&#8220; css=&#8220;.vc_custom_1618482935278{padding-top: 15px !important;padding-bottom: 25px !important;}&#8220;][vc_column][vc_tta_tabs shape=&#8220;square&#8220; active_section=&#8220;1&#8243;][vc_tta_section title=&#8220;Overview&#8220; tab_id=&#8220;1498640767828-d829c451-e4e8&#8243;][vc_column_text]A corporate tax is a tax imposed on the net profit of a corporation that are taxed at the entity level in a particular jurisdiction. Net profit for corporate tax is generally the financial statement net profit with modifications, and may be defined in great detail within each country&#8217;s tax system. Such taxes may include income or other taxes.[\/vc_column_text][\/vc_tta_section][vc_tta_section title=&#8220;Types&#8220; tab_id=&#8220;1498640767881-a7334b3d-3aa6&#8243;][vc_column_text]Corporations may be taxed on their incomes, property, or existence or equity structure by various jurisdictions. Maryland imposes a tax on corporations organized in that state based on the number of shares of capital stock issued and outstanding. Many jurisdictions instead impose a tax based on stated or computed capital, often including retained profits.[\/vc_column_text][\/vc_tta_section][vc_tta_section title=&#8220;Income&#8220; tab_id=&#8220;1498640823454-a7f3f480-2399&#8243;][vc_column_text]Most systems impose income tax at a specified rate of tax times taxable income, which may be decreased due to tax exemption. The United States define taxable income for a corporation as all gross income, i.e. sales plus other income minus cost of goods sold and tax exempt income less allowable tax deductions, without the allowance of the standard deduction.[\/vc_column_text][\/vc_tta_section][\/vc_tta_tabs][\/vc_column][\/vc_row][vc_row disable_element=&#8220;yes&#8220; css=&#8220;.vc_custom_1620299110424{padding-bottom: 20px !important;}&#8220;][vc_column][vc_custom_heading text=&#8220;Kaynaklar&#8220; font_container=&#8220;tag:h4|text_align:left&#8220; use_theme_fonts=&#8220;yes&#8220; css=&#8220;.vc_custom_1618483032907{padding-bottom: 10px !important;}&#8220;][vc_row_inner][vc_column_inner el_class=&#8220;wow fadeIn delay&#8211;1&#8243;][vc_column_text]<\/p>\n<ul class=\"doc\">\n<li><a href=\"#\" target=\"_blank\" rel=\"noopener\">OMC Sistemi Teknik Dok\u00fcman<\/a> <strong>1.76 MB<\/strong><\/li>\n<\/ul>\n<p>[\/vc_column_text][\/vc_column_inner][\/vc_row_inner][\/vc_column][\/vc_row][vc_row disable_element=&#8220;yes&#8220; css=&#8220;.vc_custom_1751290104572{padding-bottom: 15px !important;}&#8220;][vc_column][vc_raw_html]JTVCc2MlMjBuYW1lJTNEJTIyMjAyNWh2YWNkZSUyMiU1RCU1QiUyRnNjJTVE[\/vc_raw_html][\/vc_column][\/vc_row][vc_row][vc_column][vc_raw_html]JTNDc3R5bGUlM0UuZW50cnktY29udGVudCUyMCU3Qm1hcmdpbi10b3AlM0ElMjAzMHB4JTNCJTdEJTIwLmFkdmFuY2VkLXNpZGViYXItbWVudSUyMCU3QiUyMG1hcmdpbi10b3AlM0ElMjAzMHB4JTNCJTIwJTdEJTNDJTJGc3R5bGUlM0U=[\/vc_raw_html][\/vc_column][\/vc_row]<\/p>\n<\/section>","protected":false},"excerpt":{"rendered":"<p>[vc_row][vc_column width=&#8220;1\/2&#8243;][vc_column_text] Unsere \u00d6lnebelsammler (OMC &#8211; Systeme) k\u00f6nnen einfach an bestehenden Maschinen und Anlagen ohne kostenintensive Modifikationen erg\u00e4nzt werden. Sie bieten hohe Effizienz bei der \u00d6labscheidung, geringen Energieverbrauch, geringe Wartungskosten, ein niedriges Betriebsger\u00e4usch sowie einfache Montage und Inbetriebnahme. [\/vc_column_text][\/vc_column][vc_column width=&#8220;1\/2&#8243;][vc_single_image image=&#8220;75004&#8243; img_size=&#8220;306&#215;204&#8243; add_caption=&#8220;yes&#8220; style=&#8220;vc_box_rounded&#8220; css=&#8220;.vc_custom_1620128183786{margin-top: 5px !important;}&#8220; el_class=&#8220;wow fadeIn delay&#8211;1&#8243;][\/vc_column][\/vc_row][vc_row][vc_column][vc_column_text]Beim Einsatz von Werkzeugmaschinen entstehen w\u00e4hrend [&hellip;]<\/p>\n","protected":false},"author":3,"featured_media":0,"parent":74950,"menu_order":0,"comment_status":"closed","ping_status":"closed","template":"","meta":{"footnotes":""},"class_list":["post-75002","page","type-page","status-publish","hentry"],"_links":{"self":[{"href":"https:\/\/www.mikropor.com\/de\/wp-json\/wp\/v2\/pages\/75002","targetHints":{"allow":["GET"]}}],"collection":[{"href":"https:\/\/www.mikropor.com\/de\/wp-json\/wp\/v2\/pages"}],"about":[{"href":"https:\/\/www.mikropor.com\/de\/wp-json\/wp\/v2\/types\/page"}],"author":[{"embeddable":true,"href":"https:\/\/www.mikropor.com\/de\/wp-json\/wp\/v2\/users\/3"}],"replies":[{"embeddable":true,"href":"https:\/\/www.mikropor.com\/de\/wp-json\/wp\/v2\/comments?post=75002"}],"version-history":[{"count":4,"href":"https:\/\/www.mikropor.com\/de\/wp-json\/wp\/v2\/pages\/75002\/revisions"}],"predecessor-version":[{"id":82463,"href":"https:\/\/www.mikropor.com\/de\/wp-json\/wp\/v2\/pages\/75002\/revisions\/82463"}],"up":[{"embeddable":true,"href":"https:\/\/www.mikropor.com\/de\/wp-json\/wp\/v2\/pages\/74950"}],"wp:attachment":[{"href":"https:\/\/www.mikropor.com\/de\/wp-json\/wp\/v2\/media?parent=75002"}],"curies":[{"name":"wp","href":"https:\/\/api.w.org\/{rel}","templated":true}]}}