{"id":75019,"date":"2021-06-28T15:35:52","date_gmt":"2021-06-28T12:35:52","guid":{"rendered":"https:\/\/www.mikropor.com\/?page_id=75019"},"modified":"2025-06-30T16:20:53","modified_gmt":"2025-06-30T13:20:53","slug":"stickstofferzeuger","status":"publish","type":"page","link":"https:\/\/www.mikropor.com\/de\/gaserzeuger\/stickstofferzeuger\/","title":{"rendered":"Stickstofferzeuger"},"content":{"rendered":"<section class=\"wpb-content-wrapper\"><p>[vc_row][vc_column width=&#8220;1\/2&#8243;][vc_column_text]<\/p>\n<h5 style=\"font-size: 18px;\">Unsere Stickstoffgeneratoren, in Verbindung mit den Stickstoffreinigungssystemen senken effektiv den Energieverbrauch und erreichen dabei die h\u00f6chstm\u00f6gliche Reinheit des Stickstoffes. Wir bieten ein breites Spektrum an Produkten f\u00fcr die unterschiedlichsten Anforderungen an die Stickstoffreinheit.<\/h5>\n<style>.ccfw-default-sidebar {margin-top: 31px;}<\/style>\n<p>[\/vc_column_text][\/vc_column][vc_column width=&#8220;1\/2&#8243;][vc_single_image image=&#8220;72848&#8243; img_size=&#8220;306&#215;204&#8243; add_caption=&#8220;yes&#8220; alignment=&#8220;center&#8220; style=&#8220;vc_box_rounded&#8220; css=&#8220;.vc_custom_1621504838450{margin-top: 5px !important;}&#8220; el_class=&#8220;wow fadeIn delay&#8211;1&#8243;][\/vc_column][\/vc_row][vc_row][vc_column][vc_column_text]Unsere Stickstoffgeneratoren arbeiten nach dem Verfahren der Druckwechsel Adsorptionstechnologie PSA und reichern den Stickstoff mit Hilfe von Kohlenstoff Molekularsieben (CMS) an. Die CMS adsorbieren unter Druck Luftsauerstoff, Wasserdampf und andere Gase, wodurch reiner Stickstoff am Austritt des Generators entsteht.<\/p>\n<p>Unsere neu entwickelten Stickstoffgeneratoren der MDX &#8211; Serie erm\u00f6glichen die kosteng\u00fcnstige Erzeugung von Stickstoff mit einer Reinheit von \u00fcber 99,5% oder 99,9% bis zu 99,999%<\/p>\n<p>F\u00fcr Applikationen in der Metall-, Chemischen- und Kunstoffindustrie sowie f\u00fcr Abwasserbehandlung, Reinigung und Stickstoffabf\u00fcllung und viele weitere Bereiche bieten wir kundenspezifische L\u00f6sungen an.<\/p>\n<p>Laden Sie sich unseren Produktkatalog und die Brosch\u00fcren mit unseren speziellen L\u00f6sungen f\u00fcr Anwendungen in unterschiedlichen Industriebereichen im Downloadbereich links herunter.<\/p>\n<ul>\n<li>PSA Stickstoffgeneratoren der MNG Serie<\/li>\n<li>Stickstoffreiniger der MDX Serie<\/li>\n<\/ul>\n<p>[\/vc_column_text][\/vc_column][\/vc_row][vc_row disable_element=&#8220;yes&#8220; css=&#8220;.vc_custom_1618482935278{padding-top: 15px !important;padding-bottom: 25px !important;}&#8220;][vc_column][vc_tta_tabs shape=&#8220;square&#8220; active_section=&#8220;1&#8243;][vc_tta_section title=&#8220;Overview&#8220; tab_id=&#8220;1498640767828-d829c451-e4e8&#8243;][vc_column_text]A corporate tax is a tax imposed on the net profit of a corporation that are taxed at the entity level in a particular jurisdiction. Net profit for corporate tax is generally the financial statement net profit with modifications, and may be defined in great detail within each country&#8217;s tax system. Such taxes may include income or other taxes.[\/vc_column_text][\/vc_tta_section][vc_tta_section title=&#8220;Types&#8220; tab_id=&#8220;1498640767881-a7334b3d-3aa6&#8243;][vc_column_text]Corporations may be taxed on their incomes, property, or existence or equity structure by various jurisdictions. Maryland imposes a tax on corporations organized in that state based on the number of shares of capital stock issued and outstanding. Many jurisdictions instead impose a tax based on stated or computed capital, often including retained profits.[\/vc_column_text][\/vc_tta_section][vc_tta_section title=&#8220;Income&#8220; tab_id=&#8220;1498640823454-a7f3f480-2399&#8243;][vc_column_text]Most systems impose income tax at a specified rate of tax times taxable income, which may be decreased due to tax exemption. The United States define taxable income for a corporation as all gross income, i.e. sales plus other income minus cost of goods sold and tax exempt income less allowable tax deductions, without the allowance of the standard deduction.[\/vc_column_text][\/vc_tta_section][\/vc_tta_tabs][\/vc_column][\/vc_row][vc_row disable_element=&#8220;yes&#8220; css=&#8220;.vc_custom_1620305243622{padding-bottom: 20px !important;}&#8220;][vc_column][vc_custom_heading text=&#8220;Kaynaklar&#8220; font_container=&#8220;tag:h4|text_align:left&#8220; use_theme_fonts=&#8220;yes&#8220; css=&#8220;.vc_custom_1618483032907{padding-bottom: 10px !important;}&#8220;][vc_row_inner][vc_column_inner el_class=&#8220;wow fadeIn delay&#8211;1&#8243;][vc_column_text]<\/p>\n<ul class=\"doc\">\n<li><a href=\"#\" target=\"_blank\" rel=\"noopener\">OMC Sistemi Teknik Dok\u00fcman<\/a> <strong>1.76 MB<\/strong><\/li>\n<\/ul>\n<p>[\/vc_column_text][\/vc_column_inner][\/vc_row_inner][\/vc_column][\/vc_row][vc_row disable_element=&#8220;yes&#8220; css=&#8220;.vc_custom_1751289651380{padding-bottom: 15px !important;}&#8220;][vc_column][vc_column_text]<div class=\"wpb_wrapper\"><h3 style=\"text-align: left; margin-bottom: -25px;\" class=\"vc_custom_heading\" >Regionaler Vertriebsmanager<\/h3>\r\n\t<div class=\"wpb_text_column wpb_content_element \">\r\n\t\t<div class=\"wpb_wrapper\">\r\n\t\t\t<div class=\"vc_row wpb_row vc_row-fluid\">\r\n\t\t\t\t<div class=\"wpb_column vc_column_container vc_col-sm-6\">\r\n\t\t\t\t\t<div class=\"vc_column-inner\">\r\n\t\t\t\t\t\t<div class=\"wpb_wrapper\">\r\n\t\t\t\t\t\t\t<div class=\"wpb_text_column wpb_content_element \">\r\n\t\t\t\t\t\t\t\t<div class=\"wpb_wrapper\">    \r\n\t\t\t\t\t\t\t\t\t<p><img loading=\"lazy\" loading=\"lazy\" decoding=\"async\" class=\"alignleft wp-image-75586 size-thumbnail\" src=\"https:\/\/www.mikropor.com\/wp-content\/uploads\/2025\/01\/no-photo.jpg\" alt=\"\" width=\"100\" height=\"100\"><\/p>\r\n\t\t\t\t\t\t\t\t\t<h5 style=\"white-space: nowrap;\">Marco Winter<\/h5>\r\n\t\t\t\t\t\t\t\t\t<h6 style=\"white-space: nowrap;\">T:+49 2401 8041435<br>\r\n\t\t\t\t\t\t\t\t\tM:+49 1575 157 44 29<br>\r\n<a href=\"mailto:marco.winter@mikropor.com\">marco.winter@mikropor.com<\/a><\/h6> \r\n\t\t\t\t\t\t\t\t<\/div>\r\n\t\t\t\t\t\t\t<\/div>\r\n\t\t\t\t\t\t<\/div>\r\n\t\t\t\t\t<\/div>\r\n\t\t\t\t<\/div>\r\n\t\t\t<\/div>\r\n\t\t<\/div>\r\n\t<\/div>\r\n<\/div>[\/vc_column_text][\/vc_column][\/vc_row][vc_row][vc_column][vc_raw_html]JTNDc3R5bGUlM0UuZW50cnktY29udGVudCUyMCU3Qm1hcmdpbi10b3AlM0ElMjAzMHB4JTNCJTdEJTIwLmFkdmFuY2VkLXNpZGViYXItbWVudSUyMCU3QiUyMG1hcmdpbi10b3AlM0ElMjAzMHB4JTNCJTIwJTdEJTNDJTJGc3R5bGUlM0U=[\/vc_raw_html][\/vc_column][\/vc_row]<\/p>\n<\/section>","protected":false},"excerpt":{"rendered":"<p>[vc_row][vc_column width=&#8220;1\/2&#8243;][vc_column_text] Unsere Stickstoffgeneratoren, in Verbindung mit den Stickstoffreinigungssystemen senken effektiv den Energieverbrauch und erreichen dabei die h\u00f6chstm\u00f6gliche Reinheit des Stickstoffes. Wir bieten ein breites Spektrum an Produkten f\u00fcr die unterschiedlichsten Anforderungen an die Stickstoffreinheit. [\/vc_column_text][\/vc_column][vc_column width=&#8220;1\/2&#8243;][vc_single_image image=&#8220;72848&#8243; img_size=&#8220;306&#215;204&#8243; add_caption=&#8220;yes&#8220; alignment=&#8220;center&#8220; style=&#8220;vc_box_rounded&#8220; css=&#8220;.vc_custom_1621504838450{margin-top: 5px !important;}&#8220; el_class=&#8220;wow fadeIn delay&#8211;1&#8243;][\/vc_column][\/vc_row][vc_row][vc_column][vc_column_text]Unsere Stickstoffgeneratoren arbeiten nach dem Verfahren der Druckwechsel [&hellip;]<\/p>\n","protected":false},"author":3,"featured_media":0,"parent":74967,"menu_order":0,"comment_status":"closed","ping_status":"closed","template":"","meta":{"footnotes":""},"class_list":["post-75019","page","type-page","status-publish","hentry"],"_links":{"self":[{"href":"https:\/\/www.mikropor.com\/de\/wp-json\/wp\/v2\/pages\/75019","targetHints":{"allow":["GET"]}}],"collection":[{"href":"https:\/\/www.mikropor.com\/de\/wp-json\/wp\/v2\/pages"}],"about":[{"href":"https:\/\/www.mikropor.com\/de\/wp-json\/wp\/v2\/types\/page"}],"author":[{"embeddable":true,"href":"https:\/\/www.mikropor.com\/de\/wp-json\/wp\/v2\/users\/3"}],"replies":[{"embeddable":true,"href":"https:\/\/www.mikropor.com\/de\/wp-json\/wp\/v2\/comments?post=75019"}],"version-history":[{"count":2,"href":"https:\/\/www.mikropor.com\/de\/wp-json\/wp\/v2\/pages\/75019\/revisions"}],"predecessor-version":[{"id":82454,"href":"https:\/\/www.mikropor.com\/de\/wp-json\/wp\/v2\/pages\/75019\/revisions\/82454"}],"up":[{"embeddable":true,"href":"https:\/\/www.mikropor.com\/de\/wp-json\/wp\/v2\/pages\/74967"}],"wp:attachment":[{"href":"https:\/\/www.mikropor.com\/de\/wp-json\/wp\/v2\/media?parent=75019"}],"curies":[{"name":"wp","href":"https:\/\/api.w.org\/{rel}","templated":true}]}}