{"id":75038,"date":"2021-06-28T15:43:43","date_gmt":"2021-06-28T12:43:43","guid":{"rendered":"https:\/\/www.mikropor.com\/?page_id=75038"},"modified":"2025-06-30T16:18:05","modified_gmt":"2025-06-30T13:18:05","slug":"filter-fuer-draht-erodiermaschinen","status":"publish","type":"page","link":"https:\/\/www.mikropor.com\/de\/filter-fuer-draht-erodiermaschinen\/","title":{"rendered":"Filter f\u00fcr Draht-Erodiermaschinen"},"content":{"rendered":"<section class=\"wpb-content-wrapper\"><p>[vc_row][vc_column width=&#8220;1\/2&#8243;][vc_column_text]<\/p>\n<h5 style=\"font-size: 19px;\">Unsere WEDM Filter k\u00f6nnen bei der Bearbeitung von Metallen wie Stahl, Edelstahl, Aluminium, Kupfer und vielen weiteren Eisen- und Nichteisenmetallen eingesetzt werden.<\/h5>\n<style>.ccfw-default-sidebar {margin-top: 31px;}<\/style>\n<p>[\/vc_column_text][\/vc_column][vc_column width=&#8220;1\/2&#8243;][vc_single_image image=&#8220;74946&#8243; img_size=&#8220;306&#215;204&#8243; add_caption=&#8220;yes&#8220; alignment=&#8220;center&#8220; style=&#8220;vc_box_rounded&#8220; css=&#8220;.vc_custom_1622400996059{margin-top: 5px !important;}&#8220; el_class=&#8220;wow fadeIn delay&#8211;1&#8243;][\/vc_column][\/vc_row][vc_row][vc_column][vc_column_text]Unsere Drahterosionsfilter sind unempfindlich gegen Leckage und haben einen geringen Differenzdruck. Mit dem hohen Halteverm\u00f6gen f\u00fcr Metallr\u00fcckst\u00e4nde geh\u00f6ren sie zu den leistungsf\u00e4higsten Filtern ihrer Klasse. Durch ihre Qualit\u00e4t und Leistungsf\u00e4higkeit sorgen die Filter mit h\u00f6heren Schnittgeschwindigkeiten und sauberen Schnittfl\u00e4chen f\u00fcr eine hohe Effektivit\u00e4t des Erosionsprozesses. Unsere Drahterosionsfilter verringern den Verschleiss der Maschinen und minimieren damit die Wartungskosten.<\/p>\n<p>Laden Sie sich die WEDM &#8211; Brosch\u00fcre und unseren Produktkatalog mit speziellen L\u00f6sungen f\u00fcr Anwendungen in unterschiedlichen Industriebereichen im Downloadbereich links herunter.[\/vc_column_text][\/vc_column][\/vc_row][vc_row disable_element=&#8220;yes&#8220; css=&#8220;.vc_custom_1618482935278{padding-top: 15px !important;padding-bottom: 25px !important;}&#8220;][vc_column][vc_tta_tabs shape=&#8220;square&#8220; active_section=&#8220;1&#8243;][vc_tta_section title=&#8220;Overview&#8220; tab_id=&#8220;1498640767828-d829c451-e4e8&#8243;][vc_column_text]A corporate tax is a tax imposed on the net profit of a corporation that are taxed at the entity level in a particular jurisdiction. Net profit for corporate tax is generally the financial statement net profit with modifications, and may be defined in great detail within each country&#8217;s tax system. Such taxes may include income or other taxes.[\/vc_column_text][\/vc_tta_section][vc_tta_section title=&#8220;Types&#8220; tab_id=&#8220;1498640767881-a7334b3d-3aa6&#8243;][vc_column_text]Corporations may be taxed on their incomes, property, or existence or equity structure by various jurisdictions. Maryland imposes a tax on corporations organized in that state based on the number of shares of capital stock issued and outstanding. Many jurisdictions instead impose a tax based on stated or computed capital, often including retained profits.[\/vc_column_text][\/vc_tta_section][vc_tta_section title=&#8220;Income&#8220; tab_id=&#8220;1498640823454-a7f3f480-2399&#8243;][vc_column_text]Most systems impose income tax at a specified rate of tax times taxable income, which may be decreased due to tax exemption. The United States define taxable income for a corporation as all gross income, i.e. sales plus other income minus cost of goods sold and tax exempt income less allowable tax deductions, without the allowance of the standard deduction.[\/vc_column_text][\/vc_tta_section][\/vc_tta_tabs][\/vc_column][\/vc_row][vc_row disable_element=&#8220;yes&#8220; css=&#8220;.vc_custom_1620305243622{padding-bottom: 20px !important;}&#8220;][vc_column][vc_custom_heading text=&#8220;Kaynaklar&#8220; font_container=&#8220;tag:h4|text_align:left&#8220; use_theme_fonts=&#8220;yes&#8220; css=&#8220;.vc_custom_1618483032907{padding-bottom: 10px !important;}&#8220;][vc_row_inner][vc_column_inner el_class=&#8220;wow fadeIn delay&#8211;1&#8243;][vc_column_text]<\/p>\n<ul class=\"doc\">\n<li><a href=\"#\" target=\"_blank\" rel=\"noopener\">OMC Sistemi Teknik Dok\u00fcman<\/a> <strong>1.76 MB<\/strong><\/li>\n<\/ul>\n<p>[\/vc_column_text][\/vc_column_inner][\/vc_row_inner][\/vc_column][\/vc_row][vc_row css=&#8220;.vc_custom_1498658186233{padding-bottom: 15px !important;}&#8220;][vc_column][vc_custom_heading text=&#8220;Regionaler Vertriebsmanager&#8220; font_container=&#8220;tag:h4|text_align:left&#8220; use_theme_fonts=&#8220;yes&#8220;][\/vc_column][\/vc_row][vc_row disable_element=&#8220;yes&#8220; css=&#8220;.vc_custom_1751289483636{margin-bottom: -15px !important;}&#8220;][vc_column el_class=&#8220;wow fadeIn delay&#8211;1&#8243;][vc_raw_html]JTVCc2MlMjBuYW1lJTNEJTIyMjAyNWNhc2RlJTIyJTVEJTVCJTJGc2MlNUQ=[\/vc_raw_html][\/vc_column][\/vc_row][vc_row][vc_column][vc_raw_html]JTNDc3R5bGUlM0UuZW50cnktY29udGVudCUyMCU3Qm1hcmdpbi10b3AlM0ElMjAzMHB4JTNCJTdEJTIwLmFkdmFuY2VkLXNpZGViYXItbWVudSUyMCU3QiUyMG1hcmdpbi10b3AlM0ElMjAzMHB4JTNCJTIwJTdEJTNDJTJGc3R5bGUlM0U=[\/vc_raw_html][\/vc_column][\/vc_row]<\/p>\n<\/section>","protected":false},"excerpt":{"rendered":"<p>[vc_row][vc_column width=&#8220;1\/2&#8243;][vc_column_text] Unsere WEDM Filter k\u00f6nnen bei der Bearbeitung von Metallen wie Stahl, Edelstahl, Aluminium, Kupfer und vielen weiteren Eisen- und Nichteisenmetallen eingesetzt werden. [\/vc_column_text][\/vc_column][vc_column width=&#8220;1\/2&#8243;][vc_single_image image=&#8220;74946&#8243; img_size=&#8220;306&#215;204&#8243; add_caption=&#8220;yes&#8220; alignment=&#8220;center&#8220; style=&#8220;vc_box_rounded&#8220; css=&#8220;.vc_custom_1622400996059{margin-top: 5px !important;}&#8220; el_class=&#8220;wow fadeIn delay&#8211;1&#8243;][\/vc_column][\/vc_row][vc_row][vc_column][vc_column_text]Unsere Drahterosionsfilter sind unempfindlich gegen Leckage und haben einen geringen Differenzdruck. Mit dem hohen Halteverm\u00f6gen f\u00fcr Metallr\u00fcckst\u00e4nde geh\u00f6ren sie [&hellip;]<\/p>\n","protected":false},"author":3,"featured_media":0,"parent":0,"menu_order":0,"comment_status":"closed","ping_status":"closed","template":"","meta":{"footnotes":""},"class_list":["post-75038","page","type-page","status-publish","hentry"],"_links":{"self":[{"href":"https:\/\/www.mikropor.com\/de\/wp-json\/wp\/v2\/pages\/75038","targetHints":{"allow":["GET"]}}],"collection":[{"href":"https:\/\/www.mikropor.com\/de\/wp-json\/wp\/v2\/pages"}],"about":[{"href":"https:\/\/www.mikropor.com\/de\/wp-json\/wp\/v2\/types\/page"}],"author":[{"embeddable":true,"href":"https:\/\/www.mikropor.com\/de\/wp-json\/wp\/v2\/users\/3"}],"replies":[{"embeddable":true,"href":"https:\/\/www.mikropor.com\/de\/wp-json\/wp\/v2\/comments?post=75038"}],"version-history":[{"count":2,"href":"https:\/\/www.mikropor.com\/de\/wp-json\/wp\/v2\/pages\/75038\/revisions"}],"predecessor-version":[{"id":82444,"href":"https:\/\/www.mikropor.com\/de\/wp-json\/wp\/v2\/pages\/75038\/revisions\/82444"}],"wp:attachment":[{"href":"https:\/\/www.mikropor.com\/de\/wp-json\/wp\/v2\/media?parent=75038"}],"curies":[{"name":"wp","href":"https:\/\/api.w.org\/{rel}","templated":true}]}}