{"id":77341,"date":"2021-08-20T12:56:27","date_gmt":"2021-08-20T09:56:27","guid":{"rendered":"https:\/\/www.mikropor.com\/gaserzeuger\/oxygen-generators\/"},"modified":"2025-06-30T16:19:03","modified_gmt":"2025-06-30T13:19:03","slug":"sauerstoffgeneratoren","status":"publish","type":"page","link":"https:\/\/www.mikropor.com\/de\/gaserzeuger\/sauerstoffgeneratoren\/","title":{"rendered":"Sauerstoffgeneratoren"},"content":{"rendered":"<section class=\"wpb-content-wrapper\"><p>[vc_row][vc_column width=&#8220;1\/2&#8243;][vc_column_text]<\/p>\n<h5 style=\"font-size: 19px;\">Unsere Sauerstoffgeneratoren sind ein Druckwechseladsorptionssystem (PSA), das reinen Sauerstoff an die Luftleitung liefert. Ein Zeolith-Molekularsieb (ZMS), ein effektives Adsorptionsmittel, trennt Sauerstoff und andere Molek\u00fcle wie Stickstoff und Argongas aus der trockenen Luft. Nicht-Sauerstoff-Molek\u00fcle werden durch das ZMS bei konstantem Druck adsorbiert, sodass Sauerstoff produziert wird.<\/h5>\n<style>.ccfw-default-sidebar {margin-top: 31px;}<\/style>\n<p>[\/vc_column_text][\/vc_column][vc_column width=&#8220;1\/2&#8243;][vc_single_image image=&#8220;72848&#8243; img_size=&#8220;306&#215;204&#8243; add_caption=&#8220;yes&#8220; alignment=&#8220;center&#8220; style=&#8220;vc_box_rounded&#8220; css=&#8220;.vc_custom_1621504838450{margin-top: 5px !important;}&#8220; el_class=&#8220;wow fadeIn delay&#8211;1&#8243;][\/vc_column][\/vc_row][vc_row][vc_column][vc_column_text]Unsere Sauerstoffgeneratoren sind Zweibett-PSA-Systeme, die mit ZMS-Adsorbern gef\u00fcllt sind. Mit Filtern, einem Druckregler, Ventilen und Baugruppen besteht der Sauerstofferzeugungsprozess haupts\u00e4chlich in der Trennung von Sauerstoff und Stickstoff aus sauberer und trockener Luft.<\/p>\n<p>Unsere brandneuen MOG-Serie PSA-Sauerstoffgeneratoren bieten eine \u00e4u\u00dferst wirtschaftliche M\u00f6glichkeit, Sauerstoff mit hoher Kapazit\u00e4t und Reinheit gem\u00e4\u00df den Kundenanforderungen zu erzeugen.<\/p>\n<p>Wir bieten kundenorientierte L\u00f6sungen f\u00fcr die Metall-, Medizin-, Glas-, Bergbau-, Papierindustrie, Ozon-Systeme, Labore, Fischfarmen, Industrie\u00f6fen usw.<\/p>\n<p>Sie k\u00f6nnen unseren Produktkatalog und unsere Brosch\u00fcren im linken Panel herunterladen, um unser breites Produktsortiment zu sehen.[\/vc_column_text][\/vc_column][\/vc_row][vc_row disable_element=&#8220;yes&#8220; css=&#8220;.vc_custom_1618482935278{padding-top: 15px !important;padding-bottom: 25px !important;}&#8220;][vc_column][vc_tta_tabs shape=&#8220;square&#8220; active_section=&#8220;1&#8243;][vc_tta_section title=&#8220;Overview&#8220; tab_id=&#8220;1498640767828-d829c451-e4e8&#8243;][vc_column_text]A corporate tax is a tax imposed on the net profit of a corporation that are taxed at the entity level in a particular jurisdiction. Net profit for corporate tax is generally the financial statement net profit with modifications, and may be defined in great detail within each country&#8217;s tax system. Such taxes may include income or other taxes.[\/vc_column_text][\/vc_tta_section][vc_tta_section title=&#8220;Types&#8220; tab_id=&#8220;1498640767881-a7334b3d-3aa6&#8243;][vc_column_text]Corporations may be taxed on their incomes, property, or existence or equity structure by various jurisdictions. Maryland imposes a tax on corporations organized in that state based on the number of shares of capital stock issued and outstanding. Many jurisdictions instead impose a tax based on stated or computed capital, often including retained profits.[\/vc_column_text][\/vc_tta_section][vc_tta_section title=&#8220;Income&#8220; tab_id=&#8220;1498640823454-a7f3f480-2399&#8243;][vc_column_text]Most systems impose income tax at a specified rate of tax times taxable income, which may be decreased due to tax exemption. The United States define taxable income for a corporation as all gross income, i.e. sales plus other income minus cost of goods sold and tax exempt income less allowable tax deductions, without the allowance of the standard deduction.[\/vc_column_text][\/vc_tta_section][\/vc_tta_tabs][\/vc_column][\/vc_row][vc_row disable_element=&#8220;yes&#8220; css=&#8220;.vc_custom_1620305243622{padding-bottom: 20px !important;}&#8220;][vc_column][vc_custom_heading text=&#8220;Kaynaklar&#8220; font_container=&#8220;tag:h4|text_align:left&#8220; use_theme_fonts=&#8220;yes&#8220; css=&#8220;.vc_custom_1618483032907{padding-bottom: 10px !important;}&#8220;][vc_row_inner][vc_column_inner el_class=&#8220;wow fadeIn delay&#8211;1&#8243;][vc_column_text]<\/p>\n<ul class=\"doc\">\n<li><a href=\"#\" target=\"_blank\" rel=\"noopener\">OMC Sistemi Teknik Dok\u00fcman<\/a> <strong>1.76 MB<\/strong><\/li>\n<\/ul>\n<p>[\/vc_column_text][\/vc_column_inner][\/vc_row_inner][\/vc_column][\/vc_row][vc_row disable_element=&#8220;yes&#8220; css=&#8220;.vc_custom_1751289541764{padding-bottom: 15px !important;}&#8220;][vc_column][vc_column_text]<div class=\"wpb_wrapper\"><h3 style=\"text-align: left; margin-bottom: -25px;\" class=\"vc_custom_heading\" >Regionaler Vertriebsmanager<\/h3>\r\n\t<div class=\"wpb_text_column wpb_content_element \">\r\n\t\t<div class=\"wpb_wrapper\">\r\n\t\t\t<div class=\"vc_row wpb_row vc_row-fluid\">\r\n\t\t\t\t<div class=\"wpb_column vc_column_container vc_col-sm-6\">\r\n\t\t\t\t\t<div class=\"vc_column-inner\">\r\n\t\t\t\t\t\t<div class=\"wpb_wrapper\">\r\n\t\t\t\t\t\t\t<div class=\"wpb_text_column wpb_content_element \">\r\n\t\t\t\t\t\t\t\t<div class=\"wpb_wrapper\">    \r\n\t\t\t\t\t\t\t\t\t<p><img loading=\"lazy\" loading=\"lazy\" decoding=\"async\" class=\"alignleft wp-image-75586 size-thumbnail\" src=\"https:\/\/www.mikropor.com\/wp-content\/uploads\/2025\/01\/no-photo.jpg\" alt=\"\" width=\"100\" height=\"100\"><\/p>\r\n\t\t\t\t\t\t\t\t\t<h5 style=\"white-space: nowrap;\">Marco Winter<\/h5>\r\n\t\t\t\t\t\t\t\t\t<h6 style=\"white-space: nowrap;\">T:+49 2401 8041435<br>\r\n\t\t\t\t\t\t\t\t\tM:+49 1575 157 44 29<br>\r\n<a href=\"mailto:marco.winter@mikropor.com\">marco.winter@mikropor.com<\/a><\/h6> \r\n\t\t\t\t\t\t\t\t<\/div>\r\n\t\t\t\t\t\t\t<\/div>\r\n\t\t\t\t\t\t<\/div>\r\n\t\t\t\t\t<\/div>\r\n\t\t\t\t<\/div>\r\n\t\t\t<\/div>\r\n\t\t<\/div>\r\n\t<\/div>\r\n<\/div>[\/vc_column_text][\/vc_column][\/vc_row][vc_row disable_element=&#8220;yes&#8220; css=&#8220;.vc_custom_1656673797973{margin-bottom: -15px !important;}&#8220;][vc_column width=&#8220;1\/2&#8243; el_class=&#8220;wow fadeIn delay&#8211;1&#8243;][vc_row_inner][vc_column_inner width=&#8220;1\/3&#8243;][vc_single_image image=&#8220;75735&#8243; img_size=&#8220;full&#8220; el_class=&#8220;marka-mobill&#8220;][\/vc_column_inner][vc_column_inner width=&#8220;2\/3&#8243;][vc_column_text]<\/p>\n<h5>Koray Vatansever<\/h5>\n<h6>T: +90 212 211 55 00<br \/>\nM: +90 539 516 31 01<br \/>\n<a href=\"mailto:koray.vatansever@mikropor.com\">koray.vatansever@mikropor.com<\/a><\/h6>\n<p>[\/vc_column_text][\/vc_column_inner][\/vc_row_inner][\/vc_column][vc_column width=&#8220;1\/2&#8243; el_class=&#8220;wow fadeIn delay&#8211;2&#8243;][vc_row_inner][vc_column_inner width=&#8220;1\/3&#8243;][vc_single_image image=&#8220;75740&#8243; img_size=&#8220;full&#8220; el_class=&#8220;marka-mobill&#8220;][\/vc_column_inner][vc_column_inner width=&#8220;2\/3&#8243;][vc_column_text]<\/p>\n<h5>Mehmet Okta<\/h5>\n<h6>T: +90 212 211 55 00<br \/>\nM: +90 539 792 79 59<br \/>\n<a href=\"mailto:mehmet.okta@mikropor.com\">mehmet.okta@mikropor.com<\/a><\/h6>\n<p>[\/vc_column_text][\/vc_column_inner][\/vc_row_inner][\/vc_column][\/vc_row][vc_row][vc_column][vc_raw_html]JTNDc3R5bGUlM0UuZW50cnktY29udGVudCUyMCU3Qm1hcmdpbi10b3AlM0ElMjAzMHB4JTNCJTdEJTIwLmFkdmFuY2VkLXNpZGViYXItbWVudSUyMCU3QiUyMG1hcmdpbi10b3AlM0ElMjAzMHB4JTNCJTIwJTdEJTNDJTJGc3R5bGUlM0U=[\/vc_raw_html][\/vc_column][\/vc_row]<\/p>\n<\/section>","protected":false},"excerpt":{"rendered":"<p>[vc_row][vc_column width=&#8220;1\/2&#8243;][vc_column_text] Unsere Sauerstoffgeneratoren sind ein Druckwechseladsorptionssystem (PSA), das reinen Sauerstoff an die Luftleitung liefert. Ein Zeolith-Molekularsieb (ZMS), ein effektives Adsorptionsmittel, trennt Sauerstoff und andere Molek\u00fcle wie Stickstoff und Argongas aus der trockenen Luft. Nicht-Sauerstoff-Molek\u00fcle werden durch das ZMS bei konstantem Druck adsorbiert, sodass Sauerstoff produziert wird. [\/vc_column_text][\/vc_column][vc_column width=&#8220;1\/2&#8243;][vc_single_image image=&#8220;72848&#8243; img_size=&#8220;306&#215;204&#8243; add_caption=&#8220;yes&#8220; alignment=&#8220;center&#8220; style=&#8220;vc_box_rounded&#8220; css=&#8220;.vc_custom_1621504838450{margin-top: [&hellip;]<\/p>\n","protected":false},"author":3,"featured_media":0,"parent":74967,"menu_order":0,"comment_status":"closed","ping_status":"closed","template":"","meta":{"footnotes":""},"class_list":["post-77341","page","type-page","status-publish","hentry"],"_links":{"self":[{"href":"https:\/\/www.mikropor.com\/de\/wp-json\/wp\/v2\/pages\/77341","targetHints":{"allow":["GET"]}}],"collection":[{"href":"https:\/\/www.mikropor.com\/de\/wp-json\/wp\/v2\/pages"}],"about":[{"href":"https:\/\/www.mikropor.com\/de\/wp-json\/wp\/v2\/types\/page"}],"author":[{"embeddable":true,"href":"https:\/\/www.mikropor.com\/de\/wp-json\/wp\/v2\/users\/3"}],"replies":[{"embeddable":true,"href":"https:\/\/www.mikropor.com\/de\/wp-json\/wp\/v2\/comments?post=77341"}],"version-history":[{"count":6,"href":"https:\/\/www.mikropor.com\/de\/wp-json\/wp\/v2\/pages\/77341\/revisions"}],"predecessor-version":[{"id":82448,"href":"https:\/\/www.mikropor.com\/de\/wp-json\/wp\/v2\/pages\/77341\/revisions\/82448"}],"up":[{"embeddable":true,"href":"https:\/\/www.mikropor.com\/de\/wp-json\/wp\/v2\/pages\/74967"}],"wp:attachment":[{"href":"https:\/\/www.mikropor.com\/de\/wp-json\/wp\/v2\/media?parent=77341"}],"curies":[{"name":"wp","href":"https:\/\/api.w.org\/{rel}","templated":true}]}}