{"id":85620,"date":"2025-07-30T13:07:37","date_gmt":"2025-07-30T10:07:37","guid":{"rendered":"https:\/\/www.mikropor.com\/luftfilter\/karbon-filtreler\/"},"modified":"2025-09-08T11:04:17","modified_gmt":"2025-09-08T08:04:17","slug":"kohlefilter","status":"publish","type":"page","link":"https:\/\/www.mikropor.com\/de\/luftfilter\/kohlefilter\/","title":{"rendered":"KOHLEFILTER"},"content":{"rendered":"<section class=\"wpb-content-wrapper\"><p>[vc_row][vc_column]    <nav class=\"mikropor-breadcrumb\" aria-label=\"Breadcrumb\">\n        <ol class=\"breadcrumb-list\">\n                            <li class=\"breadcrumb-item \">\n                                            <a href=\"https:\/\/www.mikropor.com\/de\/\" >\n                            Home                        <\/a>\n                                        \n                                    <\/li>\n                    <\/ol>\n    <\/nav>\n    [\/vc_column][\/vc_row][vc_row css=&#8220;.vc_custom_1751705551096{margin-bottom: 30px !important;padding-top: 20px !important;padding-right: 20px !important;padding-bottom: 20px !important;padding-left: 20px !important;background-color: #ffffff !important;}&#8220; el_class=&#8220;border-e5e5e5&#8243;][vc_column width=&#8220;1\/2&#8243;][vc_custom_heading text=&#8220;KOHLEFILTER&#8220; font_container=&#8220;tag:h3|text_align:left&#8220; google_fonts=&#8220;font_family:Open%20Sans%3A300%2C300italic%2Cregular%2Citalic%2C600%2C600italic%2C700%2C700italic%2C800%2C800italic|font_style:600%20bold%20regular%3A600%3Anormal&#8220;][vc_column_text]Mikropor Aktivkohlefilter entfernen effektiv Ger\u00fcche, Gase und fl\u00fcchtige organische Verbindungen (VOCs) aus der Luft. Diese Filter verbessern die Raumluftqualit\u00e4t in Laboren, Reinr\u00e4umen, gewerblichen K\u00fcchen und chemischen Anlagen.[\/vc_column_text][\/vc_column][vc_column width=&#8220;1\/2&#8243;][vc_single_image image=&#8220;84473&#8243; img_size=&#8220;full&#8220;][\/vc_column][\/vc_row][vc_row full_width=&#8220;stretch_row&#8220; equal_height=&#8220;yes&#8220;][vc_column width=&#8220;1\/3&#8243;]    <div class=\"product-card-col wpb_column vc_column_container\">\n        <div class=\"vc_column-inner\">\n            <div class=\"wpb_wrapper\">\n                                    <div class=\"wpb_single_image wpb_content_element vc_align_left\">\n                        <figure class=\"wpb_wrapper vc_figure\">\n                                                            <a href=\"https:\/\/www.mikropor.com\/de\/luftfilter\/kohlefilter\/mv-acp-serie\/\" target=\"_self\" class=\"vc_single_image-wrapper vc_box_border_grey\">\n                            \n                            <img loading=\"lazy\" decoding=\"async\" src=\"https:\/\/www.mikropor.com\/wp-content\/uploads\/2025\/07\/35-MV-ACP-SERIES.png\" class=\"vc_single_image-img attachment-full\" alt=\"\">\n\n                                                            <\/a>\n                                                    <\/figure>\n                    <\/div>\n                \n                                    <div class=\"wpb_text_column wpb_content_element \">\n                        <div class=\"wpb_wrapper\">\n                            <div class=\"card-header-custom\">\n                                                                    <a href=\"https:\/\/www.mikropor.com\/de\/luftfilter\/kohlefilter\/mv-acp-serie\/\" target=\"_self\" class=\"product-title\">MV-ACP Serie<\/a>\n                                \n                                                                    <a class=\"product-button\" href=\"https:\/\/www.mikropor.com\/de\/luftfilter\/kohlefilter\/mv-acp-serie\/\" target=\"_self\">\n                                        <span class=\"arrow\">\u279c<\/span>\n                                    <\/a>\n                                                            <\/div>\n                        <\/div>\n                    <\/div>\n                \n                            <\/div>\n        <\/div>\n    <\/div>\n    [\/vc_column][vc_column width=&#8220;1\/3&#8243;]    <div class=\"product-card-col wpb_column vc_column_container\">\n        <div class=\"vc_column-inner\">\n            <div class=\"wpb_wrapper\">\n                                    <div class=\"wpb_single_image wpb_content_element vc_align_left\">\n                        <figure class=\"wpb_wrapper vc_figure\">\n                                                            <a href=\"https:\/\/www.mikropor.com\/de\/luftfilter\/kohlefilter\/aktivkohle-patronen\/\" target=\"_self\" class=\"vc_single_image-wrapper vc_box_border_grey\">\n                            \n                            <img loading=\"lazy\" decoding=\"async\" src=\"https:\/\/www.mikropor.com\/wp-content\/uploads\/2025\/07\/36-ACTIVATED-CARBON-CARTRIDGES.png\" class=\"vc_single_image-img attachment-full\" alt=\"\">\n\n                                                            <\/a>\n                                                    <\/figure>\n                    <\/div>\n                \n                                    <div class=\"wpb_text_column wpb_content_element \">\n                        <div class=\"wpb_wrapper\">\n                            <div class=\"card-header-custom\">\n                                                                    <a href=\"https:\/\/www.mikropor.com\/de\/luftfilter\/kohlefilter\/aktivkohle-patronen\/\" target=\"_self\" class=\"product-title\">Aktivkohle-Patronen<\/a>\n                                \n                                                                    <a class=\"product-button\" href=\"https:\/\/www.mikropor.com\/de\/luftfilter\/kohlefilter\/aktivkohle-patronen\/\" target=\"_self\">\n                                        <span class=\"arrow\">\u279c<\/span>\n                                    <\/a>\n                                                            <\/div>\n                        <\/div>\n                    <\/div>\n                \n                            <\/div>\n        <\/div>\n    <\/div>\n    [\/vc_column][vc_column width=&#8220;1\/3&#8243;]    <div class=\"product-card-col wpb_column vc_column_container\">\n        <div class=\"vc_column-inner\">\n            <div class=\"wpb_wrapper\">\n                                    <div class=\"wpb_single_image wpb_content_element vc_align_left\">\n                        <figure class=\"wpb_wrapper vc_figure\">\n                                                            <a href=\"https:\/\/www.mikropor.com\/de\/luftfilter\/kohlefilter\/aktivkohle-rahmen\/\" target=\"_self\" class=\"vc_single_image-wrapper vc_box_border_grey\">\n                            \n                            <img loading=\"lazy\" decoding=\"async\" src=\"https:\/\/www.mikropor.com\/wp-content\/uploads\/2025\/07\/37-ACTIVATED-CARBON-HOUSINGS1.png\" class=\"vc_single_image-img attachment-full\" alt=\"\">\n\n                                                            <\/a>\n                                                    <\/figure>\n                    <\/div>\n                \n                                    <div class=\"wpb_text_column wpb_content_element \">\n                        <div class=\"wpb_wrapper\">\n                            <div class=\"card-header-custom\">\n                                                                    <a href=\"https:\/\/www.mikropor.com\/de\/luftfilter\/kohlefilter\/aktivkohle-rahmen\/\" target=\"_self\" class=\"product-title\">Aktivkohle-Rahmen<\/a>\n                                \n                                                                    <a class=\"product-button\" href=\"https:\/\/www.mikropor.com\/de\/luftfilter\/kohlefilter\/aktivkohle-rahmen\/\" target=\"_self\">\n                                        <span class=\"arrow\">\u279c<\/span>\n                                    <\/a>\n                                                            <\/div>\n                        <\/div>\n                    <\/div>\n                \n                            <\/div>\n        <\/div>\n    <\/div>\n    [\/vc_column][\/vc_row][vc_row full_width=&#8220;stretch_row&#8220; equal_height=&#8220;yes&#8220;][vc_column width=&#8220;1\/3&#8243;]    <div class=\"product-card-col wpb_column vc_column_container\">\n        <div class=\"vc_column-inner\">\n            <div class=\"wpb_wrapper\">\n                                    <div class=\"wpb_single_image wpb_content_element vc_align_left\">\n                        <figure class=\"wpb_wrapper vc_figure\">\n                                                            <a href=\"https:\/\/www.mikropor.com\/de\/luftfilter\/kohlefilter\/aktivkohle-v-zellen-filter\/\" target=\"_self\" class=\"vc_single_image-wrapper vc_box_border_grey\">\n                            \n                            <img loading=\"lazy\" decoding=\"async\" src=\"https:\/\/www.mikropor.com\/wp-content\/uploads\/2025\/07\/39-ACTIVATED-CARBON-V-CELL-FILTERS.png\" class=\"vc_single_image-img attachment-full\" alt=\"\">\n\n                                                            <\/a>\n                                                    <\/figure>\n                    <\/div>\n                \n                                    <div class=\"wpb_text_column wpb_content_element \">\n                        <div class=\"wpb_wrapper\">\n                            <div class=\"card-header-custom\">\n                                                                    <a href=\"https:\/\/www.mikropor.com\/de\/luftfilter\/kohlefilter\/aktivkohle-v-zellen-filter\/\" target=\"_self\" class=\"product-title\">Aktivkohle-V-Zellen-Filter<\/a>\n                                \n                                                                    <a class=\"product-button\" href=\"https:\/\/www.mikropor.com\/de\/luftfilter\/kohlefilter\/aktivkohle-v-zellen-filter\/\" target=\"_self\">\n                                        <span class=\"arrow\">\u279c<\/span>\n                                    <\/a>\n                                                            <\/div>\n                        <\/div>\n                    <\/div>\n                \n                            <\/div>\n        <\/div>\n    <\/div>\n    [\/vc_column][vc_column width=&#8220;1\/3&#8243;]    <div class=\"product-card-col wpb_column vc_column_container\">\n        <div class=\"vc_column-inner\">\n            <div class=\"wpb_wrapper\">\n                                    <div class=\"wpb_single_image wpb_content_element vc_align_left\">\n                        <figure class=\"wpb_wrapper vc_figure\">\n                                                            <a href=\"https:\/\/www.mikropor.com\/de\/luftfilter\/kohlefilter\/aktivkohle-panel-filter\/\" target=\"_self\" class=\"vc_single_image-wrapper vc_box_border_grey\">\n                            \n                            <img loading=\"lazy\" decoding=\"async\" src=\"https:\/\/www.mikropor.com\/wp-content\/uploads\/2025\/07\/40-ACTIVATED-CARBON-V-CELL-FILTERS-PANEL.png\" class=\"vc_single_image-img attachment-full\" alt=\"\">\n\n                                                            <\/a>\n                                                    <\/figure>\n                    <\/div>\n                \n                                    <div class=\"wpb_text_column wpb_content_element \">\n                        <div class=\"wpb_wrapper\">\n                            <div class=\"card-header-custom\">\n                                                                    <a href=\"https:\/\/www.mikropor.com\/de\/luftfilter\/kohlefilter\/aktivkohle-panel-filter\/\" target=\"_self\" class=\"product-title\">Aktivkohle-Panel-Filter<\/a>\n                                \n                                                                    <a class=\"product-button\" href=\"https:\/\/www.mikropor.com\/de\/luftfilter\/kohlefilter\/aktivkohle-panel-filter\/\" target=\"_self\">\n                                        <span class=\"arrow\">\u279c<\/span>\n                                    <\/a>\n                                                            <\/div>\n                        <\/div>\n                    <\/div>\n                \n                            <\/div>\n        <\/div>\n    <\/div>\n    [\/vc_column][vc_column width=&#8220;1\/3&#8243;][\/vc_column][\/vc_row][vc_row][vc_column][vc_raw_html]JTNDc3R5bGUlM0UuY29udGVudC1jb250YWluZXIlMjAlN0JwYWRkaW5nLXRvcCUzQSUyMDEwN3B4JTNCJTNDJTJGc3R5bGUlM0U=[\/vc_raw_html][\/vc_column][\/vc_row]<\/p>\n<\/section>","protected":false},"excerpt":{"rendered":"<p>[vc_row][vc_column][\/vc_column][\/vc_row][vc_row css=&#8220;.vc_custom_1751705551096{margin-bottom: 30px !important;padding-top: 20px !important;padding-right: 20px !important;padding-bottom: 20px !important;padding-left: 20px !important;background-color: #ffffff !important;}&#8220; el_class=&#8220;border-e5e5e5&#8243;][vc_column width=&#8220;1\/2&#8243;][vc_custom_heading text=&#8220;KOHLEFILTER&#8220; font_container=&#8220;tag:h3|text_align:left&#8220; google_fonts=&#8220;font_family:Open%20Sans%3A300%2C300italic%2Cregular%2Citalic%2C600%2C600italic%2C700%2C700italic%2C800%2C800italic|font_style:600%20bold%20regular%3A600%3Anormal&#8220;][vc_column_text]Mikropor Aktivkohlefilter entfernen effektiv Ger\u00fcche, Gase und fl\u00fcchtige organische Verbindungen (VOCs) aus der Luft. Diese Filter verbessern die Raumluftqualit\u00e4t in Laboren, Reinr\u00e4umen, gewerblichen K\u00fcchen und chemischen Anlagen.[\/vc_column_text][\/vc_column][vc_column width=&#8220;1\/2&#8243;][vc_single_image image=&#8220;84473&#8243; img_size=&#8220;full&#8220;][\/vc_column][\/vc_row][vc_row full_width=&#8220;stretch_row&#8220; equal_height=&#8220;yes&#8220;][vc_column width=&#8220;1\/3&#8243;][\/vc_column][vc_column width=&#8220;1\/3&#8243;][\/vc_column][vc_column width=&#8220;1\/3&#8243;][\/vc_column][\/vc_row][vc_row full_width=&#8220;stretch_row&#8220; equal_height=&#8220;yes&#8220;][vc_column [&hellip;]<\/p>\n","protected":false},"author":3,"featured_media":0,"parent":74950,"menu_order":0,"comment_status":"closed","ping_status":"closed","template":"","meta":{"footnotes":""},"class_list":["post-85620","page","type-page","status-publish","hentry"],"_links":{"self":[{"href":"https:\/\/www.mikropor.com\/de\/wp-json\/wp\/v2\/pages\/85620","targetHints":{"allow":["GET"]}}],"collection":[{"href":"https:\/\/www.mikropor.com\/de\/wp-json\/wp\/v2\/pages"}],"about":[{"href":"https:\/\/www.mikropor.com\/de\/wp-json\/wp\/v2\/types\/page"}],"author":[{"embeddable":true,"href":"https:\/\/www.mikropor.com\/de\/wp-json\/wp\/v2\/users\/3"}],"replies":[{"embeddable":true,"href":"https:\/\/www.mikropor.com\/de\/wp-json\/wp\/v2\/comments?post=85620"}],"version-history":[{"count":6,"href":"https:\/\/www.mikropor.com\/de\/wp-json\/wp\/v2\/pages\/85620\/revisions"}],"predecessor-version":[{"id":90147,"href":"https:\/\/www.mikropor.com\/de\/wp-json\/wp\/v2\/pages\/85620\/revisions\/90147"}],"up":[{"embeddable":true,"href":"https:\/\/www.mikropor.com\/de\/wp-json\/wp\/v2\/pages\/74950"}],"wp:attachment":[{"href":"https:\/\/www.mikropor.com\/de\/wp-json\/wp\/v2\/media?parent=85620"}],"curies":[{"name":"wp","href":"https:\/\/api.w.org\/{rel}","templated":true}]}}