{"id":86619,"date":"2025-08-13T14:03:46","date_gmt":"2025-08-13T11:03:46","guid":{"rendered":"https:\/\/www.mikropor.com\/druckluft-systeme\/drucklufttrockner\/wedm-series\/"},"modified":"2025-08-21T11:36:38","modified_gmt":"2025-08-21T08:36:38","slug":"wedm-serie","status":"publish","type":"page","link":"https:\/\/www.mikropor.com\/de\/wedm-serie\/","title":{"rendered":"WEDM-Serie"},"content":{"rendered":"<section class=\"wpb-content-wrapper\"><p>[vc_row css=&#8220;.vc_custom_1750229107128{padding-right: 60px !important;}&#8220;][vc_column css=&#8220;.vc_custom_1750330042790{background-position: center !important;background-repeat: no-repeat !important;background-size: cover !important;}&#8220;]    <nav class=\"mikropor-breadcrumb\" aria-label=\"Breadcrumb\">\n        <ol class=\"breadcrumb-list\">\n                            <li class=\"breadcrumb-item \">\n                                            <a href=\"https:\/\/www.mikropor.com\/de\/\" >\n                            Home                        <\/a>\n                                        \n                                    <\/li>\n                    <\/ol>\n    <\/nav>\n    [\/vc_column][\/vc_row][vc_row equal_height=&#8220;yes&#8220; css=&#8220;.vc_custom_1751890017661{margin-bottom: 35px !important;padding-top: 20px !important;padding-right: 20px !important;padding-bottom: 20px !important;padding-left: 20px !important;background-color: #ffffff !important;}&#8220; el_class=&#8220;border-e5e5e5&#8243;][vc_column width=&#8220;1\/2&#8243; el_class=&#8220;image-column&#8220;][vc_column_text css=&#8220;.vc_custom_1755083355967{padding-bottom: 15px !important;}&#8220;]<\/p>\n<h3><span style=\"color: #000000; font-weight: 600;\"><strong>WEDM-Serie<\/strong><\/span><\/h3>\n<p><strong>FILTER F\u00dcR DRAHTSCHNEIDEMASCHINEN<\/strong>[\/vc_column_text][vc_column_text css=&#8220;.vc_custom_1755083369359{padding-bottom: 15px !important;}&#8220;]Mikropor WEDM-Filter k\u00f6nnen f\u00fcr Metalle wie Stahl, Aluminium, Edelstahl, Kupfer oder allen anderen Eisen- und Nichteisenmetallen. Die Lebensdauer von Mikropor WEDM-Filtern kann je nach den verwendeten Metallen variieren. Abmessungen und Wasseranschlussarten \u00e4ndern sich je nach WEDM-Maschine, die Makino, Sodick, AgieCharmilles, Mitsubishi, Fanuc, SPM, Chmer usw.[\/vc_column_text]<div class=\"button-group\"><a class=\"custom-btn\" href=\"#\" data-product=\"WEDM-Serie\">Angebot Anfordern<\/a><\/div>[vc_column_text]<img decoding=\"async\" class=\"alignnone size-full wp-image-82516 alignright\" src=\"https:\/\/www.mikropor.com\/wp-content\/webp-express\/webp-images\/uploads\/2021\/05\/CE.png.webp\" alt=\"\" width=\"75\" \/>[\/vc_column_text][vc_row_inner disable_element=&#8220;yes&#8220; css=&#8220;.vc_custom_1751025538631{padding-top: 15px !important;}&#8220;][vc_column_inner width=&#8220;1\/2&#8243;][vc_column_text]<\/p>\n<div class=\"esnek-kutu\">\n<p><img decoding=\"async\" src=\"https:\/\/www.mikropor.com\/wp-content\/uploads\/2025\/06\/high-temperature-icon.png\" alt=\"S\u0131cakl\u0131k \u0130konu\" \/><\/p>\n<div class=\"esnek-kutu-yazi derece\">270\u00b0<\/div>\n<\/div>\n<p>[\/vc_column_text][\/vc_column_inner][vc_column_inner width=&#8220;1\/2&#8243;][vc_column_text]<\/p>\n<div class=\"esnek-kutu\">\n<p><img decoding=\"async\" src=\"https:\/\/www.mikropor.com\/wp-content\/uploads\/2025\/06\/high-temperature-icon.webp\" alt=\"Silikonsuz \u0130konu\" \/><\/p>\n<div class=\"esnek-kutu-yazi\">Silikonsuz<\/div>\n<\/div>\n<p>[\/vc_column_text][\/vc_column_inner][\/vc_row_inner][\/vc_column][vc_column width=&#8220;1\/2&#8243;][vc_gallery interval=&#8220;5&#8243; images=&#8220;87482,87486&#8243; img_size=&#8220;full&#8220;][\/vc_column][\/vc_row][vc_row disable_element=&#8220;yes&#8220; el_class=&#8220;border-e5e5e5&#8243; css=&#8220;.vc_custom_1754909245322{padding-top: 20px !important;padding-right: 20px !important;padding-bottom: 20px !important;padding-left: 20px !important;background-color: #ffffff !important;}&#8220;][vc_column][vc_custom_heading text=&#8220;Application Areas&#8220; font_container=&#8220;tag:h4|text_align:center&#8220; google_fonts=&#8220;font_family:Open%20Sans%3A300%2C300italic%2Cregular%2Citalic%2C600%2C600italic%2C700%2C700italic%2C800%2C800italic|font_style:700%20bold%20regular%3A700%3Anormal&#8220;]<div class=\"sektorler-img-container sektorler_69e4e874784a2 \"><a href=\"#\"  ><div class=\"sektor-img\"><img decoding=\"async\" src=\"https:\/\/www.mikropor.com\/wp-content\/uploads\/2025\/07\/website-ikon-19.png\" alt=\"Compressed Air Systems\" style=\"width: 65px; height: 65px;\"><span>Compressed Air Systems<\/span><\/div><\/a><a href=\"#\"  ><div class=\"sektor-img\"><img decoding=\"async\" src=\"https:\/\/www.mikropor.com\/wp-content\/uploads\/2025\/07\/website-ikon-20.png\" alt=\"Industrial Drying Applications\" style=\"width: 65px; height: 65px;\"><span>Industrial Drying Applications<\/span><\/div><\/a><a href=\"#\"  ><div class=\"sektor-img\"><img decoding=\"async\" src=\"https:\/\/www.mikropor.com\/wp-content\/uploads\/2025\/07\/website-ikon-22.png\" alt=\"Oil-Water Separation\" style=\"width: 65px; height: 65px;\"><span>Oil-Water Separation<\/span><\/div><\/a><a href=\"#\"  ><div class=\"sektor-img\"><img decoding=\"async\" src=\"https:\/\/www.mikropor.com\/wp-content\/uploads\/2025\/07\/website-ikon-23.png\" alt=\"General Industrial Applications\" style=\"width: 65px; height: 65px;\"><span>General Industrial Applications<\/span><\/div><\/a><a href=\"#\"  ><div class=\"sektor-img\"><img decoding=\"async\" src=\"https:\/\/www.mikropor.com\/wp-content\/uploads\/2025\/07\/website-ikon-24.png\" alt=\"Miscellaneous Industrial Use\" style=\"width: 65px; height: 65px;\"><span>Miscellaneous Industrial Use<\/span><\/div><\/a><\/div><style>\n    .sektorler_69e4e874784a2 {\n        display: flex;\n        justify-content: space-between;\n        align-items: center;\n        flex-wrap: wrap;\n        gap: 60px;\n        padding: 10px 0;\n        max-width: 1000px;\n        margin: 0 auto 10px;\n    }\n    \n    .sektorler_69e4e874784a2 a {\n        color: #444;\n        text-decoration: none;\n    }\n    \n    .sektorler_69e4e874784a2 .sektor-img {\n        display: flex;\n        flex-direction: column;\n        align-items: center;\n        font-size: 17px;\n        color: #444;\n        text-align: center;\n        width: 60px;\n    }\n    \n    .sektorler_69e4e874784a2 .sektor-img img {\n        object-fit: contain;\n        margin-bottom: 4px;\n        opacity: 0.85;\n        transition: opacity 0.3s ease;\n    }\n    \n    .sektorler_69e4e874784a2 .sektor-img:hover img {\n        opacity: 1;\n    }\n    \n    .sektorler_69e4e874784a2 span {\n        transition: 0.3s ease;\n        color: #000000;\n        line-height: 1.4;\n\t\tfont-size: 14px;\n    }\n    \n    .sektorler_69e4e874784a2 span:hover {\n        color: #e43c2f;\n    }\n    \n    .sektorler-title {\n        text-align: center;\n        margin-bottom: 20px;\n    }\n    \n    @media (max-width: 768px) {\n        .sektorler_69e4e874784a2 {\n            justify-content: center;\n            gap: 30px;\n        }\n        \n        .sektorler_69e4e874784a2 .sektor-img {\n            width: 80px;\n        }\n    }\n    <\/style>[\/vc_column][\/vc_row][vc_row disable_element=&#8220;yes&#8220;][vc_column][vc_custom_heading text=&#8220;Related Products&#8220; font_container=&#8220;tag:h4|text_align:left&#8220; google_fonts=&#8220;font_family:Open%20Sans%3A300%2C300italic%2Cregular%2Citalic%2C600%2C600italic%2C700%2C700italic%2C800%2C800italic|font_style:700%20bold%20regular%3A700%3Anormal&#8220; css=&#8220;.vc_custom_1755068502410{margin-bottom: 15px !important;}&#8220;][vc_column_text]<p>Bu sayfan\u0131n \u00fcst sayfas\u0131 yok.<\/p>[\/vc_column_text][\/vc_column][\/vc_row][vc_row][vc_column][vc_raw_html]JTNDc3R5bGUlM0UuZW50cnktY29udGVudCUyMCU3Qm1hcmdpbi10b3AlM0ElMjAzMHB4JTNCJTdEJTIwLmFkdmFuY2VkLXNpZGViYXItbWVudSUyMCU3QiUyMG1hcmdpbi10b3AlM0ElMjAzMHB4JTNCJTIwJTdEJTNDJTJGc3R5bGUlM0U=[\/vc_raw_html][\/vc_column][\/vc_row]<\/p>\n<\/section>","protected":false},"excerpt":{"rendered":"<p>[vc_row css=&#8220;.vc_custom_1750229107128{padding-right: 60px !important;}&#8220;][vc_column css=&#8220;.vc_custom_1750330042790{background-position: center !important;background-repeat: no-repeat !important;background-size: cover !important;}&#8220;][\/vc_column][\/vc_row][vc_row equal_height=&#8220;yes&#8220; css=&#8220;.vc_custom_1751890017661{margin-bottom: 35px !important;padding-top: 20px !important;padding-right: 20px !important;padding-bottom: 20px !important;padding-left: 20px !important;background-color: #ffffff !important;}&#8220; el_class=&#8220;border-e5e5e5&#8243;][vc_column width=&#8220;1\/2&#8243; el_class=&#8220;image-column&#8220;][vc_column_text css=&#8220;.vc_custom_1755083355967{padding-bottom: 15px !important;}&#8220;] WEDM-Serie FILTER F\u00dcR DRAHTSCHNEIDEMASCHINEN[\/vc_column_text][vc_column_text css=&#8220;.vc_custom_1755083369359{padding-bottom: 15px !important;}&#8220;]Mikropor WEDM-Filter k\u00f6nnen f\u00fcr Metalle wie Stahl, Aluminium, Edelstahl, Kupfer oder allen anderen Eisen- und Nichteisenmetallen. Die Lebensdauer [&hellip;]<\/p>\n","protected":false},"author":3,"featured_media":87486,"parent":0,"menu_order":0,"comment_status":"closed","ping_status":"closed","template":"","meta":{"footnotes":""},"class_list":["post-86619","page","type-page","status-publish","has-post-thumbnail","hentry"],"_links":{"self":[{"href":"https:\/\/www.mikropor.com\/de\/wp-json\/wp\/v2\/pages\/86619","targetHints":{"allow":["GET"]}}],"collection":[{"href":"https:\/\/www.mikropor.com\/de\/wp-json\/wp\/v2\/pages"}],"about":[{"href":"https:\/\/www.mikropor.com\/de\/wp-json\/wp\/v2\/types\/page"}],"author":[{"embeddable":true,"href":"https:\/\/www.mikropor.com\/de\/wp-json\/wp\/v2\/users\/3"}],"replies":[{"embeddable":true,"href":"https:\/\/www.mikropor.com\/de\/wp-json\/wp\/v2\/comments?post=86619"}],"version-history":[{"count":4,"href":"https:\/\/www.mikropor.com\/de\/wp-json\/wp\/v2\/pages\/86619\/revisions"}],"predecessor-version":[{"id":87491,"href":"https:\/\/www.mikropor.com\/de\/wp-json\/wp\/v2\/pages\/86619\/revisions\/87491"}],"wp:featuredmedia":[{"embeddable":true,"href":"https:\/\/www.mikropor.com\/de\/wp-json\/wp\/v2\/media\/87486"}],"wp:attachment":[{"href":"https:\/\/www.mikropor.com\/de\/wp-json\/wp\/v2\/media?parent=86619"}],"curies":[{"name":"wp","href":"https:\/\/api.w.org\/{rel}","templated":true}]}}