{"id":86884,"date":"2025-08-18T09:48:50","date_gmt":"2025-08-18T06:48:50","guid":{"rendered":"https:\/\/www.mikropor.com\/yag-su-ayirici-uniteleri\/"},"modified":"2025-09-09T11:26:55","modified_gmt":"2025-09-09T08:26:55","slug":"oel-wasser-abscheider","status":"publish","type":"page","link":"https:\/\/www.mikropor.com\/de\/oel-wasser-abscheider\/","title":{"rendered":"\u00d6l-Wasser-Abscheider"},"content":{"rendered":"<section class=\"wpb-content-wrapper\"><p>[vc_row css=&#8220;.vc_custom_1750229107128{padding-right: 60px !important;}&#8220;][vc_column css=&#8220;.vc_custom_1750330042790{background-position: center !important;background-repeat: no-repeat !important;background-size: cover !important;}&#8220;]    <nav class=\"mikropor-breadcrumb\" aria-label=\"Breadcrumb\">\n        <ol class=\"breadcrumb-list\">\n                            <li class=\"breadcrumb-item \">\n                                            <a href=\"https:\/\/www.mikropor.com\/de\/\" >\n                            Home                        <\/a>\n                                        \n                                    <\/li>\n                    <\/ol>\n    <\/nav>\n    [\/vc_column][\/vc_row][vc_row equal_height=&#8220;yes&#8220; css=&#8220;.vc_custom_1751890017661{margin-bottom: 35px !important;padding-top: 20px !important;padding-right: 20px !important;padding-bottom: 20px !important;padding-left: 20px !important;background-color: #ffffff !important;}&#8220; el_class=&#8220;border-e5e5e5&#8243;][vc_column width=&#8220;1\/2&#8243; el_class=&#8220;image-column&#8220;][vc_column_text css=&#8220;.vc_custom_1755500441926{padding-bottom: 15px !important;}&#8220;]<\/p>\n<h3><span style=\"color: #000000; font-weight: 600;\"><strong>MWOS-Serie<\/strong><\/span><\/h3>\n<p><strong>\u00d6l-Wasser-Abscheider<\/strong><br \/>\n(11 Nm\u00b3\/h \u2013 250 Nm\u00b3\/h)<br \/>\n[\/vc_column_text][vc_column_text css=&#8220;.vc_custom_1755500452774{padding-bottom: 15px !important;}&#8220;]Die \u00d6l-Wasser-Abscheider der Serie MWOS von Mikropor erm\u00f6glichen Ihnen \u00d6lgehalt im Abfluss gem\u00e4\u00df den Normen ISO 14000. Ein \u00d6lgehalt von ca. 3000 bis 500 ppm kann auf 10 ppm reduziert werden. Au\u00dferdem benutzerfreundlich zu installieren und zu warten, wodurch die Ausfallzeiten der Maschine minimiert werden.[\/vc_column_text]<div class=\"button-group\"><a class=\"custom-btn\" href=\"#\" data-product=\"\u00d6l-Wasser-Abscheider\">Angebot Anfordern<\/a><\/div>[\/vc_column][vc_column width=&#8220;1\/2&#8243;][vc_gallery interval=&#8220;5&#8243; images=&#8220;87443&#8243; img_size=&#8220;full&#8220;][\/vc_column][\/vc_row][vc_row el_class=&#8220;border-e5e5e5&#8243; css=&#8220;.vc_custom_1757405732357{margin-bottom: 30px !important;padding-top: 20px !important;padding-right: 20px !important;padding-bottom: 20px !important;padding-left: 20px !important;}&#8220;][vc_column width=&#8220;5\/6&#8243;]<div class=\"corporate-features-table\"><div class=\"feature-item\"><div class=\"feature-label\"><i class=\"fa-solid fa-wind\"><\/i> Lufteinlasstemperatur<\/div><div class=\"feature-value\">25\u00b0C<\/div><div class=\"feature-value\">-<\/div><\/div><div class=\"feature-item\"><div class=\"feature-label\"><i class=\"fa-solid fa-droplet\"><\/i> Relative Luftfeuchtigkeit<\/div><div class=\"feature-value\">60%<\/div><div class=\"feature-value\">-<\/div><\/div><div class=\"feature-item\"><div class=\"feature-label\"><i class=\"fa-solid fa-cog\"><\/i> Kompressorkapazit\u00e4t f\u00fcr Mineral\u00f6l (m\u00b3\/min)<\/div><div class=\"feature-value\">2<\/div><div class=\"feature-value\">-<\/div><\/div><div class=\"feature-item\"><div class=\"feature-label\"><i class=\"fa-solid fa-cog\"><\/i> Kompressorkapazit\u00e4t f\u00fcr Synthetik\u00f6l (m\u00b3\/min)<\/div><div class=\"feature-value\">2<\/div><div class=\"feature-value\">-<\/div><\/div><div class=\"feature-item\"><div class=\"feature-label\"><i class=\"fa-solid fa-oil-can\"><\/i> \u00d6lkonzentration am Auslass<\/div><div class=\"feature-value\">\u226410ppm<\/div><div class=\"feature-value\">-<\/div><\/div><\/div>[\/vc_column][vc_column width=&#8220;1\/6&#8243;][vc_column_text]<img decoding=\"async\" class=\"alignnone size-full wp-image-82516 alignright\" src=\"https:\/\/www.mikropor.com\/wp-content\/webp-express\/webp-images\/uploads\/2021\/05\/CE.png.webp\" alt=\"\" width=\"75\" \/>[\/vc_column_text][\/vc_column][\/vc_row][vc_row][vc_column][vc_raw_html]JTNDc3R5bGUlM0UuZW50cnktY29udGVudCUyMCU3Qm1hcmdpbi10b3AlM0ElMjAzMHB4JTNCJTdEJTIwLmFkdmFuY2VkLXNpZGViYXItbWVudSUyMCU3QiUyMG1hcmdpbi10b3AlM0ElMjAzMHB4JTNCJTIwJTdEJTNDJTJGc3R5bGUlM0U=[\/vc_raw_html][\/vc_column][\/vc_row]<\/p>\n<\/section>","protected":false},"excerpt":{"rendered":"<p>[vc_row css=&#8220;.vc_custom_1750229107128{padding-right: 60px !important;}&#8220;][vc_column css=&#8220;.vc_custom_1750330042790{background-position: center !important;background-repeat: no-repeat !important;background-size: cover !important;}&#8220;][\/vc_column][\/vc_row][vc_row equal_height=&#8220;yes&#8220; css=&#8220;.vc_custom_1751890017661{margin-bottom: 35px !important;padding-top: 20px !important;padding-right: 20px !important;padding-bottom: 20px !important;padding-left: 20px !important;background-color: #ffffff !important;}&#8220; el_class=&#8220;border-e5e5e5&#8243;][vc_column width=&#8220;1\/2&#8243; el_class=&#8220;image-column&#8220;][vc_column_text css=&#8220;.vc_custom_1755500441926{padding-bottom: 15px !important;}&#8220;] MWOS-Serie \u00d6l-Wasser-Abscheider (11 Nm\u00b3\/h \u2013 250 Nm\u00b3\/h) [\/vc_column_text][vc_column_text css=&#8220;.vc_custom_1755500452774{padding-bottom: 15px !important;}&#8220;]Die \u00d6l-Wasser-Abscheider der Serie MWOS von Mikropor erm\u00f6glichen Ihnen \u00d6lgehalt im Abfluss gem\u00e4\u00df den [&hellip;]<\/p>\n","protected":false},"author":3,"featured_media":87443,"parent":0,"menu_order":0,"comment_status":"closed","ping_status":"closed","template":"","meta":{"footnotes":""},"class_list":["post-86884","page","type-page","status-publish","has-post-thumbnail","hentry"],"_links":{"self":[{"href":"https:\/\/www.mikropor.com\/de\/wp-json\/wp\/v2\/pages\/86884","targetHints":{"allow":["GET"]}}],"collection":[{"href":"https:\/\/www.mikropor.com\/de\/wp-json\/wp\/v2\/pages"}],"about":[{"href":"https:\/\/www.mikropor.com\/de\/wp-json\/wp\/v2\/types\/page"}],"author":[{"embeddable":true,"href":"https:\/\/www.mikropor.com\/de\/wp-json\/wp\/v2\/users\/3"}],"replies":[{"embeddable":true,"href":"https:\/\/www.mikropor.com\/de\/wp-json\/wp\/v2\/comments?post=86884"}],"version-history":[{"count":4,"href":"https:\/\/www.mikropor.com\/de\/wp-json\/wp\/v2\/pages\/86884\/revisions"}],"predecessor-version":[{"id":90507,"href":"https:\/\/www.mikropor.com\/de\/wp-json\/wp\/v2\/pages\/86884\/revisions\/90507"}],"wp:featuredmedia":[{"embeddable":true,"href":"https:\/\/www.mikropor.com\/de\/wp-json\/wp\/v2\/media\/87443"}],"wp:attachment":[{"href":"https:\/\/www.mikropor.com\/de\/wp-json\/wp\/v2\/media?parent=86884"}],"curies":[{"name":"wp","href":"https:\/\/api.w.org\/{rel}","templated":true}]}}