{"id":88422,"date":"2025-08-28T07:07:33","date_gmt":"2025-08-28T04:07:33","guid":{"rendered":"https:\/\/www.mikropor.com\/atex-anwendungen\/mvh-atex-series\/"},"modified":"2025-08-31T22:14:35","modified_gmt":"2025-08-31T19:14:35","slug":"mvh-atex-serie","status":"publish","type":"page","link":"https:\/\/www.mikropor.com\/de\/atex-anwendungen\/mvh-atex-serie\/","title":{"rendered":"MVH &#8211; ATEX Serie"},"content":{"rendered":"<section class=\"wpb-content-wrapper\"><p>[vc_row][vc_column css=&#8220;.vc_custom_1750330042790{background-position: center !important;background-repeat: no-repeat !important;background-size: cover !important;}&#8220;]    <nav class=\"mikropor-breadcrumb\" aria-label=\"Breadcrumb\">\n        <ol class=\"breadcrumb-list\">\n                            <li class=\"breadcrumb-item \">\n                                            <a href=\"https:\/\/www.mikropor.com\/de\/\" >\n                            Home                        <\/a>\n                                        \n                                    <\/li>\n                    <\/ol>\n    <\/nav>\n    [\/vc_column][\/vc_row][vc_row equal_height=&#8220;yes&#8220; css=&#8220;.vc_custom_1751704622099{margin-bottom: 35px !important;padding-top: 20px !important;padding-right: 20px !important;padding-bottom: 20px !important;padding-left: 20px !important;background-color: #ffffff !important;}&#8220; el_class=&#8220;border-e5e5e5&#8243;][vc_column width=&#8220;1\/2&#8243; el_class=&#8220;image-column&#8220;][vc_custom_heading text=&#8220;MVH &#8211; ATEX Serie&#8220; font_container=&#8220;tag:h3|text_align:left&#8220; google_fonts=&#8220;font_family:Open%20Sans%3A300%2C300italic%2Cregular%2Citalic%2C600%2C600italic%2C700%2C700italic%2C800%2C800italic|font_style:700%20bold%20regular%3A700%3Anormal&#8220;][vc_column_text]<span style=\"color: #e43c2f;\"><strong>Anwendungen<\/strong><\/span><br \/>\n\u2022 Klimaanlagen (Krankenh\u00e4user, Labore, Museen)<br \/>\n\u2022 Industrielle Prozesse (Pharmazie, Lebensmittelindustrie, Mikroelektronik)<\/p>\n<p><span style=\"color: #e43c2f;\"><strong>Vorteile<\/strong><\/span><br \/>\n\u2022 Stabiler Rahmen<br \/>\n\u2022 Die MVH-Produktreihe erf\u00fcllt vollst\u00e4ndig die Anforderungen der VDI 6022<br \/>\n\u2022 Anwendungen mit hohem Durchfluss[\/vc_column_text]<div class=\"button-group\"><a class=\"custom-btn\" href=\"#\" data-product=\"MVH &#8211; ATEX Serie\">Angebot Anfordern<\/a><\/div>[\/vc_column][vc_column width=&#8220;1\/2&#8243;][vc_single_image image=&#8220;88276&#8243; img_size=&#8220;full&#8220;][\/vc_column][\/vc_row][vc_row equal_height=&#8220;yes&#8220; el_class=&#8220;border-e5e5e5&#8243; css=&#8220;.vc_custom_1751891111691{padding-top: 20px !important;padding-right: 20px !important;padding-bottom: 20px !important;padding-left: 20px !important;background-color: #ffffff !important;}&#8220;][vc_column width=&#8220;2\/3&#8243; el_class=&#8220;image-column&#8220;]<div class=\"corporate-features-table\"><div class=\"feature-item\"><div class=\"feature-label\"><img decoding=\"async\" src=\"https:\/\/www.mikropor.com\/wp-content\/uploads\/2025\/08\/hvacikonset-04.png\" alt=\"Filter Material\" style=\"width: 32px; height: 32px; margin-right: 8px; vertical-align: middle;\" \/> Filter Material<\/div><div class=\"feature-value\">Mikroglasfaser<\/div><\/div><div class=\"feature-item\"><div class=\"feature-label\"><img decoding=\"async\" src=\"https:\/\/www.mikropor.com\/wp-content\/uploads\/2025\/08\/hvacikonset-03.png\" alt=\"Rahmen\" style=\"width: 32px; height: 32px; margin-right: 8px; vertical-align: middle;\" \/> Rahmen<\/div><div class=\"feature-value\">Verzinkter Stahl, Aluminium, Edelstahl<\/div><\/div><div class=\"feature-item\"><div class=\"feature-label\"><img decoding=\"async\" src=\"https:\/\/www.mikropor.com\/wp-content\/uploads\/2025\/08\/hvacikonset-08.png\" alt=\"Enddruckabfall\" style=\"width: 32px; height: 32px; margin-right: 8px; vertical-align: middle;\" \/> Enddruckabfall<\/div><div class=\"feature-value\">600 Pa<\/div><\/div><div class=\"feature-item\"><div class=\"feature-label\"><img decoding=\"async\" src=\"https:\/\/www.mikropor.com\/wp-content\/uploads\/2025\/08\/hvacikonset-19.png\" alt=\"Betriebstemperatur\" style=\"width: 32px; height: 32px; margin-right: 8px; vertical-align: middle;\" \/> Betriebstemperatur<\/div><div class=\"feature-value\">80\u00b0C<\/div><\/div><div class=\"feature-item\"><div class=\"feature-label\"><img decoding=\"async\" src=\"https:\/\/www.mikropor.com\/wp-content\/uploads\/2025\/08\/hvacikonset-01.png\" alt=\"Filter Efficiency*\" style=\"width: 32px; height: 32px; margin-right: 8px; vertical-align: middle;\" \/> Filter Efficiency*<\/div><div class=\"feature-value\">E10-U15<\/div><\/div><div class=\"feature-item\"><div class=\"feature-label\"><img decoding=\"async\" src=\"https:\/\/www.mikropor.com\/wp-content\/uploads\/2025\/08\/hvacikonset-010.png\" alt=\"Dichtungsmittel\" style=\"width: 32px; height: 32px; margin-right: 8px; vertical-align: middle;\" \/> Dichtungsmittel<\/div><div class=\"feature-value\">Polyurethan<\/div><\/div><div class=\"feature-item\"><div class=\"feature-label\"><img decoding=\"async\" src=\"https:\/\/www.mikropor.com\/wp-content\/uploads\/2025\/08\/hvacikonset-05.png\" alt=\"Gasket\" style=\"width: 32px; height: 32px; margin-right: 8px; vertical-align: middle;\" \/> Gasket<\/div><div class=\"feature-value\">Flaches Neopren oder halbrundes Endlos-Polyurethan<\/div><\/div><div class=\"feature-item\"><div class=\"feature-label\"><img decoding=\"async\" src=\"https:\/\/www.mikropor.com\/wp-content\/uploads\/2025\/08\/hvacikonset-10.png\" alt=\"Schutzgitter\" style=\"width: 32px; height: 32px; margin-right: 8px; vertical-align: middle;\" \/> Schutzgitter<\/div><div class=\"feature-value\">Optional<\/div><\/div><div class=\"feature-item\"><div class=\"feature-label\"><img decoding=\"async\" src=\"https:\/\/www.mikropor.com\/wp-content\/uploads\/2025\/08\/hvacikonset-02.png\" alt=\"Trennvorrichtungen\" style=\"width: 32px; height: 32px; margin-right: 8px; vertical-align: middle;\" \/> Trennvorrichtungen<\/div><div class=\"feature-value\">Hei\u00dfkleber<\/div><\/div><\/div>[vc_custom_heading text=&#8220;**** Gem\u00e4\u00df EN 1822&#8243; font_container=&#8220;tag:p|font_size:14px|text_align:left&#8220; google_fonts=&#8220;font_family:Open%20Sans%3A300%2C300italic%2Cregular%2Citalic%2C600%2C600italic%2C700%2C700italic%2C800%2C800italic|font_style:400%20regular%3A400%3Anormal&#8220; css=&#8220;.vc_custom_1756446850654{margin-top: 30px !important;}&#8220;][\/vc_column][vc_column width=&#8220;1\/3&#8243;][vc_column_text css=&#8220;.vc_custom_1756196185891{padding-top: 15px !important;}&#8220;]<\/p>\n<div><\/div>\n<div style=\"display: flex; align-items: center;\"><img decoding=\"async\" class=\"alignnone size-full wp-image-82516\" src=\"https:\/\/www.mikropor.com\/wp-content\/uploads\/2025\/08\/atex-icon.webp\" alt=\"\" width=\"75\" \/> <strong>II 2 G Ex h IIC Gb<\/strong><\/div>\n<div style=\"display: flex; align-items: center;\"><img decoding=\"async\" class=\"alignnone size-full wp-image-82516\" src=\"https:\/\/www.mikropor.com\/wp-content\/uploads\/2025\/08\/atex-icon.webp\" alt=\"\" width=\"75\" \/><strong> II 2 G Ex h IIIB Db<\/strong><\/div>\n<p>[\/vc_column_text][\/vc_column][\/vc_row][vc_row][vc_column][vc_custom_heading text=&#8220;Verwandte Produkte&#8220; font_container=&#8220;tag:h4|text_align:left&#8220; google_fonts=&#8220;font_family:Open%20Sans%3A300%2C300italic%2Cregular%2Citalic%2C600%2C600italic%2C700%2C700italic%2C800%2C800italic|font_style:700%20bold%20regular%3A700%3Anormal&#8220;][vc_column_text]<div class=\"swiper ilgili-urunler-swiper\"><div class=\"swiper-wrapper\">\n        <div class=\"swiper-slide\">\n            <div class=\"product-card-col\">\n\t\t\t\t<div class=\"vc_column-inner\">\n                \t<div class=\"wpb_wrapper\">\n\n                    \t<div class=\"wpb_single_image\">\n\t\t\t\t\t\t\t<a href=\"https:\/\/www.mikropor.com\/de\/atex-anwendungen\/mskp-atex-serie\/\">\n\t\t\t\t\t\t\t\t<img decoding=\"async\" src=\"https:\/\/www.mikropor.com\/wp-content\/uploads\/2025\/08\/mksp-atex-300x300.jpg\" style=\"height: 228px;\" alt=\"MSKP-ATEX Serie\" \/>\n\t\t\t\t\t\t\t<\/a>\n\t\t\t\t\t\t <\/div>\n\t\t\t\t\t\t<div class=\"card-header-custom\" style=\"padding: 12px;\"><span class=\"product-title\">MSKP-ATEX Serie<\/span>\n\t\t\t\t\t\t\t<a class=\"product-button\" href=\"https:\/\/www.mikropor.com\/de\/atex-anwendungen\/mskp-atex-serie\/\">\n\t\t\t\t\t\t\t\t<span class=\"arrow\">\u279c<\/span>\n\t\t\t\t\t\t\t<\/a>\n\t\t\t\t\t\t<\/div>\n\t\t\t\t\t<\/div>\n\t\t\t\t<\/div>\n            <\/div>\n        <\/div>\n\t\t<style>\n\t\t.ilgili-urunler-swiper .swiper-slide {\n\t\t\theight: auto;\n\t\t\tdisplay: flex;\n\t\t}\n\n\t\t\/* Kart container\u0131n\u0131 tam y\u00fckseklik yapmak i\u00e7in *\/\n\t\t.product-card-col {\n\t\t\tdisplay: flex;\n\t\t\tflex-direction: column;\n\t\t\theight: 100%;\n\t\t}\n\n\t\t\/* \u0130\u00e7eri\u011fi e\u015fit da\u011f\u0131tmak i\u00e7in *\/\n\t\t.product-card-col .vc_column-inner {\n\t\t\tdisplay: flex;\n\t\t\tflex-direction: column;\n\t\t\theight: 100%;\n\t\t}\n\n\t\t.product-card-col .wpb_wrapper {\n\t\t\tdisplay: flex;\n\t\t\tflex-direction: column;\n\t\t\theight: 100%;\n\t\t}\n\t\t<\/style>\n\t\t\n        <div class=\"swiper-slide\">\n            <div class=\"product-card-col\">\n\t\t\t\t<div class=\"vc_column-inner\">\n                \t<div class=\"wpb_wrapper\">\n\n                    \t<div class=\"wpb_single_image\">\n\t\t\t\t\t\t\t<a href=\"https:\/\/www.mikropor.com\/de\/atex-anwendungen\/mpg-atex-serie\/\">\n\t\t\t\t\t\t\t\t<img decoding=\"async\" src=\"https:\/\/www.mikropor.com\/wp-content\/uploads\/2025\/08\/MPG-ATEX-Series-300x300.webp\" style=\"height: 228px;\" alt=\"MPG-ATEX Serie\" \/>\n\t\t\t\t\t\t\t<\/a>\n\t\t\t\t\t\t <\/div>\n\t\t\t\t\t\t<div class=\"card-header-custom\" style=\"padding: 12px;\"><span class=\"product-title\">MPG-ATEX Serie<\/span>\n\t\t\t\t\t\t\t<a class=\"product-button\" href=\"https:\/\/www.mikropor.com\/de\/atex-anwendungen\/mpg-atex-serie\/\">\n\t\t\t\t\t\t\t\t<span class=\"arrow\">\u279c<\/span>\n\t\t\t\t\t\t\t<\/a>\n\t\t\t\t\t\t<\/div>\n\t\t\t\t\t<\/div>\n\t\t\t\t<\/div>\n            <\/div>\n        <\/div>\n\t\t<style>\n\t\t.ilgili-urunler-swiper .swiper-slide {\n\t\t\theight: auto;\n\t\t\tdisplay: flex;\n\t\t}\n\n\t\t\/* Kart container\u0131n\u0131 tam y\u00fckseklik yapmak i\u00e7in *\/\n\t\t.product-card-col {\n\t\t\tdisplay: flex;\n\t\t\tflex-direction: column;\n\t\t\theight: 100%;\n\t\t}\n\n\t\t\/* \u0130\u00e7eri\u011fi e\u015fit da\u011f\u0131tmak i\u00e7in *\/\n\t\t.product-card-col .vc_column-inner {\n\t\t\tdisplay: flex;\n\t\t\tflex-direction: column;\n\t\t\theight: 100%;\n\t\t}\n\n\t\t.product-card-col .wpb_wrapper {\n\t\t\tdisplay: flex;\n\t\t\tflex-direction: column;\n\t\t\theight: 100%;\n\t\t}\n\t\t<\/style>\n\t\t\n        <div class=\"swiper-slide\">\n            <div class=\"product-card-col\">\n\t\t\t\t<div class=\"vc_column-inner\">\n                \t<div class=\"wpb_wrapper\">\n\n                    \t<div class=\"wpb_single_image\">\n\t\t\t\t\t\t\t<a href=\"https:\/\/www.mikropor.com\/de\/atex-anwendungen\/mas-atex-serie\/\">\n\t\t\t\t\t\t\t\t<img decoding=\"async\" src=\"https:\/\/www.mikropor.com\/wp-content\/uploads\/2025\/08\/mas-atex-300x300.png\" style=\"height: 228px;\" alt=\"MAS-ATEX Serie\" \/>\n\t\t\t\t\t\t\t<\/a>\n\t\t\t\t\t\t <\/div>\n\t\t\t\t\t\t<div class=\"card-header-custom\" style=\"padding: 12px;\"><span class=\"product-title\">MAS-ATEX Serie<\/span>\n\t\t\t\t\t\t\t<a class=\"product-button\" href=\"https:\/\/www.mikropor.com\/de\/atex-anwendungen\/mas-atex-serie\/\">\n\t\t\t\t\t\t\t\t<span class=\"arrow\">\u279c<\/span>\n\t\t\t\t\t\t\t<\/a>\n\t\t\t\t\t\t<\/div>\n\t\t\t\t\t<\/div>\n\t\t\t\t<\/div>\n            <\/div>\n        <\/div>\n\t\t<style>\n\t\t.ilgili-urunler-swiper .swiper-slide {\n\t\t\theight: auto;\n\t\t\tdisplay: flex;\n\t\t}\n\n\t\t\/* Kart container\u0131n\u0131 tam y\u00fckseklik yapmak i\u00e7in *\/\n\t\t.product-card-col {\n\t\t\tdisplay: flex;\n\t\t\tflex-direction: column;\n\t\t\theight: 100%;\n\t\t}\n\n\t\t\/* \u0130\u00e7eri\u011fi e\u015fit da\u011f\u0131tmak i\u00e7in *\/\n\t\t.product-card-col .vc_column-inner {\n\t\t\tdisplay: flex;\n\t\t\tflex-direction: column;\n\t\t\theight: 100%;\n\t\t}\n\n\t\t.product-card-col .wpb_wrapper {\n\t\t\tdisplay: flex;\n\t\t\tflex-direction: column;\n\t\t\theight: 100%;\n\t\t}\n\t\t<\/style>\n\t\t\n        <div class=\"swiper-slide\">\n            <div class=\"product-card-col\">\n\t\t\t\t<div class=\"vc_column-inner\">\n                \t<div class=\"wpb_wrapper\">\n\n                    \t<div class=\"wpb_single_image\">\n\t\t\t\t\t\t\t<a href=\"https:\/\/www.mikropor.com\/de\/atex-anwendungen\/mv-atex-serie\/\">\n\t\t\t\t\t\t\t\t<img decoding=\"async\" src=\"https:\/\/www.mikropor.com\/wp-content\/uploads\/2025\/08\/mv-atex-300x300.png\" style=\"height: 228px;\" alt=\"MV - ATEX Serie\" \/>\n\t\t\t\t\t\t\t<\/a>\n\t\t\t\t\t\t <\/div>\n\t\t\t\t\t\t<div class=\"card-header-custom\" style=\"padding: 12px;\"><span class=\"product-title\">MV - ATEX Serie<\/span>\n\t\t\t\t\t\t\t<a class=\"product-button\" href=\"https:\/\/www.mikropor.com\/de\/atex-anwendungen\/mv-atex-serie\/\">\n\t\t\t\t\t\t\t\t<span class=\"arrow\">\u279c<\/span>\n\t\t\t\t\t\t\t<\/a>\n\t\t\t\t\t\t<\/div>\n\t\t\t\t\t<\/div>\n\t\t\t\t<\/div>\n            <\/div>\n        <\/div>\n\t\t<style>\n\t\t.ilgili-urunler-swiper .swiper-slide {\n\t\t\theight: auto;\n\t\t\tdisplay: flex;\n\t\t}\n\n\t\t\/* Kart container\u0131n\u0131 tam y\u00fckseklik yapmak i\u00e7in *\/\n\t\t.product-card-col {\n\t\t\tdisplay: flex;\n\t\t\tflex-direction: column;\n\t\t\theight: 100%;\n\t\t}\n\n\t\t\/* \u0130\u00e7eri\u011fi e\u015fit da\u011f\u0131tmak i\u00e7in *\/\n\t\t.product-card-col .vc_column-inner {\n\t\t\tdisplay: flex;\n\t\t\tflex-direction: column;\n\t\t\theight: 100%;\n\t\t}\n\n\t\t.product-card-col .wpb_wrapper {\n\t\t\tdisplay: flex;\n\t\t\tflex-direction: column;\n\t\t\theight: 100%;\n\t\t}\n\t\t<\/style>\n\t\t\n        <div class=\"swiper-slide\">\n            <div class=\"product-card-col\">\n\t\t\t\t<div class=\"vc_column-inner\">\n                \t<div class=\"wpb_wrapper\">\n\n                    \t<div class=\"wpb_single_image\">\n\t\t\t\t\t\t\t<a href=\"https:\/\/www.mikropor.com\/de\/atex-anwendungen\/hfn-atex-serie\/\">\n\t\t\t\t\t\t\t\t<img decoding=\"async\" src=\"https:\/\/www.mikropor.com\/wp-content\/uploads\/2025\/08\/hfn-atex-300x300.png\" style=\"height: 228px;\" alt=\"HFN \u2013 ATEX Serie\" \/>\n\t\t\t\t\t\t\t<\/a>\n\t\t\t\t\t\t <\/div>\n\t\t\t\t\t\t<div class=\"card-header-custom\" style=\"padding: 12px;\"><span class=\"product-title\">HFN \u2013 ATEX Serie<\/span>\n\t\t\t\t\t\t\t<a class=\"product-button\" href=\"https:\/\/www.mikropor.com\/de\/atex-anwendungen\/hfn-atex-serie\/\">\n\t\t\t\t\t\t\t\t<span class=\"arrow\">\u279c<\/span>\n\t\t\t\t\t\t\t<\/a>\n\t\t\t\t\t\t<\/div>\n\t\t\t\t\t<\/div>\n\t\t\t\t<\/div>\n            <\/div>\n        <\/div>\n\t\t<style>\n\t\t.ilgili-urunler-swiper .swiper-slide {\n\t\t\theight: auto;\n\t\t\tdisplay: flex;\n\t\t}\n\n\t\t\/* Kart container\u0131n\u0131 tam y\u00fckseklik yapmak i\u00e7in *\/\n\t\t.product-card-col {\n\t\t\tdisplay: flex;\n\t\t\tflex-direction: column;\n\t\t\theight: 100%;\n\t\t}\n\n\t\t\/* \u0130\u00e7eri\u011fi e\u015fit da\u011f\u0131tmak i\u00e7in *\/\n\t\t.product-card-col .vc_column-inner {\n\t\t\tdisplay: flex;\n\t\t\tflex-direction: column;\n\t\t\theight: 100%;\n\t\t}\n\n\t\t.product-card-col .wpb_wrapper {\n\t\t\tdisplay: flex;\n\t\t\tflex-direction: column;\n\t\t\theight: 100%;\n\t\t}\n\t\t<\/style>\n\t\t<\/div>\n        <div class=\"swiper-button-next\"><\/div>\n        <div class=\"swiper-button-prev\"><\/div>\n        <div class=\"swiper-pagination\"><\/div>\n    <\/div>[\/vc_column_text][\/vc_column][\/vc_row][vc_row][vc_column][vc_raw_html]JTNDc3R5bGUlM0UuY29udGVudC1jb250YWluZXIlMjAlN0JwYWRkaW5nLXRvcCUzQSUyMDEwN3B4JTNCJTNDJTJGc3R5bGUlM0U=[\/vc_raw_html][\/vc_column][\/vc_row]<\/p>\n<\/section>","protected":false},"excerpt":{"rendered":"<p>[vc_row][vc_column css=&#8220;.vc_custom_1750330042790{background-position: center !important;background-repeat: no-repeat !important;background-size: cover !important;}&#8220;][\/vc_column][\/vc_row][vc_row equal_height=&#8220;yes&#8220; css=&#8220;.vc_custom_1751704622099{margin-bottom: 35px !important;padding-top: 20px !important;padding-right: 20px !important;padding-bottom: 20px !important;padding-left: 20px !important;background-color: #ffffff !important;}&#8220; el_class=&#8220;border-e5e5e5&#8243;][vc_column width=&#8220;1\/2&#8243; el_class=&#8220;image-column&#8220;][vc_custom_heading text=&#8220;MVH &#8211; ATEX Serie&#8220; font_container=&#8220;tag:h3|text_align:left&#8220; google_fonts=&#8220;font_family:Open%20Sans%3A300%2C300italic%2Cregular%2Citalic%2C600%2C600italic%2C700%2C700italic%2C800%2C800italic|font_style:700%20bold%20regular%3A700%3Anormal&#8220;][vc_column_text]Anwendungen \u2022 Klimaanlagen (Krankenh\u00e4user, Labore, Museen) \u2022 Industrielle Prozesse (Pharmazie, Lebensmittelindustrie, Mikroelektronik) Vorteile \u2022 Stabiler Rahmen \u2022 Die MVH-Produktreihe erf\u00fcllt vollst\u00e4ndig die Anforderungen der VDI [&hellip;]<\/p>\n","protected":false},"author":3,"featured_media":88278,"parent":88287,"menu_order":0,"comment_status":"closed","ping_status":"closed","template":"","meta":{"footnotes":""},"class_list":["post-88422","page","type-page","status-publish","has-post-thumbnail","hentry"],"_links":{"self":[{"href":"https:\/\/www.mikropor.com\/de\/wp-json\/wp\/v2\/pages\/88422","targetHints":{"allow":["GET"]}}],"collection":[{"href":"https:\/\/www.mikropor.com\/de\/wp-json\/wp\/v2\/pages"}],"about":[{"href":"https:\/\/www.mikropor.com\/de\/wp-json\/wp\/v2\/types\/page"}],"author":[{"embeddable":true,"href":"https:\/\/www.mikropor.com\/de\/wp-json\/wp\/v2\/users\/3"}],"replies":[{"embeddable":true,"href":"https:\/\/www.mikropor.com\/de\/wp-json\/wp\/v2\/comments?post=88422"}],"version-history":[{"count":4,"href":"https:\/\/www.mikropor.com\/de\/wp-json\/wp\/v2\/pages\/88422\/revisions"}],"predecessor-version":[{"id":89189,"href":"https:\/\/www.mikropor.com\/de\/wp-json\/wp\/v2\/pages\/88422\/revisions\/89189"}],"up":[{"embeddable":true,"href":"https:\/\/www.mikropor.com\/de\/wp-json\/wp\/v2\/pages\/88287"}],"wp:featuredmedia":[{"embeddable":true,"href":"https:\/\/www.mikropor.com\/de\/wp-json\/wp\/v2\/media\/88278"}],"wp:attachment":[{"href":"https:\/\/www.mikropor.com\/de\/wp-json\/wp\/v2\/media?parent=88422"}],"curies":[{"name":"wp","href":"https:\/\/api.w.org\/{rel}","templated":true}]}}