{"id":73575,"date":"2021-05-06T03:03:28","date_gmt":"2021-05-06T00:03:28","guid":{"rendered":"https:\/\/www.mikropor.com.tr\/?page_id=73575"},"modified":"2021-06-13T23:46:58","modified_gmt":"2021-06-13T20:46:58","slug":"brand-values","status":"publish","type":"page","link":"https:\/\/www.mikropor.com\/en\/corporate\/brand-values\/","title":{"rendered":"Brand Values"},"content":{"rendered":"<section class=\"wpb-content-wrapper\"><p>[vc_row full_width=&#8221;stretch_row&#8221; parallax=&#8221;content-moving&#8221; css=&#8221;.vc_custom_1623616028563{margin-top: -50px !important;padding-top: 8% !important;padding-bottom: 8% !important;background-image: url(https:\/\/www.mikropor.com\/wp-content\/uploads\/2021\/04\/MIKROPOR_1647.jpg?id=73321) !important;}&#8221; el_class=&#8221;vc_hidden-xs&#8221;][vc_column width=&#8221;1\/2&#8243;][vc_custom_heading text=&#8221;We are always following the latest production techniques.&#8221; font_container=&#8221;tag:h2|font_size:48px|text_align:left|color:%23ffffff&#8221; use_theme_fonts=&#8221;yes&#8221; el_class=&#8221;about-subtitle wow fadeIn delay&#8211;1&#8243;][\/vc_column][vc_column width=&#8221;1\/2&#8243;][\/vc_column][\/vc_row][vc_row full_width=&#8221;stretch_row&#8221; parallax=&#8221;content-moving&#8221; css=&#8221;.vc_custom_1623616211870{margin-top: -50px !important;padding-top: 8% !important;padding-bottom: 8% !important;background-image: url(https:\/\/www.mikropor.com\/wp-content\/uploads\/2021\/06\/MARKA-DEGERLERI-1-1.jpg?id=74733) !important;}&#8221; el_class=&#8221;vc_hidden-lg vc_hidden-md vc_hidden-sm&#8221;][vc_column width=&#8221;1\/2&#8243;][vc_custom_heading text=&#8221;We are always following the latest production techniques.&#8221; font_container=&#8221;tag:h2|font_size:25px|text_align:center|color:%23ffffff&#8221; use_theme_fonts=&#8221;yes&#8221; el_class=&#8221;about-subtitle wow fadeIn delay&#8211;1&#8243;][\/vc_column][vc_column width=&#8221;1\/2&#8243;][\/vc_column][\/vc_row][vc_row][vc_column width=&#8221;4\/6&#8243;][vc_row_inner equal_height=&#8221;yes&#8221; content_placement=&#8221;middle&#8221; el_class=&#8221;wow fadeIn delay&#8211;1&#8243; css=&#8221;.vc_custom_1618916322485{padding-top: 70px !important;}&#8221;][vc_column_inner width=&#8221;1\/4&#8243;][vc_single_image image=&#8221;73850&#8243; img_size=&#8221;full&#8221; alignment=&#8221;center&#8221; el_class=&#8221;marka-mobil&#8221;][\/vc_column_inner][vc_column_inner width=&#8221;3\/4&#8243;][vc_column_text]<\/p>\n<p style=\"font-size: 16px;\">As a company that provides solutions for our customers all around the world with the products we manufacture with our own technology, we continuously seek the newest in production technologies.<\/p>\n<p>[\/vc_column_text][\/vc_column_inner][\/vc_row_inner][vc_row_inner content_placement=&#8221;middle&#8221; el_class=&#8221;wow fadeIn delay&#8211;2&#8243;][vc_column_inner width=&#8221;1\/4&#8243;][vc_single_image image=&#8221;73852&#8243; img_size=&#8221;full&#8221; el_class=&#8221;marka-mobil&#8221;][\/vc_column_inner][vc_column_inner width=&#8221;3\/4&#8243;][vc_column_text]<\/p>\n<p style=\"font-size: 16px;\">As a firm believer in &#8220;strength in numbers&#8221;, we continue to grow with more than 1000 team members today.<\/p>\n<p>[\/vc_column_text][\/vc_column_inner][\/vc_row_inner][vc_row_inner content_placement=&#8221;middle&#8221; el_class=&#8221;wow fadeIn delay&#8211;3&#8243;][vc_column_inner width=&#8221;1\/4&#8243;][vc_single_image image=&#8221;73854&#8243; img_size=&#8221;full&#8221; el_class=&#8221;marka-mobil&#8221;][\/vc_column_inner][vc_column_inner width=&#8221;3\/4&#8243;][vc_column_text]<\/p>\n<p style=\"font-size: 16px;\">We are concerned for the future, therefore, with our approach of &#8220;environment-friendly production&#8221;, we provide high-quality products and solutions that contribute to energy productivity.<\/p>\n<p>[\/vc_column_text][\/vc_column_inner][\/vc_row_inner][vc_row_inner content_placement=&#8221;middle&#8221; el_class=&#8221;wow fadeIn delay&#8211;4&#8243;][vc_column_inner width=&#8221;1\/4&#8243;][vc_single_image image=&#8221;73856&#8243; img_size=&#8221;full&#8221; el_class=&#8221;marka-mobil&#8221;][\/vc_column_inner][vc_column_inner width=&#8221;3\/4&#8243;][vc_column_text]<\/p>\n<p style=\"font-size: 16px;\">Believing that people are the key to success, we value our employees and their opinions.<\/p>\n<p>[\/vc_column_text][\/vc_column_inner][\/vc_row_inner][vc_row_inner content_placement=&#8221;middle&#8221; el_class=&#8221;wow fadeIn delay&#8211;5&#8243;][vc_column_inner width=&#8221;1\/4&#8243;][vc_single_image image=&#8221;73858&#8243; img_size=&#8221;full&#8221; el_class=&#8221;marka-mobil&#8221;][\/vc_column_inner][vc_column_inner width=&#8221;3\/4&#8243;][vc_column_text el_class=&#8221;wow fadeIn delay&#8211;6&#8243;]<\/p>\n<p style=\"font-size: 16px;\">Having specialized in the industries we serve with our philosophy of &#8220;producing the future&#8221;, gives us the ability to swiftly adapt renewing technologies and easily meet customer requirements.<\/p>\n<p>[\/vc_column_text][\/vc_column_inner][\/vc_row_inner][vc_raw_html]JTNDc3R5bGUlM0UudmNfcm93JTIwJTdCJTIwbWFyZ2luLWJvdHRvbSUzQSUyMC0yNHB4JTNCJTdEJTBBJTQwbWVkaWElMjBvbmx5JTIwc2NyZWVuJTIwYW5kJTIwJTI4bWF4LXdpZHRoJTNBJTIwNzIwcHglMjklN0IlMEEudmNfY3VzdG9tXzE2MTg5MTYzMjI0ODUlMjAlN0IlMEElMjAlMjAlMjAlMjBwYWRkaW5nLXRvcCUzQSUyMDBweCUyMCUyMWltcG9ydGFudCUzQiUwQSU3RCUwQSUyM2NvbnRlbnQlMjAud3BiX2FsZXJ0JTIwcCUzQWxhc3QtY2hpbGQlMkMlMjAlMjNjb250ZW50JTIwLndwYl90ZXh0X2NvbHVtbiUyMCUzQWxhc3QtY2hpbGQlMkMlMjAlMjNjb250ZW50JTIwLndwYl90ZXh0X2NvbHVtbiUyMHAlM0FsYXN0LWNoaWxkJTJDJTIwLndwYl9hbGVydCUyMHAlM0FsYXN0LWNoaWxkJTJDJTIwLndwYl90ZXh0X2NvbHVtbiUyMCUzQWxhc3QtY2hpbGQlMkMlMjAud3BiX3RleHRfY29sdW1uJTIwcCUzQWxhc3QtY2hpbGQlMjAlN0IlMEElMjAlMjAlMjAlMjBtYXJnaW4tYm90dG9tJTNBJTIwNDBweCUzQiUwQSU3RCUwQS53cGJfYnV0dG9uJTJDJTIwLndwYl9jb250ZW50X2VsZW1lbnQlMkMlMjB1bC53cGJfdGh1bWJuYWlscy1mbHVpZCUzRWxpJTIwJTdCJTBBJTIwJTIwJTIwJTIwbWFyZ2luLWJvdHRvbSUzQSUyMDBweCUzQiUwQSU3RCUwQSU3RCUwQSUzQyUyRnN0eWxlJTNF[\/vc_raw_html][\/vc_column][vc_column width=&#8221;2\/6&#8243; offset=&#8221;vc_hidden-md vc_hidden-sm vc_hidden-xs&#8221;][vc_single_image image=&#8221;73942&#8243; img_size=&#8221;211&#215;400&#8243; alignment=&#8221;right&#8221; el_class=&#8221;wow slideInRight delay&#8211;6&#8243; css=&#8221;.vc_custom_1621509455699{padding-top: 70px !important;}&#8221;][\/vc_column][\/vc_row][vc_row content_placement=&#8221;middle&#8221; disable_element=&#8221;yes&#8221; css=&#8221;.vc_custom_1617274127938{padding-top: 65px !important;}&#8221; el_id=&#8221;sektorler&#8221;][vc_column width=&#8221;1\/2&#8243; el_class=&#8221;wow fadeIn delay&#8211;1&#8243;][vc_single_image image=&#8221;73550&#8243; img_size=&#8221;full&#8221;][\/vc_column][vc_column width=&#8221;1\/2&#8243; el_class=&#8221;wow fadeIn delay&#8211;2&#8243;][vc_custom_heading text=&#8221;\u00dcr\u00fcnlerimizin Kullan\u0131ld\u0131\u011f\u0131 Sekt\u00f6rler&#8221; use_theme_fonts=&#8221;yes&#8221; el_class=&#8221;about-subtitle_2&#8243; css=&#8221;.vc_custom_1615455061552{padding-right: 3% !important;padding-left: 3% !important;}&#8221;][vc_row_inner][vc_column_inner width=&#8221;1\/2&#8243;][vc_column_text css=&#8221;.vc_custom_1615455427533{padding-right: 3% !important;padding-left: 3% !important;}&#8221;]<\/p>\n<ul>\n<li>AVM&#8217;ler ve Plazalar<\/li>\n<li>Hastaneler ve Lavoratuarlar<\/li>\n<li>\u00d6zel Tasar\u0131m Filtreler<\/li>\n<li>\u0130la\u00e7 Sekt\u00f6r\u00fc<\/li>\n<li>Kompres\u00f6r Sekt\u00f6r\u00fc<\/li>\n<\/ul>\n<p>[\/vc_column_text][\/vc_column_inner][vc_column_inner width=&#8221;1\/2&#8243;][vc_column_text css=&#8221;.vc_custom_1615455440005{padding-right: 3% !important;padding-left: 3% !important;}&#8221;]<\/p>\n<ul>\n<li>Demir \u00c7elik Sekt\u00f6r\u00fc<\/li>\n<li>Boya ve Kaplama Sistemleri<\/li>\n<li>\u0130leri Teknoloji Uygulamalar\u0131<\/li>\n<li>Temiz Oda ve HVAC<\/li>\n<\/ul>\n<p>[\/vc_column_text][\/vc_column_inner][\/vc_row_inner][\/vc_column][\/vc_row]<\/p>\n<\/section>","protected":false},"excerpt":{"rendered":"<p>[vc_row full_width=&#8221;stretch_row&#8221; parallax=&#8221;content-moving&#8221; css=&#8221;.vc_custom_1623616028563{margin-top: -50px !important;padding-top: 8% !important;padding-bottom: 8% !important;background-image: url(https:\/\/www.mikropor.com\/wp-content\/uploads\/2021\/04\/MIKROPOR_1647.jpg?id=73321) !important;}&#8221; el_class=&#8221;vc_hidden-xs&#8221;][vc_column width=&#8221;1\/2&#8243;][vc_custom_heading text=&#8221;We are always following the latest production techniques.&#8221; font_container=&#8221;tag:h2|font_size:48px|text_align:left|color:%23ffffff&#8221; use_theme_fonts=&#8221;yes&#8221; el_class=&#8221;about-subtitle wow fadeIn delay&#8211;1&#8243;][\/vc_column][vc_column width=&#8221;1\/2&#8243;][\/vc_column][\/vc_row][vc_row full_width=&#8221;stretch_row&#8221; parallax=&#8221;content-moving&#8221; css=&#8221;.vc_custom_1623616211870{margin-top: -50px !important;padding-top: 8% !important;padding-bottom: 8% !important;background-image: url(https:\/\/www.mikropor.com\/wp-content\/uploads\/2021\/06\/MARKA-DEGERLERI-1-1.jpg?id=74733) !important;}&#8221; el_class=&#8221;vc_hidden-lg vc_hidden-md vc_hidden-sm&#8221;][vc_column width=&#8221;1\/2&#8243;][vc_custom_heading text=&#8221;We are always following the latest production techniques.&#8221; font_container=&#8221;tag:h2|font_size:25px|text_align:center|color:%23ffffff&#8221; use_theme_fonts=&#8221;yes&#8221; el_class=&#8221;about-subtitle [&hellip;]<\/p>\n","protected":false},"author":3,"featured_media":0,"parent":73547,"menu_order":0,"comment_status":"closed","ping_status":"closed","template":"page-full-width.php","meta":{"footnotes":""},"class_list":["post-73575","page","type-page","status-publish","hentry"],"_links":{"self":[{"href":"https:\/\/www.mikropor.com\/en\/wp-json\/wp\/v2\/pages\/73575","targetHints":{"allow":["GET"]}}],"collection":[{"href":"https:\/\/www.mikropor.com\/en\/wp-json\/wp\/v2\/pages"}],"about":[{"href":"https:\/\/www.mikropor.com\/en\/wp-json\/wp\/v2\/types\/page"}],"author":[{"embeddable":true,"href":"https:\/\/www.mikropor.com\/en\/wp-json\/wp\/v2\/users\/3"}],"replies":[{"embeddable":true,"href":"https:\/\/www.mikropor.com\/en\/wp-json\/wp\/v2\/comments?post=73575"}],"version-history":[{"count":0,"href":"https:\/\/www.mikropor.com\/en\/wp-json\/wp\/v2\/pages\/73575\/revisions"}],"up":[{"embeddable":true,"href":"https:\/\/www.mikropor.com\/en\/wp-json\/wp\/v2\/pages\/73547"}],"wp:attachment":[{"href":"https:\/\/www.mikropor.com\/en\/wp-json\/wp\/v2\/media?parent=73575"}],"curies":[{"name":"wp","href":"https:\/\/api.w.org\/{rel}","templated":true}]}}