{"id":73691,"date":"2021-05-06T13:50:32","date_gmt":"2021-05-06T10:50:32","guid":{"rendered":"https:\/\/www.mikropor.com.tr\/?page_id=73691"},"modified":"2025-06-30T16:31:26","modified_gmt":"2025-06-30T13:31:26","slug":"gas-turbine-air-intake-filters","status":"publish","type":"page","link":"https:\/\/www.mikropor.com\/en\/atmospheric-air-filtration\/gas-turbine-air-intake-filters\/","title":{"rendered":"Gas Turbine Air Intake Filters"},"content":{"rendered":"<section class=\"wpb-content-wrapper\"><p>[vc_row][vc_column width=&#8221;1\/2&#8243;][vc_column_text]<\/p>\n<h5 style=\"font-size: 19px;\">Our gas turbine filtration solutions include unique products such as mini pleated, depth loading, and pulse filters offering high efficiencies and lower pressure drops with higher surface areas.<\/h5>\n<p>[\/vc_column_text][\/vc_column][vc_column width=&#8221;1\/2&#8243;][vc_single_image image=&#8221;73647&#8243; img_size=&#8221;306&#215;204&#8243; add_caption=&#8221;yes&#8221; alignment=&#8221;right&#8221; style=&#8221;vc_box_rounded&#8221; css=&#8221;.vc_custom_1620298356122{margin-top: 5px !important;}&#8221; el_class=&#8221;wow fadeIn delay&#8211;1&#8243;][\/vc_column][\/vc_row][vc_row][vc_column][vc_column_text]Energy consumption, one of the basic cost items, constitutes approximately 80% of total filtration costs. Because of this high rate, using an air filter with high energy efficiency provides cost-saving and also reduces the amount of waste, since the replacement frequency is decreased. An invariable method is used in order to evaluate the energy efficiency of G4, M5, M6, F7, F8, and F9 class filters, and products in which this method is implemented are indicated with Eurovent 4\/11 certificate located thereon. Our <strong>Eurovent<\/strong> certified products protect your health and the environment while allowing you to save money.<\/p>\n<p>Our high technology pulse and static air intake filters preferred by well-known gas turbine manufacturers are ideal under harsh environmental conditions. We provide filtration solutions with negligible turbine fouling and maximized turbine heart rate and also offer solutions for coastal and offshore applications against the highest humidity conditions.<\/p>\n<ul>\n<li>Designed to meet different requirements such as high efficiency, durability, long service life, and changeable environmental factors<\/li>\n<li>High dust loading capacity of the cement powder blocks contaminants<\/li>\n<li>The ideal solution for corrosion, solid particle aerosol and salt, allow continuity in operation due to the low differential pressures<\/li>\n<\/ul>\n<p>You can download our brochures on the left panel in order to see our solutions based on gas turbines and the other application areas.[\/vc_column_text][\/vc_column][\/vc_row][vc_row disable_element=&#8221;yes&#8221; css=&#8221;.vc_custom_1618482935278{padding-top: 15px !important;padding-bottom: 25px !important;}&#8221;][vc_column][vc_tta_tabs shape=&#8221;square&#8221; active_section=&#8221;1&#8243;][vc_tta_section title=&#8221;Overview&#8221; tab_id=&#8221;1498640767828-d829c451-e4e8&#8243;][vc_column_text]A corporate tax is a tax imposed on the net profit of a corporation that are taxed at the entity level in a particular jurisdiction. Net profit for corporate tax is generally the financial statement net profit with modifications, and may be defined in great detail within each country&#8217;s tax system. Such taxes may include income or other taxes.[\/vc_column_text][\/vc_tta_section][vc_tta_section title=&#8221;Types&#8221; tab_id=&#8221;1498640767881-a7334b3d-3aa6&#8243;][vc_column_text]Corporations may be taxed on their incomes, property, or existence or equity structure by various jurisdictions. Maryland imposes a tax on corporations organized in that state based on the number of shares of capital stock issued and outstanding. Many jurisdictions instead impose a tax based on stated or computed capital, often including retained profits.[\/vc_column_text][\/vc_tta_section][vc_tta_section title=&#8221;Income&#8221; tab_id=&#8221;1498640823454-a7f3f480-2399&#8243;][vc_column_text]Most systems impose income tax at a specified rate of tax times taxable income, which may be decreased due to tax exemption. The United States define taxable income for a corporation as all gross income, i.e. sales plus other income minus cost of goods sold and tax exempt income less allowable tax deductions, without the allowance of the standard deduction.[\/vc_column_text][\/vc_tta_section][\/vc_tta_tabs][\/vc_column][\/vc_row][vc_row disable_element=&#8221;yes&#8221; css=&#8221;.vc_custom_1620298422282{padding-bottom: 20px !important;}&#8221;][vc_column][vc_custom_heading text=&#8221;Kaynaklar&#8221; font_container=&#8221;tag:h4|text_align:left&#8221; use_theme_fonts=&#8221;yes&#8221; css=&#8221;.vc_custom_1618483032907{padding-bottom: 10px !important;}&#8221;][vc_row_inner][vc_column_inner el_class=&#8221;wow fadeIn delay&#8211;1&#8243;][vc_column_text]<\/p>\n<ul class=\"doc\">\n<li><a href=\"#\" target=\"_blank\" rel=\"noopener\">Gaz T\u00fcrbini Hava Emi\u015f Filtreleri Teknik Dok\u00fcman<\/a> <strong>1.76 MB<\/strong><\/li>\n<\/ul>\n<p>[\/vc_column_text][\/vc_column_inner][\/vc_row_inner][\/vc_column][\/vc_row][vc_row disable_element=&#8221;yes&#8221; css=&#8221;.vc_custom_1751290283988{padding-bottom: 15px !important;}&#8221;][vc_column][vc_raw_html]JTVCc2MlMjBuYW1lJTNEJTIyMjAyNWh2YWNlbiUyMiU1RCU1QiUyRnNjJTVE[\/vc_raw_html][\/vc_column][\/vc_row][vc_row][vc_column][vc_raw_html]JTNDc3R5bGUlM0UuZW50cnktY29udGVudCUyMCU3Qm1hcmdpbi10b3AlM0ElMjAzMHB4JTNCJTdEJTIwLmFkdmFuY2VkLXNpZGViYXItbWVudSUyMCU3QiUyMG1hcmdpbi10b3AlM0ElMjAzMHB4JTNCJTIwJTdEJTNDJTJGc3R5bGUlM0U=[\/vc_raw_html][\/vc_column][\/vc_row]<\/p>\n<\/section>","protected":false},"excerpt":{"rendered":"<p>[vc_row][vc_column width=&#8221;1\/2&#8243;][vc_column_text] Our gas turbine filtration solutions include unique products such as mini pleated, depth loading, and pulse filters offering high efficiencies and lower pressure drops with higher surface areas. [\/vc_column_text][\/vc_column][vc_column width=&#8221;1\/2&#8243;][vc_single_image image=&#8221;73647&#8243; img_size=&#8221;306&#215;204&#8243; add_caption=&#8221;yes&#8221; alignment=&#8221;right&#8221; style=&#8221;vc_box_rounded&#8221; css=&#8221;.vc_custom_1620298356122{margin-top: 5px !important;}&#8221; el_class=&#8221;wow fadeIn delay&#8211;1&#8243;][\/vc_column][\/vc_row][vc_row][vc_column][vc_column_text]Energy consumption, one of the basic cost items, constitutes approximately 80% of total [&hellip;]<\/p>\n","protected":false},"author":3,"featured_media":0,"parent":73632,"menu_order":0,"comment_status":"closed","ping_status":"closed","template":"","meta":{"footnotes":""},"class_list":["post-73691","page","type-page","status-publish","hentry"],"_links":{"self":[{"href":"https:\/\/www.mikropor.com\/en\/wp-json\/wp\/v2\/pages\/73691","targetHints":{"allow":["GET"]}}],"collection":[{"href":"https:\/\/www.mikropor.com\/en\/wp-json\/wp\/v2\/pages"}],"about":[{"href":"https:\/\/www.mikropor.com\/en\/wp-json\/wp\/v2\/types\/page"}],"author":[{"embeddable":true,"href":"https:\/\/www.mikropor.com\/en\/wp-json\/wp\/v2\/users\/3"}],"replies":[{"embeddable":true,"href":"https:\/\/www.mikropor.com\/en\/wp-json\/wp\/v2\/comments?post=73691"}],"version-history":[{"count":2,"href":"https:\/\/www.mikropor.com\/en\/wp-json\/wp\/v2\/pages\/73691\/revisions"}],"predecessor-version":[{"id":82469,"href":"https:\/\/www.mikropor.com\/en\/wp-json\/wp\/v2\/pages\/73691\/revisions\/82469"}],"up":[{"embeddable":true,"href":"https:\/\/www.mikropor.com\/en\/wp-json\/wp\/v2\/pages\/73632"}],"wp:attachment":[{"href":"https:\/\/www.mikropor.com\/en\/wp-json\/wp\/v2\/media?parent=73691"}],"curies":[{"name":"wp","href":"https:\/\/api.w.org\/{rel}","templated":true}]}}