{"id":85552,"date":"2025-07-30T17:08:56","date_gmt":"2025-07-30T14:08:56","guid":{"rendered":"https:\/\/www.mikropor.com\/mv-acp-serisi\/"},"modified":"2025-08-27T21:59:39","modified_gmt":"2025-08-27T18:59:39","slug":"mv-acp-series","status":"publish","type":"page","link":"https:\/\/www.mikropor.com\/en\/atmospheric-air-filtration\/carbon-filters\/mv-acp-series\/","title":{"rendered":"MV-ACP Series"},"content":{"rendered":"<section class=\"wpb-content-wrapper\"><p>[vc_row][vc_column css=&#8221;.vc_custom_1750330042790{background-position: center !important;background-repeat: no-repeat !important;background-size: cover !important;}&#8221;]    <nav class=\"mikropor-breadcrumb\" aria-label=\"Breadcrumb\">\n        <ol class=\"breadcrumb-list\">\n                            <li class=\"breadcrumb-item \">\n                                            <a href=\"https:\/\/www.mikropor.com\/en\/\" >\n                            Home                        <\/a>\n                                        \n                                    <\/li>\n                    <\/ol>\n    <\/nav>\n    [\/vc_column][\/vc_row][vc_row equal_height=&#8221;yes&#8221; css=&#8221;.vc_custom_1751704622099{margin-bottom: 35px !important;padding-top: 20px !important;padding-right: 20px !important;padding-bottom: 20px !important;padding-left: 20px !important;background-color: #ffffff !important;}&#8221; el_class=&#8221;border-e5e5e5&#8243;][vc_column width=&#8221;1\/2&#8243; el_class=&#8221;image-column&#8221;][vc_custom_heading text=&#8221;MV-ACP Series&#8221; font_container=&#8221;tag:h3|text_align:left&#8221; google_fonts=&#8221;font_family:Open%20Sans%3A300%2C300italic%2Cregular%2Citalic%2C600%2C600italic%2C700%2C700italic%2C800%2C800italic|font_style:700%20bold%20regular%3A700%3Anormal&#8221;][vc_column_text]<span style=\"color: #e43c2f;\"><strong>Applications<\/strong><\/span><br \/>\n\u2022 Deodorization and purfication of gaseous polluants<\/p>\n<p><span style=\"color: #e43c2f;\"><strong>Advantages<\/strong><\/span><br \/>\n\u2022 High air flow[\/vc_column_text]<div class=\"button-group\"><a class=\"custom-btn\" href=\"#\" data-product=\"MV-ACP Series\">Get Quote<\/a><\/div>[\/vc_column][vc_column width=&#8221;1\/2&#8243;][vc_single_image image=&#8221;84466&#8243; img_size=&#8221;full&#8221;][\/vc_column][\/vc_row][vc_row equal_height=&#8221;yes&#8221; el_class=&#8221;border-e5e5e5&#8243; css=&#8221;.vc_custom_1751891111691{padding-top: 20px !important;padding-right: 20px !important;padding-bottom: 20px !important;padding-left: 20px !important;background-color: #ffffff !important;}&#8221;][vc_column width=&#8221;2\/3&#8243; el_class=&#8221;image-column&#8221;]<div class=\"corporate-features-table\"><div class=\"feature-item\"><div class=\"feature-label\"><img decoding=\"async\" src=\"https:\/\/www.mikropor.com\/wp-content\/uploads\/2025\/08\/hvacikonset-04.png\" alt=\"Media\" style=\"width: 32px; height: 32px; margin-right: 8px; vertical-align: middle;\" \/> Media<\/div><div class=\"feature-value\">Active Carbon between Layers of Synthetic Media<\/div><\/div><div class=\"feature-item\"><div class=\"feature-label\"><img decoding=\"async\" src=\"https:\/\/www.mikropor.com\/wp-content\/uploads\/2025\/08\/hvacikonset-03.png\" alt=\"Frame \" style=\"width: 32px; height: 32px; margin-right: 8px; vertical-align: middle;\" \/> Frame <\/div><div class=\"feature-value\">Plastic (PS)<\/div><\/div><div class=\"feature-item\"><div class=\"feature-label\"><img decoding=\"async\" src=\"https:\/\/www.mikropor.com\/wp-content\/uploads\/2025\/08\/hvacikonset-08.png\" alt=\"Final Pressure Drop \" style=\"width: 32px; height: 32px; margin-right: 8px; vertical-align: middle;\" \/> Final Pressure Drop <\/div><div class=\"feature-value\">450 Pa<\/div><\/div><div class=\"feature-item\"><div class=\"feature-label\"><img decoding=\"async\" src=\"https:\/\/www.mikropor.com\/wp-content\/uploads\/2025\/08\/hvacikonset-19.png\" alt=\"Operating Temperature \" style=\"width: 32px; height: 32px; margin-right: 8px; vertical-align: middle;\" \/> Operating Temperature <\/div><div class=\"feature-value\">40\u00b0C<\/div><\/div><div class=\"feature-item\"><div class=\"feature-label\"><img decoding=\"async\" src=\"https:\/\/www.mikropor.com\/wp-content\/uploads\/2025\/08\/hvacikonset-15.png\" alt=\"Carbon Weight \" style=\"width: 32px; height: 32px; margin-right: 8px; vertical-align: middle;\" \/> Carbon Weight <\/div><div class=\"feature-value\">500 gr\/m2<\/div><\/div><div class=\"feature-item\"><div class=\"feature-label\"><img decoding=\"async\" src=\"https:\/\/www.mikropor.com\/wp-content\/uploads\/2025\/08\/hvacikonset-05.png\" alt=\"Gasket \" style=\"width: 32px; height: 32px; margin-right: 8px; vertical-align: middle;\" \/> Gasket <\/div><div class=\"feature-value\">Optional<\/div><\/div><div class=\"feature-item\"><div class=\"feature-label\"><img decoding=\"async\" src=\"https:\/\/www.mikropor.com\/wp-content\/uploads\/2025\/08\/hvacikonset-010.png\" alt=\"Sealant \" style=\"width: 32px; height: 32px; margin-right: 8px; vertical-align: middle;\" \/> Sealant <\/div><div class=\"feature-value\">Polyurethane<\/div><\/div><\/div>[\/vc_column][vc_column width=&#8221;1\/3&#8243;][vc_column_text]<img decoding=\"async\" class=\"alignnone size-full wp-image-82516 alignright\" src=\"https:\/\/www.mikropor.com\/wp-content\/uploads\/2025\/07\/iso-16890.webp\" alt=\"\" width=\"75\" srcset=\"https:\/\/www.mikropor.com\/wp-content\/uploads\/2025\/07\/iso-16890.webp 250w, https:\/\/www.mikropor.com\/wp-content\/uploads\/2025\/07\/iso-16890-150x150.webp 150w, https:\/\/www.mikropor.com\/wp-content\/uploads\/2025\/07\/iso-16890-200x200.webp 200w\" sizes=\"(max-width: 250px) 100vw, 250px\" \/>[\/vc_column_text][\/vc_column][\/vc_row][vc_row][vc_column][vc_custom_heading text=&#8221;Related Products&#8221; font_container=&#8221;tag:h4|text_align:left&#8221; google_fonts=&#8221;font_family:Open%20Sans%3A300%2C300italic%2Cregular%2Citalic%2C600%2C600italic%2C700%2C700italic%2C800%2C800italic|font_style:700%20bold%20regular%3A700%3Anormal&#8221;][vc_column_text]<div class=\"swiper ilgili-urunler-swiper\"><div class=\"swiper-wrapper\">\n        <div class=\"swiper-slide\">\n            <div class=\"product-card-col\">\n\t\t\t\t<div class=\"vc_column-inner\">\n                \t<div class=\"wpb_wrapper\">\n\n                    \t<div class=\"wpb_single_image\">\n\t\t\t\t\t\t\t<a href=\"https:\/\/www.mikropor.com\/en\/atmospheric-air-filtration\/carbon-filters\/activated-carbon-cartridges\/\">\n\t\t\t\t\t\t\t\t<img decoding=\"async\" src=\"https:\/\/www.mikropor.com\/wp-content\/uploads\/2025\/07\/36-ACTIVATED-CARBON-CARTRIDGES-300x300.png\" style=\"height: 228px;\" alt=\"Activated Carbon Cartridges\" \/>\n\t\t\t\t\t\t\t<\/a>\n\t\t\t\t\t\t <\/div>\n\t\t\t\t\t\t<div class=\"card-header-custom\" style=\"padding: 12px;\"><span class=\"product-title\">Activated Carbon Cartridges<\/span>\n\t\t\t\t\t\t\t<a class=\"product-button\" href=\"https:\/\/www.mikropor.com\/en\/atmospheric-air-filtration\/carbon-filters\/activated-carbon-cartridges\/\">\n\t\t\t\t\t\t\t\t<span class=\"arrow\">\u279c<\/span>\n\t\t\t\t\t\t\t<\/a>\n\t\t\t\t\t\t<\/div>\n\t\t\t\t\t<\/div>\n\t\t\t\t<\/div>\n            <\/div>\n        <\/div>\n\t\t<style>\n\t\t.ilgili-urunler-swiper .swiper-slide {\n\t\t\theight: auto;\n\t\t\tdisplay: flex;\n\t\t}\n\n\t\t\/* Kart container\u0131n\u0131 tam y\u00fckseklik yapmak i\u00e7in *\/\n\t\t.product-card-col {\n\t\t\tdisplay: flex;\n\t\t\tflex-direction: column;\n\t\t\theight: 100%;\n\t\t}\n\n\t\t\/* \u0130\u00e7eri\u011fi e\u015fit da\u011f\u0131tmak i\u00e7in *\/\n\t\t.product-card-col .vc_column-inner {\n\t\t\tdisplay: flex;\n\t\t\tflex-direction: column;\n\t\t\theight: 100%;\n\t\t}\n\n\t\t.product-card-col .wpb_wrapper {\n\t\t\tdisplay: flex;\n\t\t\tflex-direction: column;\n\t\t\theight: 100%;\n\t\t}\n\t\t<\/style>\n\t\t\n        <div class=\"swiper-slide\">\n            <div class=\"product-card-col\">\n\t\t\t\t<div class=\"vc_column-inner\">\n                \t<div class=\"wpb_wrapper\">\n\n                    \t<div class=\"wpb_single_image\">\n\t\t\t\t\t\t\t<a href=\"https:\/\/www.mikropor.com\/en\/atmospheric-air-filtration\/carbon-filters\/activated-carbon-housings\/\">\n\t\t\t\t\t\t\t\t<img decoding=\"async\" src=\"https:\/\/www.mikropor.com\/wp-content\/uploads\/2025\/07\/37-ACTIVATED-CARBON-HOUSINGS1-300x300.png\" style=\"height: 228px;\" alt=\"Activated Carbon Housings\" \/>\n\t\t\t\t\t\t\t<\/a>\n\t\t\t\t\t\t <\/div>\n\t\t\t\t\t\t<div class=\"card-header-custom\" style=\"padding: 12px;\"><span class=\"product-title\">Activated Carbon Housings<\/span>\n\t\t\t\t\t\t\t<a class=\"product-button\" href=\"https:\/\/www.mikropor.com\/en\/atmospheric-air-filtration\/carbon-filters\/activated-carbon-housings\/\">\n\t\t\t\t\t\t\t\t<span class=\"arrow\">\u279c<\/span>\n\t\t\t\t\t\t\t<\/a>\n\t\t\t\t\t\t<\/div>\n\t\t\t\t\t<\/div>\n\t\t\t\t<\/div>\n            <\/div>\n        <\/div>\n\t\t<style>\n\t\t.ilgili-urunler-swiper .swiper-slide {\n\t\t\theight: auto;\n\t\t\tdisplay: flex;\n\t\t}\n\n\t\t\/* Kart container\u0131n\u0131 tam y\u00fckseklik yapmak i\u00e7in *\/\n\t\t.product-card-col {\n\t\t\tdisplay: flex;\n\t\t\tflex-direction: column;\n\t\t\theight: 100%;\n\t\t}\n\n\t\t\/* \u0130\u00e7eri\u011fi e\u015fit da\u011f\u0131tmak i\u00e7in *\/\n\t\t.product-card-col .vc_column-inner {\n\t\t\tdisplay: flex;\n\t\t\tflex-direction: column;\n\t\t\theight: 100%;\n\t\t}\n\n\t\t.product-card-col .wpb_wrapper {\n\t\t\tdisplay: flex;\n\t\t\tflex-direction: column;\n\t\t\theight: 100%;\n\t\t}\n\t\t<\/style>\n\t\t\n        <div class=\"swiper-slide\">\n            <div class=\"product-card-col\">\n\t\t\t\t<div class=\"vc_column-inner\">\n                \t<div class=\"wpb_wrapper\">\n\n                    \t<div class=\"wpb_single_image\">\n\t\t\t\t\t\t\t<a href=\"https:\/\/www.mikropor.com\/en\/atmospheric-air-filtration\/carbon-filters\/activated-carbon-v-cell-filters\/\">\n\t\t\t\t\t\t\t\t<img decoding=\"async\" src=\"https:\/\/www.mikropor.com\/wp-content\/uploads\/2025\/07\/39-ACTIVATED-CARBON-V-CELL-FILTERS-300x300.png\" style=\"height: 228px;\" alt=\"Activated Carbon V Cell Filters\" \/>\n\t\t\t\t\t\t\t<\/a>\n\t\t\t\t\t\t <\/div>\n\t\t\t\t\t\t<div class=\"card-header-custom\" style=\"padding: 12px;\"><span class=\"product-title\">Activated Carbon V Cell Filters<\/span>\n\t\t\t\t\t\t\t<a class=\"product-button\" href=\"https:\/\/www.mikropor.com\/en\/atmospheric-air-filtration\/carbon-filters\/activated-carbon-v-cell-filters\/\">\n\t\t\t\t\t\t\t\t<span class=\"arrow\">\u279c<\/span>\n\t\t\t\t\t\t\t<\/a>\n\t\t\t\t\t\t<\/div>\n\t\t\t\t\t<\/div>\n\t\t\t\t<\/div>\n            <\/div>\n        <\/div>\n\t\t<style>\n\t\t.ilgili-urunler-swiper .swiper-slide {\n\t\t\theight: auto;\n\t\t\tdisplay: flex;\n\t\t}\n\n\t\t\/* Kart container\u0131n\u0131 tam y\u00fckseklik yapmak i\u00e7in *\/\n\t\t.product-card-col {\n\t\t\tdisplay: flex;\n\t\t\tflex-direction: column;\n\t\t\theight: 100%;\n\t\t}\n\n\t\t\/* \u0130\u00e7eri\u011fi e\u015fit da\u011f\u0131tmak i\u00e7in *\/\n\t\t.product-card-col .vc_column-inner {\n\t\t\tdisplay: flex;\n\t\t\tflex-direction: column;\n\t\t\theight: 100%;\n\t\t}\n\n\t\t.product-card-col .wpb_wrapper {\n\t\t\tdisplay: flex;\n\t\t\tflex-direction: column;\n\t\t\theight: 100%;\n\t\t}\n\t\t<\/style>\n\t\t\n        <div class=\"swiper-slide\">\n            <div class=\"product-card-col\">\n\t\t\t\t<div class=\"vc_column-inner\">\n                \t<div class=\"wpb_wrapper\">\n\n                    \t<div class=\"wpb_single_image\">\n\t\t\t\t\t\t\t<a href=\"https:\/\/www.mikropor.com\/en\/atmospheric-air-filtration\/carbon-filters\/activated-carbon-panel-filters\/\">\n\t\t\t\t\t\t\t\t<img decoding=\"async\" src=\"https:\/\/www.mikropor.com\/wp-content\/uploads\/2025\/07\/40-ACTIVATED-CARBON-V-CELL-FILTERS-PANEL-300x300.png\" style=\"height: 228px;\" alt=\"Activated Carbon Panel Filters\" \/>\n\t\t\t\t\t\t\t<\/a>\n\t\t\t\t\t\t <\/div>\n\t\t\t\t\t\t<div class=\"card-header-custom\" style=\"padding: 12px;\"><span class=\"product-title\">Activated Carbon Panel Filters<\/span>\n\t\t\t\t\t\t\t<a class=\"product-button\" href=\"https:\/\/www.mikropor.com\/en\/atmospheric-air-filtration\/carbon-filters\/activated-carbon-panel-filters\/\">\n\t\t\t\t\t\t\t\t<span class=\"arrow\">\u279c<\/span>\n\t\t\t\t\t\t\t<\/a>\n\t\t\t\t\t\t<\/div>\n\t\t\t\t\t<\/div>\n\t\t\t\t<\/div>\n            <\/div>\n        <\/div>\n\t\t<style>\n\t\t.ilgili-urunler-swiper .swiper-slide {\n\t\t\theight: auto;\n\t\t\tdisplay: flex;\n\t\t}\n\n\t\t\/* Kart container\u0131n\u0131 tam y\u00fckseklik yapmak i\u00e7in *\/\n\t\t.product-card-col {\n\t\t\tdisplay: flex;\n\t\t\tflex-direction: column;\n\t\t\theight: 100%;\n\t\t}\n\n\t\t\/* \u0130\u00e7eri\u011fi e\u015fit da\u011f\u0131tmak i\u00e7in *\/\n\t\t.product-card-col .vc_column-inner {\n\t\t\tdisplay: flex;\n\t\t\tflex-direction: column;\n\t\t\theight: 100%;\n\t\t}\n\n\t\t.product-card-col .wpb_wrapper {\n\t\t\tdisplay: flex;\n\t\t\tflex-direction: column;\n\t\t\theight: 100%;\n\t\t}\n\t\t<\/style>\n\t\t<\/div>\n        <div class=\"swiper-button-next\"><\/div>\n        <div class=\"swiper-button-prev\"><\/div>\n        <div class=\"swiper-pagination\"><\/div>\n    <\/div>[\/vc_column_text][\/vc_column][\/vc_row][vc_row][vc_column][vc_raw_html]JTNDc3R5bGUlM0UuY29udGVudC1jb250YWluZXIlMjAlN0JwYWRkaW5nLXRvcCUzQSUyMDEwN3B4JTNCJTNDJTJGc3R5bGUlM0U=[\/vc_raw_html][\/vc_column][\/vc_row]<\/p>\n<\/section>","protected":false},"excerpt":{"rendered":"<p>[vc_row][vc_column css=&#8221;.vc_custom_1750330042790{background-position: center !important;background-repeat: no-repeat !important;background-size: cover !important;}&#8221;][\/vc_column][\/vc_row][vc_row equal_height=&#8221;yes&#8221; css=&#8221;.vc_custom_1751704622099{margin-bottom: 35px !important;padding-top: 20px !important;padding-right: 20px !important;padding-bottom: 20px !important;padding-left: 20px !important;background-color: #ffffff !important;}&#8221; el_class=&#8221;border-e5e5e5&#8243;][vc_column width=&#8221;1\/2&#8243; el_class=&#8221;image-column&#8221;][vc_custom_heading text=&#8221;MV-ACP Series&#8221; font_container=&#8221;tag:h3|text_align:left&#8221; google_fonts=&#8221;font_family:Open%20Sans%3A300%2C300italic%2Cregular%2Citalic%2C600%2C600italic%2C700%2C700italic%2C800%2C800italic|font_style:700%20bold%20regular%3A700%3Anormal&#8221;][vc_column_text]Applications \u2022 Deodorization and purfication of gaseous polluants Advantages \u2022 High air flow[\/vc_column_text][\/vc_column][vc_column width=&#8221;1\/2&#8243;][vc_single_image image=&#8221;84466&#8243; img_size=&#8221;full&#8221;][\/vc_column][\/vc_row][vc_row equal_height=&#8221;yes&#8221; el_class=&#8221;border-e5e5e5&#8243; css=&#8221;.vc_custom_1751891111691{padding-top: 20px !important;padding-right: 20px !important;padding-bottom: 20px !important;padding-left: 20px !important;background-color: [&hellip;]<\/p>\n","protected":false},"author":3,"featured_media":84467,"parent":85618,"menu_order":0,"comment_status":"closed","ping_status":"closed","template":"","meta":{"footnotes":""},"class_list":["post-85552","page","type-page","status-publish","has-post-thumbnail","hentry"],"_links":{"self":[{"href":"https:\/\/www.mikropor.com\/en\/wp-json\/wp\/v2\/pages\/85552","targetHints":{"allow":["GET"]}}],"collection":[{"href":"https:\/\/www.mikropor.com\/en\/wp-json\/wp\/v2\/pages"}],"about":[{"href":"https:\/\/www.mikropor.com\/en\/wp-json\/wp\/v2\/types\/page"}],"author":[{"embeddable":true,"href":"https:\/\/www.mikropor.com\/en\/wp-json\/wp\/v2\/users\/3"}],"replies":[{"embeddable":true,"href":"https:\/\/www.mikropor.com\/en\/wp-json\/wp\/v2\/comments?post=85552"}],"version-history":[{"count":3,"href":"https:\/\/www.mikropor.com\/en\/wp-json\/wp\/v2\/pages\/85552\/revisions"}],"predecessor-version":[{"id":88082,"href":"https:\/\/www.mikropor.com\/en\/wp-json\/wp\/v2\/pages\/85552\/revisions\/88082"}],"up":[{"embeddable":true,"href":"https:\/\/www.mikropor.com\/en\/wp-json\/wp\/v2\/pages\/85618"}],"wp:featuredmedia":[{"embeddable":true,"href":"https:\/\/www.mikropor.com\/en\/wp-json\/wp\/v2\/media\/84467"}],"wp:attachment":[{"href":"https:\/\/www.mikropor.com\/en\/wp-json\/wp\/v2\/media?parent=85552"}],"curies":[{"name":"wp","href":"https:\/\/api.w.org\/{rel}","templated":true}]}}