{"id":86576,"date":"2025-08-13T12:27:11","date_gmt":"2025-08-13T09:27:11","guid":{"rendered":"https:\/\/www.mikropor.com\/?page_id=86576"},"modified":"2025-09-15T09:34:42","modified_gmt":"2025-09-15T06:34:42","slug":"mchill-series","status":"publish","type":"page","link":"https:\/\/www.mikropor.com\/en\/process-water-chillers\/mchill-series\/","title":{"rendered":"MCHILL Series"},"content":{"rendered":"<section class=\"wpb-content-wrapper\"><p>[vc_row css=&#8221;.vc_custom_1750229107128{padding-right: 60px !important;}&#8221;][vc_column css=&#8221;.vc_custom_1750330042790{background-position: center !important;background-repeat: no-repeat !important;background-size: cover !important;}&#8221;]    <nav class=\"mikropor-breadcrumb\" aria-label=\"Breadcrumb\">\n        <ol class=\"breadcrumb-list\">\n                            <li class=\"breadcrumb-item \">\n                                            <a href=\"https:\/\/www.mikropor.com\/en\/\" >\n                            Home                        <\/a>\n                                        \n                                    <\/li>\n                    <\/ol>\n    <\/nav>\n    [\/vc_column][\/vc_row][vc_row equal_height=&#8221;yes&#8221; css=&#8221;.vc_custom_1751890017661{margin-bottom: 35px !important;padding-top: 20px !important;padding-right: 20px !important;padding-bottom: 20px !important;padding-left: 20px !important;background-color: #ffffff !important;}&#8221; el_class=&#8221;border-e5e5e5&#8243;][vc_column width=&#8221;1\/2&#8243; el_class=&#8221;image-column&#8221;][vc_column_text css=&#8221;.vc_custom_1755077214041{padding-bottom: 15px !important;}&#8221;]<\/p>\n<h3><span style=\"color: #000000; font-weight: 600;\"><strong>MCHILL Series<\/strong><\/span><\/h3>\n<p><strong>Process Water Chillers<\/strong>[\/vc_column_text][vc_column_text css=&#8221;.vc_custom_1755077226650{padding-bottom: 15px !important;}&#8221;]Mikropor Process Water Chillers are designed to meet the needs of many applications that require stable working conditions with maximum quality and cleanliness of the cold process fluid. Mikropor\u2019s brand-new compact, robust and reliable Water Chiller called \u2018\u2019MCHILL\u2018\u2019 is designed for industrial applications and manufactured with the highest quality and safety standards. MCHILL is not only extremely compact and easy to use but also ensures an accurate control of water temperature.[\/vc_column_text]<div class=\"button-group\"><a class=\"custom-btn\" href=\"#\" data-product=\"MCHILL Series\">Get Quote<\/a><\/div>[\/vc_column][vc_column width=&#8221;1\/2&#8243;][vc_gallery interval=&#8221;5&#8243; images=&#8221;87449&#8243; img_size=&#8221;full&#8221;][\/vc_column][\/vc_row][vc_row el_class=&#8221;border-e5e5e5&#8243; css=&#8221;.vc_custom_1757406743097{margin-bottom: 30px !important;padding-top: 20px !important;padding-right: 20px !important;padding-bottom: 20px !important;padding-left: 20px !important;}&#8221;][vc_column width=&#8221;5\/6&#8243;]<div class=\"corporate-features-table mchill-table\"><div class=\"feature-item\"><div class=\"feature-label\"><i class=\"fa-solid fa-temperature-low\"><\/i> Water Outlet Temperature (\u00b0C)<\/div><div class=\"feature-value\">15\u00b0C<\/div><\/div><div class=\"feature-item\"><div class=\"feature-label\"><i class=\"fa-solid fa-temperature-high\"><\/i> Water Inlet Temperature (\u00b0C)<\/div><div class=\"feature-value\">20\u00b0C<\/div><\/div><div class=\"feature-item\"><div class=\"feature-label\"><i class=\"fa-solid fa-temperature-high\"><\/i> Max. Ambient Temperature (\u00b0C)<\/div><div class=\"feature-value\">50\u00b0C<\/div><\/div><div class=\"feature-item\"><div class=\"feature-label\"><i class=\"fa-solid fa-temperature-low\"><\/i> Ambient Temperature (\u00b0C)<\/div><div class=\"feature-value\">25\u00b0C<\/div><\/div><div class=\"feature-item\"><div class=\"feature-label\"><i class=\"fa-solid fa-gauge-high\"><\/i> Max. Working Pressure \/ Cooling Water Section (barg)<\/div><div class=\"feature-value\">6 barg<\/div><\/div><div class=\"feature-item\"><div class=\"feature-label\"><i class=\"fa-solid fa-gauge-high\"><\/i> Max. Working Pressure \/ Refrigerant Section (barg)<\/div><div class=\"feature-value\">42 barg<\/div><\/div><\/div>[\/vc_column][vc_column width=&#8221;1\/6&#8243;][vc_column_text]<\/p>\n<div style=\"display: flex; align-items: end; justify-content: start; flex-direction: column;\"><img decoding=\"async\" class=\"alignnone size-full wp-image-82516 alignright\" src=\"https:\/\/www.mikropor.com\/wp-content\/webp-express\/webp-images\/uploads\/2021\/05\/CE.png.webp\" alt=\"\" width=\"75\" \/><img decoding=\"async\" class=\"alignnone size-full wp-image-82516 alignright\" src=\"https:\/\/www.mikropor.com\/wp-content\/uploads\/2025\/09\/513a.png\" alt=\"\" width=\"75\" \/><img decoding=\"async\" class=\"alignnone size-full wp-image-82516 alignright\" src=\"https:\/\/www.mikropor.com\/wp-content\/uploads\/2025\/09\/ul.webp\" alt=\"\" width=\"75\" \/><\/div>\n<p>[\/vc_column_text][\/vc_column][\/vc_row][vc_row][vc_column][vc_custom_heading text=&#8221;Related Products&#8221; font_container=&#8221;tag:h4|text_align:left&#8221; google_fonts=&#8221;font_family:Open%20Sans%3A300%2C300italic%2Cregular%2Citalic%2C600%2C600italic%2C700%2C700italic%2C800%2C800italic|font_style:700%20bold%20regular%3A700%3Anormal&#8221; css=&#8221;.vc_custom_1755068502410{margin-bottom: 15px !important;}&#8221;][vc_column_text]<div class=\"swiper ilgili-urunler-swiper\"><div class=\"swiper-wrapper\">\n        <div class=\"swiper-slide\">\n            <div class=\"product-card-col\">\n\t\t\t\t<div class=\"vc_column-inner\">\n                \t<div class=\"wpb_wrapper\">\n\n                    \t<div class=\"wpb_single_image\">\n\t\t\t\t\t\t\t<a href=\"https:\/\/www.mikropor.com\/en\/process-water-chillers\/mecochill-series\/\">\n\t\t\t\t\t\t\t\t<img decoding=\"async\" src=\"https:\/\/www.mikropor.com\/wp-content\/uploads\/2025\/08\/cas-24-300x300.webp\" style=\"height: 228px;\" alt=\"MecoCHILL Series\" \/>\n\t\t\t\t\t\t\t<\/a>\n\t\t\t\t\t\t <\/div>\n\t\t\t\t\t\t<div class=\"card-header-custom\" style=\"padding: 12px;\"><span class=\"product-title\">MecoCHILL Series<\/span>\n\t\t\t\t\t\t\t<a class=\"product-button\" href=\"https:\/\/www.mikropor.com\/en\/process-water-chillers\/mecochill-series\/\">\n\t\t\t\t\t\t\t\t<span class=\"arrow\">\u279c<\/span>\n\t\t\t\t\t\t\t<\/a>\n\t\t\t\t\t\t<\/div>\n\t\t\t\t\t<\/div>\n\t\t\t\t<\/div>\n            <\/div>\n        <\/div>\n\t\t<style>\n\t\t.ilgili-urunler-swiper .swiper-slide {\n\t\t\theight: auto;\n\t\t\tdisplay: flex;\n\t\t}\n\n\t\t\/* Kart container\u0131n\u0131 tam y\u00fckseklik yapmak i\u00e7in *\/\n\t\t.product-card-col {\n\t\t\tdisplay: flex;\n\t\t\tflex-direction: column;\n\t\t\theight: 100%;\n\t\t}\n\n\t\t\/* \u0130\u00e7eri\u011fi e\u015fit da\u011f\u0131tmak i\u00e7in *\/\n\t\t.product-card-col .vc_column-inner {\n\t\t\tdisplay: flex;\n\t\t\tflex-direction: column;\n\t\t\theight: 100%;\n\t\t}\n\n\t\t.product-card-col .wpb_wrapper {\n\t\t\tdisplay: flex;\n\t\t\tflex-direction: column;\n\t\t\theight: 100%;\n\t\t}\n\t\t<\/style>\n\t\t\n        <div class=\"swiper-slide\">\n            <div class=\"product-card-col\">\n\t\t\t\t<div class=\"vc_column-inner\">\n                \t<div class=\"wpb_wrapper\">\n\n                    \t<div class=\"wpb_single_image\">\n\t\t\t\t\t\t\t<a href=\"https:\/\/www.mikropor.com\/en\/process-water-chillers\/mchill-xl-series\/\">\n\t\t\t\t\t\t\t\t<img decoding=\"async\" src=\"https:\/\/www.mikropor.com\/wp-content\/uploads\/2025\/08\/cas-26-300x300.webp\" style=\"height: 228px;\" alt=\"MCHILL-XL Series\" \/>\n\t\t\t\t\t\t\t<\/a>\n\t\t\t\t\t\t <\/div>\n\t\t\t\t\t\t<div class=\"card-header-custom\" style=\"padding: 12px;\"><span class=\"product-title\">MCHILL-XL Series<\/span>\n\t\t\t\t\t\t\t<a class=\"product-button\" href=\"https:\/\/www.mikropor.com\/en\/process-water-chillers\/mchill-xl-series\/\">\n\t\t\t\t\t\t\t\t<span class=\"arrow\">\u279c<\/span>\n\t\t\t\t\t\t\t<\/a>\n\t\t\t\t\t\t<\/div>\n\t\t\t\t\t<\/div>\n\t\t\t\t<\/div>\n            <\/div>\n        <\/div>\n\t\t<style>\n\t\t.ilgili-urunler-swiper .swiper-slide {\n\t\t\theight: auto;\n\t\t\tdisplay: flex;\n\t\t}\n\n\t\t\/* Kart container\u0131n\u0131 tam y\u00fckseklik yapmak i\u00e7in *\/\n\t\t.product-card-col {\n\t\t\tdisplay: flex;\n\t\t\tflex-direction: column;\n\t\t\theight: 100%;\n\t\t}\n\n\t\t\/* \u0130\u00e7eri\u011fi e\u015fit da\u011f\u0131tmak i\u00e7in *\/\n\t\t.product-card-col .vc_column-inner {\n\t\t\tdisplay: flex;\n\t\t\tflex-direction: column;\n\t\t\theight: 100%;\n\t\t}\n\n\t\t.product-card-col .wpb_wrapper {\n\t\t\tdisplay: flex;\n\t\t\tflex-direction: column;\n\t\t\theight: 100%;\n\t\t}\n\t\t<\/style>\n\t\t<\/div>\n        <div class=\"swiper-button-next\"><\/div>\n        <div class=\"swiper-button-prev\"><\/div>\n        <div class=\"swiper-pagination\"><\/div>\n    <\/div>[\/vc_column_text][\/vc_column][\/vc_row][vc_row][vc_column][vc_raw_html]JTNDc3R5bGUlM0UuZW50cnktY29udGVudCUyMCU3Qm1hcmdpbi10b3AlM0ElMjAzMHB4JTNCJTdEJTIwLmFkdmFuY2VkLXNpZGViYXItbWVudSUyMCU3QiUyMG1hcmdpbi10b3AlM0ElMjAzMHB4JTNCJTIwJTdEJTNDJTJGc3R5bGUlM0U=[\/vc_raw_html][\/vc_column][\/vc_row]<\/p>\n<\/section>","protected":false},"excerpt":{"rendered":"<p>[vc_row css=&#8221;.vc_custom_1750229107128{padding-right: 60px !important;}&#8221;][vc_column css=&#8221;.vc_custom_1750330042790{background-position: center !important;background-repeat: no-repeat !important;background-size: cover !important;}&#8221;][\/vc_column][\/vc_row][vc_row equal_height=&#8221;yes&#8221; css=&#8221;.vc_custom_1751890017661{margin-bottom: 35px !important;padding-top: 20px !important;padding-right: 20px !important;padding-bottom: 20px !important;padding-left: 20px !important;background-color: #ffffff !important;}&#8221; el_class=&#8221;border-e5e5e5&#8243;][vc_column width=&#8221;1\/2&#8243; el_class=&#8221;image-column&#8221;][vc_column_text css=&#8221;.vc_custom_1755077214041{padding-bottom: 15px !important;}&#8221;] MCHILL Series Process Water Chillers[\/vc_column_text][vc_column_text css=&#8221;.vc_custom_1755077226650{padding-bottom: 15px !important;}&#8221;]Mikropor Process Water Chillers are designed to meet the needs of many applications that require stable working [&hellip;]<\/p>\n","protected":false},"author":3,"featured_media":87449,"parent":86565,"menu_order":0,"comment_status":"closed","ping_status":"closed","template":"","meta":{"footnotes":""},"class_list":["post-86576","page","type-page","status-publish","has-post-thumbnail","hentry"],"_links":{"self":[{"href":"https:\/\/www.mikropor.com\/en\/wp-json\/wp\/v2\/pages\/86576","targetHints":{"allow":["GET"]}}],"collection":[{"href":"https:\/\/www.mikropor.com\/en\/wp-json\/wp\/v2\/pages"}],"about":[{"href":"https:\/\/www.mikropor.com\/en\/wp-json\/wp\/v2\/types\/page"}],"author":[{"embeddable":true,"href":"https:\/\/www.mikropor.com\/en\/wp-json\/wp\/v2\/users\/3"}],"replies":[{"embeddable":true,"href":"https:\/\/www.mikropor.com\/en\/wp-json\/wp\/v2\/comments?post=86576"}],"version-history":[{"count":7,"href":"https:\/\/www.mikropor.com\/en\/wp-json\/wp\/v2\/pages\/86576\/revisions"}],"predecessor-version":[{"id":90585,"href":"https:\/\/www.mikropor.com\/en\/wp-json\/wp\/v2\/pages\/86576\/revisions\/90585"}],"up":[{"embeddable":true,"href":"https:\/\/www.mikropor.com\/en\/wp-json\/wp\/v2\/pages\/86565"}],"wp:featuredmedia":[{"embeddable":true,"href":"https:\/\/www.mikropor.com\/en\/wp-json\/wp\/v2\/media\/87449"}],"wp:attachment":[{"href":"https:\/\/www.mikropor.com\/en\/wp-json\/wp\/v2\/media?parent=86576"}],"curies":[{"name":"wp","href":"https:\/\/api.w.org\/{rel}","templated":true}]}}