{"id":92467,"date":"2022-10-25T14:53:39","date_gmt":"2022-10-25T11:53:39","guid":{"rendered":"https:\/\/www.mikropor.com\/career\/acik-pozisyonlar\/"},"modified":"2026-03-30T09:44:57","modified_gmt":"2026-03-30T06:44:57","slug":"open-positions","status":"publish","type":"page","link":"https:\/\/www.mikropor.com\/en\/career\/open-positions\/","title":{"rendered":"Open Positions"},"content":{"rendered":"<section class=\"wpb-content-wrapper\"><p>[vc_row full_width=&#8221;stretch_row&#8221; parallax=&#8221;content-moving&#8221; css=&#8221;.vc_custom_1617615625310{margin-top: -50px !important;padding-top: 12% !important;padding-bottom: 12% !important;background: #333333 url(https:\/\/www.mikropor.com\/wp-content\/uploads\/2021\/04\/Tasarim-1-scaled-2.jpg?id=72990);background-position:center;background-repeat:-repeat;background-size:cover;}&#8221;][vc_column width=&#8221;2\/5&#8243;][\/vc_column][vc_column width=&#8221;3\/5&#8243;][vc_custom_heading text=&#8221;We know that we can only build a better future with our employees.&#8221; font_container=&#8221;tag:h2|font_size:44|text_align:left|color:%23ffffff&#8221; use_theme_fonts=&#8221;yes&#8221; el_class=&#8221;about-subtitle wow fadeIn delay&#8211;1 vc_hidden-xs&#8221;][vc_custom_heading text=&#8221;We know that we can only build a better future with our employees.&#8221; font_container=&#8221;tag:h2|font_size:25|text_align:center|color:%23ffffff&#8221; use_theme_fonts=&#8221;yes&#8221; el_class=&#8221;about-subtitle wow fadeIn delay&#8211;1 vc_hidden-lg vc_hidden-md vc_hidden-sm&#8221;][\/vc_column][\/vc_row][vc_row css=&#8221;.vc_custom_1667477749605{margin-top: 30px !important;}&#8221;][vc_column width=&#8221;1\/6&#8243;][\/vc_column][vc_column width=&#8221;2\/3&#8243;][vc_custom_heading text=&#8221;There are currently no listings available.&#8221; font_container=&#8221;tag:h3|text_align:center|color:%23c83e30&#8243; use_theme_fonts=&#8221;yes&#8221;][\/vc_column][vc_column width=&#8221;1\/6&#8243;][\/vc_column][\/vc_row][vc_row disable_element=&#8221;yes&#8221; css=&#8221;.vc_custom_1739388565910{margin-top: 30px !important;}&#8221;][vc_column width=&#8221;1\/6&#8243;][\/vc_column][vc_column width=&#8221;2\/3&#8243;][vc_custom_heading text=&#8221;Pazarlama Uzman\u0131&#8221; font_container=&#8221;tag:h3|text_align:left|color:%23c83e30&#8243; use_theme_fonts=&#8221;yes&#8221; link=&#8221;url:https%3A%2F%2Fwww.mikropor.com%2Ftr%2Fkariyer%2Facik-pozisyonlar%2Fpazarlama-uzmani%2F&#8221;][vc_column_text]<\/p>\n<h6>\u0130lan Tarihi: 24 Ocak 2025<\/h6>\n<p>[\/vc_column_text][vc_column_text]\u0130nsan, \u00e7evre, teknoloji oda\u011f\u0131nda, s\u00fcrekli ilerlemeyi ilke edinerek gelece\u011fe y\u00f6n veren firmam\u0131z i\u00e7in <strong><em>Pazarlama Uzman\u0131<\/em><\/strong>\u00a0olarak de\u011fer katacak tak\u0131m arkada\u015f\u0131 ar\u0131yoruz.[\/vc_column_text][vc_raw_html]JTNDYSUyMGhyZWYlM0QlMjJodHRwcyUzQSUyRiUyRnd3dy5taWtyb3Bvci5jb20lMkZ0ciUyRmthcml5ZXIlMkZhY2lrLXBvemlzeW9ubGFyJTJGcGF6YXJsYW1hLXV6bWFuaSUyRiUyMiUyMHJlbCUzRCUyMm5vb3BlbmVyJTIyJTIwY2xhc3MlM0QlMjJjY2Z3LXByaW1hcnktYnV0dG9uJTIyJTNFJTBBJUM0JUIwJUM1JTlGJTIwJUM0JUIwbGFuJUM0JUIxJTIwRGV0YXlsYXIlQzQlQjElMEElM0MlMkZhJTNF[\/vc_raw_html][\/vc_column][vc_column width=&#8221;1\/6&#8243;][\/vc_column][\/vc_row][vc_row disable_element=&#8221;yes&#8221; css=&#8221;.vc_custom_1739388555860{margin-top: 30px !important;}&#8221;][vc_column width=&#8221;1\/6&#8243;][\/vc_column][vc_column width=&#8221;2\/3&#8243;][vc_custom_heading text=&#8221;Malzeme Planlama Uzman\u0131&#8221; font_container=&#8221;tag:h3|text_align:left|color:%23c83e30&#8243; use_theme_fonts=&#8221;yes&#8221; link=&#8221;url:https%3A%2F%2Fwww.mikropor.com%2Ftr%2Fkariyer%2Facik-pozisyonlar%2Fmalzeme-planlama-uzmani%2F&#8221;][vc_column_text]<\/p>\n<h6>\u0130lan Tarihi: 24 Ocak 2025<\/h6>\n<p>[\/vc_column_text][vc_column_text]\u0130nsan, \u00e7evre, teknoloji oda\u011f\u0131nda, s\u00fcrekli ilerlemeyi ilke edinerek gelece\u011fe y\u00f6n veren firmam\u0131z i\u00e7in <strong><em>Malzeme Planlama Uzman\u0131<\/em><\/strong>\u00a0olarak de\u011fer katacak tak\u0131m arkada\u015f\u0131 ar\u0131yoruz.[\/vc_column_text][vc_raw_html]JTNDYSUyMGhyZWYlM0QlMjJodHRwcyUzQSUyRiUyRnd3dy5taWtyb3Bvci5jb20lMkZ0ciUyRmthcml5ZXIlMkZhY2lrLXBvemlzeW9ubGFyJTJGbWFsemVtZS1wbGFubGFtYS11em1hbmklMkYlMjIlMjByZWwlM0QlMjJub29wZW5lciUyMiUyMGNsYXNzJTNEJTIyY2Nmdy1wcmltYXJ5LWJ1dHRvbiUyMiUzRSUwQSVDNCVCMCVDNSU5RiUyMCVDNCVCMGxhbiVDNCVCMSUyMERldGF5bGFyJUM0JUIxJTBBJTNDJTJGYSUzRQ==[\/vc_raw_html][\/vc_column][vc_column width=&#8221;1\/6&#8243;][\/vc_column][\/vc_row][vc_row disable_element=&#8221;yes&#8221;][vc_column width=&#8221;1\/6&#8243;][\/vc_column][vc_column width=&#8221;2\/3&#8243;][vc_custom_heading text=&#8221;Lojistik Uzman Yard\u0131mc\u0131s\u0131&#8221; font_container=&#8221;tag:h3|text_align:left|color:%23c83e30&#8243; use_theme_fonts=&#8221;yes&#8221; link=&#8221;url:https%3A%2F%2Fwww.mikropor.com%2Ftr%2Fkariyer%2Facik-pozisyonlar%2Flojistik-uzman-yardimcisi%2F&#8221;][vc_column_text]<\/p>\n<h6>\u0130lan Tarihi: 24 Ocak 2025<\/h6>\n<p>[\/vc_column_text][vc_column_text]<\/p>\n<p class=\"m_4415471255981463790xxxxmsonormal\">\u0130nsan, \u00e7evre, teknoloji oda\u011f\u0131nda, s\u00fcrekli ilerlemeyi ilke edinerek gelece\u011fe y\u00f6n veren firmam\u0131z i\u00e7in <em><strong>Lojistik Uzman Yard\u0131mc\u0131s\u0131<\/strong>\u00a0<\/em>olarak de\u011fer katacak tak\u0131m arkada\u015f\u0131 ar\u0131yoruz.<\/p>\n<p>[\/vc_column_text][vc_raw_html]JTNDYSUyMGhyZWYlM0QlMjJodHRwcyUzQSUyRiUyRnd3dy5taWtyb3Bvci5jb20lMkZ0ciUyRmthcml5ZXIlMkZhY2lrLXBvemlzeW9ubGFyJTJGbG9qaXN0aWstdXptYW4teWFyZGltY2lzaSUyRiUyMiUyMHJlbCUzRCUyMm5vb3BlbmVyJTIyJTIwY2xhc3MlM0QlMjJjY2Z3LXByaW1hcnktYnV0dG9uJTIyJTNFJTBBJUM0JUIwJUM1JTlGJTIwJUM0JUIwbGFuJUM0JUIxJTIwRGV0YXlsYXIlQzQlQjElMEElM0MlMkZhJTNF[\/vc_raw_html][\/vc_column][vc_column width=&#8221;1\/6&#8243;][\/vc_column][\/vc_row][vc_row disable_element=&#8221;yes&#8221;][vc_column width=&#8221;1\/6&#8243;][\/vc_column][vc_column width=&#8221;2\/3&#8243;][vc_custom_heading text=&#8221;Stratejik Sat\u0131n Alma Uzman\u0131&#8221; font_container=&#8221;tag:h3|text_align:left|color:%23c83e30&#8243; use_theme_fonts=&#8221;yes&#8221; link=&#8221;url:https%3A%2F%2Fwww.mikropor.com%2Ftr%2Fkariyer%2Facik-pozisyonlar%2Fstratejik-satin-alma-uzmani%2F&#8221;][vc_column_text]<\/p>\n<h6>\u0130lan Tarihi: 24 Ocak 2025<\/h6>\n<p>[\/vc_column_text][vc_column_text]<\/p>\n<p class=\"m_4415471255981463790xxxxmsonormal\">\u0130nsan, \u00e7evre, teknoloji oda\u011f\u0131nda, s\u00fcrekli ilerlemeyi ilke edinerek gelece\u011fe y\u00f6n veren firmam\u0131z i\u00e7in <em><strong>Stratejik Sat\u0131n Alma Uzman\u0131<\/strong>\u00a0<\/em>olarak de\u011fer katacak tak\u0131m arkada\u015f\u0131 ar\u0131yoruz.<\/p>\n<p>[\/vc_column_text][vc_raw_html]JTNDYSUyMGhyZWYlM0QlMjJodHRwcyUzQSUyRiUyRnd3dy5taWtyb3Bvci5jb20lMkZ0ciUyRmthcml5ZXIlMkZhY2lrLXBvemlzeW9ubGFyJTJGc3RyYXRlamlrLXNhdGluLWFsbWEtdXptYW5pJTJGJTIyJTIwcmVsJTNEJTIybm9vcGVuZXIlMjIlMjBjbGFzcyUzRCUyMmNjZnctcHJpbWFyeS1idXR0b24lMjIlM0UlMEElQzQlQjAlQzUlOUYlMjAlQzQlQjBsYW4lQzQlQjElMjBEZXRheWxhciVDNCVCMSUwQSUzQyUyRmElM0U=[\/vc_raw_html][\/vc_column][vc_column width=&#8221;1\/6&#8243;][\/vc_column][\/vc_row][vc_row disable_element=&#8221;yes&#8221;][vc_column width=&#8221;1\/6&#8243;][\/vc_column][vc_column width=&#8221;2\/3&#8243;][vc_custom_heading text=&#8221;Arge Elektrik Elektronik M\u00fchendisi&#8221; font_container=&#8221;tag:h3|text_align:left|color:%23c83e30&#8243; use_theme_fonts=&#8221;yes&#8221; link=&#8221;url:https%3A%2F%2Fwww.mikropor.com%2Ftr%2Fkariyer%2Facik-pozisyonlar%2Farge-elektrik-elektronik-muhendisi%2F&#8221;][vc_column_text]<\/p>\n<h6>\u0130lan Tarihi: 24 Ocak 2025<\/h6>\n<p>[\/vc_column_text][vc_column_text]<\/p>\n<p class=\"m_4415471255981463790xxxxmsonormal\">\u0130nsan, \u00e7evre, teknoloji oda\u011f\u0131nda, s\u00fcrekli ilerlemeyi ilke edinerek gelece\u011fe y\u00f6n veren firmam\u0131z i\u00e7in <em><strong>Arge Elektrik Elektronik M\u00fchendisi<\/strong>\u00a0<\/em>olarak de\u011fer katacak tak\u0131m arkada\u015f\u0131 ar\u0131yoruz.<\/p>\n<p>[\/vc_column_text][vc_raw_html]JTNDYSUyMGhyZWYlM0QlMjJodHRwcyUzQSUyRiUyRnd3dy5taWtyb3Bvci5jb20lMkZ0ciUyRmthcml5ZXIlMkZhY2lrLXBvemlzeW9ubGFyJTJGYXJnZS1lbGVrdHJpay1lbGVrdHJvbmlrLW11aGVuZGlzaSUyRiUyMiUyMHJlbCUzRCUyMm5vb3BlbmVyJTIyJTIwY2xhc3MlM0QlMjJjY2Z3LXByaW1hcnktYnV0dG9uJTIyJTNFJTBBJUM0JUIwJUM1JTlGJTIwJUM0JUIwbGFuJUM0JUIxJTIwRGV0YXlsYXIlQzQlQjElMEElM0MlMkZhJTNF[\/vc_raw_html][\/vc_column][vc_column width=&#8221;1\/6&#8243;][\/vc_column][\/vc_row]<\/p>\n<\/section>","protected":false},"excerpt":{"rendered":"<p>[vc_row full_width=&#8221;stretch_row&#8221; parallax=&#8221;content-moving&#8221; css=&#8221;.vc_custom_1617615625310{margin-top: -50px !important;padding-top: 12% !important;padding-bottom: 12% !important;background: #333333 url(https:\/\/www.mikropor.com\/wp-content\/uploads\/2021\/04\/Tasarim-1-scaled-2.jpg?id=72990);background-position:center;background-repeat:-repeat;background-size:cover;}&#8221;][vc_column width=&#8221;2\/5&#8243;][\/vc_column][vc_column width=&#8221;3\/5&#8243;][vc_custom_heading text=&#8221;We know that we can only build a better future with our employees.&#8221; font_container=&#8221;tag:h2|font_size:44|text_align:left|color:%23ffffff&#8221; use_theme_fonts=&#8221;yes&#8221; el_class=&#8221;about-subtitle wow fadeIn delay&#8211;1 vc_hidden-xs&#8221;][vc_custom_heading text=&#8221;We know that we can only build a better future with our employees.&#8221; font_container=&#8221;tag:h2|font_size:25|text_align:center|color:%23ffffff&#8221; use_theme_fonts=&#8221;yes&#8221; el_class=&#8221;about-subtitle wow fadeIn delay&#8211;1 vc_hidden-lg vc_hidden-md [&hellip;]<\/p>\n","protected":false},"author":3,"featured_media":0,"parent":73771,"menu_order":0,"comment_status":"closed","ping_status":"closed","template":"page-full-width.php","meta":{"footnotes":""},"class_list":["post-92467","page","type-page","status-publish","hentry"],"_links":{"self":[{"href":"https:\/\/www.mikropor.com\/en\/wp-json\/wp\/v2\/pages\/92467","targetHints":{"allow":["GET"]}}],"collection":[{"href":"https:\/\/www.mikropor.com\/en\/wp-json\/wp\/v2\/pages"}],"about":[{"href":"https:\/\/www.mikropor.com\/en\/wp-json\/wp\/v2\/types\/page"}],"author":[{"embeddable":true,"href":"https:\/\/www.mikropor.com\/en\/wp-json\/wp\/v2\/users\/3"}],"replies":[{"embeddable":true,"href":"https:\/\/www.mikropor.com\/en\/wp-json\/wp\/v2\/comments?post=92467"}],"version-history":[{"count":2,"href":"https:\/\/www.mikropor.com\/en\/wp-json\/wp\/v2\/pages\/92467\/revisions"}],"predecessor-version":[{"id":92471,"href":"https:\/\/www.mikropor.com\/en\/wp-json\/wp\/v2\/pages\/92467\/revisions\/92471"}],"up":[{"embeddable":true,"href":"https:\/\/www.mikropor.com\/en\/wp-json\/wp\/v2\/pages\/73771"}],"wp:attachment":[{"href":"https:\/\/www.mikropor.com\/en\/wp-json\/wp\/v2\/media?parent=92467"}],"curies":[{"name":"wp","href":"https:\/\/api.w.org\/{rel}","templated":true}]}}