{"id":83738,"date":"2021-05-06T03:17:13","date_gmt":"2021-05-06T00:17:13","guid":{"rendered":"https:\/\/www.mikropor.com\/quality\/"},"modified":"2026-01-05T11:35:27","modified_gmt":"2026-01-05T08:35:27","slug":"qualite","status":"publish","type":"page","link":"https:\/\/www.mikropor.com\/fr\/qualite\/","title":{"rendered":"Qualit\u00e9"},"content":{"rendered":"<section class=\"wpb-content-wrapper\"><p>[vc_row full_width=\u00a0\u00bbstretch_row\u00a0\u00bb parallax=\u00a0\u00bbcontent-moving\u00a0\u00bb bg_type=\u00a0\u00bbimage\u00a0\u00bb parallax_style=\u00a0\u00bbvcpb-default\u00a0\u00bb bg_image_new=\u00a0\u00bbid^72981|url^https:\/\/www.mikropor.com\/wp-content\/uploads\/2021\/04\/Kalite-2-1-scaled-e1617614620312.jpg|caption^null|alt^null|title^Kalite-2|description^null\u00a0\u00bb bg_image_repeat=\u00a0\u00bbno-repeat\u00a0\u00bb el_class=\u00a0\u00bbvc_hidden-xs hero-bg\u00a0\u00bb css=\u00a0\u00bb.vc_custom_1765361929996{margin-top: -93px !important;padding-top: 12% !important;padding-bottom: 12% !important;}\u00a0\u00bb][vc_column width=\u00a0\u00bb1\/2&Prime;][\/vc_column][vc_column width=\u00a0\u00bb1\/2&Prime;][vc_custom_heading text=\u00a0\u00bbNous travaillons pour laisser un monde viable aux g\u00e9n\u00e9rations futures.\u00a0\u00bb font_container=\u00a0\u00bbtag:h2|font_size:52px|text_align:right|color:%23ffffff\u00a0\u00bb use_theme_fonts=\u00a0\u00bbyes\u00a0\u00bb el_class=\u00a0\u00bbabout-subtitle wow fadeIn delay&#8211;1&Prime;][\/vc_column][\/vc_row][vc_row full_width=\u00a0\u00bbstretch_row\u00a0\u00bb parallax=\u00a0\u00bbcontent-moving\u00a0\u00bb bg_type=\u00a0\u00bbimage\u00a0\u00bb parallax_style=\u00a0\u00bbvcpb-default\u00a0\u00bb bg_image_new=\u00a0\u00bbid^72981|url^https:\/\/www.mikropor.com\/wp-content\/uploads\/2021\/04\/Kalite-2-1-scaled-e1617614620312.jpg|caption^null|alt^null|title^Kalite-2|description^null\u00a0\u00bb bg_image_repeat=\u00a0\u00bbno-repeat\u00a0\u00bb el_class=\u00a0\u00bbvc_hidden-lg vc_hidden-md vc_hidden-sm hero-bg\u00a0\u00bb css=\u00a0\u00bb.vc_custom_1765362007929{margin-top: -50px !important;padding-top: 12% !important;padding-bottom: 12% !important;}\u00a0\u00bb][vc_column width=\u00a0\u00bb1\/2&Prime;][\/vc_column][vc_column width=\u00a0\u00bb1\/2&Prime;][vc_custom_heading text=\u00a0\u00bbNous travaillons pour laisser un monde viable aux g\u00e9n\u00e9rations futures.\u00a0\u00bb font_container=\u00a0\u00bbtag:h2|font_size:24px|text_align:right|color:%23ffffff\u00a0\u00bb use_theme_fonts=\u00a0\u00bbyes\u00a0\u00bb el_class=\u00a0\u00bbabout-subtitle wow fadeIn delay&#8211;1&Prime;][\/vc_column][\/vc_row][vc_row][vc_column css=\u00a0\u00bb.vc_custom_1749629847709{margin-top: 15px !important;margin-bottom: 60px !important;}\u00a0\u00bb][vc_column_text]<\/p>\n<p style=\"text-align: center; margin-top: 15px;\"><span style=\"color: #000000;\"><br \/>\nEn tant que Micropor, nous basons tous nos processus, de la production au service, sur les normes de qualit\u00e9 internationales. Gr\u00e2ce \u00e0 notre approche ax\u00e9e sur la satisfaction client et l&rsquo;am\u00e9lioration continue, nous proposons des solutions fiables et durables..<br \/>\n<\/span><\/p>\n<p>[\/vc_column_text][\/vc_column][\/vc_row][vc_row content_placement=\u00a0\u00bbmiddle\u00a0\u00bb el_class=\u00a0\u00bbcorporate-policy-section policy-isg\u00a0\u00bb css=\u00a0\u00bb.vc_custom_1753971019576{margin-bottom: 30px !important;}\u00a0\u00bb][vc_column width=\u00a0\u00bb1\/3&Prime;][vc_single_image image=\u00a0\u00bb81454&Prime; img_size=\u00a0\u00bbfull\u00a0\u00bb][\/vc_column][vc_column width=\u00a0\u00bb2\/3&Prime;][vc_column_text]<\/p>\n<h3 style=\"text-align: left;\">POLITIQUE DE SANT\u00c9 ET DE S\u00c9CURIT\u00c9 AU TRAVAIL<\/h3>\n<ul>\n<li>Prendre des mesures proactives et pr\u00e9ventives afin d&rsquo;\u00e9viter les accidents du travail et les maladies professionnelles.<\/li>\n<li>Offrir \u00e0 nos employ\u00e9s et visiteurs un environnement de travail sain et s\u00fbr.<\/li>\n<li>R\u00e9duire les risques li\u00e9s \u00e0 la sant\u00e9 et \u00e0 la s\u00e9curit\u00e9 au travail \u00e0 des niveaux acceptables en \u00e9valuant ces risques avec la participation de nos employ\u00e9s.<\/li>\n<li>Respecter scrupuleusement les exigences l\u00e9gales et autres.<\/li>\n<li>Sensibiliser nos employ\u00e9s \u00e0 la sant\u00e9 et \u00e0 la s\u00e9curit\u00e9 au travail et soutenir leur d\u00e9veloppement continu par le biais de formations.<\/li>\n<li>Am\u00e9liorer en permanence nos performances en mati\u00e8re de SST gr\u00e2ce \u00e0 des m\u00e9canismes de suggestions et de retour d&rsquo;information.<\/li>\n<li>Utiliser efficacement nos ressources et mettre en \u0153uvre des processus d&rsquo;am\u00e9lioration continue afin d&rsquo;atteindre nos objectifs en mati\u00e8re de SST.<\/li>\n<\/ul>\n<p>[\/vc_column_text][\/vc_column][\/vc_row][vc_row content_placement=\u00a0\u00bbmiddle\u00a0\u00bb el_class=\u00a0\u00bbcorporate-policy-section policy-cevre\u00a0\u00bb css=\u00a0\u00bb.vc_custom_1753971026884{margin-bottom: 30px !important;}\u00a0\u00bb][vc_column width=\u00a0\u00bb2\/3&Prime;][vc_column_text]<\/p>\n<h3>POLITIQUE ENVIRONNEMENTALE<\/h3>\n<ul>\n<li>Respecter scrupuleusement les proc\u00e9dures l\u00e9gales et les accords internationaux.<\/li>\n<li>Cr\u00e9er et diffuser une culture environnementale en r\u00e9duisant les risques environnementaux.<\/li>\n<li>Organiser des formations visant \u00e0 sensibiliser nos employ\u00e9s et toutes nos parties prenantes \u00e0 l&rsquo;environnement.<\/li>\n<li>\u00catre sensible \u00e0 l&rsquo;impact de l&rsquo;utilisation des ressources naturelles sur l&rsquo;environnement.<\/li>\n<li>Donner la priorit\u00e9 aux sources d&rsquo;\u00e9nergie renouvelables.<\/li>\n<li>Trier les d\u00e9chets \u00e0 la source, g\u00e9n\u00e9raliser le recyclage et r\u00e9duire la quantit\u00e9 de d\u00e9chets.<\/li>\n<li>Am\u00e9liorer en permanence les performances environnementales en surveillant les impacts.<\/li>\n<li>Fixer des objectifs de r\u00e9duction des \u00e9missions de carbone et mener des actions pour atteindre ces objectifs.<\/li>\n<li>D\u00e9finir des indicateurs de performance pour suivre l&rsquo;efficacit\u00e9 et \u00e9tablir des rapports r\u00e9guliers.<\/li>\n<\/ul>\n<p>[\/vc_column_text][\/vc_column][vc_column width=\u00a0\u00bb1\/3&Prime;][vc_single_image image=\u00a0\u00bb88398&Prime; img_size=\u00a0\u00bbfull\u00a0\u00bb][\/vc_column][\/vc_row][vc_row content_placement=\u00a0\u00bbmiddle\u00a0\u00bb el_class=\u00a0\u00bbcorporate-policy-section policy-kalite\u00a0\u00bb css=\u00a0\u00bb.vc_custom_1753971031087{margin-bottom: 30px !important;}\u00a0\u00bb][vc_column width=\u00a0\u00bb1\/3&Prime;][vc_single_image image=\u00a0\u00bb88402&Prime; img_size=\u00a0\u00bbfull\u00a0\u00bb][\/vc_column][vc_column width=\u00a0\u00bb2\/3&Prime;][vc_column_text]<\/p>\n<h3>POLITIQUE DE QUALIT\u00c9<\/h3>\n<ul>\n<li>Gr\u00e2ce \u00e0 notre approche orient\u00e9e client, produire et d\u00e9velopper des produits qui d\u00e9passent les attentes de nos clients en \u00e9tant \u00e0 l&rsquo;\u00e9coute de leurs besoins.<\/li>\n<li>Am\u00e9liorer continuellement notre comp\u00e9titivit\u00e9 gr\u00e2ce \u00e0 l&rsquo;importance que nous accordons \u00e0 la R&amp;D et \u00e0 l&rsquo;innovation.<\/li>\n<li>Am\u00e9liorer et d\u00e9velopper continuellement les performances de notre syst\u00e8me de gestion de la qualit\u00e9.<\/li>\n<li>Veiller \u00e0 ce que l&rsquo;efficacit\u00e9 de tous nos processus op\u00e9rationnels soit un facteur de comp\u00e9titivit\u00e9 durable au niveau international.<\/li>\n<li>Collaborer avec nos fournisseurs dans le respect des r\u00e8gles \u00e9thiques, sur la base de la confiance mutuelle et du b\u00e9n\u00e9fice r\u00e9ciproque.<\/li>\n<li>D\u00e9velopper les connaissances et les comp\u00e9tences de nos employ\u00e9s.<\/li>\n<\/ul>\n<p>[\/vc_column_text][\/vc_column][\/vc_row][vc_row content_placement=\u00a0\u00bbmiddle\u00a0\u00bb el_class=\u00a0\u00bbcorporate-policy-section policy-tibbi\u00a0\u00bb css=\u00a0\u00bb.vc_custom_1753971035312{margin-bottom: 30px !important;}\u00a0\u00bb][vc_column width=\u00a0\u00bb2\/3&Prime;][vc_column_text]<\/p>\n<h3>POLITIQUE DU SYST\u00c8ME DE GESTION DE LA QUALIT\u00c9 DES DISPOSITIFS M\u00c9DICAUX<\/h3>\n<ul>\n<li>Gr\u00e2ce \u00e0 notre approche orient\u00e9e client, fabriquer et d\u00e9velopper des produits r\u00e9pondant aux besoins et aux attentes des clients en mati\u00e8re de dispositifs m\u00e9dicaux et de composants.<\/li>\n<li>Am\u00e9liorer continuellement notre comp\u00e9titivit\u00e9 gr\u00e2ce \u00e0 l&rsquo;importance que nous accordons \u00e0 la R&amp;D et \u00e0 l&rsquo;innovation.<\/li>\n<li>Am\u00e9liorer et d\u00e9velopper continuellement les performances de notre syst\u00e8me de gestion de la qualit\u00e9.<\/li>\n<li>Veiller \u00e0 ce que l&rsquo;efficacit\u00e9 de tous nos processus op\u00e9rationnels soit un facteur de comp\u00e9titivit\u00e9 durable au niveau international.<\/li>\n<li>Collaborer avec nos fournisseurs dans le respect des r\u00e8gles \u00e9thiques, sur la base de la confiance mutuelle et du b\u00e9n\u00e9fice r\u00e9ciproque.<\/li>\n<li>D\u00e9velopper les connaissances et les comp\u00e9tences de nos employ\u00e9s.<\/li>\n<\/ul>\n<p>[\/vc_column_text][\/vc_column][vc_column width=\u00a0\u00bb1\/3&Prime;][vc_single_image image=\u00a0\u00bb88406&Prime; img_size=\u00a0\u00bbfull\u00a0\u00bb][\/vc_column][\/vc_row][vc_row content_placement=\u00a0\u00bbmiddle\u00a0\u00bb el_class=\u00a0\u00bbcorporate-policy-section policy-enerji\u00a0\u00bb css=\u00a0\u00bb.vc_custom_1753971043269{margin-bottom: 30px !important;}\u00a0\u00bb][vc_column width=\u00a0\u00bb1\/3&Prime;][vc_single_image image=\u00a0\u00bb88410&Prime; img_size=\u00a0\u00bbfull\u00a0\u00bb][\/vc_column][vc_column width=\u00a0\u00bb2\/3&Prime;][vc_column_text]<\/p>\n<h3>POLITIQUE \u00c9NERG\u00c9TIQUE<\/h3>\n<ul>\n<li>En suivant les innovations technologiques du secteur, r\u00e9pondre aux besoins et aux attentes de nos clients conform\u00e9ment aux exigences du syst\u00e8me de gestion de l&rsquo;\u00e9nergie, gr\u00e2ce \u00e0 notre \u00e9quipe de direction et \u00e0 notre personnel qualifi\u00e9,<\/li>\n<li>D\u00e9velopper et am\u00e9liorer en permanence notre syst\u00e8me de gestion de l&rsquo;\u00e9nergie.<\/li>\n<li>Respecter les conditions l\u00e9gales, les normes et les obligations de conformit\u00e9 auxquelles nous sommes soumis, ainsi que la l\u00e9gislation en vigueur en mati\u00e8re d&rsquo;\u00e9nergie.<\/li>\n<li>Garantir une utilisation efficace de l&rsquo;\u00e9nergie, des mati\u00e8res premi\u00e8res et des ressources naturelles.<\/li>\n<li>Respecter le principe de haute efficacit\u00e9 et de faible consommation d&rsquo;\u00e9nergie dans nos activit\u00e9s,<\/li>\n<li>Sensibiliser nos employ\u00e9s \u00e0 la question des \u00e9conomies d&rsquo;\u00e9nergie,<\/li>\n<li>Mener des activit\u00e9s visant \u00e0 r\u00e9duire au minimum la consommation d&rsquo;\u00e9nergie.<\/li>\n<\/ul>\n<p>[\/vc_column_text][\/vc_column][\/vc_row][vc_row content_placement=\u00a0\u00bbmiddle\u00a0\u00bb el_class=\u00a0\u00bbcorporate-policy-section policy-surdurulebilirlik\u00a0\u00bb css=\u00a0\u00bb.vc_custom_1753971047547{margin-bottom: 30px !important;}\u00a0\u00bb][vc_column width=\u00a0\u00bb2\/3&Prime;][vc_column_text]<\/p>\n<h3>POLITIQUE DE DURABILIT\u00c9<\/h3>\n<h4><strong>Durabilit\u00e9 environnementale<\/strong><\/h4>\n<ul>\n<li>\u00catre sensible \u00e0 l&rsquo;impact de l&rsquo;utilisation des ressources naturelles sur l&rsquo;environnement.<\/li>\n<li>R\u00e9duire la quantit\u00e9 de d\u00e9chets g\u00e9n\u00e9r\u00e9s par nos produits et services en utilisant efficacement nos ressources.<\/li>\n<li>G\u00e9n\u00e9raliser les processus de production qui r\u00e9duisent les \u00e9missions de carbone et le changement climatique.<\/li>\n<li>Soutenir le d\u00e9veloppement durable en donnant la priorit\u00e9 aux sources d&rsquo;\u00e9nergie renouvelables.<\/li>\n<\/ul>\n<h4><strong>Durabilit\u00e9 sociale<\/strong><\/h4>\n<ul>\n<li>Offrir des chances \u00e9gales sur le lieu de travail, sans distinction de sexe, d&rsquo;origine ethnique, d&rsquo;\u00e2ge, de religion ou de handicap.<\/li>\n<li>Am\u00e9liorer en permanence les conditions de travail, soutenir le bien-\u00eatre de nos employ\u00e9s gr\u00e2ce \u00e0 une politique salariale \u00e9quitable et \u00e0 des avantages sociaux.<\/li>\n<li>D\u00e9velopper des politiques favorables \u00e0 la famille en pr\u00e9servant l&rsquo;\u00e9quilibre entre vie professionnelle et vie priv\u00e9e de nos employ\u00e9s.<\/li>\n<li>Contribuer au d\u00e9veloppement social en apportant notre contribution aux communaut\u00e9s dans lesquelles nous sommes pr\u00e9sents.<\/li>\n<\/ul>\n<h4><strong>Durabilit\u00e9 \u00e9conomique<\/strong><\/h4>\n<ul>\n<li>Mettre en \u0153uvre des strat\u00e9gies de gestion des risques afin de garantir la durabilit\u00e9 de nos performances financi\u00e8res.<\/li>\n<li>Privil\u00e9gier la transparence financi\u00e8re.<\/li>\n<li>Produire des solutions durables en adoptant les avanc\u00e9es technologiques, la transformation num\u00e9rique, les technologies vertes et les mod\u00e8les commerciaux innovants.<\/li>\n<li>Contribuer aux objectifs de durabilit\u00e9 de toutes nos parties prenantes gr\u00e2ce \u00e0 une communication et une collaboration transparentes.<\/li>\n<li>\u00c9tablir nos relations \u00e9conomiques sur la base de la durabilit\u00e9.<\/li>\n<\/ul>\n<p>[\/vc_column_text][\/vc_column][vc_column width=\u00a0\u00bb1\/3&Prime;][vc_single_image image=\u00a0\u00bb88414&Prime; img_size=\u00a0\u00bbfull\u00a0\u00bb][\/vc_column][\/vc_row][vc_row css=\u00a0\u00bb.vc_custom_1750774028296{padding-top: 60px !important;}\u00a0\u00bb][vc_column][vc_custom_heading text=\u00a0\u00bbNos documents et certificats\u00a0\u00bb google_fonts=\u00a0\u00bbfont_family:Open%20Sans%3A300%2C300italic%2Cregular%2Citalic%2C600%2C600italic%2C700%2C700italic%2C800%2C800italic|font_style:600%20bold%20regular%3A600%3Anormal\u00a0\u00bb][vc_column_text]Vous pouvez consulter tous nos certificats et documents ci-dessous.[\/vc_column_text][vc_row_inner css=\u00a0\u00bb.vc_custom_1750774802996{padding-top: 30px !important;}\u00a0\u00bb][vc_column_inner width=\u00a0\u00bb1\/3&Prime; css=\u00a0\u00bb.vc_custom_1750775191303{padding-right: 7px !important;padding-left: 7px !important;}\u00a0\u00bb][vc_column_text el_class=\u00a0\u00bbsertifika-div\u00a0\u00bb]<a class=\"sertifika-alt\"><img decoding=\"async\" class=\"alignnone wp-image-74241\" src=\"https:\/\/www.mikropor.com\/wp-content\/uploads\/2021\/05\/CE.png\" alt=\"\" width=\"52\" height=\"52\" \/> <strong>Union europ\u00e9enne<br \/>\n<span style=\"display: inline-block; font-weight: 400;\">Conformit\u00e9 Europ\u00e9enne<\/span><\/strong><\/a><\/p>\n<p><a class=\"sertifika-alt\"><img decoding=\"async\" class=\"alignnone wp-image-74241\" src=\"https:\/\/www.mikropor.com\/wp-content\/webp-express\/webp-images\/uploads\/2021\/05\/Topas-Logo-1-61x61.png.webp\" alt=\"\" width=\"52\" height=\"52\" \/> <strong>TOPAS<br \/>\n<span style=\"display: inline-block; font-weight: 400;\">Certificat de conformit\u00e9<\/span><\/strong><\/a><\/p>\n<p><a class=\"sertifika-alt\"><img decoding=\"async\" class=\"alignnone wp-image-74241\" src=\"https:\/\/www.mikropor.com\/wp-content\/webp-express\/webp-images\/uploads\/2021\/06\/VDI_Siegel-61x61.png.webp\" alt=\"\" width=\"52\" height=\"52\" \/> <strong>VDI<br \/>\n<span style=\"display: inline-block; font-weight: 400;\">Conformit\u00e9 hygi\u00e9nique<\/span><\/strong><\/a>[\/vc_column_text][\/vc_column_inner][vc_column_inner width=\u00a0\u00bb1\/3&Prime; css=\u00a0\u00bb.vc_custom_1750775196797{padding-right: 7px !important;padding-left: 7px !important;}\u00a0\u00bb][vc_column_text el_class=\u00a0\u00bbsertifika-div\u00a0\u00bb]<a class=\"sertifika-alt\"><img loading=\"lazy\" decoding=\"async\" class=\"alignnone wp-image-74241\" src=\"https:\/\/www.mikropor.com\/wp-content\/webp-express\/webp-images\/uploads\/2021\/03\/cert_nbbi-61x61.png.webp\" alt=\"\" width=\"52\" height=\"52\" \/> <strong>National Board<br \/>\n<span style=\"display: inline-block; font-weight: 400;\">Dipl\u00f4me de certification<\/span><\/strong><\/a><\/p>\n<p><a class=\"sertifika-alt\"><img loading=\"lazy\" decoding=\"async\" class=\"alignnone wp-image-74241\" src=\"https:\/\/www.mikropor.com\/wp-content\/webp-express\/webp-images\/uploads\/2021\/03\/iso-logo.png.webp\" alt=\"\" width=\"52\" height=\"52\" \/> <strong>ISO<br \/>\n<span style=\"display: inline-block; font-weight: 400;\">Certificats ISO<\/span><\/strong><\/a><\/p>\n<p><a class=\"sertifika-alt\"><img loading=\"lazy\" decoding=\"async\" class=\"alignnone wp-image-74241\" src=\"https:\/\/www.mikropor.com\/wp-content\/webp-express\/webp-images\/uploads\/2021\/06\/C-UL-2-61x61.png.webp\" alt=\"\" width=\"52\" height=\"52\" \/> <strong>UL<br \/>\n<span style=\"display: inline-block; font-weight: 400;\">Certification cUL Listed<\/span><\/strong><\/a>[\/vc_column_text][\/vc_column_inner][vc_column_inner width=\u00a0\u00bb1\/3&Prime;][vc_column_text el_class=\u00a0\u00bbsertifika-div\u00a0\u00bb]<a class=\"sertifika-alt\"><img loading=\"lazy\" decoding=\"async\" class=\"alignnone wp-image-74241\" src=\"https:\/\/www.mikropor.com\/wp-content\/webp-express\/webp-images\/uploads\/2021\/03\/Designador-U-e1615411064549-61x65.png.webp\" alt=\"\" width=\"52\" height=\"52\" \/> <strong>ASME<br \/>\n<span style=\"display: inline-block; font-weight: 400;\">Dipl\u00f4me de certification<\/span><\/strong><\/a><\/p>\n<p><a class=\"sertifika-alt\"><img loading=\"lazy\" decoding=\"async\" class=\"alignnone wp-image-74241\" src=\"https:\/\/www.mikropor.com\/wp-content\/webp-express\/webp-images\/uploads\/2021\/05\/ATEX-60x60.png.webp\" alt=\"\" width=\"52\" height=\"52\" \/> <strong>Atex<br \/>\n<span style=\"display: inline-block; font-weight: 400;\">Certificat de conformit\u00e9<\/span><\/strong><\/a><\/p>\n<p><a class=\"sertifika-alt\"><img loading=\"lazy\" decoding=\"async\" class=\"alignnone wp-image-74241\" src=\"https:\/\/www.mikropor.com\/wp-content\/webp-express\/webp-images\/uploads\/2021\/03\/cagi-compressed-air-and-gas-institute.png.webp\" alt=\"\" width=\"52\" height=\"52\" \/> <strong>CAGI<br \/>\n<span style=\"display: inline-block; font-weight: 400;\">Rapports d&rsquo;essai<\/span><\/strong><\/a>[\/vc_column_text][\/vc_column_inner][\/vc_row_inner][\/vc_column][\/vc_row]<\/p>\n<\/section>","protected":false},"excerpt":{"rendered":"<p>[vc_row full_width=\u00a0\u00bbstretch_row\u00a0\u00bb parallax=\u00a0\u00bbcontent-moving\u00a0\u00bb bg_type=\u00a0\u00bbimage\u00a0\u00bb parallax_style=\u00a0\u00bbvcpb-default\u00a0\u00bb bg_image_new=\u00a0\u00bbid^72981|url^https:\/\/www.mikropor.com\/wp-content\/uploads\/2021\/04\/Kalite-2-1-scaled-e1617614620312.jpg|caption^null|alt^null|title^Kalite-2|description^null\u00a0\u00bb bg_image_repeat=\u00a0\u00bbno-repeat\u00a0\u00bb el_class=\u00a0\u00bbvc_hidden-xs hero-bg\u00a0\u00bb css=\u00a0\u00bb.vc_custom_1765361929996{margin-top: -93px !important;padding-top: 12% !important;padding-bottom: 12% !important;}\u00a0\u00bb][vc_column width=\u00a0\u00bb1\/2&Prime;][\/vc_column][vc_column width=\u00a0\u00bb1\/2&Prime;][vc_custom_heading text=\u00a0\u00bbNous travaillons pour laisser un monde viable aux g\u00e9n\u00e9rations futures.\u00a0\u00bb font_container=\u00a0\u00bbtag:h2|font_size:52px|text_align:right|color:%23ffffff\u00a0\u00bb use_theme_fonts=\u00a0\u00bbyes\u00a0\u00bb el_class=\u00a0\u00bbabout-subtitle wow fadeIn delay&#8211;1&Prime;][\/vc_column][\/vc_row][vc_row full_width=\u00a0\u00bbstretch_row\u00a0\u00bb parallax=\u00a0\u00bbcontent-moving\u00a0\u00bb bg_type=\u00a0\u00bbimage\u00a0\u00bb parallax_style=\u00a0\u00bbvcpb-default\u00a0\u00bb bg_image_new=\u00a0\u00bbid^72981|url^https:\/\/www.mikropor.com\/wp-content\/uploads\/2021\/04\/Kalite-2-1-scaled-e1617614620312.jpg|caption^null|alt^null|title^Kalite-2|description^null\u00a0\u00bb bg_image_repeat=\u00a0\u00bbno-repeat\u00a0\u00bb el_class=\u00a0\u00bbvc_hidden-lg vc_hidden-md vc_hidden-sm hero-bg\u00a0\u00bb css=\u00a0\u00bb.vc_custom_1765362007929{margin-top: -50px !important;padding-top: 12% !important;padding-bottom: 12% !important;}\u00a0\u00bb][vc_column width=\u00a0\u00bb1\/2&Prime;][\/vc_column][vc_column width=\u00a0\u00bb1\/2&Prime;][vc_custom_heading text=\u00a0\u00bbNous travaillons [&hellip;]<\/p>\n","protected":false},"author":3,"featured_media":0,"parent":0,"menu_order":0,"comment_status":"closed","ping_status":"closed","template":"page-full-width.php","meta":{"footnotes":""},"class_list":["post-83738","page","type-page","status-publish","hentry"],"_links":{"self":[{"href":"https:\/\/www.mikropor.com\/fr\/wp-json\/wp\/v2\/pages\/83738","targetHints":{"allow":["GET"]}}],"collection":[{"href":"https:\/\/www.mikropor.com\/fr\/wp-json\/wp\/v2\/pages"}],"about":[{"href":"https:\/\/www.mikropor.com\/fr\/wp-json\/wp\/v2\/types\/page"}],"author":[{"embeddable":true,"href":"https:\/\/www.mikropor.com\/fr\/wp-json\/wp\/v2\/users\/3"}],"replies":[{"embeddable":true,"href":"https:\/\/www.mikropor.com\/fr\/wp-json\/wp\/v2\/comments?post=83738"}],"version-history":[{"count":4,"href":"https:\/\/www.mikropor.com\/fr\/wp-json\/wp\/v2\/pages\/83738\/revisions"}],"predecessor-version":[{"id":91858,"href":"https:\/\/www.mikropor.com\/fr\/wp-json\/wp\/v2\/pages\/83738\/revisions\/91858"}],"wp:attachment":[{"href":"https:\/\/www.mikropor.com\/fr\/wp-json\/wp\/v2\/media?parent=83738"}],"curies":[{"name":"wp","href":"https:\/\/api.w.org\/{rel}","templated":true}]}}