{"id":84059,"date":"2021-05-20T13:06:15","date_gmt":"2021-05-20T10:06:15","guid":{"rendered":"https:\/\/www.mikropor.com\/systemes-de-generation-de-gaz\/nitrogen-generation-systems\/"},"modified":"2025-11-25T15:01:49","modified_gmt":"2025-11-25T12:01:49","slug":"generateurs-dazote","status":"publish","type":"page","link":"https:\/\/www.mikropor.com\/fr\/systemes-de-generation-de-gaz\/generateurs-dazote\/","title":{"rendered":"G\u00e9n\u00e9rateurs d&rsquo;azote"},"content":{"rendered":"<section class=\"wpb-content-wrapper\"><p>[vc_row][vc_column width=\u00a0\u00bb1\/2&Prime;][vc_column_text]<\/p>\n<h5 style=\"font-size: 19px;\">Nos g\u00e9n\u00e9rateurs d&rsquo;azote, associ\u00e9s \u00e0 nos syst\u00e8mes de purification d&rsquo;azote, r\u00e9duisent consid\u00e9rablement la consommation d&rsquo;\u00e9nergie tout en atteignant les niveaux de puret\u00e9 d&rsquo;azote les plus \u00e9lev\u00e9s possibles. Nous proposons une gamme compl\u00e8te de produits adapt\u00e9s \u00e0 diff\u00e9rents niveaux de puret\u00e9 d&rsquo;azote requis.<\/h5>\n<style>.ccfw-default-sidebar {margin-top: 31px;}<\/style>\n<p>[\/vc_column_text][\/vc_column][vc_column width=\u00a0\u00bb1\/2&Prime;][vc_single_image image=\u00a0\u00bb72848&Prime; img_size=\u00a0\u00bb306&#215;204&Prime; add_caption=\u00a0\u00bbyes\u00a0\u00bb alignment=\u00a0\u00bbcenter\u00a0\u00bb style=\u00a0\u00bbvc_box_rounded\u00a0\u00bb css=\u00a0\u00bb.vc_custom_1621504838450{margin-top: 5px !important;}\u00a0\u00bb el_class=\u00a0\u00bbwow fadeIn delay&#8211;1&Prime;][\/vc_column][\/vc_row][vc_row][vc_column][vc_column_text]Le syst\u00e8me de g\u00e9n\u00e9ration d&rsquo;azote de type PSA (Pressure Swing Adsorption) utilis\u00e9 pour s\u00e9parer et enrichir l&rsquo;azote de l&rsquo;oxyg\u00e8ne utilise un CMS (tamis mol\u00e9culaire au carbone) comme adsorbant. Le tamis mol\u00e9culaire au carbone (CMS) adsorbe les mol\u00e9cules d&rsquo;oxyg\u00e8ne et de vapeur d&rsquo;eau sous une certaine pression tout en laissant passer l&rsquo;azote. La plupart des utilisateurs de g\u00e9n\u00e9rateurs d&rsquo;azote PSA exigent les niveaux de puret\u00e9 d&rsquo;azote les plus \u00e9lev\u00e9s possibles, et ce, de la mani\u00e8re la plus rentable possible.<\/p>\n<p>Notre tout nouveau syst\u00e8me de purification d&rsquo;azote de la s\u00e9rie MDX offre un moyen extr\u00eamement \u00e9conomique d&rsquo;augmenter les niveaux de puret\u00e9 de l&rsquo;azote au-del\u00e0 de 99,5 % ou 99,9 % pour atteindre une puret\u00e9 de 99,999 %.<\/p>\n<p>Nous proposons des solutions orient\u00e9es client pour les industries m\u00e9tallurgiques, chimiques, de purge et plastiques ; le chargement d&rsquo;azote gazeux dans les pneus, les processus de production, le stockage des aliments, etc.<\/p>\n<p>Vous pouvez t\u00e9l\u00e9charger notre catalogue de produits et nos brochures dans le panneau de gauche afin de d\u00e9couvrir notre large gamme de produits ci-dessous.<\/p>\n<ul>\n<li>G\u00e9n\u00e9rateurs d&rsquo;azote PSA s\u00e9rie MNG PRO<\/li>\n<li>Syst\u00e8mes de purification d&rsquo;azote s\u00e9rie MDX<\/li>\n<li>G\u00e9n\u00e9rateurs d&rsquo;oxyg\u00e8ne PSA s\u00e9rie MOG<\/li>\n<\/ul>\n<p>[\/vc_column_text][\/vc_column][\/vc_row][vc_row][vc_column][vc_raw_html]JTNDc3R5bGUlM0UuZW50cnktY29udGVudCUyMCU3Qm1hcmdpbi10b3AlM0ElMjAzMHB4JTNCJTdEJTIwLmFkdmFuY2VkLXNpZGViYXItbWVudSUyMCU3QiUyMG1hcmdpbi10b3AlM0ElMjAzMHB4JTNCJTIwJTdEJTNDJTJGc3R5bGUlM0U=[\/vc_raw_html][\/vc_column][\/vc_row]<\/p>\n<\/section>","protected":false},"excerpt":{"rendered":"<p>[vc_row][vc_column width=\u00a0\u00bb1\/2&Prime;][vc_column_text] Nos g\u00e9n\u00e9rateurs d&rsquo;azote, associ\u00e9s \u00e0 nos syst\u00e8mes de purification d&rsquo;azote, r\u00e9duisent consid\u00e9rablement la consommation d&rsquo;\u00e9nergie tout en atteignant les niveaux de puret\u00e9 d&rsquo;azote les plus \u00e9lev\u00e9s possibles. Nous proposons une gamme compl\u00e8te de produits adapt\u00e9s \u00e0 diff\u00e9rents niveaux de puret\u00e9 d&rsquo;azote requis. [\/vc_column_text][\/vc_column][vc_column width=\u00a0\u00bb1\/2&Prime;][vc_single_image image=\u00a0\u00bb72848&Prime; img_size=\u00a0\u00bb306&#215;204&Prime; add_caption=\u00a0\u00bbyes\u00a0\u00bb alignment=\u00a0\u00bbcenter\u00a0\u00bb style=\u00a0\u00bbvc_box_rounded\u00a0\u00bb css=\u00a0\u00bb.vc_custom_1621504838450{margin-top: 5px !important;}\u00a0\u00bb el_class=\u00a0\u00bbwow [&hellip;]<\/p>\n","protected":false},"author":3,"featured_media":0,"parent":84014,"menu_order":0,"comment_status":"closed","ping_status":"closed","template":"","meta":{"footnotes":""},"class_list":["post-84059","page","type-page","status-publish","hentry"],"_links":{"self":[{"href":"https:\/\/www.mikropor.com\/fr\/wp-json\/wp\/v2\/pages\/84059","targetHints":{"allow":["GET"]}}],"collection":[{"href":"https:\/\/www.mikropor.com\/fr\/wp-json\/wp\/v2\/pages"}],"about":[{"href":"https:\/\/www.mikropor.com\/fr\/wp-json\/wp\/v2\/types\/page"}],"author":[{"embeddable":true,"href":"https:\/\/www.mikropor.com\/fr\/wp-json\/wp\/v2\/users\/3"}],"replies":[{"embeddable":true,"href":"https:\/\/www.mikropor.com\/fr\/wp-json\/wp\/v2\/comments?post=84059"}],"version-history":[{"count":4,"href":"https:\/\/www.mikropor.com\/fr\/wp-json\/wp\/v2\/pages\/84059\/revisions"}],"predecessor-version":[{"id":84070,"href":"https:\/\/www.mikropor.com\/fr\/wp-json\/wp\/v2\/pages\/84059\/revisions\/84070"}],"up":[{"embeddable":true,"href":"https:\/\/www.mikropor.com\/fr\/wp-json\/wp\/v2\/pages\/84014"}],"wp:attachment":[{"href":"https:\/\/www.mikropor.com\/fr\/wp-json\/wp\/v2\/media?parent=84059"}],"curies":[{"name":"wp","href":"https:\/\/api.w.org\/{rel}","templated":true}]}}