{"id":84072,"date":"2021-05-20T13:35:14","date_gmt":"2021-05-20T10:35:14","guid":{"rendered":"https:\/\/www.mikropor.com\/systemes-de-generation-de-gaz\/breathing-air-systems\/"},"modified":"2025-07-28T16:32:51","modified_gmt":"2025-07-28T13:32:51","slug":"systemes-dair-respirable","status":"publish","type":"page","link":"https:\/\/www.mikropor.com\/fr\/systemes-de-generation-de-gaz\/systemes-dair-respirable\/","title":{"rendered":"Syst\u00e8mes d\u2019air respirable"},"content":{"rendered":"<section class=\"wpb-content-wrapper\"><p>[vc_row][vc_column width=\u00a0\u00bb1\/2&Prime;][vc_column_text]<\/p>\n<h5 style=\"font-size: 19px;\">L&rsquo;air comprim\u00e9 de haute qualit\u00e9 est essentiel dans de nombreux secteurs industriels et joue un r\u00f4le crucial dans les applications li\u00e9es \u00e0 l&rsquo;air respirable. Nos purificateurs d&rsquo;air respirable sont con\u00e7us pour \u00e9liminer les substances dangereuses pr\u00e9sentes dans l&rsquo;air, conform\u00e9ment aux normes internationales.<\/h5>\n<style>.ccfw-default-sidebar {margin-top: 31px;}<\/style>\n<p>[\/vc_column_text][\/vc_column][vc_column width=\u00a0\u00bb1\/2&Prime;][vc_single_image image=\u00a0\u00bb74343&Prime; img_size=\u00a0\u00bb306&#215;204&Prime; add_caption=\u00a0\u00bbyes\u00a0\u00bb alignment=\u00a0\u00bbcenter\u00a0\u00bb style=\u00a0\u00bbvc_box_rounded\u00a0\u00bb css=\u00a0\u00bb.vc_custom_1622369066749{margin-top: 5px !important;}\u00a0\u00bb el_class=\u00a0\u00bbwow fadeIn delay&#8211;1&Prime;][\/vc_column][\/vc_row][vc_row][vc_column][vc_column_text]Nos syst\u00e8mes d&rsquo;air respirable sont con\u00e7us pour prot\u00e9ger contre toute une s\u00e9rie de contaminants pouvant \u00eatre pr\u00e9sents dans l&rsquo;air comprim\u00e9.<\/p>\n<p>Vous pouvez t\u00e9l\u00e9charger notre catalogue de produits et nos brochures dans le panneau de gauche afin de d\u00e9couvrir notre large gamme de produits.[\/vc_column_text][\/vc_column][\/vc_row][vc_row][vc_column][vc_raw_html]JTNDc3R5bGUlM0UuZW50cnktY29udGVudCUyMCU3Qm1hcmdpbi10b3AlM0ElMjAzMHB4JTNCJTdEJTIwLmFkdmFuY2VkLXNpZGViYXItbWVudSUyMCU3QiUyMG1hcmdpbi10b3AlM0ElMjAzMHB4JTNCJTIwJTdEJTNDJTJGc3R5bGUlM0U=[\/vc_raw_html][\/vc_column][\/vc_row]<\/p>\n<\/section>","protected":false},"excerpt":{"rendered":"<p>[vc_row][vc_column width=\u00a0\u00bb1\/2&Prime;][vc_column_text] L&rsquo;air comprim\u00e9 de haute qualit\u00e9 est essentiel dans de nombreux secteurs industriels et joue un r\u00f4le crucial dans les applications li\u00e9es \u00e0 l&rsquo;air respirable. Nos purificateurs d&rsquo;air respirable sont con\u00e7us pour \u00e9liminer les substances dangereuses pr\u00e9sentes dans l&rsquo;air, conform\u00e9ment aux normes internationales. [\/vc_column_text][\/vc_column][vc_column width=\u00a0\u00bb1\/2&Prime;][vc_single_image image=\u00a0\u00bb74343&Prime; img_size=\u00a0\u00bb306&#215;204&Prime; add_caption=\u00a0\u00bbyes\u00a0\u00bb alignment=\u00a0\u00bbcenter\u00a0\u00bb style=\u00a0\u00bbvc_box_rounded\u00a0\u00bb css=\u00a0\u00bb.vc_custom_1622369066749{margin-top: 5px !important;}\u00a0\u00bb el_class=\u00a0\u00bbwow [&hellip;]<\/p>\n","protected":false},"author":3,"featured_media":0,"parent":84014,"menu_order":0,"comment_status":"closed","ping_status":"closed","template":"","meta":{"footnotes":""},"class_list":["post-84072","page","type-page","status-publish","hentry"],"_links":{"self":[{"href":"https:\/\/www.mikropor.com\/fr\/wp-json\/wp\/v2\/pages\/84072","targetHints":{"allow":["GET"]}}],"collection":[{"href":"https:\/\/www.mikropor.com\/fr\/wp-json\/wp\/v2\/pages"}],"about":[{"href":"https:\/\/www.mikropor.com\/fr\/wp-json\/wp\/v2\/types\/page"}],"author":[{"embeddable":true,"href":"https:\/\/www.mikropor.com\/fr\/wp-json\/wp\/v2\/users\/3"}],"replies":[{"embeddable":true,"href":"https:\/\/www.mikropor.com\/fr\/wp-json\/wp\/v2\/comments?post=84072"}],"version-history":[{"count":2,"href":"https:\/\/www.mikropor.com\/fr\/wp-json\/wp\/v2\/pages\/84072\/revisions"}],"predecessor-version":[{"id":84075,"href":"https:\/\/www.mikropor.com\/fr\/wp-json\/wp\/v2\/pages\/84072\/revisions\/84075"}],"up":[{"embeddable":true,"href":"https:\/\/www.mikropor.com\/fr\/wp-json\/wp\/v2\/pages\/84014"}],"wp:attachment":[{"href":"https:\/\/www.mikropor.com\/fr\/wp-json\/wp\/v2\/media?parent=84072"}],"curies":[{"name":"wp","href":"https:\/\/api.w.org\/{rel}","templated":true}]}}