{"id":84076,"date":"2021-08-20T12:56:27","date_gmt":"2021-08-20T09:56:27","guid":{"rendered":"https:\/\/www.mikropor.com\/systemes-de-generation-de-gaz\/oxygen-generators\/"},"modified":"2025-07-28T16:34:22","modified_gmt":"2025-07-28T13:34:22","slug":"generateurs-doxygene","status":"publish","type":"page","link":"https:\/\/www.mikropor.com\/fr\/systemes-de-generation-de-gaz\/generateurs-doxygene\/","title":{"rendered":"G\u00e9n\u00e9rateurs d\u2019oxyg\u00e8ne"},"content":{"rendered":"<section class=\"wpb-content-wrapper\"><p>[vc_row][vc_column width=\u00a0\u00bb1\/2&Prime;][vc_column_text]<\/p>\n<h5 style=\"font-size: 19px;\">Nos g\u00e9n\u00e9rateurs d&rsquo;oxyg\u00e8ne sont des syst\u00e8mes \u00e0 adsorption modul\u00e9e en pression (PSA) qui fournissent de l&rsquo;oxyg\u00e8ne pur \u00e0 la compagnie a\u00e9rienne. Le tamis mol\u00e9culaire z\u00e9olitique (ZMS), un adsorbant efficace, s\u00e9pare l&rsquo;oxyg\u00e8ne et d&rsquo;autres mol\u00e9cules telles que l&rsquo;azote et l&rsquo;argon dans l&rsquo;air sec. Les mol\u00e9cules non oxyg\u00e9n\u00e9es sont adsorb\u00e9es par le ZMS sous pression constante, ce qui permet de produire de l&rsquo;oxyg\u00e8ne.<\/h5>\n<style>.ccfw-default-sidebar {margin-top: 31px;}<\/style>\n<p>[\/vc_column_text][\/vc_column][vc_column width=\u00a0\u00bb1\/2&Prime;][vc_single_image image=\u00a0\u00bb72848&Prime; img_size=\u00a0\u00bb306&#215;204&Prime; add_caption=\u00a0\u00bbyes\u00a0\u00bb alignment=\u00a0\u00bbcenter\u00a0\u00bb style=\u00a0\u00bbvc_box_rounded\u00a0\u00bb css=\u00a0\u00bb.vc_custom_1621504838450{margin-top: 5px !important;}\u00a0\u00bb el_class=\u00a0\u00bbwow fadeIn delay&#8211;1&Prime;][\/vc_column][\/vc_row][vc_row][vc_column][vc_column_text]Nos g\u00e9n\u00e9rateurs d&rsquo;oxyg\u00e8ne sont des syst\u00e8mes PSA \u00e0 deux lits remplis d&rsquo;adsorbants ZMS. Ils comprennent des filtres, un r\u00e9gulateur de pression, des vannes et des assemblages. Le processus de production d&rsquo;oxyg\u00e8ne consiste principalement \u00e0 s\u00e9parer l&rsquo;oxyg\u00e8ne et l&rsquo;azote de l&rsquo;air propre et sec.<\/p>\n<p>Nos tout nouveaux g\u00e9n\u00e9rateurs d&rsquo;oxyg\u00e8ne PSA de la s\u00e9rie MOG offrent un moyen extr\u00eamement \u00e9conomique de produire de l&rsquo;oxyg\u00e8ne \u00e0 haute capacit\u00e9 et \u00e0 haut niveau de puret\u00e9, selon les besoins des clients.<\/p>\n<p>Nous proposons des solutions adapt\u00e9es \u00e0 nos clients dans les secteurs de la m\u00e9tallurgie, de la m\u00e9decine, du verre, des mines, de l&rsquo;industrie papeti\u00e8re, des syst\u00e8mes \u00e0 ozone, des laboratoires, des fermes piscicoles, des fours industriels, etc.<\/p>\n<p>Vous pouvez t\u00e9l\u00e9charger notre catalogue de produits et nos brochures dans le panneau de gauche afin de d\u00e9couvrir notre large gamme de produits.[\/vc_column_text][\/vc_column][\/vc_row][vc_row][vc_column][vc_raw_html]JTNDc3R5bGUlM0UuZW50cnktY29udGVudCUyMCU3Qm1hcmdpbi10b3AlM0ElMjAzMHB4JTNCJTdEJTIwLmFkdmFuY2VkLXNpZGViYXItbWVudSUyMCU3QiUyMG1hcmdpbi10b3AlM0ElMjAzMHB4JTNCJTIwJTdEJTNDJTJGc3R5bGUlM0U=[\/vc_raw_html][\/vc_column][\/vc_row]<\/p>\n<\/section>","protected":false},"excerpt":{"rendered":"<p>[vc_row][vc_column width=\u00a0\u00bb1\/2&Prime;][vc_column_text] Nos g\u00e9n\u00e9rateurs d&rsquo;oxyg\u00e8ne sont des syst\u00e8mes \u00e0 adsorption modul\u00e9e en pression (PSA) qui fournissent de l&rsquo;oxyg\u00e8ne pur \u00e0 la compagnie a\u00e9rienne. Le tamis mol\u00e9culaire z\u00e9olitique (ZMS), un adsorbant efficace, s\u00e9pare l&rsquo;oxyg\u00e8ne et d&rsquo;autres mol\u00e9cules telles que l&rsquo;azote et l&rsquo;argon dans l&rsquo;air sec. Les mol\u00e9cules non oxyg\u00e9n\u00e9es sont adsorb\u00e9es par le ZMS sous pression [&hellip;]<\/p>\n","protected":false},"author":3,"featured_media":0,"parent":84014,"menu_order":0,"comment_status":"closed","ping_status":"closed","template":"","meta":{"footnotes":""},"class_list":["post-84076","page","type-page","status-publish","hentry"],"_links":{"self":[{"href":"https:\/\/www.mikropor.com\/fr\/wp-json\/wp\/v2\/pages\/84076","targetHints":{"allow":["GET"]}}],"collection":[{"href":"https:\/\/www.mikropor.com\/fr\/wp-json\/wp\/v2\/pages"}],"about":[{"href":"https:\/\/www.mikropor.com\/fr\/wp-json\/wp\/v2\/types\/page"}],"author":[{"embeddable":true,"href":"https:\/\/www.mikropor.com\/fr\/wp-json\/wp\/v2\/users\/3"}],"replies":[{"embeddable":true,"href":"https:\/\/www.mikropor.com\/fr\/wp-json\/wp\/v2\/comments?post=84076"}],"version-history":[{"count":1,"href":"https:\/\/www.mikropor.com\/fr\/wp-json\/wp\/v2\/pages\/84076\/revisions"}],"predecessor-version":[{"id":84079,"href":"https:\/\/www.mikropor.com\/fr\/wp-json\/wp\/v2\/pages\/84076\/revisions\/84079"}],"up":[{"embeddable":true,"href":"https:\/\/www.mikropor.com\/fr\/wp-json\/wp\/v2\/pages\/84014"}],"wp:attachment":[{"href":"https:\/\/www.mikropor.com\/fr\/wp-json\/wp\/v2\/media?parent=84076"}],"curies":[{"name":"wp","href":"https:\/\/api.w.org\/{rel}","templated":true}]}}