{"id":84084,"date":"2021-05-06T14:34:42","date_gmt":"2021-05-06T11:34:42","guid":{"rendered":"https:\/\/www.mikropor.com\/traitement-de-lair-comprime\/filtration-and-separation\/"},"modified":"2025-07-28T16:38:14","modified_gmt":"2025-07-28T13:38:14","slug":"filtration-et-separation","status":"publish","type":"page","link":"https:\/\/www.mikropor.com\/fr\/traitement-de-lair-comprime\/filtration-et-separation\/","title":{"rendered":"Filtration et s\u00e9paration"},"content":{"rendered":"<section class=\"wpb-content-wrapper\"><p>[vc_row][vc_column width=\u00a0\u00bb1\/2&Prime;][vc_column_text]<\/p>\n<h5 style=\"font-size: 19px;\">Nous proposons une large gamme de solutions de filtration et de s\u00e9paration \u00e0 haute efficacit\u00e9 \u00e9nerg\u00e9tique pour les applications \u00e0 air comprim\u00e9. Tous les filtres \u00e0 air comprim\u00e9 sont conformes \u00e0 la directive 2014\/68\/UE relative aux \u00e9quipements sous pression.<\/h5>\n<p>[\/vc_column_text][\/vc_column][vc_column width=\u00a0\u00bb1\/2&Prime;][vc_single_image image=\u00a0\u00bb72837&Prime; img_size=\u00a0\u00bb306&#215;204&Prime; add_caption=\u00a0\u00bbyes\u00a0\u00bb style=\u00a0\u00bbvc_box_rounded\u00a0\u00bb css=\u00a0\u00bb.vc_custom_1620129272682{margin-top: 5px !important;}\u00a0\u00bb el_class=\u00a0\u00bbwow fadeIn delay&#8211;1&Prime;][\/vc_column][\/vc_row][vc_row][vc_column][vc_column_text]Nos filtres \u00e0 air comprim\u00e9 constituent la premi\u00e8re ligne de d\u00e9fense de tout compresseur d&rsquo;air et ont un impact significatif sur la dur\u00e9e de vie du compresseur, du lubrifiant, des s\u00e9parateurs air\/huile et des filtres \u00e0 huile. Nous proposons les filtres d&rsquo;admission d&rsquo;air les plus efficaces du march\u00e9, surpassant la concurrence et offrant plus de valeur ajout\u00e9e \u00e0 nos clients.<\/p>\n<p>Avec plus de 3 000 mod\u00e8les de s\u00e9parateurs air\/huile pour compresseurs, nous proposons de multiples options pour r\u00e9pondre \u00e0 toutes les exigences en mati\u00e8re de d\u00e9bit d&rsquo;air et de performances.<\/p>\n<p>Nos s\u00e9parateurs d&rsquo;eau ont \u00e9t\u00e9 con\u00e7us pour \u00e9liminer l&rsquo;eau liquide en vrac et les particules de l&rsquo;air comprim\u00e9 et des gaz. Leur action centrifuge unique \u00e9limine les contaminants \u00e0 faible perte de charge pour une \u00e9conomie d&rsquo;\u00e9nergie maximale.<\/p>\n<p>Vous pouvez t\u00e9l\u00e9charger notre catalogue de produits et nos brochures dans le panneau de gauche afin de d\u00e9couvrir notre large gamme de produits ci-dessous.<\/p>\n<ul>\n<li>Filtres \u00e0 air comprim\u00e9<\/li>\n<li>S\u00e9parateurs air-huile<\/li>\n<li>\u00c9l\u00e9ments filtrants pour air comprim\u00e9<\/li>\n<li>S\u00e9parateurs d&rsquo;eau<\/li>\n<li>Convertisseurs catalytiques<\/li>\n<\/ul>\n<p>[\/vc_column_text][\/vc_column][\/vc_row][vc_row disable_element=\u00a0\u00bbyes\u00a0\u00bb css=\u00a0\u00bb.vc_custom_1618482935278{padding-top: 15px !important;padding-bottom: 25px !important;}\u00a0\u00bb][vc_column][vc_tta_tabs shape=\u00a0\u00bbsquare\u00a0\u00bb active_section=\u00a0\u00bb1&Prime;][vc_tta_section title=\u00a0\u00bbOverview\u00a0\u00bb tab_id=\u00a0\u00bb1498640767828-d829c451-e4e8&Prime;][vc_column_text]A corporate tax is a tax imposed on the net profit of a corporation that are taxed at the entity level in a particular jurisdiction. Net profit for corporate tax is generally the financial statement net profit with modifications, and may be defined in great detail within each country&rsquo;s tax system. Such taxes may include income or other taxes.[\/vc_column_text][\/vc_tta_section][vc_tta_section title=\u00a0\u00bbTypes\u00a0\u00bb tab_id=\u00a0\u00bb1498640767881-a7334b3d-3aa6&Prime;][vc_column_text]Corporations may be taxed on their incomes, property, or existence or equity structure by various jurisdictions. Maryland imposes a tax on corporations organized in that state based on the number of shares of capital stock issued and outstanding. Many jurisdictions instead impose a tax based on stated or computed capital, often including retained profits.[\/vc_column_text][\/vc_tta_section][vc_tta_section title=\u00a0\u00bbIncome\u00a0\u00bb tab_id=\u00a0\u00bb1498640823454-a7f3f480-2399&Prime;][vc_column_text]Most systems impose income tax at a specified rate of tax times taxable income, which may be decreased due to tax exemption. The United States define taxable income for a corporation as all gross income, i.e. sales plus other income minus cost of goods sold and tax exempt income less allowable tax deductions, without the allowance of the standard deduction.[\/vc_column_text][\/vc_tta_section][\/vc_tta_tabs][\/vc_column][\/vc_row][vc_row disable_element=\u00a0\u00bbyes\u00a0\u00bb css=\u00a0\u00bb.vc_custom_1620301168698{padding-bottom: 20px !important;}\u00a0\u00bb][vc_column][vc_custom_heading text=\u00a0\u00bbKaynaklar\u00a0\u00bb font_container=\u00a0\u00bbtag:h4|text_align:left\u00a0\u00bb use_theme_fonts=\u00a0\u00bbyes\u00a0\u00bb css=\u00a0\u00bb.vc_custom_1618483032907{padding-bottom: 10px !important;}\u00a0\u00bb][vc_row_inner][vc_column_inner el_class=\u00a0\u00bbwow fadeIn delay&#8211;1&Prime;][vc_column_text]<\/p>\n<ul class=\"doc\">\n<li><a href=\"#\" target=\"_blank\" rel=\"noopener\">OMC Sistemi Teknik Dok\u00fcman<\/a> <strong>1.76 MB<\/strong><\/li>\n<\/ul>\n<p>[\/vc_column_text][\/vc_column_inner][\/vc_row_inner][\/vc_column][\/vc_row][vc_row disable_element=\u00a0\u00bbyes\u00a0\u00bb css=\u00a0\u00bb.vc_custom_1751289990652{padding-bottom: 15px !important;}\u00a0\u00bb][vc_column][vc_raw_html]JTVCc2MlMjBuYW1lJTNEJTIyMjAyNWNhc2VuJTIyJTVEJTVCJTJGc2MlNUQ=[\/vc_raw_html][\/vc_column][\/vc_row][vc_row][vc_column][vc_raw_html]JTNDc3R5bGUlM0UuZW50cnktY29udGVudCUyMCU3Qm1hcmdpbi10b3AlM0ElMjAzMHB4JTNCJTdEJTIwLmFkdmFuY2VkLXNpZGViYXItbWVudSUyMCU3QiUyMG1hcmdpbi10b3AlM0ElMjAzMHB4JTNCJTIwJTdEJTNDJTJGc3R5bGUlM0U=[\/vc_raw_html][\/vc_column][\/vc_row]<\/p>\n<\/section>","protected":false},"excerpt":{"rendered":"<p>[vc_row][vc_column width=\u00a0\u00bb1\/2&Prime;][vc_column_text] Nous proposons une large gamme de solutions de filtration et de s\u00e9paration \u00e0 haute efficacit\u00e9 \u00e9nerg\u00e9tique pour les applications \u00e0 air comprim\u00e9. Tous les filtres \u00e0 air comprim\u00e9 sont conformes \u00e0 la directive 2014\/68\/UE relative aux \u00e9quipements sous pression. [\/vc_column_text][\/vc_column][vc_column width=\u00a0\u00bb1\/2&Prime;][vc_single_image image=\u00a0\u00bb72837&Prime; img_size=\u00a0\u00bb306&#215;204&Prime; add_caption=\u00a0\u00bbyes\u00a0\u00bb style=\u00a0\u00bbvc_box_rounded\u00a0\u00bb css=\u00a0\u00bb.vc_custom_1620129272682{margin-top: 5px !important;}\u00a0\u00bb el_class=\u00a0\u00bbwow fadeIn delay&#8211;1&Prime;][\/vc_column][\/vc_row][vc_row][vc_column][vc_column_text]Nos filtres \u00e0 [&hellip;]<\/p>\n","protected":false},"author":3,"featured_media":0,"parent":84007,"menu_order":0,"comment_status":"closed","ping_status":"closed","template":"","meta":{"footnotes":""},"class_list":["post-84084","page","type-page","status-publish","hentry"],"_links":{"self":[{"href":"https:\/\/www.mikropor.com\/fr\/wp-json\/wp\/v2\/pages\/84084","targetHints":{"allow":["GET"]}}],"collection":[{"href":"https:\/\/www.mikropor.com\/fr\/wp-json\/wp\/v2\/pages"}],"about":[{"href":"https:\/\/www.mikropor.com\/fr\/wp-json\/wp\/v2\/types\/page"}],"author":[{"embeddable":true,"href":"https:\/\/www.mikropor.com\/fr\/wp-json\/wp\/v2\/users\/3"}],"replies":[{"embeddable":true,"href":"https:\/\/www.mikropor.com\/fr\/wp-json\/wp\/v2\/comments?post=84084"}],"version-history":[{"count":2,"href":"https:\/\/www.mikropor.com\/fr\/wp-json\/wp\/v2\/pages\/84084\/revisions"}],"predecessor-version":[{"id":84086,"href":"https:\/\/www.mikropor.com\/fr\/wp-json\/wp\/v2\/pages\/84084\/revisions\/84086"}],"up":[{"embeddable":true,"href":"https:\/\/www.mikropor.com\/fr\/wp-json\/wp\/v2\/pages\/84007"}],"wp:attachment":[{"href":"https:\/\/www.mikropor.com\/fr\/wp-json\/wp\/v2\/media?parent=84084"}],"curies":[{"name":"wp","href":"https:\/\/api.w.org\/{rel}","templated":true}]}}