{"id":84087,"date":"2021-05-10T23:14:44","date_gmt":"2021-05-10T20:14:44","guid":{"rendered":"https:\/\/www.mikropor.com\/traitement-de-lair-comprime\/compressed-air-dryers\/"},"modified":"2025-07-28T16:41:57","modified_gmt":"2025-07-28T13:41:57","slug":"secheurs-dair-comprime","status":"publish","type":"page","link":"https:\/\/www.mikropor.com\/fr\/traitement-de-lair-comprime\/secheurs-dair-comprime\/","title":{"rendered":"S\u00e9cheurs d&rsquo;air comprim\u00e9"},"content":{"rendered":"<section class=\"wpb-content-wrapper\"><p>[vc_row][vc_column width=\u00a0\u00bb1\/2&Prime;][vc_column_text]<\/p>\n<h5 style=\"font-size: 19px; text-align: justify;\">L&rsquo;utilisation d&rsquo;air propre et sec est extr\u00eamement importante pour toutes les applications pneumatiques. L&rsquo;humidit\u00e9 ou la contamination de l&rsquo;air provenant de la sortie standard du compresseur peut entra\u00eener des erreurs syst\u00e8me complexes. Ces complications r\u00e9duisent la productivit\u00e9 et peuvent affecter la qualit\u00e9 des produits finis. Nous sommes conscients de l&rsquo;importance d&rsquo;un air comprim\u00e9 de haute qualit\u00e9 et garantissons \u00e0 nos clients un air de la plus haute qualit\u00e9.<\/h5>\n<style>.ccfw-default-sidebar {margin-top: 31px;}<\/style>\n<p>[\/vc_column_text][\/vc_column][vc_column width=\u00a0\u00bb1\/2&Prime;][vc_single_image image=\u00a0\u00bb72838&Prime; img_size=\u00a0\u00bb306&#215;204&Prime; add_caption=\u00a0\u00bbyes\u00a0\u00bb alignment=\u00a0\u00bbcenter\u00a0\u00bb style=\u00a0\u00bbvc_box_rounded\u00a0\u00bb css=\u00a0\u00bb.vc_custom_1620677582088{margin-top: 5px !important;}\u00a0\u00bb el_class=\u00a0\u00bbwow fadeIn delay&#8211;1&Prime;][\/vc_column][\/vc_row][vc_row][vc_column][vc_column_text]Nous proposons une gamme compl\u00e8te de produits destin\u00e9s aux applications de filtration et de purification de l&rsquo;air. Production alimentaire, laiteries, brasseries, transport d&rsquo;air propre, usines chimiques, technologie de l&rsquo;air pur et des salles blanches, industrie pharmaceutique, machines \u00e0 tisser, laboratoires photo, pulv\u00e9risation de peinture, rev\u00eatement par poudre, emballage, air de commande et d&rsquo;instrumentation, sablage et\/ou grenaillage, travaux g\u00e9n\u00e9raux sur l&rsquo;air, production de micropuces, optique, air de process ainsi que de nombreux autres march\u00e9s.<\/p>\n<p>Vous pouvez t\u00e9l\u00e9charger notre catalogue de produits et nos brochures dans le panneau de gauche afin de d\u00e9couvrir notre large gamme de produits ci-dessous.<\/p>\n<ul>\n<li>S\u00e9cheurs d&rsquo;air comprim\u00e9 r\u00e9frig\u00e9r\u00e9s sans cycle<\/li>\n<li>S\u00e9cheurs d&rsquo;air comprim\u00e9 r\u00e9frig\u00e9r\u00e9s statiques<\/li>\n<li>S\u00e9cheurs d&rsquo;air comprim\u00e9 r\u00e9frig\u00e9r\u00e9s \u00e0 cycle (masse thermique)<\/li>\n<li>S\u00e9cheurs d&rsquo;air comprim\u00e9 r\u00e9frig\u00e9r\u00e9s \u00e0 spirale num\u00e9rique<\/li>\n<li>S\u00e9cheurs d&rsquo;air comprim\u00e9 modulaires \u00e0 dessiccant<\/li>\n<li>S\u00e9cheurs d&rsquo;air comprim\u00e9 \u00e0 dessiccant sans chauffage (PSA)<\/li>\n<li>S\u00e9cheurs d&rsquo;air comprim\u00e9 \u00e0 dessiccant avec chauffage (TSA)<\/li>\n<\/ul>\n<p>[\/vc_column_text][\/vc_column][\/vc_row][vc_row disable_element=\u00a0\u00bbyes\u00a0\u00bb css=\u00a0\u00bb.vc_custom_1618482935278{padding-top: 15px !important;padding-bottom: 25px !important;}\u00a0\u00bb][vc_column][vc_tta_tabs shape=\u00a0\u00bbsquare\u00a0\u00bb active_section=\u00a0\u00bb1&Prime;][vc_tta_section title=\u00a0\u00bbOverview\u00a0\u00bb tab_id=\u00a0\u00bb1498640767828-d829c451-e4e8&Prime;][vc_column_text]A corporate tax is a tax imposed on the net profit of a corporation that are taxed at the entity level in a particular jurisdiction. Net profit for corporate tax is generally the financial statement net profit with modifications, and may be defined in great detail within each country&rsquo;s tax system. Such taxes may include income or other taxes.[\/vc_column_text][\/vc_tta_section][vc_tta_section title=\u00a0\u00bbTypes\u00a0\u00bb tab_id=\u00a0\u00bb1498640767881-a7334b3d-3aa6&Prime;][vc_column_text]Corporations may be taxed on their incomes, property, or existence or equity structure by various jurisdictions. Maryland imposes a tax on corporations organized in that state based on the number of shares of capital stock issued and outstanding. Many jurisdictions instead impose a tax based on stated or computed capital, often including retained profits.[\/vc_column_text][\/vc_tta_section][vc_tta_section title=\u00a0\u00bbIncome\u00a0\u00bb tab_id=\u00a0\u00bb1498640823454-a7f3f480-2399&Prime;][vc_column_text]Most systems impose income tax at a specified rate of tax times taxable income, which may be decreased due to tax exemption. The United States define taxable income for a corporation as all gross income, i.e. sales plus other income minus cost of goods sold and tax exempt income less allowable tax deductions, without the allowance of the standard deduction.[\/vc_column_text][\/vc_tta_section][\/vc_tta_tabs][\/vc_column][\/vc_row][vc_row disable_element=\u00a0\u00bbyes\u00a0\u00bb css=\u00a0\u00bb.vc_custom_1620305243622{padding-bottom: 20px !important;}\u00a0\u00bb][vc_column][vc_custom_heading text=\u00a0\u00bbKaynaklar\u00a0\u00bb font_container=\u00a0\u00bbtag:h4|text_align:left\u00a0\u00bb use_theme_fonts=\u00a0\u00bbyes\u00a0\u00bb css=\u00a0\u00bb.vc_custom_1618483032907{padding-bottom: 10px !important;}\u00a0\u00bb][vc_row_inner][vc_column_inner el_class=\u00a0\u00bbwow fadeIn delay&#8211;1&Prime;][vc_column_text]<\/p>\n<ul class=\"doc\">\n<li><a href=\"#\" target=\"_blank\" rel=\"noopener\">OMC Sistemi Teknik Dok\u00fcman<\/a> <strong>1.76 MB<\/strong><\/li>\n<\/ul>\n<p>[\/vc_column_text][\/vc_column_inner][\/vc_row_inner][\/vc_column][\/vc_row][vc_row disable_element=\u00a0\u00bbyes\u00a0\u00bb css=\u00a0\u00bb.vc_custom_1751290041833{padding-bottom: 15px !important;}\u00a0\u00bb][vc_column][vc_raw_html]JTVCc2MlMjBuYW1lJTNEJTIyMjAyNWNhc2VuJTIyJTVEJTVCJTJGc2MlNUQ=[\/vc_raw_html][\/vc_column][\/vc_row][vc_row][vc_column][vc_raw_html]JTNDc3R5bGUlM0UuZW50cnktY29udGVudCUyMCU3Qm1hcmdpbi10b3AlM0ElMjAzMHB4JTNCJTdEJTIwLmFkdmFuY2VkLXNpZGViYXItbWVudSUyMCU3QiUyMG1hcmdpbi10b3AlM0ElMjAzMHB4JTNCJTIwJTdEJTNDJTJGc3R5bGUlM0U=[\/vc_raw_html][\/vc_column][\/vc_row]<\/p>\n<\/section>","protected":false},"excerpt":{"rendered":"<p>[vc_row][vc_column width=\u00a0\u00bb1\/2&Prime;][vc_column_text] L&rsquo;utilisation d&rsquo;air propre et sec est extr\u00eamement importante pour toutes les applications pneumatiques. L&rsquo;humidit\u00e9 ou la contamination de l&rsquo;air provenant de la sortie standard du compresseur peut entra\u00eener des erreurs syst\u00e8me complexes. Ces complications r\u00e9duisent la productivit\u00e9 et peuvent affecter la qualit\u00e9 des produits finis. Nous sommes conscients de l&rsquo;importance d&rsquo;un air comprim\u00e9 [&hellip;]<\/p>\n","protected":false},"author":3,"featured_media":0,"parent":84007,"menu_order":0,"comment_status":"closed","ping_status":"closed","template":"","meta":{"footnotes":""},"class_list":["post-84087","page","type-page","status-publish","hentry"],"_links":{"self":[{"href":"https:\/\/www.mikropor.com\/fr\/wp-json\/wp\/v2\/pages\/84087","targetHints":{"allow":["GET"]}}],"collection":[{"href":"https:\/\/www.mikropor.com\/fr\/wp-json\/wp\/v2\/pages"}],"about":[{"href":"https:\/\/www.mikropor.com\/fr\/wp-json\/wp\/v2\/types\/page"}],"author":[{"embeddable":true,"href":"https:\/\/www.mikropor.com\/fr\/wp-json\/wp\/v2\/users\/3"}],"replies":[{"embeddable":true,"href":"https:\/\/www.mikropor.com\/fr\/wp-json\/wp\/v2\/comments?post=84087"}],"version-history":[{"count":3,"href":"https:\/\/www.mikropor.com\/fr\/wp-json\/wp\/v2\/pages\/84087\/revisions"}],"predecessor-version":[{"id":84092,"href":"https:\/\/www.mikropor.com\/fr\/wp-json\/wp\/v2\/pages\/84087\/revisions\/84092"}],"up":[{"embeddable":true,"href":"https:\/\/www.mikropor.com\/fr\/wp-json\/wp\/v2\/pages\/84007"}],"wp:attachment":[{"href":"https:\/\/www.mikropor.com\/fr\/wp-json\/wp\/v2\/media?parent=84087"}],"curies":[{"name":"wp","href":"https:\/\/api.w.org\/{rel}","templated":true}]}}