{"id":84105,"date":"2021-05-06T13:32:29","date_gmt":"2021-05-06T10:32:29","guid":{"rendered":"https:\/\/www.mikropor.com\/filtration-de-lair-atmospherique\/high-temperature-filters\/"},"modified":"2025-07-28T17:35:58","modified_gmt":"2025-07-28T14:35:58","slug":"filtres-haute-temperature","status":"publish","type":"page","link":"https:\/\/www.mikropor.com\/fr\/filtration-de-lair-atmospherique\/filtres-haute-temperature\/","title":{"rendered":"Filtres haute temp\u00e9rature"},"content":{"rendered":"<section class=\"wpb-content-wrapper\"><p>[vc_row][vc_column width=\u00a0\u00bb1\/2&Prime;][vc_column_text]<\/p>\n<h5 style=\"font-size: 19px; text-align: justify;\">Nos filtres de haute qualit\u00e9 et \u00e0 faible consommation d&rsquo;\u00e9nergie contribuent \u00e0 prot\u00e9ger les personnes, les processus et les produits contre les particules (PM). Nous garantissons l&rsquo;efficacit\u00e9 de nos produits gr\u00e2ce \u00e0 la norme ISO 16890, qui teste les performances des filtres \u00e0 air \u00e0 l&rsquo;aide de particules couvrant un large spectre.<\/h5>\n<p>[\/vc_column_text][\/vc_column][vc_column width=\u00a0\u00bb1\/2&Prime;][vc_single_image image=\u00a0\u00bb73660&Prime; img_size=\u00a0\u00bbfull\u00a0\u00bb add_caption=\u00a0\u00bbyes\u00a0\u00bb style=\u00a0\u00bbvc_box_rounded\u00a0\u00bb css=\u00a0\u00bb.vc_custom_1619646966498{margin-top: 5px !important;}\u00a0\u00bb el_class=\u00a0\u00bbwow fadeIn delay&#8211;1&Prime;][\/vc_column][\/vc_row][vc_row][vc_column][vc_column_text]La consommation d&rsquo;\u00e9nergie, l&rsquo;un des principaux postes de co\u00fbts, repr\u00e9sente environ 80 % du co\u00fbt total de la filtration. En raison de ce taux \u00e9lev\u00e9, l&rsquo;utilisation d&rsquo;un filtre \u00e0 air \u00e0 haute efficacit\u00e9 \u00e9nerg\u00e9tique permet de r\u00e9aliser des \u00e9conomies et de r\u00e9duire la quantit\u00e9 de d\u00e9chets, car la fr\u00e9quence de remplacement est diminu\u00e9e. Une m\u00e9thode invariable est utilis\u00e9e pour \u00e9valuer l&rsquo;efficacit\u00e9 \u00e9nerg\u00e9tique des filtres de classe G4, M5, M6, F7, F8 et F9, et les produits dans lesquels cette m\u00e9thode est mise en \u0153uvre sont indiqu\u00e9s par le certificat Eurovent 4\/11 qui y est appos\u00e9. Nos produits certifi\u00e9s Eurovent prot\u00e8gent votre sant\u00e9 et l&rsquo;environnement tout en vous permettant de r\u00e9aliser des \u00e9conomies.<\/p>\n<p>Nous proposons une gamme compl\u00e8te de filtres \u00e0 air adapt\u00e9s aux syst\u00e8mes de peinture modernes. Ces syst\u00e8mes n\u00e9cessitent soit un air frais et exempt de particules en permanence, soit un air recycl\u00e9 sans COV. Forts de notre exp\u00e9rience internationale, nous fournissons des solutions de filtration ultimes pour les applications CVC et HT \u00e0 des constructeurs automobiles de renom.<\/p>\n<p>Nous proposons des solutions de filtration non seulement pour les syst\u00e8mes CVC, mais aussi pour les processus de peinture industrielle et les fours atteignant diff\u00e9rentes temp\u00e9ratures id\u00e9ales. Pour d\u00e9couvrir notre large gamme de produits atteignant des temp\u00e9ratures de fonctionnement allant jusqu&rsquo;\u00e0 350 \u00b0C, vous pouvez t\u00e9l\u00e9charger notre catalogue de produits dans le panneau de gauche.<\/p>\n<ul>\n<li>Filtration des particules (F6-H10)<\/li>\n<li>Disponible en tailles non standard<\/li>\n<li>Adh\u00e9sif et sans silicone<\/li>\n<\/ul>\n<p>Nous fournissons les solutions les plus adapt\u00e9es gr\u00e2ce \u00e0 une approche syst\u00e9matique des attentes et des besoins de divers secteurs, en tenant compte de la minimisation des co\u00fbts \u00e0 long terme. Gr\u00e2ce \u00e0 un programme sp\u00e9cial appel\u00e9 MICAM (Mikropor Clean Air Management), nous surveillons, contr\u00f4lons et rendons compte des performances des filtres de nos partenaires et mettons en \u0153uvre des solutions de filtration qui garantissent une consommation d&rsquo;\u00e9nergie optimale.<\/p>\n<p>Vous pouvez t\u00e9l\u00e9charger nos brochures dans le panneau de gauche afin de d\u00e9couvrir nos solutions destin\u00e9es au secteur automobile et \u00e0 d&rsquo;autres domaines d&rsquo;application.[\/vc_column_text][\/vc_column][\/vc_row][vc_row disable_element=\u00a0\u00bbyes\u00a0\u00bb css=\u00a0\u00bb.vc_custom_1618482935278{padding-top: 15px !important;padding-bottom: 25px !important;}\u00a0\u00bb][vc_column][vc_tta_tabs shape=\u00a0\u00bbsquare\u00a0\u00bb active_section=\u00a0\u00bb1&Prime;][vc_tta_section title=\u00a0\u00bbOverview\u00a0\u00bb tab_id=\u00a0\u00bb1498640767828-d829c451-e4e8&Prime;][vc_column_text]A corporate tax is a tax imposed on the net profit of a corporation that are taxed at the entity level in a particular jurisdiction. Net profit for corporate tax is generally the financial statement net profit with modifications, and may be defined in great detail within each country&rsquo;s tax system. Such taxes may include income or other taxes.[\/vc_column_text][\/vc_tta_section][vc_tta_section title=\u00a0\u00bbTypes\u00a0\u00bb tab_id=\u00a0\u00bb1498640767881-a7334b3d-3aa6&Prime;][vc_column_text]Corporations may be taxed on their incomes, property, or existence or equity structure by various jurisdictions. Maryland imposes a tax on corporations organized in that state based on the number of shares of capital stock issued and outstanding. Many jurisdictions instead impose a tax based on stated or computed capital, often including retained profits.[\/vc_column_text][\/vc_tta_section][vc_tta_section title=\u00a0\u00bbIncome\u00a0\u00bb tab_id=\u00a0\u00bb1498640823454-a7f3f480-2399&Prime;][vc_column_text]Most systems impose income tax at a specified rate of tax times taxable income, which may be decreased due to tax exemption. The United States define taxable income for a corporation as all gross income, i.e. sales plus other income minus cost of goods sold and tax exempt income less allowable tax deductions, without the allowance of the standard deduction.[\/vc_column_text][\/vc_tta_section][\/vc_tta_tabs][\/vc_column][\/vc_row][vc_row disable_element=\u00a0\u00bbyes\u00a0\u00bb css=\u00a0\u00bb.vc_custom_1620297369549{padding-bottom: 20px !important;}\u00a0\u00bb][vc_column][vc_custom_heading text=\u00a0\u00bbKaynaklar\u00a0\u00bb font_container=\u00a0\u00bbtag:h4|text_align:left\u00a0\u00bb use_theme_fonts=\u00a0\u00bbyes\u00a0\u00bb css=\u00a0\u00bb.vc_custom_1618483032907{padding-bottom: 10px !important;}\u00a0\u00bb][vc_row_inner][vc_column_inner el_class=\u00a0\u00bbwow fadeIn delay&#8211;1&Prime;][vc_column_text]<\/p>\n<ul class=\"doc\">\n<li><a href=\"#\" target=\"_blank\" rel=\"noopener\">Y\u00fcksek S\u0131cakl\u0131k Filtreleri Teknik Dok\u00fcman<\/a> <strong>1.76 MB<\/strong><\/li>\n<\/ul>\n<p>[\/vc_column_text][\/vc_column_inner][\/vc_row_inner][\/vc_column][\/vc_row][vc_row disable_element=\u00a0\u00bbyes\u00a0\u00bb css=\u00a0\u00bb.vc_custom_1751290480601{padding-bottom: 15px !important;}\u00a0\u00bb][vc_column][vc_raw_html]JTVCc2MlMjBuYW1lJTNEJTIyMjAyNWh2YWNlbiUyMiU1RCU1QiUyRnNjJTVE[\/vc_raw_html][\/vc_column][\/vc_row][vc_row][vc_column][vc_raw_html]JTNDc3R5bGUlM0UuZW50cnktY29udGVudCUyMCU3Qm1hcmdpbi10b3AlM0ElMjAzMHB4JTNCJTdEJTIwLmFkdmFuY2VkLXNpZGViYXItbWVudSUyMCU3QiUyMG1hcmdpbi10b3AlM0ElMjAzMHB4JTNCJTIwJTdEJTNDJTJGc3R5bGUlM0U=[\/vc_raw_html][\/vc_column][\/vc_row]<\/p>\n<\/section>","protected":false},"excerpt":{"rendered":"<p>[vc_row][vc_column width=\u00a0\u00bb1\/2&Prime;][vc_column_text] Nos filtres de haute qualit\u00e9 et \u00e0 faible consommation d&rsquo;\u00e9nergie contribuent \u00e0 prot\u00e9ger les personnes, les processus et les produits contre les particules (PM). Nous garantissons l&rsquo;efficacit\u00e9 de nos produits gr\u00e2ce \u00e0 la norme ISO 16890, qui teste les performances des filtres \u00e0 air \u00e0 l&rsquo;aide de particules couvrant un large spectre. [\/vc_column_text][\/vc_column][vc_column [&hellip;]<\/p>\n","protected":false},"author":3,"featured_media":0,"parent":83952,"menu_order":0,"comment_status":"closed","ping_status":"closed","template":"","meta":{"footnotes":""},"class_list":["post-84105","page","type-page","status-publish","hentry"],"_links":{"self":[{"href":"https:\/\/www.mikropor.com\/fr\/wp-json\/wp\/v2\/pages\/84105","targetHints":{"allow":["GET"]}}],"collection":[{"href":"https:\/\/www.mikropor.com\/fr\/wp-json\/wp\/v2\/pages"}],"about":[{"href":"https:\/\/www.mikropor.com\/fr\/wp-json\/wp\/v2\/types\/page"}],"author":[{"embeddable":true,"href":"https:\/\/www.mikropor.com\/fr\/wp-json\/wp\/v2\/users\/3"}],"replies":[{"embeddable":true,"href":"https:\/\/www.mikropor.com\/fr\/wp-json\/wp\/v2\/comments?post=84105"}],"version-history":[{"count":2,"href":"https:\/\/www.mikropor.com\/fr\/wp-json\/wp\/v2\/pages\/84105\/revisions"}],"predecessor-version":[{"id":84109,"href":"https:\/\/www.mikropor.com\/fr\/wp-json\/wp\/v2\/pages\/84105\/revisions\/84109"}],"up":[{"embeddable":true,"href":"https:\/\/www.mikropor.com\/fr\/wp-json\/wp\/v2\/pages\/83952"}],"wp:attachment":[{"href":"https:\/\/www.mikropor.com\/fr\/wp-json\/wp\/v2\/media?parent=84105"}],"curies":[{"name":"wp","href":"https:\/\/api.w.org\/{rel}","templated":true}]}}