{"id":84120,"date":"2021-05-06T13:50:32","date_gmt":"2021-05-06T10:50:32","guid":{"rendered":"https:\/\/www.mikropor.com\/filtration-de-lair-atmospherique\/gas-turbine-air-intake-filters\/"},"modified":"2025-07-28T17:47:22","modified_gmt":"2025-07-28T14:47:22","slug":"filtres-dadmission-pour-turbines-a-gaz","status":"publish","type":"page","link":"https:\/\/www.mikropor.com\/fr\/filtration-de-lair-atmospherique\/filtres-dadmission-pour-turbines-a-gaz\/","title":{"rendered":"Filtres d\u2019Admission pour Turbines \u00e0 Gaz"},"content":{"rendered":"<section class=\"wpb-content-wrapper\"><p>[vc_row][vc_column width=\u00a0\u00bb1\/2&Prime;][vc_column_text]<\/p>\n<h5 style=\"font-size: 19px; text-align: justify;\">Nos solutions de filtration pour turbines \u00e0 gaz comprennent des produits uniques tels que des filtres mini-pliss\u00e9s, \u00e0 chargement en profondeur et \u00e0 impulsions, qui offrent un rendement \u00e9lev\u00e9 et des pertes de charge r\u00e9duites gr\u00e2ce \u00e0 une surface filtrante plus importante.<\/h5>\n<p>[\/vc_column_text][\/vc_column][vc_column width=\u00a0\u00bb1\/2&Prime;][vc_single_image image=\u00a0\u00bb73647&Prime; img_size=\u00a0\u00bb306&#215;204&Prime; add_caption=\u00a0\u00bbyes\u00a0\u00bb alignment=\u00a0\u00bbright\u00a0\u00bb style=\u00a0\u00bbvc_box_rounded\u00a0\u00bb css=\u00a0\u00bb.vc_custom_1620298356122{margin-top: 5px !important;}\u00a0\u00bb el_class=\u00a0\u00bbwow fadeIn delay&#8211;1&Prime;][\/vc_column][\/vc_row][vc_row][vc_column][vc_column_text]La consommation d&rsquo;\u00e9nergie, l&rsquo;un des principaux postes de co\u00fbts, repr\u00e9sente environ 80 % du co\u00fbt total de la filtration. En raison de ce taux \u00e9lev\u00e9, l&rsquo;utilisation d&rsquo;un filtre \u00e0 air \u00e0 haute efficacit\u00e9 \u00e9nerg\u00e9tique permet de r\u00e9aliser des \u00e9conomies et de r\u00e9duire la quantit\u00e9 de d\u00e9chets, car la fr\u00e9quence de remplacement est diminu\u00e9e. Une m\u00e9thode invariable est utilis\u00e9e pour \u00e9valuer l&rsquo;efficacit\u00e9 \u00e9nerg\u00e9tique des filtres de classe G4, M5, M6, F7, F8 et F9, et les produits dans lesquels cette m\u00e9thode est mise en \u0153uvre sont indiqu\u00e9s par le certificat Eurovent 4\/11 qui y est appos\u00e9. Nos produits certifi\u00e9s Eurovent prot\u00e8gent votre sant\u00e9 et l&rsquo;environnement tout en vous permettant de r\u00e9aliser des \u00e9conomies.<\/p>\n<p>Nos filtres \u00e0 air puls\u00e9s et statiques de haute technologie, pr\u00e9f\u00e9r\u00e9s par les fabricants de turbines \u00e0 gaz renomm\u00e9s, sont id\u00e9aux dans des conditions environnementales difficiles. Nous fournissons des solutions de filtration avec un encrassement n\u00e9gligeable de la turbine et une fr\u00e9quence cardiaque maximis\u00e9e, et proposons \u00e9galement des solutions pour les applications c\u00f4ti\u00e8res et offshore dans des conditions d&rsquo;humidit\u00e9 extr\u00eame.<\/p>\n<ul>\n<li>Con\u00e7us pour r\u00e9pondre \u00e0 diff\u00e9rentes exigences telles que haute efficacit\u00e9, durabilit\u00e9, longue dur\u00e9e de vie et facteurs environnementaux variables<\/li>\n<li>Haute capacit\u00e9 de charge de poussi\u00e8re des contaminants des blocs de poudre de ciment<\/li>\n<li>La solution id\u00e9ale pour la corrosion, les a\u00e9rosols de particules solides et le sel, permettant une continuit\u00e9 de fonctionnement gr\u00e2ce \u00e0 de faibles pressions diff\u00e9rentielles<\/li>\n<\/ul>\n<p>Vous pouvez t\u00e9l\u00e9charger nos brochures dans le panneau de gauche afin de d\u00e9couvrir nos solutions bas\u00e9es sur les turbines \u00e0 gaz et les autres domaines d&rsquo;application.[\/vc_column_text][\/vc_column][\/vc_row][vc_row disable_element=\u00a0\u00bbyes\u00a0\u00bb css=\u00a0\u00bb.vc_custom_1618482935278{padding-top: 15px !important;padding-bottom: 25px !important;}\u00a0\u00bb][vc_column][vc_tta_tabs shape=\u00a0\u00bbsquare\u00a0\u00bb active_section=\u00a0\u00bb1&Prime;][vc_tta_section title=\u00a0\u00bbOverview\u00a0\u00bb tab_id=\u00a0\u00bb1498640767828-d829c451-e4e8&Prime;][vc_column_text]A corporate tax is a tax imposed on the net profit of a corporation that are taxed at the entity level in a particular jurisdiction. Net profit for corporate tax is generally the financial statement net profit with modifications, and may be defined in great detail within each country&rsquo;s tax system. Such taxes may include income or other taxes.[\/vc_column_text][\/vc_tta_section][vc_tta_section title=\u00a0\u00bbTypes\u00a0\u00bb tab_id=\u00a0\u00bb1498640767881-a7334b3d-3aa6&Prime;][vc_column_text]Corporations may be taxed on their incomes, property, or existence or equity structure by various jurisdictions. Maryland imposes a tax on corporations organized in that state based on the number of shares of capital stock issued and outstanding. Many jurisdictions instead impose a tax based on stated or computed capital, often including retained profits.[\/vc_column_text][\/vc_tta_section][vc_tta_section title=\u00a0\u00bbIncome\u00a0\u00bb tab_id=\u00a0\u00bb1498640823454-a7f3f480-2399&Prime;][vc_column_text]Most systems impose income tax at a specified rate of tax times taxable income, which may be decreased due to tax exemption. The United States define taxable income for a corporation as all gross income, i.e. sales plus other income minus cost of goods sold and tax exempt income less allowable tax deductions, without the allowance of the standard deduction.[\/vc_column_text][\/vc_tta_section][\/vc_tta_tabs][\/vc_column][\/vc_row][vc_row disable_element=\u00a0\u00bbyes\u00a0\u00bb css=\u00a0\u00bb.vc_custom_1620298422282{padding-bottom: 20px !important;}\u00a0\u00bb][vc_column][vc_custom_heading text=\u00a0\u00bbKaynaklar\u00a0\u00bb font_container=\u00a0\u00bbtag:h4|text_align:left\u00a0\u00bb use_theme_fonts=\u00a0\u00bbyes\u00a0\u00bb css=\u00a0\u00bb.vc_custom_1618483032907{padding-bottom: 10px !important;}\u00a0\u00bb][vc_row_inner][vc_column_inner el_class=\u00a0\u00bbwow fadeIn delay&#8211;1&Prime;][vc_column_text]<\/p>\n<ul class=\"doc\">\n<li><a href=\"#\" target=\"_blank\" rel=\"noopener\">Gaz T\u00fcrbini Hava Emi\u015f Filtreleri Teknik Dok\u00fcman<\/a> <strong>1.76 MB<\/strong><\/li>\n<\/ul>\n<p>[\/vc_column_text][\/vc_column_inner][\/vc_row_inner][\/vc_column][\/vc_row][vc_row disable_element=\u00a0\u00bbyes\u00a0\u00bb css=\u00a0\u00bb.vc_custom_1751290283988{padding-bottom: 15px !important;}\u00a0\u00bb][vc_column][vc_raw_html]JTVCc2MlMjBuYW1lJTNEJTIyMjAyNWh2YWNlbiUyMiU1RCU1QiUyRnNjJTVE[\/vc_raw_html][\/vc_column][\/vc_row][vc_row][vc_column][vc_raw_html]JTNDc3R5bGUlM0UuZW50cnktY29udGVudCUyMCU3Qm1hcmdpbi10b3AlM0ElMjAzMHB4JTNCJTdEJTIwLmFkdmFuY2VkLXNpZGViYXItbWVudSUyMCU3QiUyMG1hcmdpbi10b3AlM0ElMjAzMHB4JTNCJTIwJTdEJTNDJTJGc3R5bGUlM0U=[\/vc_raw_html][\/vc_column][\/vc_row]<\/p>\n<\/section>","protected":false},"excerpt":{"rendered":"<p>[vc_row][vc_column width=\u00a0\u00bb1\/2&Prime;][vc_column_text] Nos solutions de filtration pour turbines \u00e0 gaz comprennent des produits uniques tels que des filtres mini-pliss\u00e9s, \u00e0 chargement en profondeur et \u00e0 impulsions, qui offrent un rendement \u00e9lev\u00e9 et des pertes de charge r\u00e9duites gr\u00e2ce \u00e0 une surface filtrante plus importante. [\/vc_column_text][\/vc_column][vc_column width=\u00a0\u00bb1\/2&Prime;][vc_single_image image=\u00a0\u00bb73647&Prime; img_size=\u00a0\u00bb306&#215;204&Prime; add_caption=\u00a0\u00bbyes\u00a0\u00bb alignment=\u00a0\u00bbright\u00a0\u00bb style=\u00a0\u00bbvc_box_rounded\u00a0\u00bb css=\u00a0\u00bb.vc_custom_1620298356122{margin-top: 5px !important;}\u00a0\u00bb el_class=\u00a0\u00bbwow [&hellip;]<\/p>\n","protected":false},"author":3,"featured_media":0,"parent":83952,"menu_order":0,"comment_status":"closed","ping_status":"closed","template":"","meta":{"footnotes":""},"class_list":["post-84120","page","type-page","status-publish","hentry"],"_links":{"self":[{"href":"https:\/\/www.mikropor.com\/fr\/wp-json\/wp\/v2\/pages\/84120","targetHints":{"allow":["GET"]}}],"collection":[{"href":"https:\/\/www.mikropor.com\/fr\/wp-json\/wp\/v2\/pages"}],"about":[{"href":"https:\/\/www.mikropor.com\/fr\/wp-json\/wp\/v2\/types\/page"}],"author":[{"embeddable":true,"href":"https:\/\/www.mikropor.com\/fr\/wp-json\/wp\/v2\/users\/3"}],"replies":[{"embeddable":true,"href":"https:\/\/www.mikropor.com\/fr\/wp-json\/wp\/v2\/comments?post=84120"}],"version-history":[{"count":3,"href":"https:\/\/www.mikropor.com\/fr\/wp-json\/wp\/v2\/pages\/84120\/revisions"}],"predecessor-version":[{"id":84124,"href":"https:\/\/www.mikropor.com\/fr\/wp-json\/wp\/v2\/pages\/84120\/revisions\/84124"}],"up":[{"embeddable":true,"href":"https:\/\/www.mikropor.com\/fr\/wp-json\/wp\/v2\/pages\/83952"}],"wp:attachment":[{"href":"https:\/\/www.mikropor.com\/fr\/wp-json\/wp\/v2\/media?parent=84120"}],"curies":[{"name":"wp","href":"https:\/\/api.w.org\/{rel}","templated":true}]}}