{"id":84125,"date":"2021-05-06T13:55:26","date_gmt":"2021-05-06T10:55:26","guid":{"rendered":"https:\/\/www.mikropor.com\/filtration-de-lair-atmospherique\/atex-filters\/"},"modified":"2025-07-28T17:49:26","modified_gmt":"2025-07-28T14:49:26","slug":"filtres-atex","status":"publish","type":"page","link":"https:\/\/www.mikropor.com\/fr\/filtration-de-lair-atmospherique\/filtres-atex\/","title":{"rendered":"Filtres ATEX"},"content":{"rendered":"<section class=\"wpb-content-wrapper\"><p>[vc_row][vc_column width=\u00a0\u00bb1\/2&Prime;][vc_column_text]<\/p>\n<h5 style=\"font-size: 19px; text-align: justify;\">Avec plus de 30 ans d&rsquo;exp\u00e9rience dans le domaine de la filtration \u00e0 l&rsquo;\u00e9chelle mondiale en tant que fabricant de classe mondiale utilisant des technologies et des \u00e9quipements de pointe, nous comprenons les exigences de nos clients et sommes donc le partenaire privil\u00e9gi\u00e9 pour les applications ATEX dans le monde entier.<\/h5>\n<p>[\/vc_column_text][\/vc_column][vc_column width=\u00a0\u00bb1\/2&Prime;][vc_single_image image=\u00a0\u00bb73646&Prime; img_size=\u00a0\u00bbmedium\u00a0\u00bb alignment=\u00a0\u00bbcenter\u00a0\u00bb style=\u00a0\u00bbvc_box_rounded\u00a0\u00bb css=\u00a0\u00bb.vc_custom_1619651490631{margin-top: 5px !important;}\u00a0\u00bb el_class=\u00a0\u00bbwow fadeIn delay&#8211;1&Prime;][\/vc_column][\/vc_row][vc_row][vc_column][vc_column_text]Dans diverses applications de ventilation industrielles, l&rsquo;air de process recycl\u00e9 peut contenir des particules g\u00e9n\u00e9r\u00e9es par la production qui peuvent \u00eatre charg\u00e9es d&rsquo;\u00e9lectricit\u00e9 statique. Lorsque les filtres capturent ces particules pendant la circulation, ils absorbent \u00e9galement la charge \u00e9lectrostatique dans le m\u00e9dia filtrant et le cadre. De plus, s&rsquo;il existe une source de gaz explosifs ou d&rsquo;a\u00e9rosols dans l&rsquo;atmosph\u00e8re, les \u00e9tincelles cr\u00e9\u00e9es par le filtre en raison de la d\u00e9charge \u00e9lectrostatique peuvent entra\u00eener de graves risques d&rsquo;incendie, voire d&rsquo;explosion. Par cons\u00e9quent, les filtres utilis\u00e9s dans ce type d&rsquo;environnement doivent \u00eatre antid\u00e9flagrants.<\/p>\n<p>Afin d&rsquo;\u00e9viter les risques d&rsquo;explosion, la Commission europ\u00e9enne a publi\u00e9 la directive ATEX 2014\/34\/UE relative aux \u00e9quipements. Les filtres Mikropor sont fabriqu\u00e9s conform\u00e9ment \u00e0 la directive 2014\/34\/UE et aux directives compl\u00e9mentaires publi\u00e9es par l&rsquo;UE.<\/p>\n<p>En tant que fabricant leader de filtres \u00e0 air, Mikropor propose la plus large gamme de filtres antid\u00e9flagrants certifi\u00e9s ATEX pour chaque \u00e9tape de filtration dans divers secteurs industriels.<\/p>\n<p>Vous pouvez t\u00e9l\u00e9charger les brochures dans le panneau de gauche afin de d\u00e9couvrir nos solutions bas\u00e9es sur la directive ATEX et les autres applications.<\/p>\n<ul>\n<li>Pharmaceutique<\/li>\n<li>P\u00e9trochimie<\/li>\n<li>Alimentation et boissons<\/li>\n<li>Automobile<\/li>\n<li>D\u00e9fense<\/li>\n<\/ul>\n<p>Vous pouvez t\u00e9l\u00e9charger notre catalogue de produits afin de d\u00e9couvrir notre large gamme de produits dans le panneau de gauche.[\/vc_column_text][\/vc_column][\/vc_row][vc_row disable_element=\u00a0\u00bbyes\u00a0\u00bb css=\u00a0\u00bb.vc_custom_1618482935278{padding-top: 15px !important;padding-bottom: 25px !important;}\u00a0\u00bb][vc_column][vc_tta_tabs shape=\u00a0\u00bbsquare\u00a0\u00bb active_section=\u00a0\u00bb1&Prime;][vc_tta_section title=\u00a0\u00bbOverview\u00a0\u00bb tab_id=\u00a0\u00bb1498640767828-d829c451-e4e8&Prime;][vc_column_text]A corporate tax is a tax imposed on the net profit of a corporation that are taxed at the entity level in a particular jurisdiction. Net profit for corporate tax is generally the financial statement net profit with modifications, and may be defined in great detail within each country&rsquo;s tax system. Such taxes may include income or other taxes.[\/vc_column_text][\/vc_tta_section][vc_tta_section title=\u00a0\u00bbTypes\u00a0\u00bb tab_id=\u00a0\u00bb1498640767881-a7334b3d-3aa6&Prime;][vc_column_text]Corporations may be taxed on their incomes, property, or existence or equity structure by various jurisdictions. Maryland imposes a tax on corporations organized in that state based on the number of shares of capital stock issued and outstanding. Many jurisdictions instead impose a tax based on stated or computed capital, often including retained profits.[\/vc_column_text][\/vc_tta_section][vc_tta_section title=\u00a0\u00bbIncome\u00a0\u00bb tab_id=\u00a0\u00bb1498640823454-a7f3f480-2399&Prime;][vc_column_text]Most systems impose income tax at a specified rate of tax times taxable income, which may be decreased due to tax exemption. The United States define taxable income for a corporation as all gross income, i.e. sales plus other income minus cost of goods sold and tax exempt income less allowable tax deductions, without the allowance of the standard deduction.[\/vc_column_text][\/vc_tta_section][\/vc_tta_tabs][\/vc_column][\/vc_row][vc_row disable_element=\u00a0\u00bbyes\u00a0\u00bb css=\u00a0\u00bb.vc_custom_1620298667688{padding-bottom: 20px !important;}\u00a0\u00bb][vc_column][vc_custom_heading text=\u00a0\u00bbKaynaklar\u00a0\u00bb font_container=\u00a0\u00bbtag:h4|text_align:left\u00a0\u00bb use_theme_fonts=\u00a0\u00bbyes\u00a0\u00bb css=\u00a0\u00bb.vc_custom_1618483032907{padding-bottom: 10px !important;}\u00a0\u00bb][vc_row_inner][vc_column_inner el_class=\u00a0\u00bbwow fadeIn delay&#8211;1&Prime;][vc_column_text]<\/p>\n<ul class=\"doc\">\n<li><a href=\"#\" target=\"_blank\" rel=\"noopener\">ATEX Filtreleri Teknik Veri Sayfalar\u0131<\/a> <strong>1.76 MB<\/strong><\/li>\n<\/ul>\n<p>[\/vc_column_text][\/vc_column_inner][\/vc_row_inner][\/vc_column][\/vc_row][vc_row disable_element=\u00a0\u00bbyes\u00a0\u00bb css=\u00a0\u00bb.vc_custom_1751290224025{padding-bottom: 15px !important;}\u00a0\u00bb][vc_column][vc_raw_html]JTVCc2MlMjBuYW1lJTNEJTIyMjAyNWh2YWNlbiUyMiU1RCU1QiUyRnNjJTVE[\/vc_raw_html][\/vc_column][\/vc_row][vc_row][vc_column][vc_raw_html]JTNDc3R5bGUlM0UuZW50cnktY29udGVudCUyMCU3Qm1hcmdpbi10b3AlM0ElMjAzMHB4JTNCJTdEJTIwLmFkdmFuY2VkLXNpZGViYXItbWVudSUyMCU3QiUyMG1hcmdpbi10b3AlM0ElMjAzMHB4JTNCJTIwJTdEJTNDJTJGc3R5bGUlM0U=[\/vc_raw_html][\/vc_column][\/vc_row]<\/p>\n<\/section>","protected":false},"excerpt":{"rendered":"<p>[vc_row][vc_column width=\u00a0\u00bb1\/2&Prime;][vc_column_text] Avec plus de 30 ans d&rsquo;exp\u00e9rience dans le domaine de la filtration \u00e0 l&rsquo;\u00e9chelle mondiale en tant que fabricant de classe mondiale utilisant des technologies et des \u00e9quipements de pointe, nous comprenons les exigences de nos clients et sommes donc le partenaire privil\u00e9gi\u00e9 pour les applications ATEX dans le monde entier. [\/vc_column_text][\/vc_column][vc_column width=\u00a0\u00bb1\/2&Prime;][vc_single_image [&hellip;]<\/p>\n","protected":false},"author":3,"featured_media":0,"parent":83952,"menu_order":0,"comment_status":"closed","ping_status":"closed","template":"","meta":{"footnotes":""},"class_list":["post-84125","page","type-page","status-publish","hentry"],"_links":{"self":[{"href":"https:\/\/www.mikropor.com\/fr\/wp-json\/wp\/v2\/pages\/84125","targetHints":{"allow":["GET"]}}],"collection":[{"href":"https:\/\/www.mikropor.com\/fr\/wp-json\/wp\/v2\/pages"}],"about":[{"href":"https:\/\/www.mikropor.com\/fr\/wp-json\/wp\/v2\/types\/page"}],"author":[{"embeddable":true,"href":"https:\/\/www.mikropor.com\/fr\/wp-json\/wp\/v2\/users\/3"}],"replies":[{"embeddable":true,"href":"https:\/\/www.mikropor.com\/fr\/wp-json\/wp\/v2\/comments?post=84125"}],"version-history":[{"count":3,"href":"https:\/\/www.mikropor.com\/fr\/wp-json\/wp\/v2\/pages\/84125\/revisions"}],"predecessor-version":[{"id":84129,"href":"https:\/\/www.mikropor.com\/fr\/wp-json\/wp\/v2\/pages\/84125\/revisions\/84129"}],"up":[{"embeddable":true,"href":"https:\/\/www.mikropor.com\/fr\/wp-json\/wp\/v2\/pages\/83952"}],"wp:attachment":[{"href":"https:\/\/www.mikropor.com\/fr\/wp-json\/wp\/v2\/media?parent=84125"}],"curies":[{"name":"wp","href":"https:\/\/api.w.org\/{rel}","templated":true}]}}