{"id":84130,"date":"2021-05-06T14:00:44","date_gmt":"2021-05-06T11:00:44","guid":{"rendered":"https:\/\/www.mikropor.com\/filtration-de-lair-atmospherique\/oil-mist-collector\/"},"modified":"2025-07-28T17:52:53","modified_gmt":"2025-07-28T14:52:53","slug":"collecteurs-de-brouillard-dhuile","status":"publish","type":"page","link":"https:\/\/www.mikropor.com\/fr\/filtration-de-lair-atmospherique\/collecteurs-de-brouillard-dhuile\/","title":{"rendered":"Collecteurs de brouillard d\u2019huile"},"content":{"rendered":"<section class=\"wpb-content-wrapper\"><p>[vc_row][vc_column width=\u00a0\u00bb1\/2&Prime;][vc_column_text]<\/p>\n<h5 style=\"font-size: 19px; text-align: justify;\">Nos collecteurs de brouillard d&rsquo;huile sont con\u00e7us pour \u00eatre facilement install\u00e9s sur les machines existantes sans modifications co\u00fbteuses. Ils offrent une grande efficacit\u00e9 d&rsquo;\u00e9limination de l&rsquo;huile, une faible consommation d&rsquo;\u00e9nergie, des co\u00fbts d&rsquo;entretien r\u00e9duits, un fonctionnement silencieux et une installation et une utilisation faciles.<\/h5>\n<p>[\/vc_column_text][\/vc_column][vc_column width=\u00a0\u00bb1\/2&Prime;][vc_single_image image=\u00a0\u00bb73727&Prime; img_size=\u00a0\u00bb306&#215;204&Prime; add_caption=\u00a0\u00bbyes\u00a0\u00bb style=\u00a0\u00bbvc_box_rounded\u00a0\u00bb css=\u00a0\u00bb.vc_custom_1620128183786{margin-top: 5px !important;}\u00a0\u00bb el_class=\u00a0\u00bbwow fadeIn delay&#8211;1&Prime;][\/vc_column][\/vc_row][vc_row][vc_column][vc_column_text]Le liquide de refroidissement non collect\u00e9 peut rendre les sols des ateliers glissants et recouvrir les murs d&rsquo;huile, ce qui peut cr\u00e9er des risques pour la s\u00e9curit\u00e9 et augmenter les co\u00fbts d&rsquo;entretien. Dans l&rsquo;industrie de l&rsquo;usinage, le collecteur de brouillard d&rsquo;huile est indispensable. Dans les op\u00e9rations de tournage et de fraisage, les collecteurs de brouillard d&rsquo;huile contribuent \u00e0 fournir un air pur \u00e0 l&rsquo;environnement. Dans ces applications, il est essentiel de collecter le brouillard d&rsquo;huile afin d&rsquo;\u00e9liminer les risques pour les employ\u00e9s, et il est interdit de le rejeter dans l&rsquo;atmosph\u00e8re. Dans de nombreux pays, cela est r\u00e9glement\u00e9 par les autorit\u00e9s locales et nationales.<\/p>\n<p>Les syst\u00e8mes OMC offrent une filtration en 5 \u00e9tapes :<\/p>\n<ul>\n<li>Distributeur d&rsquo;air<\/li>\n<li>\u00c9liminateur d&rsquo;impact<\/li>\n<li>Pr\u00e9filtre \/ Coalesceur<\/li>\n<li>Coalesceur fin Magicbox<\/li>\n<li>Filtre HEPA (99,95 %)<\/li>\n<\/ul>\n<p>Vous pouvez t\u00e9l\u00e9charger notre catalogue de produits et les brochures afin de d\u00e9couvrir nos solutions pour diff\u00e9rents domaines d&rsquo;application dans le panneau de gauche.[\/vc_column_text][\/vc_column][\/vc_row][vc_row disable_element=\u00a0\u00bbyes\u00a0\u00bb css=\u00a0\u00bb.vc_custom_1618482935278{padding-top: 15px !important;padding-bottom: 25px !important;}\u00a0\u00bb][vc_column][vc_tta_tabs shape=\u00a0\u00bbsquare\u00a0\u00bb active_section=\u00a0\u00bb1&Prime;][vc_tta_section title=\u00a0\u00bbOverview\u00a0\u00bb tab_id=\u00a0\u00bb1498640767828-d829c451-e4e8&Prime;][vc_column_text]A corporate tax is a tax imposed on the net profit of a corporation that are taxed at the entity level in a particular jurisdiction. Net profit for corporate tax is generally the financial statement net profit with modifications, and may be defined in great detail within each country&rsquo;s tax system. Such taxes may include income or other taxes.[\/vc_column_text][\/vc_tta_section][vc_tta_section title=\u00a0\u00bbTypes\u00a0\u00bb tab_id=\u00a0\u00bb1498640767881-a7334b3d-3aa6&Prime;][vc_column_text]Corporations may be taxed on their incomes, property, or existence or equity structure by various jurisdictions. Maryland imposes a tax on corporations organized in that state based on the number of shares of capital stock issued and outstanding. Many jurisdictions instead impose a tax based on stated or computed capital, often including retained profits.[\/vc_column_text][\/vc_tta_section][vc_tta_section title=\u00a0\u00bbIncome\u00a0\u00bb tab_id=\u00a0\u00bb1498640823454-a7f3f480-2399&Prime;][vc_column_text]Most systems impose income tax at a specified rate of tax times taxable income, which may be decreased due to tax exemption. The United States define taxable income for a corporation as all gross income, i.e. sales plus other income minus cost of goods sold and tax exempt income less allowable tax deductions, without the allowance of the standard deduction.[\/vc_column_text][\/vc_tta_section][\/vc_tta_tabs][\/vc_column][\/vc_row][vc_row disable_element=\u00a0\u00bbyes\u00a0\u00bb css=\u00a0\u00bb.vc_custom_1620299110424{padding-bottom: 20px !important;}\u00a0\u00bb][vc_column][vc_custom_heading text=\u00a0\u00bbKaynaklar\u00a0\u00bb font_container=\u00a0\u00bbtag:h4|text_align:left\u00a0\u00bb use_theme_fonts=\u00a0\u00bbyes\u00a0\u00bb css=\u00a0\u00bb.vc_custom_1618483032907{padding-bottom: 10px !important;}\u00a0\u00bb][vc_row_inner][vc_column_inner el_class=\u00a0\u00bbwow fadeIn delay&#8211;1&Prime;][vc_column_text]<\/p>\n<ul class=\"doc\">\n<li><a href=\"#\" target=\"_blank\" rel=\"noopener\">OMC Sistemi Teknik Dok\u00fcman<\/a> <strong>1.76 MB<\/strong><\/li>\n<\/ul>\n<p>[\/vc_column_text][\/vc_column_inner][\/vc_row_inner][\/vc_column][\/vc_row][vc_row disable_element=\u00a0\u00bbyes\u00a0\u00bb css=\u00a0\u00bb.vc_custom_1751290096068{padding-bottom: 15px !important;}\u00a0\u00bb][vc_column][vc_raw_html]JTVCc2MlMjBuYW1lJTNEJTIyMjAyNWh2YWNlbiUyMiU1RCU1QiUyRnNjJTVE[\/vc_raw_html][\/vc_column][\/vc_row][vc_row][vc_column][vc_raw_html]JTNDc3R5bGUlM0UuZW50cnktY29udGVudCUyMCU3Qm1hcmdpbi10b3AlM0ElMjAzMHB4JTNCJTdEJTIwLmFkdmFuY2VkLXNpZGViYXItbWVudSUyMCU3QiUyMG1hcmdpbi10b3AlM0ElMjAzMHB4JTNCJTIwJTdEJTNDJTJGc3R5bGUlM0U=[\/vc_raw_html][\/vc_column][\/vc_row]<\/p>\n<\/section>","protected":false},"excerpt":{"rendered":"<p>[vc_row][vc_column width=\u00a0\u00bb1\/2&Prime;][vc_column_text] Nos collecteurs de brouillard d&rsquo;huile sont con\u00e7us pour \u00eatre facilement install\u00e9s sur les machines existantes sans modifications co\u00fbteuses. Ils offrent une grande efficacit\u00e9 d&rsquo;\u00e9limination de l&rsquo;huile, une faible consommation d&rsquo;\u00e9nergie, des co\u00fbts d&rsquo;entretien r\u00e9duits, un fonctionnement silencieux et une installation et une utilisation faciles. [\/vc_column_text][\/vc_column][vc_column width=\u00a0\u00bb1\/2&Prime;][vc_single_image image=\u00a0\u00bb73727&Prime; img_size=\u00a0\u00bb306&#215;204&Prime; add_caption=\u00a0\u00bbyes\u00a0\u00bb style=\u00a0\u00bbvc_box_rounded\u00a0\u00bb css=\u00a0\u00bb.vc_custom_1620128183786{margin-top: 5px !important;}\u00a0\u00bb [&hellip;]<\/p>\n","protected":false},"author":3,"featured_media":0,"parent":83952,"menu_order":0,"comment_status":"closed","ping_status":"closed","template":"","meta":{"footnotes":""},"class_list":["post-84130","page","type-page","status-publish","hentry"],"_links":{"self":[{"href":"https:\/\/www.mikropor.com\/fr\/wp-json\/wp\/v2\/pages\/84130","targetHints":{"allow":["GET"]}}],"collection":[{"href":"https:\/\/www.mikropor.com\/fr\/wp-json\/wp\/v2\/pages"}],"about":[{"href":"https:\/\/www.mikropor.com\/fr\/wp-json\/wp\/v2\/types\/page"}],"author":[{"embeddable":true,"href":"https:\/\/www.mikropor.com\/fr\/wp-json\/wp\/v2\/users\/3"}],"replies":[{"embeddable":true,"href":"https:\/\/www.mikropor.com\/fr\/wp-json\/wp\/v2\/comments?post=84130"}],"version-history":[{"count":3,"href":"https:\/\/www.mikropor.com\/fr\/wp-json\/wp\/v2\/pages\/84130\/revisions"}],"predecessor-version":[{"id":84138,"href":"https:\/\/www.mikropor.com\/fr\/wp-json\/wp\/v2\/pages\/84130\/revisions\/84138"}],"up":[{"embeddable":true,"href":"https:\/\/www.mikropor.com\/fr\/wp-json\/wp\/v2\/pages\/83952"}],"wp:attachment":[{"href":"https:\/\/www.mikropor.com\/fr\/wp-json\/wp\/v2\/media?parent=84130"}],"curies":[{"name":"wp","href":"https:\/\/api.w.org\/{rel}","templated":true}]}}