{"id":84164,"date":"2021-05-27T15:20:48","date_gmt":"2021-05-27T12:20:48","guid":{"rendered":"https:\/\/www.mikropor.com\/yasal-uyari-ve-kullanim-sartlari\/"},"modified":"2025-07-29T09:51:19","modified_gmt":"2025-07-29T06:51:19","slug":"avertissement-legal-et-conditions-dutilisation","status":"publish","type":"page","link":"https:\/\/www.mikropor.com\/fr\/avertissement-legal-et-conditions-dutilisation\/","title":{"rendered":"Avertissement l\u00e9gal et conditions d&rsquo;utilisation"},"content":{"rendered":"<section class=\"wpb-content-wrapper\"><p>[vc_row css=\u00a0\u00bb.vc_custom_1753771877682{margin-top: 60px !important;}\u00a0\u00bb][vc_column][vc_column_text]<\/p>\r\n<p>D\u00e9finitions et conditions<\/p>\r\n<p>En acc\u00e9dant \u00e0 ce site web ou en utilisant toute information contenue sur ce site, vous acceptez les conditions et dispositions suivantes.<\/p>\r\n<p>Mikropor Makina Sanayi ve Ticaret A.\u015e (ci-apr\u00e8s d\u00e9nomm\u00e9e \u00ab Mikropor \u00bb), les membres de son conseil d&rsquo;administration, ses dirigeants, ses employ\u00e9s, les personnes ayant pr\u00e9par\u00e9 les informations figurant sur ce site et les personnes et organisations autoris\u00e9es par Mikropor ne peuvent \u00eatre tenus responsables, sur le plan juridique ou p\u00e9nal, de tout dommage et\/ou perte r\u00e9sultant ou pouvant r\u00e9sulter de l&rsquo;utilisation de ce site web.<\/p>\r\n<p>Mikropor se r\u00e9serve le droit de modifier et de mettre \u00e0 jour toutes les conditions et dispositions figurant dans cet avertissement l\u00e9gal sans pr\u00e9avis.<\/p>\r\n<!-- \/wp:post-content -->\r\n<h3>\u00a0<\/h3>\r\n<p><!-- wp:paragraph -->Informations et clause de non-responsabilit\u00e9<\/p>\r\n<p>Ce site web a \u00e9t\u00e9 cr\u00e9\u00e9 de bonne foi \u00e0 titre informatif. Toutes les informations contenues sur ce site web sont de nature g\u00e9n\u00e9rale et Mikropor ne garantit ni ne s&rsquo;engage en aucune mani\u00e8re quant \u00e0 leur exactitude, leur exhaustivit\u00e9, leur fiabilit\u00e9, leur pertinence et leur actualit\u00e9.<\/p>\r\n<p>Mikropor peut \u00e0 tout moment modifier, corriger et\/ou supprimer les informations en question sans pr\u00e9avis ni avertissement pr\u00e9alable.<br \/>Mikropor, les membres de son conseil d&rsquo;administration, ses dirigeants, ses employ\u00e9s, les personnes qui ont pr\u00e9par\u00e9 les informations figurant sur ce site et les personnes et organisations autoris\u00e9es par Mikropor ne peuvent \u00eatre tenus responsables de tout dommage direct et\/ou indirect, mat\u00e9riel et\/ou moral, n\u00e9gatif et\/ou positif, r\u00e9sultant de l&rsquo;acc\u00e8s \u00e0 ce site web et de l&rsquo;utilisation directe ou indirecte des informations qui y figurent, sous quelque forme que ce soit.<\/p>\r\n<!-- \/wp:paragraph -->\r\n<h3>\u00a0<\/h3>\r\n<p><!-- wp:paragraph -->Propri\u00e9t\u00e9 intellectuelle<\/p>\r\n<p>Les droits d&rsquo;auteur et\/ou autres droits de propri\u00e9t\u00e9 intellectuelle relatifs \u00e0 tous les \u00e9l\u00e9ments et informations figurant sur ce site web, y compris, mais sans s&rsquo;y limiter, toutes les pages, photos, conceptions, images, etc., appartiennent \u00e0 Mikropor et sont prot\u00e9g\u00e9s par les lois applicables. Ces \u00e9l\u00e9ments et informations ne peuvent \u00eatre utilis\u00e9s, acquis ou modifi\u00e9s sans autorisation.<\/p>\r\n<p>Les autres soci\u00e9t\u00e9s et produits mentionn\u00e9s sur ce site web sont des marques commerciales de leurs propri\u00e9taires respectifs et sont \u00e9galement prot\u00e9g\u00e9s par les droits de propri\u00e9t\u00e9 intellectuelle.<br \/>Vous pouvez utiliser, t\u00e9l\u00e9charger, copier et imprimer les informations contenues sur ce site web \u00e0 des fins d&rsquo;information personnelle, sans but commercial ou lucratif, ou les transmettre et les envoyer \u00e0 des tiers \u00e0 des fins d&rsquo;information personnelle, sans but commercial ou lucratif, \u00e0 condition de pr\u00e9ciser que ces informations proviennent du site web de Mikropor et qu&rsquo;elles sont soumises \u00e0 toutes les conditions et dispositions qui y sont \u00e9nonc\u00e9es.<br \/>Toute alt\u00e9ration des informations contenues sur ce site web, de quelque mani\u00e8re que ce soit, entra\u00eenera des poursuites p\u00e9nales et civiles.<\/p>\r\n<!-- \/wp:paragraph -->\r\n<h3>\u00a0<\/h3>\r\n<p><!-- wp:paragraph -->Tribunal comp\u00e9tent<\/p>\r\n<p>En cas de litige d\u00e9coulant de l&rsquo;utilisation de ce site web et\/ou des conditions et dispositions figurant dans la mention l\u00e9gale et\/ou en rapport avec ce site web, le texte de la mention l\u00e9gale en turc fait foi et les tribunaux et les services d&rsquo;ex\u00e9cution et de faillite d&rsquo;Ankara sont comp\u00e9tents.<\/p>\r\n<p>Cette publication ne peut \u00eatre copi\u00e9e, distribu\u00e9e, utilis\u00e9e \u00e0 des fins commerciales avec mention de la source ou transf\u00e9r\u00e9e vers des syst\u00e8mes informatiques sous quelque forme que ce soit sans l&rsquo;autorisation de Mikropor. \u00a9 2021 Mikropor Makina ve Sanayi Ticaret A.\u015e.<\/p>\r\n<!-- \/wp:paragraph -->\r\n<h3>\u00a0<\/h3>\r\n<p><!-- wp:paragraph -->Note de confidentialit\u00e9<\/p>\r\n<p>Cet e-mail (et ses pi\u00e8ces jointes) contient des informations confidentielles et est destin\u00e9 uniquement \u00e0 son destinataire. Si vous n&rsquo;\u00eates pas le destinataire de cet e-mail ou si son contenu ne vous concerne pas, il est interdit de lire, modifier, copier, divulguer \u00e0 des tiers, publier, r\u00e9v\u00e9ler ou transmettre cet e-mail sans l&rsquo;accord de Mikropor Makina Sanayi ve Ticaret A.\u015e. Si vous n&rsquo;\u00eates pas le destinataire de cet e-mail (ou si vous l&rsquo;avez re\u00e7u par erreur), veuillez en informer imm\u00e9diatement l&rsquo;exp\u00e9diteur et supprimer imm\u00e9diatement cet e-mail de votre syst\u00e8me. La transmission d&rsquo;e-mails n&rsquo;\u00e9tant pas garantie comme \u00e9tant s\u00e9curis\u00e9e ou sans erreur, il peut y avoir des retards ou des omissions dans la transmission, ou des lacunes, des pertes, des modifications ou des virus dans le contenu et les informations. Par cons\u00e9quent, l&rsquo;exp\u00e9diteur n&rsquo;est en aucun cas responsable de la transmission de ce message, des erreurs, des omissions, des violations de l&rsquo;exactitude et de la confidentialit\u00e9 du contenu, ou de toute utilisation de ce message, telle que le partage, la transmission ou le stockage d&rsquo;informations. Le contenu de ce message appartient \u00e0 son auteur et ne refl\u00e8te pas n\u00e9cessairement les opinions de Mikropor Makina Sanayi ve Ticaret A.\u015e.<\/p>\r\n<p>Les droits intellectuels et industriels cr\u00e9\u00e9s au nom de notre soci\u00e9t\u00e9 et mentionn\u00e9s dans le contenu de cet e-mail appartiennent \u00e0 Mikropor Makina Sanayi ve Ticaret A.\u015e., qui se r\u00e9serve tous les droits mat\u00e9riels et immat\u00e9riels.<\/p>\r\n<p>[\/vc_column_text][vc_raw_html]JTNDc3R5bGUlM0UucmlnaHQtY29udGVudCUyMCU3QiUwQSUyMCUyMCUyMCUyMHBhZGRpbmctbGVmdCUzQSUyMDUxcHglM0IlMEElMjAlMjAlMjAlMjBwYWRkaW5nLXRvcCUzQSUyMDEwcHglM0IlMEElN0QxMHB4JTNCJTNDJTJGc3R5bGUlM0U=[\/vc_raw_html][\/vc_column][\/vc_row][vc_row][vc_column][vc_column_text]<\/p>\r\n<p><!-- \/wp:paragraph -->[\/vc_column_text][\/vc_column][\/vc_row]<\/p><\/section>","protected":false},"excerpt":{"rendered":"<p>[vc_row css=\u00a0\u00bb.vc_custom_1753771877682{margin-top: 60px !important;}\u00a0\u00bb][vc_column][vc_column_text] D\u00e9finitions et conditions En acc\u00e9dant \u00e0 ce site web ou en utilisant toute information contenue sur ce site, vous acceptez les conditions et dispositions suivantes. Mikropor Makina Sanayi ve Ticaret A.\u015e (ci-apr\u00e8s d\u00e9nomm\u00e9e \u00ab Mikropor \u00bb), les membres de son conseil d&rsquo;administration, ses dirigeants, ses employ\u00e9s, les personnes ayant pr\u00e9par\u00e9 les [&hellip;]<\/p>\n","protected":false},"author":3,"featured_media":0,"parent":0,"menu_order":0,"comment_status":"closed","ping_status":"closed","template":"","meta":{"footnotes":""},"class_list":["post-84164","page","type-page","status-publish","hentry"],"_links":{"self":[{"href":"https:\/\/www.mikropor.com\/fr\/wp-json\/wp\/v2\/pages\/84164","targetHints":{"allow":["GET"]}}],"collection":[{"href":"https:\/\/www.mikropor.com\/fr\/wp-json\/wp\/v2\/pages"}],"about":[{"href":"https:\/\/www.mikropor.com\/fr\/wp-json\/wp\/v2\/types\/page"}],"author":[{"embeddable":true,"href":"https:\/\/www.mikropor.com\/fr\/wp-json\/wp\/v2\/users\/3"}],"replies":[{"embeddable":true,"href":"https:\/\/www.mikropor.com\/fr\/wp-json\/wp\/v2\/comments?post=84164"}],"version-history":[{"count":3,"href":"https:\/\/www.mikropor.com\/fr\/wp-json\/wp\/v2\/pages\/84164\/revisions"}],"predecessor-version":[{"id":84168,"href":"https:\/\/www.mikropor.com\/fr\/wp-json\/wp\/v2\/pages\/84164\/revisions\/84168"}],"wp:attachment":[{"href":"https:\/\/www.mikropor.com\/fr\/wp-json\/wp\/v2\/media?parent=84164"}],"curies":[{"name":"wp","href":"https:\/\/api.w.org\/{rel}","templated":true}]}}