{"id":84169,"date":"2021-05-06T14:56:55","date_gmt":"2021-05-06T11:56:55","guid":{"rendered":"https:\/\/www.mikropor.com\/career\/"},"modified":"2026-03-30T10:03:50","modified_gmt":"2026-03-30T07:03:50","slug":"carriere","status":"publish","type":"page","link":"https:\/\/www.mikropor.com\/fr\/carriere\/","title":{"rendered":"Carri\u00e8re"},"content":{"rendered":"<section class=\"wpb-content-wrapper\"><p>[vc_row full_width=\u00a0\u00bbstretch_row\u00a0\u00bb parallax=\u00a0\u00bbcontent-moving\u00a0\u00bb css=\u00a0\u00bb.vc_custom_1617615625310{margin-top: -50px !important;padding-top: 12% !important;padding-bottom: 12% !important;background: #333333 url(https:\/\/www.mikropor.com\/wp-content\/uploads\/2021\/04\/Tasarim-1-scaled-2.jpg?id=72990);background-position:center;background-repeat:-repeat;background-size:cover;}\u00a0\u00bb][vc_column width=\u00a0\u00bb2\/5&Prime;][\/vc_column][vc_column width=\u00a0\u00bb3\/5&Prime;][vc_custom_heading text=\u00a0\u00bbNous savons que ce n&rsquo;est qu&rsquo;avec nos collaborateurs que nous pourrons aller de l&rsquo;avant.\u00a0\u00bb font_container=\u00a0\u00bbtag:h2|font_size:44|text_align:left|color:%23ffffff\u00a0\u00bb use_theme_fonts=\u00a0\u00bbyes\u00a0\u00bb el_class=\u00a0\u00bbabout-subtitle wow fadeIn delay&#8211;1 vc_hidden-xs\u00a0\u00bb][vc_custom_heading text=\u00a0\u00bbNous savons que ce n&rsquo;est qu&rsquo;avec nos collaborateurs que nous pourrons aller de l&rsquo;avant.\u00a0\u00bb font_container=\u00a0\u00bbtag:h2|font_size:25|text_align:center|color:%23ffffff\u00a0\u00bb use_theme_fonts=\u00a0\u00bbyes\u00a0\u00bb el_class=\u00a0\u00bbabout-subtitle wow fadeIn delay&#8211;1 vc_hidden-lg vc_hidden-md vc_hidden-sm\u00a0\u00bb][\/vc_column][\/vc_row][vc_row css=\u00a0\u00bb.vc_custom_1666698349642{padding-top: 35px !important;}\u00a0\u00bb][vc_column el_class=\u00a0\u00bbwow fadeIn delay&#8211;1&Prime;][vc_column_text]Mikropor, l&rsquo;une des plus grandes entreprises de Turquie et l&rsquo;une des plus importantes au monde dans le domaine de la fabrication de syst\u00e8mes de filtration industrielle ;<\/p>\n<p>Gr\u00e2ce \u00e0 ses activit\u00e9s de R&amp;D, \u00e0 ses produits hautement performants, \u00e0 son engagement en faveur de la qualit\u00e9 et \u00e0 sa philosophie ax\u00e9e sur la satisfaction totale de ses clients, elle figure parmi les 500 premi\u00e8res entreprises exportatrices de Turquie et exporte vers 140 pays.[\/vc_column_text][vc_separator][\/vc_column][\/vc_row][vc_row][vc_column width=\u00a0\u00bb1\/6&Prime;][\/vc_column][vc_column width=\u00a0\u00bb1\/3&Prime;][vc_column_text]<div class=\"oxi-addons-container   oxi-addons-flipbox-template-style2\">        <div class=\"oxilab-flip-box-wrapper\">\r\n                                <div class=\"oxilab-flip-box-col-1 oxilab-flip-box-padding-8\"\r\n                         sa-data-animation=\"\"\r\n                         sa-data-animation-offset=\"100%\"\r\n                         sa-data-animation-delay=\"0ms\"\r\n                         sa-data-animation-duration=\" 2000ms\"\r\n                         >\r\n                        <div class=\" oxilab-flip-box-body-8 oxilab-flip-box-body-8-9\">\r\n                                                        <div class=\"oxilab-flip-box-body-absulote\">\r\n                                <div class=\"oxilab-flip-box-flip oxilab-flip-box-flip-right-to-left\">\r\n                                    <div class=\"oxilab-flip-box-style-data easing_easeOutBack\">\r\n                                        <div class=\"oxilab-flip-box-style\">\r\n                                            <div class=\"oxilab-flip-box-front\">\r\n                                                <div class=\"oxilab-flip-box-8\">\r\n                                                    <div class=\"oxilab-flip-box-8-data\">\r\n                                                        <div class=\"oxilab-icon\">\r\n                                                            <div class=\"oxilab-icon-data\">\r\n                                                                        <i class=\"fas fa-book-reader oxi-icons\"><\/i>\r\n                                                                    <\/div>\r\n                                                        <\/div>\r\n                                                        <div class=\"oxilab-heading\">\r\n                                                            Application g\u00e9n\u00e9rale                                                        <\/div>\r\n                                                        <div class=\"oxilab-info\">\r\n                                                                                                                    <\/div>\r\n                                                    <\/div>\r\n                                                <\/div>\r\n                                            <\/div>\r\n                                            <div class=\"oxilab-flip-box-back\">\r\n                                                <div class=\"oxilab-flip-box-back-8\">\r\n                                                    <div class=\"oxilab-flip-box-back-8-data\">\r\n                                                        <div class=\"oxilab-heading\">\r\n                                                            Application g\u00e9n\u00e9rale                                                        <\/div>\r\n                                                        <div class=\"oxilab-info\">\r\n                                                            Les candidatures re\u00e7ues seront enregistr\u00e9es dans notre base de donn\u00e9es et examin\u00e9es d\u00e8s qu&apos;un poste correspondant sera vacant ; nous vous contacterons alors.                                                        <\/div>\r\n                                                                                                                    <a href=\"https:\/\/www.mikropor.com\/fr\/carriere\/candidature-generale\/\" target=\"\">\r\n                                                                <span class=\"oxilab-button\">\r\n                                                                    <span class=\"oxilab-button-data\">\r\n                                                                        Postuler d\u00e8s maintenant                                                                    <\/span>\r\n                                                                <\/span>\r\n                                                            <\/a>\r\n                                                                                                                <\/div>\r\n                                                <\/div>\r\n                                            <\/div>\r\n                                        <\/div>\r\n                                    <\/div>\r\n                                <\/div>\r\n                            <\/div>\r\n                                                    <\/div>\r\n\r\n                                                \r\n                    <\/div>\r\n                    \r\n        <\/div>\r\n        <\/div>[\/vc_column_text][\/vc_column][vc_column width=\u00a0\u00bb1\/3&Prime;][vc_column_text]<div class=\"oxi-addons-container   oxi-addons-flipbox-template-style2\">        <div class=\"oxilab-flip-box-wrapper\">\r\n                                <div class=\"oxilab-flip-box-col-1 oxilab-flip-box-padding-9\"\r\n                         sa-data-animation=\"\"\r\n                         sa-data-animation-offset=\"100%\"\r\n                         sa-data-animation-delay=\"0ms\"\r\n                         sa-data-animation-duration=\" 2000ms\"\r\n                         >\r\n                        <div class=\" oxilab-flip-box-body-9 oxilab-flip-box-body-9-10\">\r\n                                                        <div class=\"oxilab-flip-box-body-absulote\">\r\n                                <div class=\"oxilab-flip-box-flip oxilab-flip-box-flip-right-to-left\">\r\n                                    <div class=\"oxilab-flip-box-style-data easing_easeOutBack\">\r\n                                        <div class=\"oxilab-flip-box-style\">\r\n                                            <div class=\"oxilab-flip-box-front\">\r\n                                                <div class=\"oxilab-flip-box-9\">\r\n                                                    <div class=\"oxilab-flip-box-9-data\">\r\n                                                        <div class=\"oxilab-icon\">\r\n                                                            <div class=\"oxilab-icon-data\">\r\n                                                                        <i class=\"fas fa-search oxi-icons\"><\/i>\r\n                                                                    <\/div>\r\n                                                        <\/div>\r\n                                                        <div class=\"oxilab-heading\">\r\n                                                            Postes \u00e0 pourvoir                                                        <\/div>\r\n                                                        <div class=\"oxilab-info\">\r\n                                                                                                                    <\/div>\r\n                                                    <\/div>\r\n                                                <\/div>\r\n                                            <\/div>\r\n                                            <div class=\"oxilab-flip-box-back\">\r\n                                                <div class=\"oxilab-flip-box-back-9\">\r\n                                                    <div class=\"oxilab-flip-box-back-9-data\">\r\n                                                        <div class=\"oxilab-heading\">\r\n                                                            Postes \u00e0 pourvoir                                                        <\/div>\r\n                                                        <div class=\"oxilab-info\">\r\n                                                            Sur notre site web, vous pouvez consulter toutes les offres d&apos;emploi actuelles que nous avons publi\u00e9es.                                                        <\/div>\r\n                                                                                                                    <a href=\"https:\/\/www.mikropor.com\/fr\/carriere\/postes-a-pourvoir\/\" target=\"\">\r\n                                                                <span class=\"oxilab-button\">\r\n                                                                    <span class=\"oxilab-button-data\">\r\n                                                                        Parcourir les offres                                                                    <\/span>\r\n                                                                <\/span>\r\n                                                            <\/a>\r\n                                                                                                                <\/div>\r\n                                                <\/div>\r\n                                            <\/div>\r\n                                        <\/div>\r\n                                    <\/div>\r\n                                <\/div>\r\n                            <\/div>\r\n                                                    <\/div>\r\n\r\n                                                \r\n                    <\/div>\r\n                    \r\n        <\/div>\r\n        <\/div>[\/vc_column_text][\/vc_column][vc_column width=\u00a0\u00bb1\/6&Prime;][\/vc_column][\/vc_row][vc_row css=\u00a0\u00bb.vc_custom_1667486043384{margin-top: 50px !important;}\u00a0\u00bb][vc_column width=\u00a0\u00bb1\/5&Prime;][vc_custom_heading text=\u00a0\u00bbNOTRE POLITIQUE EN MATI\u00c8RE DE RESSOURCES HUMAINES\u00a0\u00bb font_container=\u00a0\u00bbtag:h3|text_align:left|color:%23c83e30&Prime; use_theme_fonts=\u00a0\u00bbyes\u00a0\u00bb css=\u00a0\u00bb.vc_custom_1774853526030{margin-bottom: 10px !important;}\u00a0\u00bb][\/vc_column][vc_column width=\u00a0\u00bb4\/5&Prime;][vc_column_text]<\/p>\n<p style=\"text-align: justify; hyphens: auto; -webkit-hyphens: auto; -ms-hyphens: auto;\">Notre mission en mati\u00e8re de ressources humaines : dans le cadre de la mission et des objectifs communs de Mikropor, nous visons \u00e0 accro\u00eetre la productivit\u00e9 des employ\u00e9s et \u00e0 constituer une main-d&rsquo;\u0153uvre qualifi\u00e9e, dynamique, soucieuse de son d\u00e9veloppement continu, ouverte \u00e0 l&rsquo;innovation, attach\u00e9e aux valeurs \u00e9thiques et dot\u00e9e d&rsquo;une forte motivation personnelle.<\/p>\n<p style=\"text-align: justify; hyphens: auto; -webkit-hyphens: auto; -ms-hyphens: auto;\">L&rsquo;\u00e9valuation des candidats les plus aptes et les plus comp\u00e9tents pour les postes \u00e0 pourvoir est men\u00e9e sans distinction de sexe, de langue, de religion ou d&rsquo;origine ethnique, et nous veillons \u00e0 ce que chaque candidat b\u00e9n\u00e9ficie d&rsquo;une participation au processus d&rsquo;\u00e9valuation dans des conditions d&rsquo;\u00e9galit\u00e9 des chances. Nos processus de recrutement s&rsquo;appuient sur des entretiens ax\u00e9s sur les comp\u00e9tences, des tests d&rsquo;aptitude, des \u00e9tudes de cas et, pour certains d\u00e9partements, des entretiens techniques, des pr\u00e9sentations techniques et des tests de langue \u00e9trang\u00e8re.<\/p>\n<p style=\"text-align: justify; hyphens: auto; -webkit-hyphens: auto; -ms-hyphens: auto;\">Le processus d&rsquo;\u00e9valuation des performances est men\u00e9 selon des m\u00e9thodes transparentes, \u00e9quitables et concr\u00e8tes, visant \u00e0 garantir que l&rsquo;ensemble de l&rsquo;entreprise avance conform\u00e9ment \u00e0 ses objectifs strat\u00e9giques communs, \u00e0 assurer la p\u00e9rennit\u00e9 d&rsquo;un haut niveau de performance, \u00e0 r\u00e9compenser les performances r\u00e9ussies, \u00e0 fournir des ressources pour les plans de carri\u00e8re de nos collaborateurs et \u00e0 mettre en \u00e9vidence les opportunit\u00e9s de d\u00e9veloppement.<\/p>\n<p style=\"text-align: justify; hyphens: auto; -webkit-hyphens: auto; -ms-hyphens: auto;\">Afin de former de nouveaux leaders en investissant dans les personnes et les talents, de cr\u00e9er un langage commun et de soutenir notre culture en encourageant l&rsquo;apprentissage continu, nous \u00e9laborons des programmes de formation qui sont propos\u00e9s \u00e0 tous les collaborateurs via notre Catalogue de formation annuel. Afin de pr\u00e9parer nos collaborateurs \u00e0 l&rsquo;avenir dans un monde en constante \u00e9volution, nous mettons en \u0153uvre une gestion de la formation et du d\u00e9veloppement qui contribue \u00e0 leurs comp\u00e9tences personnelles, \u00e0 leur d\u00e9veloppement professionnel et \u00e0 leur identit\u00e9 d&rsquo;entreprise.<\/p>\n<p style=\"text-align: justify; hyphens: auto; -webkit-hyphens: auto; -ms-hyphens: auto;\">Notre politique salariale est d\u00e9termin\u00e9e en collaboration avec notre partenaire Korn Ferry (Hay Group) sur la base d&rsquo;une \u00e9valuation des emplois, en tenant compte des comp\u00e9tences et des performances de nos collaborateurs, des donn\u00e9es \u00e9conomiques et des tendances sectorielles, et en s&rsquo;adaptant aux conditions en constante \u00e9volution.<\/p>\n<p style=\"text-align: justify; hyphens: auto; -webkit-hyphens: auto; -ms-hyphens: auto;\">Dans tous les domaines o\u00f9 nous intervenons, \u00ab la sant\u00e9 et la s\u00e9curit\u00e9 au travail, l&rsquo;environnement, la qualit\u00e9 et l&rsquo;\u00e9nergie \u00bb figurent parmi nos priorit\u00e9s. Dans cette optique, nous visons \u00e0 garantir la p\u00e9rennit\u00e9 des syst\u00e8mes que nous avons mis en place et auxquels nous adh\u00e9rons gr\u00e2ce \u00e0 la sensibilisation de nos collaborateurs, \u00e0 l&rsquo;utilisation des nouvelles technologies et \u00e0 une gestion efficace des ressources.<\/p>\n<p><strong>Processus de recrutement<\/strong><\/p>\n<p style=\"text-align: justify; hyphens: auto; -webkit-hyphens: auto; -ms-hyphens: auto;\">L&rsquo;\u00e9valuation des candidats les plus aptes et les plus comp\u00e9tents pour les postes \u00e0 pourvoir est men\u00e9e sans distinction de sexe, de langue, de religion ou d&rsquo;origine ethnique, et nous veillons \u00e0 ce que chaque candidat b\u00e9n\u00e9ficie d&rsquo;une \u00e9valuation \u00e9quitable tout au long du processus.<\/p>\n<p>[\/vc_column_text][vc_column_text]Au cours du processus de recrutement ;<\/p>\n<ul>\n<li>des entretiens ax\u00e9s sur les comp\u00e9tences,<\/li>\n<li>des tests d&rsquo;aptitude,<\/li>\n<li>des \u00e9tudes de cas,<\/li>\n<li>pour certains services, des entretiens techniques et des pr\u00e9sentations techniques,<\/li>\n<li>des tests de langue \u00e9trang\u00e8re,<\/li>\n<\/ul>\n<p>nos processus de recrutement sont men\u00e9s.<br \/>\n<strong><br \/>\n\u00c9valuation des performances<\/strong><br \/>\nConform\u00e9ment aux objectifs strat\u00e9giques communs de l&rsquo;ensemble de l&rsquo;entreprise ;<\/p>\n<ul>\n<li>l&rsquo;\u00e9volution des collaborateurs est assur\u00e9e, le maintien d&rsquo;une performance \u00e9lev\u00e9e est vis\u00e9,<\/li>\n<li>les performances r\u00e9ussies sont r\u00e9compens\u00e9es,<\/li>\n<li>des ressources sont allou\u00e9es aux plans de carri\u00e8re de nos collaborateurs,<\/li>\n<li>et l&rsquo;objectif est de mettre en \u00e9vidence les opportunit\u00e9s de d\u00e9veloppement,<\/li>\n<li>\u00e0 l&rsquo;aide de m\u00e9thodes transparentes, \u00e9quitables et concr\u00e8tes,<\/li>\n<li>le processus d&rsquo;\u00e9valuation des performances est men\u00e9.<\/li>\n<\/ul>\n<p><strong><br \/>\nGestion de la formation et du d\u00e9veloppement<\/strong><\/p>\n<ul>\n<li>Former de nouveaux leaders en investissant dans les personnes et les talents,<\/li>\n<li>cr\u00e9er un langage commun,<\/li>\n<li>soutenir notre culture en encourageant l&rsquo;apprentissage continu,<\/li>\n<li style=\"text-align: justify; hyphens: auto; -webkit-hyphens: auto; -ms-hyphens: auto;\">pr\u00e9parer nos collaborateurs \u00e0 l&rsquo;avenir dans un monde en constante \u00e9volution,<\/li>\n<li style=\"text-align: justify; hyphens: auto; -webkit-hyphens: auto; -ms-hyphens: auto;\">Afin de contribuer \u00e0 leurs comp\u00e9tences personnelles, \u00e0 leur d\u00e9veloppement professionnel et \u00e0 leur identit\u00e9 d&rsquo;entreprise, des programmes de formation sont \u00e9labor\u00e9s et propos\u00e9s chaque ann\u00e9e \u00e0 tous les collaborateurs via le Catalogue de formation.<\/li>\n<\/ul>\n<p><strong>Gestion des salaires<\/strong><\/p>\n<p style=\"text-align: justify; hyphens: auto; -webkit-hyphens: auto; -ms-hyphens: auto;\">Notre politique de r\u00e9mun\u00e9ration est d\u00e9finie en collaboration avec notre partenaire Korn Ferry (Hay Group) sur la base d&rsquo;une \u00e9valuation des emplois, en tenant compte des comp\u00e9tences et des performances de nos collaborateurs, des donn\u00e9es \u00e9conomiques et des tendances sectorielles, et en s&rsquo;adaptant aux conditions en constante \u00e9volution.<\/p>\n<p><strong>Notre politique de d\u00e9veloppement durable<\/strong><\/p>\n<p style=\"text-align: justify; hyphens: auto; -webkit-hyphens: auto; -ms-hyphens: auto;\">Dans tous les domaines o\u00f9 nous intervenons, la \u00ab sant\u00e9 et la s\u00e9curit\u00e9 au travail, l&rsquo;environnement, la qualit\u00e9 et l&rsquo;\u00e9nergie \u00bb figurent parmi nos priorit\u00e9s. Dans cette optique, nous visons \u00e0 garantir la p\u00e9rennit\u00e9 des syst\u00e8mes que nous avons mis en place et auxquels nous adh\u00e9rons gr\u00e2ce \u00e0 la sensibilisation de nos collaborateurs, \u00e0 l&rsquo;utilisation des nouvelles technologies et \u00e0 une gestion efficace des ressources.<\/p>\n<p>[\/vc_column_text][\/vc_column][\/vc_row]<\/p>\n<\/section>","protected":false},"excerpt":{"rendered":"<p>[vc_row full_width=\u00a0\u00bbstretch_row\u00a0\u00bb parallax=\u00a0\u00bbcontent-moving\u00a0\u00bb css=\u00a0\u00bb.vc_custom_1617615625310{margin-top: -50px !important;padding-top: 12% !important;padding-bottom: 12% !important;background: #333333 url(https:\/\/www.mikropor.com\/wp-content\/uploads\/2021\/04\/Tasarim-1-scaled-2.jpg?id=72990);background-position:center;background-repeat:-repeat;background-size:cover;}\u00a0\u00bb][vc_column width=\u00a0\u00bb2\/5&Prime;][\/vc_column][vc_column width=\u00a0\u00bb3\/5&Prime;][vc_custom_heading text=\u00a0\u00bbNous savons que ce n&rsquo;est qu&rsquo;avec nos collaborateurs que nous pourrons aller de l&rsquo;avant.\u00a0\u00bb font_container=\u00a0\u00bbtag:h2|font_size:44|text_align:left|color:%23ffffff\u00a0\u00bb use_theme_fonts=\u00a0\u00bbyes\u00a0\u00bb el_class=\u00a0\u00bbabout-subtitle wow fadeIn delay&#8211;1 vc_hidden-xs\u00a0\u00bb][vc_custom_heading text=\u00a0\u00bbNous savons que ce n&rsquo;est qu&rsquo;avec nos collaborateurs que nous pourrons aller de l&rsquo;avant.\u00a0\u00bb font_container=\u00a0\u00bbtag:h2|font_size:25|text_align:center|color:%23ffffff\u00a0\u00bb use_theme_fonts=\u00a0\u00bbyes\u00a0\u00bb el_class=\u00a0\u00bbabout-subtitle wow fadeIn delay&#8211;1 [&hellip;]<\/p>\n","protected":false},"author":3,"featured_media":0,"parent":0,"menu_order":0,"comment_status":"closed","ping_status":"closed","template":"page-full-width.php","meta":{"footnotes":""},"class_list":["post-84169","page","type-page","status-publish","hentry"],"_links":{"self":[{"href":"https:\/\/www.mikropor.com\/fr\/wp-json\/wp\/v2\/pages\/84169","targetHints":{"allow":["GET"]}}],"collection":[{"href":"https:\/\/www.mikropor.com\/fr\/wp-json\/wp\/v2\/pages"}],"about":[{"href":"https:\/\/www.mikropor.com\/fr\/wp-json\/wp\/v2\/types\/page"}],"author":[{"embeddable":true,"href":"https:\/\/www.mikropor.com\/fr\/wp-json\/wp\/v2\/users\/3"}],"replies":[{"embeddable":true,"href":"https:\/\/www.mikropor.com\/fr\/wp-json\/wp\/v2\/comments?post=84169"}],"version-history":[{"count":4,"href":"https:\/\/www.mikropor.com\/fr\/wp-json\/wp\/v2\/pages\/84169\/revisions"}],"predecessor-version":[{"id":92489,"href":"https:\/\/www.mikropor.com\/fr\/wp-json\/wp\/v2\/pages\/84169\/revisions\/92489"}],"wp:attachment":[{"href":"https:\/\/www.mikropor.com\/fr\/wp-json\/wp\/v2\/media?parent=84169"}],"curies":[{"name":"wp","href":"https:\/\/api.w.org\/{rel}","templated":true}]}}