{"id":85529,"date":"2025-07-30T17:42:36","date_gmt":"2025-07-30T14:42:36","guid":{"rendered":"https:\/\/www.mikropor.com\/h-box-lsc-serisi\/"},"modified":"2025-08-28T06:36:44","modified_gmt":"2025-08-28T03:36:44","slug":"serie-h-box-lsc","status":"publish","type":"page","link":"https:\/\/www.mikropor.com\/fr\/filtration-de-lair-atmospherique\/boites-hepa\/serie-h-box-lsc\/","title":{"rendered":"S\u00e9rie H-BOX LSC"},"content":{"rendered":"<section class=\"wpb-content-wrapper\"><p>[vc_row][vc_column css=\u00a0\u00bb.vc_custom_1750330042790{background-position: center !important;background-repeat: no-repeat !important;background-size: cover !important;}\u00a0\u00bb]    <nav class=\"mikropor-breadcrumb\" aria-label=\"Breadcrumb\">\n        <ol class=\"breadcrumb-list\">\n                            <li class=\"breadcrumb-item \">\n                                            <a href=\"https:\/\/www.mikropor.com\/fr\/\" >\n                            Accueil                        <\/a>\n                                        \n                                    <\/li>\n                    <\/ol>\n    <\/nav>\n    [\/vc_column][\/vc_row][vc_row equal_height=\u00a0\u00bbyes\u00a0\u00bb css=\u00a0\u00bb.vc_custom_1751704622099{margin-bottom: 35px !important;padding-top: 20px !important;padding-right: 20px !important;padding-bottom: 20px !important;padding-left: 20px !important;background-color: #ffffff !important;}\u00a0\u00bb el_class=\u00a0\u00bbborder-e5e5e5&Prime;][vc_column width=\u00a0\u00bb1\/2&Prime; el_class=\u00a0\u00bbimage-column\u00a0\u00bb][vc_custom_heading text=\u00a0\u00bbS\u00e9rie H-BOX LSC\u00a0\u00bb font_container=\u00a0\u00bbtag:h3|text_align:left\u00a0\u00bb google_fonts=\u00a0\u00bbfont_family:Open%20Sans%3A300%2C300italic%2Cregular%2Citalic%2C600%2C600italic%2C700%2C700italic%2C800%2C800italic|font_style:700%20bold%20regular%3A700%3Anormal\u00a0\u00bb][vc_column_text]<span style=\"color: #e43c2f;\"><strong>Domaines d&rsquo;utilisation<\/strong><\/span><br \/>\n\u2022 Distributeur d&rsquo;air en filtration finale<br \/>\n\u2022 Applications en salle blanche[\/vc_column_text]<div class=\"button-group\"><a class=\"custom-btn\" href=\"#\" data-product=\"S\u00e9rie H-BOX LSC\">Demander un Devis<\/a><\/div>[\/vc_column][vc_column width=\u00a0\u00bb1\/2&Prime;][vc_single_image image=\u00a0\u00bb84622&Prime; img_size=\u00a0\u00bbfull\u00a0\u00bb][\/vc_column][\/vc_row][vc_row equal_height=\u00a0\u00bbyes\u00a0\u00bb el_class=\u00a0\u00bbborder-e5e5e5&Prime; css=\u00a0\u00bb.vc_custom_1751891111691{padding-top: 20px !important;padding-right: 20px !important;padding-bottom: 20px !important;padding-left: 20px !important;background-color: #ffffff !important;}\u00a0\u00bb][vc_column width=\u00a0\u00bb2\/3&Prime; el_class=\u00a0\u00bbimage-column\u00a0\u00bb]<div class=\"corporate-features-table\"><div class=\"feature-item\"><div class=\"feature-label\"><i class=\"fas fa-angle-right\" style=\"margin-right: 8px;\"><\/i> LSC <\/div><div class=\"feature-value\">Entr\u00e9e lat\u00e9rale au plafond \u00e9troit<\/div><\/div><div class=\"feature-item\"><div class=\"feature-label\"><i class=\"fas fa-angle-right\" style=\"margin-right: 8px;\"><\/i> DSW <\/div><div class=\"feature-value\">Diffuseurs r\u00e9glables<\/div><\/div><div class=\"feature-item\"><div class=\"feature-label\"><i class=\"fas fa-angle-right\" style=\"margin-right: 8px;\"><\/i> D4D <\/div><div class=\"feature-value\">Diffuseur \u00e0 quatre voies<\/div><\/div><div class=\"feature-item\"><div class=\"feature-label\"><i class=\"fas fa-angle-right\" style=\"margin-right: 8px;\"><\/i> DP <\/div><div class=\"feature-value\">Diffuseurs perfor\u00e9s<\/div><\/div><div class=\"feature-item\"><div class=\"feature-label\"><i class=\"fas fa-angle-right\" style=\"margin-right: 8px;\"><\/i> Dimensions de la gorge<\/div><div class=\"feature-value\">\u00d8150 mm, \u00d8200 mm, \u00d8250 mm<\/div><\/div><\/div>[\/vc_column][vc_column width=\u00a0\u00bb1\/3&Prime;][\/vc_column][\/vc_row][vc_row][vc_column][vc_custom_heading text=\u00a0\u00bbProduits apparent\u00e9s\u00a0\u00bb font_container=\u00a0\u00bbtag:h4|text_align:left\u00a0\u00bb google_fonts=\u00a0\u00bbfont_family:Open%20Sans%3A300%2C300italic%2Cregular%2Citalic%2C600%2C600italic%2C700%2C700italic%2C800%2C800italic|font_style:700%20bold%20regular%3A700%3Anormal\u00a0\u00bb][vc_column_text]<div class=\"swiper ilgili-urunler-swiper\"><div class=\"swiper-wrapper\">\n        <div class=\"swiper-slide\">\n            <div class=\"product-card-col\">\n\t\t\t\t<div class=\"vc_column-inner\">\n                \t<div class=\"wpb_wrapper\">\n\n                    \t<div class=\"wpb_single_image\">\n\t\t\t\t\t\t\t<a href=\"https:\/\/www.mikropor.com\/fr\/filtration-de-lair-atmospherique\/boites-hepa\/serie-h-box-stc\/\">\n\t\t\t\t\t\t\t\t<img decoding=\"async\" src=\"https:\/\/www.mikropor.com\/wp-content\/uploads\/2025\/07\/70-H-BOX-STC-SERIES-300x300.png\" style=\"height: 228px;\" alt=\"S\u00e9rie H-BOX STC\" \/>\n\t\t\t\t\t\t\t<\/a>\n\t\t\t\t\t\t <\/div>\n\t\t\t\t\t\t<div class=\"card-header-custom\" style=\"padding: 12px;\"><span class=\"product-title\">S\u00e9rie H-BOX STC<\/span>\n\t\t\t\t\t\t\t<a class=\"product-button\" href=\"https:\/\/www.mikropor.com\/fr\/filtration-de-lair-atmospherique\/boites-hepa\/serie-h-box-stc\/\">\n\t\t\t\t\t\t\t\t<span class=\"arrow\">\u279c<\/span>\n\t\t\t\t\t\t\t<\/a>\n\t\t\t\t\t\t<\/div>\n\t\t\t\t\t<\/div>\n\t\t\t\t<\/div>\n            <\/div>\n        <\/div>\n\t\t<style>\n\t\t.ilgili-urunler-swiper .swiper-slide {\n\t\t\theight: auto;\n\t\t\tdisplay: flex;\n\t\t}\n\n\t\t\/* Kart container\u0131n\u0131 tam y\u00fckseklik yapmak i\u00e7in *\/\n\t\t.product-card-col {\n\t\t\tdisplay: flex;\n\t\t\tflex-direction: column;\n\t\t\theight: 100%;\n\t\t}\n\n\t\t\/* \u0130\u00e7eri\u011fi e\u015fit da\u011f\u0131tmak i\u00e7in *\/\n\t\t.product-card-col .vc_column-inner {\n\t\t\tdisplay: flex;\n\t\t\tflex-direction: column;\n\t\t\theight: 100%;\n\t\t}\n\n\t\t.product-card-col .wpb_wrapper {\n\t\t\tdisplay: flex;\n\t\t\tflex-direction: column;\n\t\t\theight: 100%;\n\t\t}\n\t\t<\/style>\n\t\t\n        <div class=\"swiper-slide\">\n            <div class=\"product-card-col\">\n\t\t\t\t<div class=\"vc_column-inner\">\n                \t<div class=\"wpb_wrapper\">\n\n                    \t<div class=\"wpb_single_image\">\n\t\t\t\t\t\t\t<a href=\"https:\/\/www.mikropor.com\/fr\/filtration-de-lair-atmospherique\/boites-hepa\/serie-h-box-ltc\/\">\n\t\t\t\t\t\t\t\t<img decoding=\"async\" src=\"https:\/\/www.mikropor.com\/wp-content\/uploads\/2025\/07\/71-H-BOX-LTC-SERIES-300x300.png\" style=\"height: 228px;\" alt=\"S\u00e9rie H-BOX LTC\" \/>\n\t\t\t\t\t\t\t<\/a>\n\t\t\t\t\t\t <\/div>\n\t\t\t\t\t\t<div class=\"card-header-custom\" style=\"padding: 12px;\"><span class=\"product-title\">S\u00e9rie H-BOX LTC<\/span>\n\t\t\t\t\t\t\t<a class=\"product-button\" href=\"https:\/\/www.mikropor.com\/fr\/filtration-de-lair-atmospherique\/boites-hepa\/serie-h-box-ltc\/\">\n\t\t\t\t\t\t\t\t<span class=\"arrow\">\u279c<\/span>\n\t\t\t\t\t\t\t<\/a>\n\t\t\t\t\t\t<\/div>\n\t\t\t\t\t<\/div>\n\t\t\t\t<\/div>\n            <\/div>\n        <\/div>\n\t\t<style>\n\t\t.ilgili-urunler-swiper .swiper-slide {\n\t\t\theight: auto;\n\t\t\tdisplay: flex;\n\t\t}\n\n\t\t\/* Kart container\u0131n\u0131 tam y\u00fckseklik yapmak i\u00e7in *\/\n\t\t.product-card-col {\n\t\t\tdisplay: flex;\n\t\t\tflex-direction: column;\n\t\t\theight: 100%;\n\t\t}\n\n\t\t\/* \u0130\u00e7eri\u011fi e\u015fit da\u011f\u0131tmak i\u00e7in *\/\n\t\t.product-card-col .vc_column-inner {\n\t\t\tdisplay: flex;\n\t\t\tflex-direction: column;\n\t\t\theight: 100%;\n\t\t}\n\n\t\t.product-card-col .wpb_wrapper {\n\t\t\tdisplay: flex;\n\t\t\tflex-direction: column;\n\t\t\theight: 100%;\n\t\t}\n\t\t<\/style>\n\t\t\n        <div class=\"swiper-slide\">\n            <div class=\"product-card-col\">\n\t\t\t\t<div class=\"vc_column-inner\">\n                \t<div class=\"wpb_wrapper\">\n\n                    \t<div class=\"wpb_single_image\">\n\t\t\t\t\t\t\t<a href=\"https:\/\/www.mikropor.com\/fr\/filtration-de-lair-atmospherique\/boites-hepa\/serie-h-box-ssc\/\">\n\t\t\t\t\t\t\t\t<img decoding=\"async\" src=\"https:\/\/www.mikropor.com\/wp-content\/uploads\/2025\/07\/72-H-BOX-SSC-SERIES-300x300.png\" style=\"height: 228px;\" alt=\"S\u00e9rie H-BOX SSC\" \/>\n\t\t\t\t\t\t\t<\/a>\n\t\t\t\t\t\t <\/div>\n\t\t\t\t\t\t<div class=\"card-header-custom\" style=\"padding: 12px;\"><span class=\"product-title\">S\u00e9rie H-BOX SSC<\/span>\n\t\t\t\t\t\t\t<a class=\"product-button\" href=\"https:\/\/www.mikropor.com\/fr\/filtration-de-lair-atmospherique\/boites-hepa\/serie-h-box-ssc\/\">\n\t\t\t\t\t\t\t\t<span class=\"arrow\">\u279c<\/span>\n\t\t\t\t\t\t\t<\/a>\n\t\t\t\t\t\t<\/div>\n\t\t\t\t\t<\/div>\n\t\t\t\t<\/div>\n            <\/div>\n        <\/div>\n\t\t<style>\n\t\t.ilgili-urunler-swiper .swiper-slide {\n\t\t\theight: auto;\n\t\t\tdisplay: flex;\n\t\t}\n\n\t\t\/* Kart container\u0131n\u0131 tam y\u00fckseklik yapmak i\u00e7in *\/\n\t\t.product-card-col {\n\t\t\tdisplay: flex;\n\t\t\tflex-direction: column;\n\t\t\theight: 100%;\n\t\t}\n\n\t\t\/* \u0130\u00e7eri\u011fi e\u015fit da\u011f\u0131tmak i\u00e7in *\/\n\t\t.product-card-col .vc_column-inner {\n\t\t\tdisplay: flex;\n\t\t\tflex-direction: column;\n\t\t\theight: 100%;\n\t\t}\n\n\t\t.product-card-col .wpb_wrapper {\n\t\t\tdisplay: flex;\n\t\t\tflex-direction: column;\n\t\t\theight: 100%;\n\t\t}\n\t\t<\/style>\n\t\t<\/div>\n        <div class=\"swiper-button-next\"><\/div>\n        <div class=\"swiper-button-prev\"><\/div>\n        <div class=\"swiper-pagination\"><\/div>\n    <\/div>[\/vc_column_text][\/vc_column][\/vc_row][vc_row][vc_column][vc_raw_html]JTNDc3R5bGUlM0UuY29udGVudC1jb250YWluZXIlMjAlN0JwYWRkaW5nLXRvcCUzQSUyMDEwN3B4JTNCJTNDJTJGc3R5bGUlM0U=[\/vc_raw_html][\/vc_column][\/vc_row]<\/p>\n<\/section>","protected":false},"excerpt":{"rendered":"<p>[vc_row][vc_column css=\u00a0\u00bb.vc_custom_1750330042790{background-position: center !important;background-repeat: no-repeat !important;background-size: cover !important;}\u00a0\u00bb][\/vc_column][\/vc_row][vc_row equal_height=\u00a0\u00bbyes\u00a0\u00bb css=\u00a0\u00bb.vc_custom_1751704622099{margin-bottom: 35px !important;padding-top: 20px !important;padding-right: 20px !important;padding-bottom: 20px !important;padding-left: 20px !important;background-color: #ffffff !important;}\u00a0\u00bb el_class=\u00a0\u00bbborder-e5e5e5&Prime;][vc_column width=\u00a0\u00bb1\/2&Prime; el_class=\u00a0\u00bbimage-column\u00a0\u00bb][vc_custom_heading text=\u00a0\u00bbS\u00e9rie H-BOX LSC\u00a0\u00bb font_container=\u00a0\u00bbtag:h3|text_align:left\u00a0\u00bb google_fonts=\u00a0\u00bbfont_family:Open%20Sans%3A300%2C300italic%2Cregular%2Citalic%2C600%2C600italic%2C700%2C700italic%2C800%2C800italic|font_style:700%20bold%20regular%3A700%3Anormal\u00a0\u00bb][vc_column_text]Domaines d&rsquo;utilisation \u2022 Distributeur d&rsquo;air en filtration finale \u2022 Applications en salle blanche[\/vc_column_text][\/vc_column][vc_column width=\u00a0\u00bb1\/2&Prime;][vc_single_image image=\u00a0\u00bb84622&Prime; img_size=\u00a0\u00bbfull\u00a0\u00bb][\/vc_column][\/vc_row][vc_row equal_height=\u00a0\u00bbyes\u00a0\u00bb el_class=\u00a0\u00bbborder-e5e5e5&Prime; css=\u00a0\u00bb.vc_custom_1751891111691{padding-top: 20px !important;padding-right: 20px !important;padding-bottom: 20px !important;padding-left: 20px [&hellip;]<\/p>\n","protected":false},"author":3,"featured_media":84624,"parent":85613,"menu_order":0,"comment_status":"closed","ping_status":"closed","template":"","meta":{"footnotes":""},"class_list":["post-85529","page","type-page","status-publish","has-post-thumbnail","hentry"],"_links":{"self":[{"href":"https:\/\/www.mikropor.com\/fr\/wp-json\/wp\/v2\/pages\/85529","targetHints":{"allow":["GET"]}}],"collection":[{"href":"https:\/\/www.mikropor.com\/fr\/wp-json\/wp\/v2\/pages"}],"about":[{"href":"https:\/\/www.mikropor.com\/fr\/wp-json\/wp\/v2\/types\/page"}],"author":[{"embeddable":true,"href":"https:\/\/www.mikropor.com\/fr\/wp-json\/wp\/v2\/users\/3"}],"replies":[{"embeddable":true,"href":"https:\/\/www.mikropor.com\/fr\/wp-json\/wp\/v2\/comments?post=85529"}],"version-history":[{"count":3,"href":"https:\/\/www.mikropor.com\/fr\/wp-json\/wp\/v2\/pages\/85529\/revisions"}],"predecessor-version":[{"id":85824,"href":"https:\/\/www.mikropor.com\/fr\/wp-json\/wp\/v2\/pages\/85529\/revisions\/85824"}],"up":[{"embeddable":true,"href":"https:\/\/www.mikropor.com\/fr\/wp-json\/wp\/v2\/pages\/85613"}],"wp:featuredmedia":[{"embeddable":true,"href":"https:\/\/www.mikropor.com\/fr\/wp-json\/wp\/v2\/media\/84624"}],"wp:attachment":[{"href":"https:\/\/www.mikropor.com\/fr\/wp-json\/wp\/v2\/media?parent=85529"}],"curies":[{"name":"wp","href":"https:\/\/api.w.org\/{rel}","templated":true}]}}