{"id":85547,"date":"2025-07-30T17:11:40","date_gmt":"2025-07-30T14:11:40","guid":{"rendered":"https:\/\/www.mikropor.com\/aktif-karbon-cerceveler\/"},"modified":"2025-08-27T22:01:59","modified_gmt":"2025-08-27T19:01:59","slug":"cadres-en-charbon-actif","status":"publish","type":"page","link":"https:\/\/www.mikropor.com\/fr\/filtration-de-lair-atmospherique\/filtres-a-charbon\/cadres-en-charbon-actif\/","title":{"rendered":"Cadres en charbon actif"},"content":{"rendered":"<section class=\"wpb-content-wrapper\"><p>[vc_row][vc_column css=\u00a0\u00bb.vc_custom_1750330042790{background-position: center !important;background-repeat: no-repeat !important;background-size: cover !important;}\u00a0\u00bb]    <nav class=\"mikropor-breadcrumb\" aria-label=\"Breadcrumb\">\n        <ol class=\"breadcrumb-list\">\n                            <li class=\"breadcrumb-item \">\n                                            <a href=\"https:\/\/www.mikropor.com\/fr\/\" >\n                            Accueil                        <\/a>\n                                        \n                                    <\/li>\n                    <\/ol>\n    <\/nav>\n    [\/vc_column][\/vc_row][vc_row equal_height=\u00a0\u00bbyes\u00a0\u00bb css=\u00a0\u00bb.vc_custom_1751704622099{margin-bottom: 35px !important;padding-top: 20px !important;padding-right: 20px !important;padding-bottom: 20px !important;padding-left: 20px !important;background-color: #ffffff !important;}\u00a0\u00bb el_class=\u00a0\u00bbborder-e5e5e5&Prime;][vc_column width=\u00a0\u00bb1\/2&Prime; el_class=\u00a0\u00bbimage-column\u00a0\u00bb][vc_custom_heading text=\u00a0\u00bbCadres en charbon actif\u00a0\u00bb font_container=\u00a0\u00bbtag:h3|text_align:left\u00a0\u00bb google_fonts=\u00a0\u00bbfont_family:Open%20Sans%3A300%2C300italic%2Cregular%2Citalic%2C600%2C600italic%2C700%2C700italic%2C800%2C800italic|font_style:700%20bold%20regular%3A700%3Anormal\u00a0\u00bb][vc_column_text]I am text block. Click edit button to change this text. Lorem ipsum dolor sit amet, consectetur adipiscing elit. Ut elit tellus, luctus nec ullamcorper mattis, pulvinar dapibus leo. I am text block. Click edit button to change this text. Change this text.[\/vc_column_text]<div class=\"button-group\"><a class=\"custom-btn\" href=\"#\" data-product=\"Cadres en charbon actif\">Demander un Devis<\/a><\/div>[\/vc_column][vc_column width=\u00a0\u00bb1\/2&Prime;][vc_gallery interval=\u00a0\u00bb5&Prime; images=\u00a0\u00bb84474,84773&Prime; img_size=\u00a0\u00bbfull\u00a0\u00bb][\/vc_column][\/vc_row][vc_row equal_height=\u00a0\u00bbyes\u00a0\u00bb el_class=\u00a0\u00bbborder-e5e5e5&Prime; css=\u00a0\u00bb.vc_custom_1751891111691{padding-top: 20px !important;padding-right: 20px !important;padding-bottom: 20px !important;padding-left: 20px !important;background-color: #ffffff !important;}\u00a0\u00bb][vc_column width=\u00a0\u00bb2\/3&Prime; el_class=\u00a0\u00bbimage-column\u00a0\u00bb][vc_tta_tabs style=\u00a0\u00bbmodern\u00a0\u00bb shape=\u00a0\u00bbsquare\u00a0\u00bb active_section=\u00a0\u00bb1&Prime;][vc_tta_section title=\u00a0\u00bbMACT-605\/605\/37&Prime; tab_id=\u00a0\u00bb1754060784615-250c9f2e-edd3&Prime;]<div class=\"corporate-features-table\"><div class=\"feature-item\"><div class=\"feature-label\"><i class=\"fas fa-signature\" style=\"margin-right: 8px;\"><\/i> Nom de la pi\u00e8ce<\/div><div class=\"feature-value\">MACT-605\/605\/37<\/div><\/div><div class=\"feature-item\"><div class=\"feature-label\"><img decoding=\"async\" src=\"https:\/\/www.mikropor.com\/wp-content\/uploads\/2025\/08\/hvacikonset-04.png\" alt=\"Mat\u00e9riau du filtre\" style=\"width: 32px; height: 32px; margin-right: 8px; vertical-align: middle;\" \/> Mat\u00e9riau du filtre<\/div><div class=\"feature-value\">Acier galvanis\u00e9 peint \u00e0 l&#039;\u00e9poxy<\/div><\/div><div class=\"feature-item\"><div class=\"feature-label\"><img decoding=\"async\" src=\"https:\/\/www.mikropor.com\/wp-content\/uploads\/2025\/08\/hvacikonset-17.png\" alt=\"Quantit\u00e9 de cartouches\" style=\"width: 32px; height: 32px; margin-right: 8px; vertical-align: middle;\" \/> Quantit\u00e9 de cartouches<\/div><div class=\"feature-value\">9<\/div><\/div><div class=\"feature-item\"><div class=\"feature-label\"><img decoding=\"async\" src=\"https:\/\/www.mikropor.com\/wp-content\/uploads\/2025\/08\/hvacikonset-16.png\" alt=\"Debi\" style=\"width: 32px; height: 32px; margin-right: 8px; vertical-align: middle;\" \/> Debi<\/div><div class=\"feature-value\">3400 m\u00b3\/h<\/div><\/div><div class=\"feature-item\"><div class=\"feature-label\"><img decoding=\"async\" src=\"https:\/\/www.mikropor.com\/wp-content\/uploads\/2025\/08\/hvacikonset-08.png\" alt=\"Chute de pression\" style=\"width: 32px; height: 32px; margin-right: 8px; vertical-align: middle;\" \/> Chute de pression<\/div><div class=\"feature-value\">150 Pa<\/div><\/div><div class=\"feature-item\"><div class=\"feature-label\"><img decoding=\"async\" src=\"https:\/\/www.mikropor.com\/wp-content\/uploads\/2025\/08\/hvacikonset-15.png\" alt=\"Poids du cadre\" style=\"width: 32px; height: 32px; margin-right: 8px; vertical-align: middle;\" \/> Poids du cadre<\/div><div class=\"feature-value\">7 kg<\/div><\/div><\/div>[\/vc_tta_section][vc_tta_section title=\u00a0\u00bbMACT-300\/605\/37&Prime; tab_id=\u00a0\u00bb1754060784626-a8596e6d-5db2&Prime;]<div class=\"corporate-features-table\"><div class=\"feature-item\"><div class=\"feature-label\"><i class=\"fas fa-signature\" style=\"margin-right: 8px;\"><\/i> Nom de la pi\u00e8ce<\/div><div class=\"feature-value\">MACT-300\/605\/37<\/div><\/div><div class=\"feature-item\"><div class=\"feature-label\"><img decoding=\"async\" src=\"https:\/\/www.mikropor.com\/wp-content\/uploads\/2025\/08\/hvacikonset-04.png\" alt=\"Mat\u00e9riau du filtre\" style=\"width: 32px; height: 32px; margin-right: 8px; vertical-align: middle;\" \/> Mat\u00e9riau du filtre<\/div><div class=\"feature-value\">Acier galvanis\u00e9 peint \u00e0 l&#039;\u00e9poxy<\/div><\/div><div class=\"feature-item\"><div class=\"feature-label\"><img decoding=\"async\" src=\"https:\/\/www.mikropor.com\/wp-content\/uploads\/2025\/08\/hvacikonset-17.png\" alt=\"Quantit\u00e9 de cartouches\" style=\"width: 32px; height: 32px; margin-right: 8px; vertical-align: middle;\" \/> Quantit\u00e9 de cartouches<\/div><div class=\"feature-value\">5<\/div><\/div><div class=\"feature-item\"><div class=\"feature-label\"><img decoding=\"async\" src=\"https:\/\/www.mikropor.com\/wp-content\/uploads\/2025\/08\/hvacikonset-16.png\" alt=\"Debi\" style=\"width: 32px; height: 32px; margin-right: 8px; vertical-align: middle;\" \/> Debi<\/div><div class=\"feature-value\">1700 m\u00b3\/h<\/div><\/div><div class=\"feature-item\"><div class=\"feature-label\"><img decoding=\"async\" src=\"https:\/\/www.mikropor.com\/wp-content\/uploads\/2025\/08\/hvacikonset-08.png\" alt=\"Chute de pression\" style=\"width: 32px; height: 32px; margin-right: 8px; vertical-align: middle;\" \/> Chute de pression<\/div><div class=\"feature-value\">150 Pa<\/div><\/div><div class=\"feature-item\"><div class=\"feature-label\"><img decoding=\"async\" src=\"https:\/\/www.mikropor.com\/wp-content\/uploads\/2025\/08\/hvacikonset-15.png\" alt=\"Poids du cadre\" style=\"width: 32px; height: 32px; margin-right: 8px; vertical-align: middle;\" \/> Poids du cadre<\/div><div class=\"feature-value\">3.5 kg<\/div><\/div><\/div>[\/vc_tta_section][\/vc_tta_tabs][\/vc_column][vc_column width=\u00a0\u00bb1\/3&Prime;][vc_column_text]<img decoding=\"async\" class=\"alignnone size-full wp-image-82516 alignright\" src=\"https:\/\/www.mikropor.com\/wp-content\/uploads\/2025\/07\/iso-16890.webp\" alt=\"\" width=\"75\" srcset=\"https:\/\/www.mikropor.com\/wp-content\/uploads\/2025\/07\/iso-16890.webp 250w, https:\/\/www.mikropor.com\/wp-content\/uploads\/2025\/07\/iso-16890-150x150.webp 150w, https:\/\/www.mikropor.com\/wp-content\/uploads\/2025\/07\/iso-16890-200x200.webp 200w\" sizes=\"(max-width: 250px) 100vw, 250px\" \/>[\/vc_column_text][\/vc_column][\/vc_row][vc_row][vc_column][vc_custom_heading text=\u00a0\u00bbProduits apparent\u00e9s\u00a0\u00bb font_container=\u00a0\u00bbtag:h4|text_align:left\u00a0\u00bb google_fonts=\u00a0\u00bbfont_family:Open%20Sans%3A300%2C300italic%2Cregular%2Citalic%2C600%2C600italic%2C700%2C700italic%2C800%2C800italic|font_style:700%20bold%20regular%3A700%3Anormal\u00a0\u00bb][vc_column_text]<div class=\"swiper ilgili-urunler-swiper\"><div class=\"swiper-wrapper\">\n        <div class=\"swiper-slide\">\n            <div class=\"product-card-col\">\n\t\t\t\t<div class=\"vc_column-inner\">\n                \t<div class=\"wpb_wrapper\">\n\n                    \t<div class=\"wpb_single_image\">\n\t\t\t\t\t\t\t<a href=\"https:\/\/www.mikropor.com\/fr\/filtration-de-lair-atmospherique\/filtres-a-charbon\/mv-acp-serisi\/\">\n\t\t\t\t\t\t\t\t<img decoding=\"async\" src=\"https:\/\/www.mikropor.com\/wp-content\/uploads\/2025\/07\/35-MV-ACP-SERIES-300x300.png\" style=\"height: 228px;\" alt=\"S\u00e9rie MV-ACP\" \/>\n\t\t\t\t\t\t\t<\/a>\n\t\t\t\t\t\t <\/div>\n\t\t\t\t\t\t<div class=\"card-header-custom\" style=\"padding: 12px;\"><span class=\"product-title\">S\u00e9rie MV-ACP<\/span>\n\t\t\t\t\t\t\t<a class=\"product-button\" href=\"https:\/\/www.mikropor.com\/fr\/filtration-de-lair-atmospherique\/filtres-a-charbon\/mv-acp-serisi\/\">\n\t\t\t\t\t\t\t\t<span class=\"arrow\">\u279c<\/span>\n\t\t\t\t\t\t\t<\/a>\n\t\t\t\t\t\t<\/div>\n\t\t\t\t\t<\/div>\n\t\t\t\t<\/div>\n            <\/div>\n        <\/div>\n\t\t<style>\n\t\t.ilgili-urunler-swiper .swiper-slide {\n\t\t\theight: auto;\n\t\t\tdisplay: flex;\n\t\t}\n\n\t\t\/* Kart container\u0131n\u0131 tam y\u00fckseklik yapmak i\u00e7in *\/\n\t\t.product-card-col {\n\t\t\tdisplay: flex;\n\t\t\tflex-direction: column;\n\t\t\theight: 100%;\n\t\t}\n\n\t\t\/* \u0130\u00e7eri\u011fi e\u015fit da\u011f\u0131tmak i\u00e7in *\/\n\t\t.product-card-col .vc_column-inner {\n\t\t\tdisplay: flex;\n\t\t\tflex-direction: column;\n\t\t\theight: 100%;\n\t\t}\n\n\t\t.product-card-col .wpb_wrapper {\n\t\t\tdisplay: flex;\n\t\t\tflex-direction: column;\n\t\t\theight: 100%;\n\t\t}\n\t\t<\/style>\n\t\t\n        <div class=\"swiper-slide\">\n            <div class=\"product-card-col\">\n\t\t\t\t<div class=\"vc_column-inner\">\n                \t<div class=\"wpb_wrapper\">\n\n                    \t<div class=\"wpb_single_image\">\n\t\t\t\t\t\t\t<a href=\"https:\/\/www.mikropor.com\/fr\/filtration-de-lair-atmospherique\/filtres-a-charbon\/cartouches-de-charbon-actif\/\">\n\t\t\t\t\t\t\t\t<img decoding=\"async\" src=\"https:\/\/www.mikropor.com\/wp-content\/uploads\/2025\/07\/36-ACTIVATED-CARBON-CARTRIDGES-300x300.png\" style=\"height: 228px;\" alt=\"Cartouches de charbon actif\" \/>\n\t\t\t\t\t\t\t<\/a>\n\t\t\t\t\t\t <\/div>\n\t\t\t\t\t\t<div class=\"card-header-custom\" style=\"padding: 12px;\"><span class=\"product-title\">Cartouches de charbon actif<\/span>\n\t\t\t\t\t\t\t<a class=\"product-button\" href=\"https:\/\/www.mikropor.com\/fr\/filtration-de-lair-atmospherique\/filtres-a-charbon\/cartouches-de-charbon-actif\/\">\n\t\t\t\t\t\t\t\t<span class=\"arrow\">\u279c<\/span>\n\t\t\t\t\t\t\t<\/a>\n\t\t\t\t\t\t<\/div>\n\t\t\t\t\t<\/div>\n\t\t\t\t<\/div>\n            <\/div>\n        <\/div>\n\t\t<style>\n\t\t.ilgili-urunler-swiper .swiper-slide {\n\t\t\theight: auto;\n\t\t\tdisplay: flex;\n\t\t}\n\n\t\t\/* Kart container\u0131n\u0131 tam y\u00fckseklik yapmak i\u00e7in *\/\n\t\t.product-card-col {\n\t\t\tdisplay: flex;\n\t\t\tflex-direction: column;\n\t\t\theight: 100%;\n\t\t}\n\n\t\t\/* \u0130\u00e7eri\u011fi e\u015fit da\u011f\u0131tmak i\u00e7in *\/\n\t\t.product-card-col .vc_column-inner {\n\t\t\tdisplay: flex;\n\t\t\tflex-direction: column;\n\t\t\theight: 100%;\n\t\t}\n\n\t\t.product-card-col .wpb_wrapper {\n\t\t\tdisplay: flex;\n\t\t\tflex-direction: column;\n\t\t\theight: 100%;\n\t\t}\n\t\t<\/style>\n\t\t\n        <div class=\"swiper-slide\">\n            <div class=\"product-card-col\">\n\t\t\t\t<div class=\"vc_column-inner\">\n                \t<div class=\"wpb_wrapper\">\n\n                    \t<div class=\"wpb_single_image\">\n\t\t\t\t\t\t\t<a href=\"https:\/\/www.mikropor.com\/fr\/filtration-de-lair-atmospherique\/filtres-a-charbon\/filtres-a-charbon-actif-en-v\/\">\n\t\t\t\t\t\t\t\t<img decoding=\"async\" src=\"https:\/\/www.mikropor.com\/wp-content\/uploads\/2025\/07\/39-ACTIVATED-CARBON-V-CELL-FILTERS-300x300.png\" style=\"height: 228px;\" alt=\"Filtres \u00e0 charbon actif en V\" \/>\n\t\t\t\t\t\t\t<\/a>\n\t\t\t\t\t\t <\/div>\n\t\t\t\t\t\t<div class=\"card-header-custom\" style=\"padding: 12px;\"><span class=\"product-title\">Filtres \u00e0 charbon actif en V<\/span>\n\t\t\t\t\t\t\t<a class=\"product-button\" href=\"https:\/\/www.mikropor.com\/fr\/filtration-de-lair-atmospherique\/filtres-a-charbon\/filtres-a-charbon-actif-en-v\/\">\n\t\t\t\t\t\t\t\t<span class=\"arrow\">\u279c<\/span>\n\t\t\t\t\t\t\t<\/a>\n\t\t\t\t\t\t<\/div>\n\t\t\t\t\t<\/div>\n\t\t\t\t<\/div>\n            <\/div>\n        <\/div>\n\t\t<style>\n\t\t.ilgili-urunler-swiper .swiper-slide {\n\t\t\theight: auto;\n\t\t\tdisplay: flex;\n\t\t}\n\n\t\t\/* Kart container\u0131n\u0131 tam y\u00fckseklik yapmak i\u00e7in *\/\n\t\t.product-card-col {\n\t\t\tdisplay: flex;\n\t\t\tflex-direction: column;\n\t\t\theight: 100%;\n\t\t}\n\n\t\t\/* \u0130\u00e7eri\u011fi e\u015fit da\u011f\u0131tmak i\u00e7in *\/\n\t\t.product-card-col .vc_column-inner {\n\t\t\tdisplay: flex;\n\t\t\tflex-direction: column;\n\t\t\theight: 100%;\n\t\t}\n\n\t\t.product-card-col .wpb_wrapper {\n\t\t\tdisplay: flex;\n\t\t\tflex-direction: column;\n\t\t\theight: 100%;\n\t\t}\n\t\t<\/style>\n\t\t\n        <div class=\"swiper-slide\">\n            <div class=\"product-card-col\">\n\t\t\t\t<div class=\"vc_column-inner\">\n                \t<div class=\"wpb_wrapper\">\n\n                    \t<div class=\"wpb_single_image\">\n\t\t\t\t\t\t\t<a href=\"https:\/\/www.mikropor.com\/fr\/filtration-de-lair-atmospherique\/filtres-a-charbon\/filtres-a-panneaux-de-charbon-actif\/\">\n\t\t\t\t\t\t\t\t<img decoding=\"async\" src=\"https:\/\/www.mikropor.com\/wp-content\/uploads\/2025\/07\/40-ACTIVATED-CARBON-V-CELL-FILTERS-PANEL-300x300.png\" style=\"height: 228px;\" alt=\"Filtres \u00e0 panneaux de charbon actif\" \/>\n\t\t\t\t\t\t\t<\/a>\n\t\t\t\t\t\t <\/div>\n\t\t\t\t\t\t<div class=\"card-header-custom\" style=\"padding: 12px;\"><span class=\"product-title\">Filtres \u00e0 panneaux de charbon actif<\/span>\n\t\t\t\t\t\t\t<a class=\"product-button\" href=\"https:\/\/www.mikropor.com\/fr\/filtration-de-lair-atmospherique\/filtres-a-charbon\/filtres-a-panneaux-de-charbon-actif\/\">\n\t\t\t\t\t\t\t\t<span class=\"arrow\">\u279c<\/span>\n\t\t\t\t\t\t\t<\/a>\n\t\t\t\t\t\t<\/div>\n\t\t\t\t\t<\/div>\n\t\t\t\t<\/div>\n            <\/div>\n        <\/div>\n\t\t<style>\n\t\t.ilgili-urunler-swiper .swiper-slide {\n\t\t\theight: auto;\n\t\t\tdisplay: flex;\n\t\t}\n\n\t\t\/* Kart container\u0131n\u0131 tam y\u00fckseklik yapmak i\u00e7in *\/\n\t\t.product-card-col {\n\t\t\tdisplay: flex;\n\t\t\tflex-direction: column;\n\t\t\theight: 100%;\n\t\t}\n\n\t\t\/* \u0130\u00e7eri\u011fi e\u015fit da\u011f\u0131tmak i\u00e7in *\/\n\t\t.product-card-col .vc_column-inner {\n\t\t\tdisplay: flex;\n\t\t\tflex-direction: column;\n\t\t\theight: 100%;\n\t\t}\n\n\t\t.product-card-col .wpb_wrapper {\n\t\t\tdisplay: flex;\n\t\t\tflex-direction: column;\n\t\t\theight: 100%;\n\t\t}\n\t\t<\/style>\n\t\t<\/div>\n        <div class=\"swiper-button-next\"><\/div>\n        <div class=\"swiper-button-prev\"><\/div>\n        <div class=\"swiper-pagination\"><\/div>\n    <\/div>[\/vc_column_text][\/vc_column][\/vc_row][vc_row][vc_column][vc_raw_html]JTNDc3R5bGUlM0UuY29udGVudC1jb250YWluZXIlMjAlN0JwYWRkaW5nLXRvcCUzQSUyMDEwN3B4JTNCJTNDJTJGc3R5bGUlM0U=[\/vc_raw_html][\/vc_column][\/vc_row]<\/p>\n<\/section>","protected":false},"excerpt":{"rendered":"<p>[vc_row][vc_column css=\u00a0\u00bb.vc_custom_1750330042790{background-position: center !important;background-repeat: no-repeat !important;background-size: cover !important;}\u00a0\u00bb][\/vc_column][\/vc_row][vc_row equal_height=\u00a0\u00bbyes\u00a0\u00bb css=\u00a0\u00bb.vc_custom_1751704622099{margin-bottom: 35px !important;padding-top: 20px !important;padding-right: 20px !important;padding-bottom: 20px !important;padding-left: 20px !important;background-color: #ffffff !important;}\u00a0\u00bb el_class=\u00a0\u00bbborder-e5e5e5&Prime;][vc_column width=\u00a0\u00bb1\/2&Prime; el_class=\u00a0\u00bbimage-column\u00a0\u00bb][vc_custom_heading text=\u00a0\u00bbCadres en charbon actif\u00a0\u00bb font_container=\u00a0\u00bbtag:h3|text_align:left\u00a0\u00bb google_fonts=\u00a0\u00bbfont_family:Open%20Sans%3A300%2C300italic%2Cregular%2Citalic%2C600%2C600italic%2C700%2C700italic%2C800%2C800italic|font_style:700%20bold%20regular%3A700%3Anormal\u00a0\u00bb][vc_column_text]I am text block. Click edit button to change this text. Lorem ipsum dolor sit amet, consectetur adipiscing elit. Ut elit tellus, luctus nec ullamcorper [&hellip;]<\/p>\n","protected":false},"author":3,"featured_media":84476,"parent":85619,"menu_order":0,"comment_status":"closed","ping_status":"closed","template":"","meta":{"footnotes":""},"class_list":["post-85547","page","type-page","status-publish","has-post-thumbnail","hentry"],"_links":{"self":[{"href":"https:\/\/www.mikropor.com\/fr\/wp-json\/wp\/v2\/pages\/85547","targetHints":{"allow":["GET"]}}],"collection":[{"href":"https:\/\/www.mikropor.com\/fr\/wp-json\/wp\/v2\/pages"}],"about":[{"href":"https:\/\/www.mikropor.com\/fr\/wp-json\/wp\/v2\/types\/page"}],"author":[{"embeddable":true,"href":"https:\/\/www.mikropor.com\/fr\/wp-json\/wp\/v2\/users\/3"}],"replies":[{"embeddable":true,"href":"https:\/\/www.mikropor.com\/fr\/wp-json\/wp\/v2\/comments?post=85547"}],"version-history":[{"count":3,"href":"https:\/\/www.mikropor.com\/fr\/wp-json\/wp\/v2\/pages\/85547\/revisions"}],"predecessor-version":[{"id":88093,"href":"https:\/\/www.mikropor.com\/fr\/wp-json\/wp\/v2\/pages\/85547\/revisions\/88093"}],"up":[{"embeddable":true,"href":"https:\/\/www.mikropor.com\/fr\/wp-json\/wp\/v2\/pages\/85619"}],"wp:featuredmedia":[{"embeddable":true,"href":"https:\/\/www.mikropor.com\/fr\/wp-json\/wp\/v2\/media\/84476"}],"wp:attachment":[{"href":"https:\/\/www.mikropor.com\/fr\/wp-json\/wp\/v2\/media?parent=85547"}],"curies":[{"name":"wp","href":"https:\/\/api.w.org\/{rel}","templated":true}]}}