{"id":86554,"date":"2025-08-13T10:14:57","date_gmt":"2025-08-13T07:14:57","guid":{"rendered":"https:\/\/www.mikropor.com\/traitement-de-lair-comprime\/secheurs-dair-comprime\/mbs-series\/"},"modified":"2025-09-09T10:07:12","modified_gmt":"2025-09-09T07:07:12","slug":"serie-mbs","status":"publish","type":"page","link":"https:\/\/www.mikropor.com\/fr\/systemes-de-production-de-gaz\/serie-mbs\/","title":{"rendered":"S\u00e9rie MBS"},"content":{"rendered":"<section class=\"wpb-content-wrapper\"><p>[vc_row css=\u00a0\u00bb.vc_custom_1750229107128{padding-right: 60px !important;}\u00a0\u00bb][vc_column css=\u00a0\u00bb.vc_custom_1750330042790{background-position: center !important;background-repeat: no-repeat !important;background-size: cover !important;}\u00a0\u00bb]    <nav class=\"mikropor-breadcrumb\" aria-label=\"Breadcrumb\">\n        <ol class=\"breadcrumb-list\">\n                            <li class=\"breadcrumb-item \">\n                                            <a href=\"https:\/\/www.mikropor.com\/fr\/\" >\n                            Accueil                        <\/a>\n                                        \n                                    <\/li>\n                    <\/ol>\n    <\/nav>\n    [\/vc_column][\/vc_row][vc_row equal_height=\u00a0\u00bbyes\u00a0\u00bb css=\u00a0\u00bb.vc_custom_1751890017661{margin-bottom: 35px !important;padding-top: 20px !important;padding-right: 20px !important;padding-bottom: 20px !important;padding-left: 20px !important;background-color: #ffffff !important;}\u00a0\u00bb el_class=\u00a0\u00bbborder-e5e5e5&Prime;][vc_column width=\u00a0\u00bb1\/2&Prime; el_class=\u00a0\u00bbimage-column\u00a0\u00bb][vc_column_text css=\u00a0\u00bb.vc_custom_1755069379699{padding-bottom: 15px !important;}\u00a0\u00bb]<\/p>\n<h3><span style=\"color: #000000; font-weight: 600;\"><strong>S\u00e9rie MBS<\/strong><\/span><\/h3>\n<p><strong>Syst\u00e8me d&rsquo;air respirable<\/strong><br \/>\n(10 m\u00b3\/h &#8211; 2200 m\u00b3\/h)[\/vc_column_text][vc_column_text css=\u00a0\u00bb.vc_custom_1755069392859{padding-bottom: 15px !important;}\u00a0\u00bb]Un air comprim\u00e9 de haute qualit\u00e9 est essentiel pour de nombreuses industries, car il a un impact vital dans les applications respiratoires. Les purificateurs d&rsquo;air respirable Mikropor sont con\u00e7us pour \u00e9liminer les substances dangereuses pr\u00e9sentes dans l&rsquo;air conform\u00e9ment aux normes en vigueur. (Purificateurs d&rsquo;air respirable Mikropor sont con\u00e7us pour prot\u00e9ger contre toute une s\u00e9rie de contaminants qui peuvent \u00eatre pr\u00e9sents dans un syst\u00e8me d&rsquo;air respirable aliment\u00e9 en air comprim\u00e9.)[\/vc_column_text]<div class=\"button-group\"><a class=\"custom-btn\" href=\"#\" data-product=\"S\u00e9rie MBS\">Demander un Devis<\/a><\/div>[\/vc_column][vc_column width=\u00a0\u00bb1\/2&Prime;][vc_gallery interval=\u00a0\u00bb5&Prime; images=\u00a0\u00bb87433&Prime; img_size=\u00a0\u00bbfull\u00a0\u00bb][\/vc_column][\/vc_row][vc_row disable_element=\u00a0\u00bbyes\u00a0\u00bb el_class=\u00a0\u00bbborder-e5e5e5&Prime; css=\u00a0\u00bb.vc_custom_1754909245322{padding-top: 20px !important;padding-right: 20px !important;padding-bottom: 20px !important;padding-left: 20px !important;background-color: #ffffff !important;}\u00a0\u00bb][vc_column][vc_custom_heading text=\u00a0\u00bbApplication Areas\u00a0\u00bb font_container=\u00a0\u00bbtag:h4|text_align:center\u00a0\u00bb google_fonts=\u00a0\u00bbfont_family:Open%20Sans%3A300%2C300italic%2Cregular%2Citalic%2C600%2C600italic%2C700%2C700italic%2C800%2C800italic|font_style:700%20bold%20regular%3A700%3Anormal\u00a0\u00bb]<div class=\"sektorler-img-container sektorler_69d74dce65b0e \"><a href=\"#\"  ><div class=\"sektor-img\"><img decoding=\"async\" src=\"https:\/\/www.mikropor.com\/wp-content\/uploads\/2025\/07\/website-ikon-19.png\" alt=\"Compressed Air Systems\" style=\"width: 65px; height: 65px;\"><span>Compressed Air Systems<\/span><\/div><\/a><a href=\"#\"  ><div class=\"sektor-img\"><img decoding=\"async\" src=\"https:\/\/www.mikropor.com\/wp-content\/uploads\/2025\/07\/website-ikon-20.png\" alt=\"Industrial Drying Applications\" style=\"width: 65px; height: 65px;\"><span>Industrial Drying Applications<\/span><\/div><\/a><a href=\"#\"  ><div class=\"sektor-img\"><img decoding=\"async\" src=\"https:\/\/www.mikropor.com\/wp-content\/uploads\/2025\/07\/website-ikon-22.png\" alt=\"Oil-Water Separation\" style=\"width: 65px; height: 65px;\"><span>Oil-Water Separation<\/span><\/div><\/a><a href=\"#\"  ><div class=\"sektor-img\"><img decoding=\"async\" src=\"https:\/\/www.mikropor.com\/wp-content\/uploads\/2025\/07\/website-ikon-23.png\" alt=\"General Industrial Applications\" style=\"width: 65px; height: 65px;\"><span>General Industrial Applications<\/span><\/div><\/a><a href=\"#\"  ><div class=\"sektor-img\"><img decoding=\"async\" src=\"https:\/\/www.mikropor.com\/wp-content\/uploads\/2025\/07\/website-ikon-24.png\" alt=\"Miscellaneous Industrial Use\" style=\"width: 65px; height: 65px;\"><span>Miscellaneous Industrial Use<\/span><\/div><\/a><\/div><style>\n    .sektorler_69d74dce65b0e {\n        display: flex;\n        justify-content: space-between;\n        align-items: center;\n        flex-wrap: wrap;\n        gap: 60px;\n        padding: 10px 0;\n        max-width: 1000px;\n        margin: 0 auto 10px;\n    }\n    \n    .sektorler_69d74dce65b0e a {\n        color: #444;\n        text-decoration: none;\n    }\n    \n    .sektorler_69d74dce65b0e .sektor-img {\n        display: flex;\n        flex-direction: column;\n        align-items: center;\n        font-size: 17px;\n        color: #444;\n        text-align: center;\n        width: 60px;\n    }\n    \n    .sektorler_69d74dce65b0e .sektor-img img {\n        object-fit: contain;\n        margin-bottom: 4px;\n        opacity: 0.85;\n        transition: opacity 0.3s ease;\n    }\n    \n    .sektorler_69d74dce65b0e .sektor-img:hover img {\n        opacity: 1;\n    }\n    \n    .sektorler_69d74dce65b0e span {\n        transition: 0.3s ease;\n        color: #000000;\n        line-height: 1.4;\n\t\tfont-size: 14px;\n    }\n    \n    .sektorler_69d74dce65b0e span:hover {\n        color: #e43c2f;\n    }\n    \n    .sektorler-title {\n        text-align: center;\n        margin-bottom: 20px;\n    }\n    \n    @media (max-width: 768px) {\n        .sektorler_69d74dce65b0e {\n            justify-content: center;\n            gap: 30px;\n        }\n        \n        .sektorler_69d74dce65b0e .sektor-img {\n            width: 80px;\n        }\n    }\n    <\/style>[\/vc_column][\/vc_row][vc_row el_class=\u00a0\u00bbborder-e5e5e5&Prime; css=\u00a0\u00bb.vc_custom_1756275647508{padding-top: 20px !important;padding-right: 20px !important;padding-bottom: 20px !important;padding-left: 20px !important;}\u00a0\u00bb][vc_column width=\u00a0\u00bb5\/6&Prime;]<div class=\"corporate-features-table\"><div class=\"feature-item\"><div class=\"feature-label table-header basinc-tablo\">Conditions de Pression<\/div><div class=\"feature-value table-header\" style=\"font-weight: bold; color: #e03c31;\">Nominal<\/div><div class=\"feature-value table-header\" style=\"font-weight: bold; color: #e03c31;\">Maximum<\/div><\/div><div class=\"feature-item\"><div class=\"feature-label basinc-tablo\"><i class=\"fas fa-gauge-high\" style=\"margin-right: 8px;\"><\/i> Pression de Service<\/div><div class=\"feature-value\">7 Barg<\/div><div class=\"feature-value\">16 Barg<\/div><\/div><div class=\"feature-item\"><div class=\"feature-label table-header basinc-tablo\">Conditions de Temp\u00e9rature<\/div><div class=\"feature-value table-header\" style=\"font-weight: bold; color: #e03c31;\">Minimum<\/div><div class=\"feature-value table-header\" style=\"font-weight: bold; color: #e03c31;\">Maximum<\/div><\/div><div class=\"feature-item\"><div class=\"feature-label basinc-tablo\"><i class=\"fas fa-temperature-high\" style=\"margin-right: 8px;\"><\/i> Temp\u00e9rature de Service<\/div><div class=\"feature-value\">2\u00b0C<\/div><div class=\"feature-value\">25\u00b0C<\/div><\/div><\/div>[\/vc_column][vc_column width=\u00a0\u00bb1\/6&Prime;][vc_column_text]<\/p>\n<div style=\"display: flex; align-items: end; flex-direction: column; justify-content: start;\"><img decoding=\"async\" class=\"alignnone size-full wp-image-82516 alignright\" src=\"https:\/\/www.mikropor.com\/wp-content\/webp-express\/webp-images\/uploads\/2021\/05\/CE.png.webp\" alt=\"\" width=\"75\" \/><br \/>\n<img decoding=\"async\" class=\"alignnone size-full wp-image-82516 alignright\" src=\"https:\/\/www.mikropor.com\/wp-content\/uploads\/2025\/09\/ul.webp\" alt=\"\" width=\"75\" \/><\/div>\n<p>[\/vc_column_text][\/vc_column][\/vc_row][vc_row][vc_column][vc_custom_heading text=\u00a0\u00bbProduits connexes\u00a0\u00bb font_container=\u00a0\u00bbtag:h4|text_align:left\u00a0\u00bb google_fonts=\u00a0\u00bbfont_family:Open%20Sans%3A300%2C300italic%2Cregular%2Citalic%2C600%2C600italic%2C700%2C700italic%2C800%2C800italic|font_style:700%20bold%20regular%3A700%3Anormal\u00a0\u00bb css=\u00a0\u00bb.vc_custom_1755069404986{margin-bottom: 15px !important;}\u00a0\u00bb][vc_column_text]<div class=\"swiper ilgili-urunler-swiper\"><div class=\"swiper-wrapper\">\n        <div class=\"swiper-slide\">\n            <div class=\"product-card-col\">\n\t\t\t\t<div class=\"vc_column-inner\">\n                \t<div class=\"wpb_wrapper\">\n\n                    \t<div class=\"wpb_single_image\">\n\t\t\t\t\t\t\t<a href=\"https:\/\/www.mikropor.com\/fr\/systemes-de-production-de-gaz\/serie-mng-pro\/\">\n\t\t\t\t\t\t\t\t<img decoding=\"async\" src=\"https:\/\/www.mikropor.com\/wp-content\/uploads\/2025\/08\/cas-40-300x300.webp\" style=\"height: 228px;\" alt=\"S\u00e9rie MNG-PRO\" \/>\n\t\t\t\t\t\t\t<\/a>\n\t\t\t\t\t\t <\/div>\n\t\t\t\t\t\t<div class=\"card-header-custom\" style=\"padding: 12px;\"><span class=\"product-title\">S\u00e9rie MNG-PRO<\/span>\n\t\t\t\t\t\t\t<a class=\"product-button\" href=\"https:\/\/www.mikropor.com\/fr\/systemes-de-production-de-gaz\/serie-mng-pro\/\">\n\t\t\t\t\t\t\t\t<span class=\"arrow\">\u279c<\/span>\n\t\t\t\t\t\t\t<\/a>\n\t\t\t\t\t\t<\/div>\n\t\t\t\t\t<\/div>\n\t\t\t\t<\/div>\n            <\/div>\n        <\/div>\n\t\t<style>\n\t\t.ilgili-urunler-swiper .swiper-slide {\n\t\t\theight: auto;\n\t\t\tdisplay: flex;\n\t\t}\n\n\t\t\/* Kart container\u0131n\u0131 tam y\u00fckseklik yapmak i\u00e7in *\/\n\t\t.product-card-col {\n\t\t\tdisplay: flex;\n\t\t\tflex-direction: column;\n\t\t\theight: 100%;\n\t\t}\n\n\t\t\/* \u0130\u00e7eri\u011fi e\u015fit da\u011f\u0131tmak i\u00e7in *\/\n\t\t.product-card-col .vc_column-inner {\n\t\t\tdisplay: flex;\n\t\t\tflex-direction: column;\n\t\t\theight: 100%;\n\t\t}\n\n\t\t.product-card-col .wpb_wrapper {\n\t\t\tdisplay: flex;\n\t\t\tflex-direction: column;\n\t\t\theight: 100%;\n\t\t}\n\t\t<\/style>\n\t\t\n        <div class=\"swiper-slide\">\n            <div class=\"product-card-col\">\n\t\t\t\t<div class=\"vc_column-inner\">\n                \t<div class=\"wpb_wrapper\">\n\n                    \t<div class=\"wpb_single_image\">\n\t\t\t\t\t\t\t<a href=\"https:\/\/www.mikropor.com\/fr\/systemes-de-production-de-gaz\/serie-m-mng-pro\/\">\n\t\t\t\t\t\t\t\t<img decoding=\"async\" src=\"https:\/\/www.mikropor.com\/wp-content\/uploads\/2025\/08\/cas-20-300x300.webp\" style=\"height: 228px;\" alt=\"S\u00e9rie M-MNG-PRO\" \/>\n\t\t\t\t\t\t\t<\/a>\n\t\t\t\t\t\t <\/div>\n\t\t\t\t\t\t<div class=\"card-header-custom\" style=\"padding: 12px;\"><span class=\"product-title\">S\u00e9rie M-MNG-PRO<\/span>\n\t\t\t\t\t\t\t<a class=\"product-button\" href=\"https:\/\/www.mikropor.com\/fr\/systemes-de-production-de-gaz\/serie-m-mng-pro\/\">\n\t\t\t\t\t\t\t\t<span class=\"arrow\">\u279c<\/span>\n\t\t\t\t\t\t\t<\/a>\n\t\t\t\t\t\t<\/div>\n\t\t\t\t\t<\/div>\n\t\t\t\t<\/div>\n            <\/div>\n        <\/div>\n\t\t<style>\n\t\t.ilgili-urunler-swiper .swiper-slide {\n\t\t\theight: auto;\n\t\t\tdisplay: flex;\n\t\t}\n\n\t\t\/* Kart container\u0131n\u0131 tam y\u00fckseklik yapmak i\u00e7in *\/\n\t\t.product-card-col {\n\t\t\tdisplay: flex;\n\t\t\tflex-direction: column;\n\t\t\theight: 100%;\n\t\t}\n\n\t\t\/* \u0130\u00e7eri\u011fi e\u015fit da\u011f\u0131tmak i\u00e7in *\/\n\t\t.product-card-col .vc_column-inner {\n\t\t\tdisplay: flex;\n\t\t\tflex-direction: column;\n\t\t\theight: 100%;\n\t\t}\n\n\t\t.product-card-col .wpb_wrapper {\n\t\t\tdisplay: flex;\n\t\t\tflex-direction: column;\n\t\t\theight: 100%;\n\t\t}\n\t\t<\/style>\n\t\t\n        <div class=\"swiper-slide\">\n            <div class=\"product-card-col\">\n\t\t\t\t<div class=\"vc_column-inner\">\n                \t<div class=\"wpb_wrapper\">\n\n                    \t<div class=\"wpb_single_image\">\n\t\t\t\t\t\t\t<a href=\"https:\/\/www.mikropor.com\/fr\/systemes-de-production-de-gaz\/serie-mdx\/\">\n\t\t\t\t\t\t\t\t<img decoding=\"async\" src=\"https:\/\/www.mikropor.com\/wp-content\/uploads\/2025\/08\/cas-30-300x300.webp\" style=\"height: 228px;\" alt=\"S\u00e9rie MDX\" \/>\n\t\t\t\t\t\t\t<\/a>\n\t\t\t\t\t\t <\/div>\n\t\t\t\t\t\t<div class=\"card-header-custom\" style=\"padding: 12px;\"><span class=\"product-title\">S\u00e9rie MDX<\/span>\n\t\t\t\t\t\t\t<a class=\"product-button\" href=\"https:\/\/www.mikropor.com\/fr\/systemes-de-production-de-gaz\/serie-mdx\/\">\n\t\t\t\t\t\t\t\t<span class=\"arrow\">\u279c<\/span>\n\t\t\t\t\t\t\t<\/a>\n\t\t\t\t\t\t<\/div>\n\t\t\t\t\t<\/div>\n\t\t\t\t<\/div>\n            <\/div>\n        <\/div>\n\t\t<style>\n\t\t.ilgili-urunler-swiper .swiper-slide {\n\t\t\theight: auto;\n\t\t\tdisplay: flex;\n\t\t}\n\n\t\t\/* Kart container\u0131n\u0131 tam y\u00fckseklik yapmak i\u00e7in *\/\n\t\t.product-card-col {\n\t\t\tdisplay: flex;\n\t\t\tflex-direction: column;\n\t\t\theight: 100%;\n\t\t}\n\n\t\t\/* \u0130\u00e7eri\u011fi e\u015fit da\u011f\u0131tmak i\u00e7in *\/\n\t\t.product-card-col .vc_column-inner {\n\t\t\tdisplay: flex;\n\t\t\tflex-direction: column;\n\t\t\theight: 100%;\n\t\t}\n\n\t\t.product-card-col .wpb_wrapper {\n\t\t\tdisplay: flex;\n\t\t\tflex-direction: column;\n\t\t\theight: 100%;\n\t\t}\n\t\t<\/style>\n\t\t\n        <div class=\"swiper-slide\">\n            <div class=\"product-card-col\">\n\t\t\t\t<div class=\"vc_column-inner\">\n                \t<div class=\"wpb_wrapper\">\n\n                    \t<div class=\"wpb_single_image\">\n\t\t\t\t\t\t\t<a href=\"https:\/\/www.mikropor.com\/fr\/systemes-de-production-de-gaz\/serie-mgd\/\">\n\t\t\t\t\t\t\t\t<img decoding=\"async\" src=\"https:\/\/www.mikropor.com\/wp-content\/uploads\/2025\/08\/cas-59-300x300.webp\" style=\"height: 228px;\" alt=\"S\u00e9rie MGD\" \/>\n\t\t\t\t\t\t\t<\/a>\n\t\t\t\t\t\t <\/div>\n\t\t\t\t\t\t<div class=\"card-header-custom\" style=\"padding: 12px;\"><span class=\"product-title\">S\u00e9rie MGD<\/span>\n\t\t\t\t\t\t\t<a class=\"product-button\" href=\"https:\/\/www.mikropor.com\/fr\/systemes-de-production-de-gaz\/serie-mgd\/\">\n\t\t\t\t\t\t\t\t<span class=\"arrow\">\u279c<\/span>\n\t\t\t\t\t\t\t<\/a>\n\t\t\t\t\t\t<\/div>\n\t\t\t\t\t<\/div>\n\t\t\t\t<\/div>\n            <\/div>\n        <\/div>\n\t\t<style>\n\t\t.ilgili-urunler-swiper .swiper-slide {\n\t\t\theight: auto;\n\t\t\tdisplay: flex;\n\t\t}\n\n\t\t\/* Kart container\u0131n\u0131 tam y\u00fckseklik yapmak i\u00e7in *\/\n\t\t.product-card-col {\n\t\t\tdisplay: flex;\n\t\t\tflex-direction: column;\n\t\t\theight: 100%;\n\t\t}\n\n\t\t\/* \u0130\u00e7eri\u011fi e\u015fit da\u011f\u0131tmak i\u00e7in *\/\n\t\t.product-card-col .vc_column-inner {\n\t\t\tdisplay: flex;\n\t\t\tflex-direction: column;\n\t\t\theight: 100%;\n\t\t}\n\n\t\t.product-card-col .wpb_wrapper {\n\t\t\tdisplay: flex;\n\t\t\tflex-direction: column;\n\t\t\theight: 100%;\n\t\t}\n\t\t<\/style>\n\t\t\n        <div class=\"swiper-slide\">\n            <div class=\"product-card-col\">\n\t\t\t\t<div class=\"vc_column-inner\">\n                \t<div class=\"wpb_wrapper\">\n\n                    \t<div class=\"wpb_single_image\">\n\t\t\t\t\t\t\t<a href=\"https:\/\/www.mikropor.com\/fr\/systemes-de-production-de-gaz\/serie-mog\/\">\n\t\t\t\t\t\t\t\t<img decoding=\"async\" src=\"https:\/\/www.mikropor.com\/wp-content\/uploads\/2025\/08\/cas-41-300x300.webp\" style=\"height: 228px;\" alt=\"S\u00e9rie MOG\" \/>\n\t\t\t\t\t\t\t<\/a>\n\t\t\t\t\t\t <\/div>\n\t\t\t\t\t\t<div class=\"card-header-custom\" style=\"padding: 12px;\"><span class=\"product-title\">S\u00e9rie MOG<\/span>\n\t\t\t\t\t\t\t<a class=\"product-button\" href=\"https:\/\/www.mikropor.com\/fr\/systemes-de-production-de-gaz\/serie-mog\/\">\n\t\t\t\t\t\t\t\t<span class=\"arrow\">\u279c<\/span>\n\t\t\t\t\t\t\t<\/a>\n\t\t\t\t\t\t<\/div>\n\t\t\t\t\t<\/div>\n\t\t\t\t<\/div>\n            <\/div>\n        <\/div>\n\t\t<style>\n\t\t.ilgili-urunler-swiper .swiper-slide {\n\t\t\theight: auto;\n\t\t\tdisplay: flex;\n\t\t}\n\n\t\t\/* Kart container\u0131n\u0131 tam y\u00fckseklik yapmak i\u00e7in *\/\n\t\t.product-card-col {\n\t\t\tdisplay: flex;\n\t\t\tflex-direction: column;\n\t\t\theight: 100%;\n\t\t}\n\n\t\t\/* \u0130\u00e7eri\u011fi e\u015fit da\u011f\u0131tmak i\u00e7in *\/\n\t\t.product-card-col .vc_column-inner {\n\t\t\tdisplay: flex;\n\t\t\tflex-direction: column;\n\t\t\theight: 100%;\n\t\t}\n\n\t\t.product-card-col .wpb_wrapper {\n\t\t\tdisplay: flex;\n\t\t\tflex-direction: column;\n\t\t\theight: 100%;\n\t\t}\n\t\t<\/style>\n\t\t<\/div>\n        <div class=\"swiper-button-next\"><\/div>\n        <div class=\"swiper-button-prev\"><\/div>\n        <div class=\"swiper-pagination\"><\/div>\n    <\/div>[\/vc_column_text][\/vc_column][\/vc_row][vc_row][vc_column][vc_raw_html]JTNDc3R5bGUlM0UuZW50cnktY29udGVudCUyMCU3Qm1hcmdpbi10b3AlM0ElMjAzMHB4JTNCJTdEJTIwLmFkdmFuY2VkLXNpZGViYXItbWVudSUyMCU3QiUyMG1hcmdpbi10b3AlM0ElMjAzMHB4JTNCJTIwJTdEJTNDJTJGc3R5bGUlM0U=[\/vc_raw_html][\/vc_column][\/vc_row]<\/p>\n<\/section>","protected":false},"excerpt":{"rendered":"<p>[vc_row css=\u00a0\u00bb.vc_custom_1750229107128{padding-right: 60px !important;}\u00a0\u00bb][vc_column css=\u00a0\u00bb.vc_custom_1750330042790{background-position: center !important;background-repeat: no-repeat !important;background-size: cover !important;}\u00a0\u00bb][\/vc_column][\/vc_row][vc_row equal_height=\u00a0\u00bbyes\u00a0\u00bb css=\u00a0\u00bb.vc_custom_1751890017661{margin-bottom: 35px !important;padding-top: 20px !important;padding-right: 20px !important;padding-bottom: 20px !important;padding-left: 20px !important;background-color: #ffffff !important;}\u00a0\u00bb el_class=\u00a0\u00bbborder-e5e5e5&Prime;][vc_column width=\u00a0\u00bb1\/2&Prime; el_class=\u00a0\u00bbimage-column\u00a0\u00bb][vc_column_text css=\u00a0\u00bb.vc_custom_1755069379699{padding-bottom: 15px !important;}\u00a0\u00bb] S\u00e9rie MBS Syst\u00e8me d&rsquo;air respirable (10 m\u00b3\/h &#8211; 2200 m\u00b3\/h)[\/vc_column_text][vc_column_text css=\u00a0\u00bb.vc_custom_1755069392859{padding-bottom: 15px !important;}\u00a0\u00bb]Un air comprim\u00e9 de haute qualit\u00e9 est essentiel pour de nombreuses industries, [&hellip;]<\/p>\n","protected":false},"author":3,"featured_media":87433,"parent":86726,"menu_order":0,"comment_status":"closed","ping_status":"closed","template":"","meta":{"footnotes":""},"class_list":["post-86554","page","type-page","status-publish","has-post-thumbnail","hentry"],"_links":{"self":[{"href":"https:\/\/www.mikropor.com\/fr\/wp-json\/wp\/v2\/pages\/86554","targetHints":{"allow":["GET"]}}],"collection":[{"href":"https:\/\/www.mikropor.com\/fr\/wp-json\/wp\/v2\/pages"}],"about":[{"href":"https:\/\/www.mikropor.com\/fr\/wp-json\/wp\/v2\/types\/page"}],"author":[{"embeddable":true,"href":"https:\/\/www.mikropor.com\/fr\/wp-json\/wp\/v2\/users\/3"}],"replies":[{"embeddable":true,"href":"https:\/\/www.mikropor.com\/fr\/wp-json\/wp\/v2\/comments?post=86554"}],"version-history":[{"count":6,"href":"https:\/\/www.mikropor.com\/fr\/wp-json\/wp\/v2\/pages\/86554\/revisions"}],"predecessor-version":[{"id":90471,"href":"https:\/\/www.mikropor.com\/fr\/wp-json\/wp\/v2\/pages\/86554\/revisions\/90471"}],"up":[{"embeddable":true,"href":"https:\/\/www.mikropor.com\/fr\/wp-json\/wp\/v2\/pages\/86726"}],"wp:featuredmedia":[{"embeddable":true,"href":"https:\/\/www.mikropor.com\/fr\/wp-json\/wp\/v2\/media\/87433"}],"wp:attachment":[{"href":"https:\/\/www.mikropor.com\/fr\/wp-json\/wp\/v2\/media?parent=86554"}],"curies":[{"name":"wp","href":"https:\/\/api.w.org\/{rel}","templated":true}]}}