{"id":86618,"date":"2025-08-13T14:03:46","date_gmt":"2025-08-13T11:03:46","guid":{"rendered":"https:\/\/www.mikropor.com\/traitement-de-lair-comprime\/secheurs-dair-comprime\/wedm-series\/"},"modified":"2025-08-21T11:36:51","modified_gmt":"2025-08-21T08:36:51","slug":"serie-wedm","status":"publish","type":"page","link":"https:\/\/www.mikropor.com\/fr\/serie-wedm\/","title":{"rendered":"S\u00e9rie WEDM"},"content":{"rendered":"<section class=\"wpb-content-wrapper\"><p>[vc_row css=\u00a0\u00bb.vc_custom_1750229107128{padding-right: 60px !important;}\u00a0\u00bb][vc_column css=\u00a0\u00bb.vc_custom_1750330042790{background-position: center !important;background-repeat: no-repeat !important;background-size: cover !important;}\u00a0\u00bb]    <nav class=\"mikropor-breadcrumb\" aria-label=\"Breadcrumb\">\n        <ol class=\"breadcrumb-list\">\n                            <li class=\"breadcrumb-item \">\n                                            <a href=\"https:\/\/www.mikropor.com\/fr\/\" >\n                            Accueil                        <\/a>\n                                        \n                                    <\/li>\n                    <\/ol>\n    <\/nav>\n    [\/vc_column][\/vc_row][vc_row equal_height=\u00a0\u00bbyes\u00a0\u00bb css=\u00a0\u00bb.vc_custom_1751890017661{margin-bottom: 35px !important;padding-top: 20px !important;padding-right: 20px !important;padding-bottom: 20px !important;padding-left: 20px !important;background-color: #ffffff !important;}\u00a0\u00bb el_class=\u00a0\u00bbborder-e5e5e5&Prime;][vc_column width=\u00a0\u00bb1\/2&Prime; el_class=\u00a0\u00bbimage-column\u00a0\u00bb][vc_column_text css=\u00a0\u00bb.vc_custom_1755083321992{padding-bottom: 15px !important;}\u00a0\u00bb]<\/p>\n<h3><span style=\"color: #000000; font-weight: 600;\"><strong>S\u00e9rie WEDM<\/strong><\/span><\/h3>\n<p><strong>FILTRES POUR MACHINES D&rsquo;\u00c9LECTRO\u00c9ROION \u00c0 FIL<\/strong>[\/vc_column_text][vc_column_text css=\u00a0\u00bb.vc_custom_1755083335079{padding-bottom: 15px !important;}\u00a0\u00bb]Les filtres WEDM de Mikropor peuvent \u00eatre utilis\u00e9s pour les m\u00e9taux tels que l&rsquo;acier, l&rsquo;aluminium, l&rsquo;acier inoxydable, le cuivre ou tout autre m\u00e9tal ferreux ou non ferreux. La dur\u00e9e de vie des filtres Mikropor WEDM peut varier en fonction des m\u00e9taux utilis\u00e9s. Les dimensions et les types de raccordement \u00e0 l&rsquo;eau varient en fonction de la machine WEDM utilis\u00e9e, \u00e0 savoir Makino, Sodick, AgieCharmilles, Mitsubishi, Fanuc, SPM, Chmer, etc.[\/vc_column_text]<div class=\"button-group\"><a class=\"custom-btn\" href=\"#\" data-product=\"S\u00e9rie WEDM\">Demander un Devis<\/a><\/div>[vc_column_text]<img decoding=\"async\" class=\"alignnone size-full wp-image-82516 alignright\" src=\"https:\/\/www.mikropor.com\/wp-content\/webp-express\/webp-images\/uploads\/2021\/05\/CE.png.webp\" alt=\"\" width=\"75\" \/>[\/vc_column_text][vc_row_inner disable_element=\u00a0\u00bbyes\u00a0\u00bb css=\u00a0\u00bb.vc_custom_1751025538631{padding-top: 15px !important;}\u00a0\u00bb][vc_column_inner width=\u00a0\u00bb1\/2&Prime;][vc_column_text]<\/p>\n<div class=\"esnek-kutu\">\n<p><img decoding=\"async\" src=\"https:\/\/www.mikropor.com\/wp-content\/uploads\/2025\/06\/high-temperature-icon.png\" alt=\"S\u0131cakl\u0131k \u0130konu\" \/><\/p>\n<div class=\"esnek-kutu-yazi derece\">270\u00b0<\/div>\n<\/div>\n<p>[\/vc_column_text][\/vc_column_inner][vc_column_inner width=\u00a0\u00bb1\/2&Prime;][vc_column_text]<\/p>\n<div class=\"esnek-kutu\">\n<p><img decoding=\"async\" src=\"https:\/\/www.mikropor.com\/wp-content\/uploads\/2025\/06\/high-temperature-icon.webp\" alt=\"Silikonsuz \u0130konu\" \/><\/p>\n<div class=\"esnek-kutu-yazi\">Silikonsuz<\/div>\n<\/div>\n<p>[\/vc_column_text][\/vc_column_inner][\/vc_row_inner][\/vc_column][vc_column width=\u00a0\u00bb1\/2&Prime;][vc_gallery interval=\u00a0\u00bb5&Prime; images=\u00a0\u00bb87481,87485&Prime; img_size=\u00a0\u00bbfull\u00a0\u00bb][\/vc_column][\/vc_row][vc_row disable_element=\u00a0\u00bbyes\u00a0\u00bb el_class=\u00a0\u00bbborder-e5e5e5&Prime; css=\u00a0\u00bb.vc_custom_1754909245322{padding-top: 20px !important;padding-right: 20px !important;padding-bottom: 20px !important;padding-left: 20px !important;background-color: #ffffff !important;}\u00a0\u00bb][vc_column][vc_custom_heading text=\u00a0\u00bbApplication Areas\u00a0\u00bb font_container=\u00a0\u00bbtag:h4|text_align:center\u00a0\u00bb google_fonts=\u00a0\u00bbfont_family:Open%20Sans%3A300%2C300italic%2Cregular%2Citalic%2C600%2C600italic%2C700%2C700italic%2C800%2C800italic|font_style:700%20bold%20regular%3A700%3Anormal\u00a0\u00bb]<div class=\"sektorler-img-container sektorler_69e644b1600cf \"><a href=\"#\"  ><div class=\"sektor-img\"><img decoding=\"async\" src=\"https:\/\/www.mikropor.com\/wp-content\/uploads\/2025\/07\/website-ikon-19.png\" alt=\"Compressed Air Systems\" style=\"width: 65px; height: 65px;\"><span>Compressed Air Systems<\/span><\/div><\/a><a href=\"#\"  ><div class=\"sektor-img\"><img decoding=\"async\" src=\"https:\/\/www.mikropor.com\/wp-content\/uploads\/2025\/07\/website-ikon-20.png\" alt=\"Industrial Drying Applications\" style=\"width: 65px; height: 65px;\"><span>Industrial Drying Applications<\/span><\/div><\/a><a href=\"#\"  ><div class=\"sektor-img\"><img decoding=\"async\" src=\"https:\/\/www.mikropor.com\/wp-content\/uploads\/2025\/07\/website-ikon-22.png\" alt=\"Oil-Water Separation\" style=\"width: 65px; height: 65px;\"><span>Oil-Water Separation<\/span><\/div><\/a><a href=\"#\"  ><div class=\"sektor-img\"><img decoding=\"async\" src=\"https:\/\/www.mikropor.com\/wp-content\/uploads\/2025\/07\/website-ikon-23.png\" alt=\"General Industrial Applications\" style=\"width: 65px; height: 65px;\"><span>General Industrial Applications<\/span><\/div><\/a><a href=\"#\"  ><div class=\"sektor-img\"><img decoding=\"async\" src=\"https:\/\/www.mikropor.com\/wp-content\/uploads\/2025\/07\/website-ikon-24.png\" alt=\"Miscellaneous Industrial Use\" style=\"width: 65px; height: 65px;\"><span>Miscellaneous Industrial Use<\/span><\/div><\/a><\/div><style>\n    .sektorler_69e644b1600cf {\n        display: flex;\n        justify-content: space-between;\n        align-items: center;\n        flex-wrap: wrap;\n        gap: 60px;\n        padding: 10px 0;\n        max-width: 1000px;\n        margin: 0 auto 10px;\n    }\n    \n    .sektorler_69e644b1600cf a {\n        color: #444;\n        text-decoration: none;\n    }\n    \n    .sektorler_69e644b1600cf .sektor-img {\n        display: flex;\n        flex-direction: column;\n        align-items: center;\n        font-size: 17px;\n        color: #444;\n        text-align: center;\n        width: 60px;\n    }\n    \n    .sektorler_69e644b1600cf .sektor-img img {\n        object-fit: contain;\n        margin-bottom: 4px;\n        opacity: 0.85;\n        transition: opacity 0.3s ease;\n    }\n    \n    .sektorler_69e644b1600cf .sektor-img:hover img {\n        opacity: 1;\n    }\n    \n    .sektorler_69e644b1600cf span {\n        transition: 0.3s ease;\n        color: #000000;\n        line-height: 1.4;\n\t\tfont-size: 14px;\n    }\n    \n    .sektorler_69e644b1600cf span:hover {\n        color: #e43c2f;\n    }\n    \n    .sektorler-title {\n        text-align: center;\n        margin-bottom: 20px;\n    }\n    \n    @media (max-width: 768px) {\n        .sektorler_69e644b1600cf {\n            justify-content: center;\n            gap: 30px;\n        }\n        \n        .sektorler_69e644b1600cf .sektor-img {\n            width: 80px;\n        }\n    }\n    <\/style>[\/vc_column][\/vc_row][vc_row disable_element=\u00a0\u00bbyes\u00a0\u00bb][vc_column][vc_custom_heading text=\u00a0\u00bbRelated Products\u00a0\u00bb font_container=\u00a0\u00bbtag:h4|text_align:left\u00a0\u00bb google_fonts=\u00a0\u00bbfont_family:Open%20Sans%3A300%2C300italic%2Cregular%2Citalic%2C600%2C600italic%2C700%2C700italic%2C800%2C800italic|font_style:700%20bold%20regular%3A700%3Anormal\u00a0\u00bb css=\u00a0\u00bb.vc_custom_1755068502410{margin-bottom: 15px !important;}\u00a0\u00bb][vc_column_text]<p>Bu sayfan\u0131n \u00fcst sayfas\u0131 yok.<\/p>[\/vc_column_text][\/vc_column][\/vc_row][vc_row][vc_column][vc_raw_html]JTNDc3R5bGUlM0UuZW50cnktY29udGVudCUyMCU3Qm1hcmdpbi10b3AlM0ElMjAzMHB4JTNCJTdEJTIwLmFkdmFuY2VkLXNpZGViYXItbWVudSUyMCU3QiUyMG1hcmdpbi10b3AlM0ElMjAzMHB4JTNCJTIwJTdEJTNDJTJGc3R5bGUlM0U=[\/vc_raw_html][\/vc_column][\/vc_row]<\/p>\n<\/section>","protected":false},"excerpt":{"rendered":"<p>[vc_row css=\u00a0\u00bb.vc_custom_1750229107128{padding-right: 60px !important;}\u00a0\u00bb][vc_column css=\u00a0\u00bb.vc_custom_1750330042790{background-position: center !important;background-repeat: no-repeat !important;background-size: cover !important;}\u00a0\u00bb][\/vc_column][\/vc_row][vc_row equal_height=\u00a0\u00bbyes\u00a0\u00bb css=\u00a0\u00bb.vc_custom_1751890017661{margin-bottom: 35px !important;padding-top: 20px !important;padding-right: 20px !important;padding-bottom: 20px !important;padding-left: 20px !important;background-color: #ffffff !important;}\u00a0\u00bb el_class=\u00a0\u00bbborder-e5e5e5&Prime;][vc_column width=\u00a0\u00bb1\/2&Prime; el_class=\u00a0\u00bbimage-column\u00a0\u00bb][vc_column_text css=\u00a0\u00bb.vc_custom_1755083321992{padding-bottom: 15px !important;}\u00a0\u00bb] S\u00e9rie WEDM FILTRES POUR MACHINES D&rsquo;\u00c9LECTRO\u00c9ROION \u00c0 FIL[\/vc_column_text][vc_column_text css=\u00a0\u00bb.vc_custom_1755083335079{padding-bottom: 15px !important;}\u00a0\u00bb]Les filtres WEDM de Mikropor peuvent \u00eatre utilis\u00e9s pour les m\u00e9taux tels que l&rsquo;acier, [&hellip;]<\/p>\n","protected":false},"author":3,"featured_media":87485,"parent":0,"menu_order":0,"comment_status":"closed","ping_status":"closed","template":"","meta":{"footnotes":""},"class_list":["post-86618","page","type-page","status-publish","has-post-thumbnail","hentry"],"_links":{"self":[{"href":"https:\/\/www.mikropor.com\/fr\/wp-json\/wp\/v2\/pages\/86618","targetHints":{"allow":["GET"]}}],"collection":[{"href":"https:\/\/www.mikropor.com\/fr\/wp-json\/wp\/v2\/pages"}],"about":[{"href":"https:\/\/www.mikropor.com\/fr\/wp-json\/wp\/v2\/types\/page"}],"author":[{"embeddable":true,"href":"https:\/\/www.mikropor.com\/fr\/wp-json\/wp\/v2\/users\/3"}],"replies":[{"embeddable":true,"href":"https:\/\/www.mikropor.com\/fr\/wp-json\/wp\/v2\/comments?post=86618"}],"version-history":[{"count":4,"href":"https:\/\/www.mikropor.com\/fr\/wp-json\/wp\/v2\/pages\/86618\/revisions"}],"predecessor-version":[{"id":87492,"href":"https:\/\/www.mikropor.com\/fr\/wp-json\/wp\/v2\/pages\/86618\/revisions\/87492"}],"wp:featuredmedia":[{"embeddable":true,"href":"https:\/\/www.mikropor.com\/fr\/wp-json\/wp\/v2\/media\/87485"}],"wp:attachment":[{"href":"https:\/\/www.mikropor.com\/fr\/wp-json\/wp\/v2\/media?parent=86618"}],"curies":[{"name":"wp","href":"https:\/\/api.w.org\/{rel}","templated":true}]}}