{"id":86726,"date":"2025-08-13T09:16:23","date_gmt":"2025-08-13T06:16:23","guid":{"rendered":"https:\/\/www.mikropor.com\/traitement-de-lair-comprime\/gas-generation-systems-2\/"},"modified":"2025-10-03T11:56:44","modified_gmt":"2025-10-03T08:56:44","slug":"systemes-de-production-de-gaz","status":"publish","type":"page","link":"https:\/\/www.mikropor.com\/fr\/systemes-de-production-de-gaz\/","title":{"rendered":"Syst\u00e8mes de production de gaz"},"content":{"rendered":"<section class=\"wpb-content-wrapper\"><p>[vc_row][vc_column]    <nav class=\"mikropor-breadcrumb\" aria-label=\"Breadcrumb\">\n        <ol class=\"breadcrumb-list\">\n                            <li class=\"breadcrumb-item \">\n                                            <a href=\"https:\/\/www.mikropor.com\/fr\/\" >\n                            Accueil                        <\/a>\n                                        \n                                    <\/li>\n                    <\/ol>\n    <\/nav>\n    [\/vc_column][\/vc_row][vc_row equal_height=\u00a0\u00bbyes\u00a0\u00bb css=\u00a0\u00bb.vc_custom_1752916190654{margin-bottom: 35px !important;padding-top: 20px !important;padding-right: 20px !important;padding-bottom: 20px !important;padding-left: 20px !important;background-color: #ffffff !important;}\u00a0\u00bb el_class=\u00a0\u00bbborder-e5e5e5&Prime;][vc_column width=\u00a0\u00bb1\/2&Prime;][vc_custom_heading text=\u00a0\u00bbSyst\u00e8mes de production de gaz\u00a0\u00bb font_container=\u00a0\u00bbtag:h4|text_align:left|color:%230a0a0a\u00a0\u00bb google_fonts=\u00a0\u00bbfont_family:Open%20Sans%3A300%2C300italic%2Cregular%2Citalic%2C600%2C600italic%2C700%2C700italic%2C800%2C800italic|font_style:700%20bold%20regular%3A700%3Anormal\u00a0\u00bb][vc_column_text]Les syst\u00e8mes de production d&rsquo;azote et d&rsquo;oxyg\u00e8ne sur site de Mikropor offrent des solutions \u00e9conomiques et de haute puret\u00e9 pour les applications industrielles. Nos g\u00e9n\u00e9rateurs de gaz bas\u00e9s sur la technologie PSA r\u00e9duisent la d\u00e9pendance aux gaz en bouteille, diminuent les co\u00fbts d&rsquo;exploitation et garantissent un approvisionnement continu en gaz pour des secteurs tels que l&rsquo;agroalimentaire, la m\u00e9tallurgie et la sant\u00e9.[\/vc_column_text][\/vc_column][vc_column width=\u00a0\u00bb1\/2&Prime; el_class=\u00a0\u00bbimage-column\u00a0\u00bb][vc_single_image image=\u00a0\u00bb90933&Prime; img_size=\u00a0\u00bbfull\u00a0\u00bb add_caption=\u00a0\u00bbyes\u00a0\u00bb alignment=\u00a0\u00bbcenter\u00a0\u00bb style=\u00a0\u00bbvc_box_rounded\u00a0\u00bb css=\u00a0\u00bb.vc_custom_1759481659329{margin-top: 5px !important;}\u00a0\u00bb el_class=\u00a0\u00bbwow fadeIn delay&#8211;1&Prime;][\/vc_column][\/vc_row][vc_row gap=\u00a0\u00bb20&Prime; equal_height=\u00a0\u00bbyes\u00a0\u00bb][vc_column width=\u00a0\u00bb1\/3&Prime;]    <div class=\"product-card-col wpb_column vc_column_container\">\n        <div class=\"vc_column-inner\">\n            <div class=\"wpb_wrapper\">\n                                    <div class=\"wpb_single_image wpb_content_element vc_align_left\">\n                        <figure class=\"wpb_wrapper vc_figure\">\n                                                            <a href=\"https:\/\/www.mikropor.com\/fr\/systemes-de-production-de-gaz\/serie-mng-pro\/\" target=\"_self\" class=\"vc_single_image-wrapper vc_box_border_grey\">\n                            \n                            <img loading=\"lazy\" decoding=\"async\" src=\"https:\/\/www.mikropor.com\/wp-content\/uploads\/2025\/08\/cas-28.webp\" class=\"vc_single_image-img attachment-full\" alt=\"\">\n\n                                                            <\/a>\n                                                    <\/figure>\n                    <\/div>\n                \n                                    <div class=\"wpb_text_column wpb_content_element baslik-btn\">\n                        <div class=\"wpb_wrapper\">\n                            <div class=\"card-header-custom\">\n                                                                    <a href=\"https:\/\/www.mikropor.com\/fr\/systemes-de-production-de-gaz\/serie-mng-pro\/\" target=\"_self\" class=\"product-title\">S\u00e9rie MNG-PRO<\/a>\n                                \n                                                                    <a class=\"product-button\" href=\"https:\/\/www.mikropor.com\/fr\/systemes-de-production-de-gaz\/serie-mng-pro\/\" target=\"_self\">\n                                        <span class=\"arrow\">\u279c<\/span>\n                                    <\/a>\n                                                            <\/div>\n                        <\/div>\n                    <\/div>\n                \n                                    <div class=\"wpb_text_column wpb_content_element\">\n                        <div class=\"wpb_wrapper\">\n                            <p>G\u00e9n\u00e9rateurs d'azote PSA (140 Nm\u00b3\/h - 14780 Nm\u00b3\/h)<\/p>\n                        <\/div>\n                    <\/div>\n                            <\/div>\n        <\/div>\n    <\/div>\n    [\/vc_column][vc_column width=\u00a0\u00bb1\/3&Prime;]    <div class=\"product-card-col wpb_column vc_column_container\">\n        <div class=\"vc_column-inner\">\n            <div class=\"wpb_wrapper\">\n                                    <div class=\"wpb_single_image wpb_content_element vc_align_left\">\n                        <figure class=\"wpb_wrapper vc_figure\">\n                                                            <a href=\"https:\/\/www.mikropor.com\/fr\/systemes-de-production-de-gaz\/serie-m-mng-pro\/\" target=\"_self\" class=\"vc_single_image-wrapper vc_box_border_grey\">\n                            \n                            <img loading=\"lazy\" decoding=\"async\" src=\"https:\/\/www.mikropor.com\/wp-content\/uploads\/2025\/08\/cas-20.webp\" class=\"vc_single_image-img attachment-full\" alt=\"\">\n\n                                                            <\/a>\n                                                    <\/figure>\n                    <\/div>\n                \n                                    <div class=\"wpb_text_column wpb_content_element baslik-btn\">\n                        <div class=\"wpb_wrapper\">\n                            <div class=\"card-header-custom\">\n                                                                    <a href=\"https:\/\/www.mikropor.com\/fr\/systemes-de-production-de-gaz\/serie-m-mng-pro\/\" target=\"_self\" class=\"product-title\">S\u00e9rie M-MNG-PRO<\/a>\n                                \n                                                                    <a class=\"product-button\" href=\"https:\/\/www.mikropor.com\/fr\/systemes-de-production-de-gaz\/serie-m-mng-pro\/\" target=\"_self\">\n                                        <span class=\"arrow\">\u279c<\/span>\n                                    <\/a>\n                                                            <\/div>\n                        <\/div>\n                    <\/div>\n                \n                                    <div class=\"wpb_text_column wpb_content_element\">\n                        <div class=\"wpb_wrapper\">\n                            <p>G\u00e9n\u00e9rateurs d'azote PSA modulaires (20 Nm\u00b3\/h - 1650 Nm\u00b3\/h)<\/p>\n                        <\/div>\n                    <\/div>\n                            <\/div>\n        <\/div>\n    <\/div>\n    [\/vc_column][vc_column width=\u00a0\u00bb1\/3&Prime;]    <div class=\"product-card-col wpb_column vc_column_container\">\n        <div class=\"vc_column-inner\">\n            <div class=\"wpb_wrapper\">\n                                    <div class=\"wpb_single_image wpb_content_element vc_align_left\">\n                        <figure class=\"wpb_wrapper vc_figure\">\n                                                            <a href=\"https:\/\/www.mikropor.com\/fr\/systemes-de-production-de-gaz\/serie-mdx\/\" target=\"_self\" class=\"vc_single_image-wrapper vc_box_border_grey\">\n                            \n                            <img loading=\"lazy\" decoding=\"async\" src=\"https:\/\/www.mikropor.com\/wp-content\/uploads\/2025\/08\/cas-30.webp\" class=\"vc_single_image-img attachment-full\" alt=\"\">\n\n                                                            <\/a>\n                                                    <\/figure>\n                    <\/div>\n                \n                                    <div class=\"wpb_text_column wpb_content_element baslik-btn\">\n                        <div class=\"wpb_wrapper\">\n                            <div class=\"card-header-custom\">\n                                                                    <a href=\"https:\/\/www.mikropor.com\/fr\/systemes-de-production-de-gaz\/serie-mdx\/\" target=\"_self\" class=\"product-title\">S\u00e9rie MDX<\/a>\n                                \n                                                                    <a class=\"product-button\" href=\"https:\/\/www.mikropor.com\/fr\/systemes-de-production-de-gaz\/serie-mdx\/\" target=\"_self\">\n                                        <span class=\"arrow\">\u279c<\/span>\n                                    <\/a>\n                                                            <\/div>\n                        <\/div>\n                    <\/div>\n                \n                                    <div class=\"wpb_text_column wpb_content_element\">\n                        <div class=\"wpb_wrapper\">\n                            <p>Syst\u00e8mes de purification d'azote (10 Nm\u00b3\/h - 1820 Nm\u00b3\/h)<\/p>\n                        <\/div>\n                    <\/div>\n                            <\/div>\n        <\/div>\n    <\/div>\n    [\/vc_column][\/vc_row][vc_row gap=\u00a0\u00bb20&Prime; equal_height=\u00a0\u00bbyes\u00a0\u00bb][vc_column width=\u00a0\u00bb1\/3&Prime;]    <div class=\"product-card-col wpb_column vc_column_container\">\n        <div class=\"vc_column-inner\">\n            <div class=\"wpb_wrapper\">\n                                    <div class=\"wpb_single_image wpb_content_element vc_align_left\">\n                        <figure class=\"wpb_wrapper vc_figure\">\n                                                            <a href=\"https:\/\/www.mikropor.com\/fr\/systemes-de-production-de-gaz\/serie-mgd\/\" target=\"_self\" class=\"vc_single_image-wrapper vc_box_border_grey\">\n                            \n                            <img loading=\"lazy\" decoding=\"async\" src=\"https:\/\/www.mikropor.com\/wp-content\/uploads\/2025\/08\/cas-59.webp\" class=\"vc_single_image-img attachment-full\" alt=\"\">\n\n                                                            <\/a>\n                                                    <\/figure>\n                    <\/div>\n                \n                                    <div class=\"wpb_text_column wpb_content_element baslik-btn\">\n                        <div class=\"wpb_wrapper\">\n                            <div class=\"card-header-custom\">\n                                                                    <a href=\"https:\/\/www.mikropor.com\/fr\/systemes-de-production-de-gaz\/serie-mgd\/\" target=\"_self\" class=\"product-title\">S\u00e9rie MGD<\/a>\n                                \n                                                                    <a class=\"product-button\" href=\"https:\/\/www.mikropor.com\/fr\/systemes-de-production-de-gaz\/serie-mgd\/\" target=\"_self\">\n                                        <span class=\"arrow\">\u279c<\/span>\n                                    <\/a>\n                                                            <\/div>\n                        <\/div>\n                    <\/div>\n                \n                                    <div class=\"wpb_text_column wpb_content_element\">\n                        <div class=\"wpb_wrapper\">\n                            <p>Syst\u00e8me de s\u00e9chage de gaz (5 Nm\u00b3\/h - 1250 Nm\u00b3\/h)<\/p>\n                        <\/div>\n                    <\/div>\n                            <\/div>\n        <\/div>\n    <\/div>\n    [\/vc_column][vc_column width=\u00a0\u00bb1\/3&Prime;]    <div class=\"product-card-col wpb_column vc_column_container\">\n        <div class=\"vc_column-inner\">\n            <div class=\"wpb_wrapper\">\n                                    <div class=\"wpb_single_image wpb_content_element vc_align_left\">\n                        <figure class=\"wpb_wrapper vc_figure\">\n                                                            <a href=\"https:\/\/www.mikropor.com\/fr\/systemes-de-production-de-gaz\/serie-mog\/\" target=\"_self\" class=\"vc_single_image-wrapper vc_box_border_grey\">\n                            \n                            <img loading=\"lazy\" decoding=\"async\" src=\"https:\/\/www.mikropor.com\/wp-content\/uploads\/2025\/08\/cas-41.webp\" class=\"vc_single_image-img attachment-full\" alt=\"\">\n\n                                                            <\/a>\n                                                    <\/figure>\n                    <\/div>\n                \n                                    <div class=\"wpb_text_column wpb_content_element baslik-btn\">\n                        <div class=\"wpb_wrapper\">\n                            <div class=\"card-header-custom\">\n                                                                    <a href=\"https:\/\/www.mikropor.com\/fr\/systemes-de-production-de-gaz\/serie-mog\/\" target=\"_self\" class=\"product-title\">S\u00e9rie MOG<\/a>\n                                \n                                                                    <a class=\"product-button\" href=\"https:\/\/www.mikropor.com\/fr\/systemes-de-production-de-gaz\/serie-mog\/\" target=\"_self\">\n                                        <span class=\"arrow\">\u279c<\/span>\n                                    <\/a>\n                                                            <\/div>\n                        <\/div>\n                    <\/div>\n                \n                                    <div class=\"wpb_text_column wpb_content_element\">\n                        <div class=\"wpb_wrapper\">\n                            <p>G\u00e9n\u00e9rateurs d'oxyg\u00e8ne PSA (25 m\u00b3\/h - 21600 m\u00b3\/h)<\/p>\n                        <\/div>\n                    <\/div>\n                            <\/div>\n        <\/div>\n    <\/div>\n    [\/vc_column][vc_column width=\u00a0\u00bb1\/3&Prime;]    <div class=\"product-card-col wpb_column vc_column_container\">\n        <div class=\"vc_column-inner\">\n            <div class=\"wpb_wrapper\">\n                                    <div class=\"wpb_single_image wpb_content_element vc_align_left\">\n                        <figure class=\"wpb_wrapper vc_figure\">\n                                                            <a href=\"https:\/\/www.mikropor.com\/fr\/systemes-de-production-de-gaz\/serie-mbs\/\" target=\"_self\" class=\"vc_single_image-wrapper vc_box_border_grey\">\n                            \n                            <img loading=\"lazy\" decoding=\"async\" src=\"https:\/\/www.mikropor.com\/wp-content\/uploads\/2025\/08\/21864902544-3.webp\" class=\"vc_single_image-img attachment-full\" alt=\"\">\n\n                                                            <\/a>\n                                                    <\/figure>\n                    <\/div>\n                \n                                    <div class=\"wpb_text_column wpb_content_element baslik-btn\">\n                        <div class=\"wpb_wrapper\">\n                            <div class=\"card-header-custom\">\n                                                                    <a href=\"https:\/\/www.mikropor.com\/fr\/systemes-de-production-de-gaz\/serie-mbs\/\" target=\"_self\" class=\"product-title\">S\u00e9rie MBS<\/a>\n                                \n                                                                    <a class=\"product-button\" href=\"https:\/\/www.mikropor.com\/fr\/systemes-de-production-de-gaz\/serie-mbs\/\" target=\"_self\">\n                                        <span class=\"arrow\">\u279c<\/span>\n                                    <\/a>\n                                                            <\/div>\n                        <\/div>\n                    <\/div>\n                \n                                    <div class=\"wpb_text_column wpb_content_element\">\n                        <div class=\"wpb_wrapper\">\n                            <p>Syst\u00e8me d'air respirable (10 m\u00b3\/h - 2200 m\u00b3\/h)<\/p>\n                        <\/div>\n                    <\/div>\n                            <\/div>\n        <\/div>\n    <\/div>\n    [\/vc_column][\/vc_row][vc_row][vc_column][vc_raw_html]JTNDc3R5bGUlM0UuZW50cnktY29udGVudCUyMCU3Qm1hcmdpbi10b3AlM0ElMjAzMHB4JTNCJTdEJTIwLmFkdmFuY2VkLXNpZGViYXItbWVudSUyMCU3QiUyMG1hcmdpbi10b3AlM0ElMjAzMHB4JTNCJTIwJTdEJTNDJTJGc3R5bGUlM0U=[\/vc_raw_html][\/vc_column][\/vc_row]<\/p>\n<\/section>","protected":false},"excerpt":{"rendered":"<p>[vc_row][vc_column][\/vc_column][\/vc_row][vc_row equal_height=\u00a0\u00bbyes\u00a0\u00bb css=\u00a0\u00bb.vc_custom_1752916190654{margin-bottom: 35px !important;padding-top: 20px !important;padding-right: 20px !important;padding-bottom: 20px !important;padding-left: 20px !important;background-color: #ffffff !important;}\u00a0\u00bb el_class=\u00a0\u00bbborder-e5e5e5&Prime;][vc_column width=\u00a0\u00bb1\/2&Prime;][vc_custom_heading text=\u00a0\u00bbSyst\u00e8mes de production de gaz\u00a0\u00bb font_container=\u00a0\u00bbtag:h4|text_align:left|color:%230a0a0a\u00a0\u00bb google_fonts=\u00a0\u00bbfont_family:Open%20Sans%3A300%2C300italic%2Cregular%2Citalic%2C600%2C600italic%2C700%2C700italic%2C800%2C800italic|font_style:700%20bold%20regular%3A700%3Anormal\u00a0\u00bb][vc_column_text]Les syst\u00e8mes de production d&rsquo;azote et d&rsquo;oxyg\u00e8ne sur site de Mikropor offrent des solutions \u00e9conomiques et de haute puret\u00e9 pour les applications industrielles. Nos g\u00e9n\u00e9rateurs de gaz bas\u00e9s sur la technologie PSA [&hellip;]<\/p>\n","protected":false},"author":3,"featured_media":0,"parent":0,"menu_order":0,"comment_status":"closed","ping_status":"closed","template":"","meta":{"footnotes":""},"class_list":["post-86726","page","type-page","status-publish","hentry"],"_links":{"self":[{"href":"https:\/\/www.mikropor.com\/fr\/wp-json\/wp\/v2\/pages\/86726","targetHints":{"allow":["GET"]}}],"collection":[{"href":"https:\/\/www.mikropor.com\/fr\/wp-json\/wp\/v2\/pages"}],"about":[{"href":"https:\/\/www.mikropor.com\/fr\/wp-json\/wp\/v2\/types\/page"}],"author":[{"embeddable":true,"href":"https:\/\/www.mikropor.com\/fr\/wp-json\/wp\/v2\/users\/3"}],"replies":[{"embeddable":true,"href":"https:\/\/www.mikropor.com\/fr\/wp-json\/wp\/v2\/comments?post=86726"}],"version-history":[{"count":7,"href":"https:\/\/www.mikropor.com\/fr\/wp-json\/wp\/v2\/pages\/86726\/revisions"}],"predecessor-version":[{"id":90943,"href":"https:\/\/www.mikropor.com\/fr\/wp-json\/wp\/v2\/pages\/86726\/revisions\/90943"}],"wp:attachment":[{"href":"https:\/\/www.mikropor.com\/fr\/wp-json\/wp\/v2\/media?parent=86726"}],"curies":[{"name":"wp","href":"https:\/\/api.w.org\/{rel}","templated":true}]}}