{"id":86738,"date":"2025-06-25T19:48:04","date_gmt":"2025-06-25T16:48:04","guid":{"rendered":"https:\/\/www.mikropor.com\/atmosferik-hava-filtrasyonu-2\/"},"modified":"2025-09-17T10:18:47","modified_gmt":"2025-09-17T07:18:47","slug":"filtration-de-lair-atmospherique-2","status":"publish","type":"page","link":"https:\/\/www.mikropor.com\/fr\/filtration-de-lair-atmospherique-2\/","title":{"rendered":"Filtration de l&rsquo;air atmosph\u00e9rique"},"content":{"rendered":"<section class=\"wpb-content-wrapper\"><p>[vc_row][vc_column]    <nav class=\"mikropor-breadcrumb\" aria-label=\"Breadcrumb\">\n        <ol class=\"breadcrumb-list\">\n                            <li class=\"breadcrumb-item \">\n                                            <a href=\"https:\/\/www.mikropor.com\/fr\/\" >\n                            Accueil                        <\/a>\n                                        \n                                    <\/li>\n                    <\/ol>\n    <\/nav>\n    [\/vc_column][\/vc_row][vc_row css=\u00a0\u00bb.vc_custom_1751705551096{margin-bottom: 30px !important;padding-top: 20px !important;padding-right: 20px !important;padding-bottom: 20px !important;padding-left: 20px !important;background-color: #ffffff !important;}\u00a0\u00bb el_class=\u00a0\u00bbborder-e5e5e5&Prime;][vc_column width=\u00a0\u00bb1\/2&Prime;][vc_custom_heading text=\u00a0\u00bbFiltration de l&rsquo;air atmosph\u00e9rique\u00a0\u00bb font_container=\u00a0\u00bbtag:h3|text_align:left\u00a0\u00bb google_fonts=\u00a0\u00bbfont_family:Open%20Sans%3A300%2C300italic%2Cregular%2Citalic%2C600%2C600italic%2C700%2C700italic%2C800%2C800italic|font_style:600%20bold%20regular%3A600%3Anormal\u00a0\u00bb][vc_column_text]<span data-olk-copy-source=\"MessageBody\">Les syst\u00e8mes de Chauffage, Ventilation et Climatisation (HVAC) jouent un r\u00f4le essentiel dans l\u2019am\u00e9lioration de la\u00a0<b>qualit\u00e9 de l\u2019air int\u00e9rieur<\/b>. Des\u00a0<b>filtres HVAC<\/b>\u00a0bien s\u00e9lectionn\u00e9s \u00e9liminent non seulement les particules, les gaz nocifs et les odeurs, mais r\u00e9duisent \u00e9galement la consommation d\u2019\u00e9nergie et les \u00e9missions de carbone. Avec les\u00a0<b>solutions de filtration HVAC<\/b>\u00a0haute efficacit\u00e9 de Mikropor, vous obtenez un air plus pur tout en contribuant \u00e0 la durabilit\u00e9.<\/span>[\/vc_column_text][\/vc_column][vc_column width=\u00a0\u00bb1\/2&Prime;][vc_single_image image=\u00a0\u00bb87609&Prime; img_size=\u00a0\u00bbfull\u00a0\u00bb][\/vc_column][\/vc_row][vc_row el_class=\u00a0\u00bbborder-e5e5e5&Prime; css=\u00a0\u00bb.vc_custom_1758093525818{margin-bottom: 35px !important;padding-top: 20px !important;padding-right: 20px !important;padding-bottom: 20px !important;padding-left: 20px !important;background-color: #ffffff !important;}\u00a0\u00bb][vc_column][vc_custom_heading text=\u00a0\u00bbDomaines d&rsquo;application\u00a0\u00bb font_container=\u00a0\u00bbtag:h3|text_align:center\u00a0\u00bb google_fonts=\u00a0\u00bbfont_family:Open%20Sans%3A300%2C300italic%2Cregular%2Citalic%2C600%2C600italic%2C700%2C700italic%2C800%2C800italic|font_style:700%20bold%20regular%3A700%3Anormal\u00a0\u00bb css=\u00a0\u00bb.vc_custom_1755479183228{margin-bottom: 30px !important;}\u00a0\u00bb]<div class=\"sektorler-img-container sektorler_69e5288b734e5 \"><a href=\"https:\/\/www.mikropor.com\/fr\/industrie-pharmaceutique\"  ><div class=\"sektor-img\"><img decoding=\"async\" src=\"https:\/\/www.mikropor.com\/wp-content\/uploads\/2025\/07\/website-ikon-15.png\" alt=\"Industrie pharmaceutique\" style=\"width: 65px; height: 65px;\"><span>Industrie pharmaceutique<\/span><\/div><\/a><a href=\"https:\/\/www.mikropor.com\/fr\/services-de-sante-et-medicaux\/\"  ><div class=\"sektor-img\"><img decoding=\"async\" src=\"https:\/\/www.mikropor.com\/wp-content\/uploads\/2025\/07\/website-ikon-18.png\" alt=\"Industrie de la sant\u00e9\" style=\"width: 65px; height: 65px;\"><span>Industrie de la sant\u00e9<\/span><\/div><\/a><a href=\"https:\/\/www.mikropor.com\/fr\/industrie-alimentaire\"  ><div class=\"sektor-img\"><img decoding=\"async\" src=\"https:\/\/www.mikropor.com\/wp-content\/uploads\/2025\/07\/website-ikon-14.png\" alt=\"Industrie alimentaire\" style=\"width: 65px; height: 65px;\"><span>Industrie alimentaire<\/span><\/div><\/a><a href=\"https:\/\/www.mikropor.com\/fr\/industrie-automobile\"  ><div class=\"sektor-img\"><img decoding=\"async\" src=\"https:\/\/www.mikropor.com\/wp-content\/uploads\/2025\/07\/website-ikon-13.png\" alt=\"Industrie automobile\" style=\"width: 65px; height: 65px;\"><span>Industrie automobile<\/span><\/div><\/a><a href=\"https:\/\/www.mikropor.com\/fr\/applications-atex\"  ><div class=\"sektor-img\"><img decoding=\"async\" src=\"https:\/\/www.mikropor.com\/wp-content\/uploads\/2025\/07\/website-ikon-17.png\" alt=\"Applications ATEX\" style=\"width: 65px; height: 65px;\"><span>Applications ATEX<\/span><\/div><\/a><a href=\"https:\/\/www.mikropor.com\/fr\/systemes-cvc\"  ><div class=\"sektor-img\"><img decoding=\"async\" src=\"https:\/\/www.mikropor.com\/wp-content\/uploads\/2025\/07\/website-ikon-16.png\" alt=\"Syst\u00e8mes CVC\" style=\"width: 65px; height: 65px;\"><span>Syst\u00e8mes CVC<\/span><\/div><\/a><\/div><style>\n    .sektorler_69e5288b734e5 {\n        display: flex;\n        justify-content: space-between;\n        align-items: center;\n        flex-wrap: wrap;\n        gap: 60px;\n        padding: 10px 0;\n        max-width: 1000px;\n        margin: 0 auto 10px;\n    }\n    \n    .sektorler_69e5288b734e5 a {\n        color: #444;\n        text-decoration: none;\n    }\n    \n    .sektorler_69e5288b734e5 .sektor-img {\n        display: flex;\n        flex-direction: column;\n        align-items: center;\n        font-size: 17px;\n        color: #444;\n        text-align: center;\n        width: 60px;\n    }\n    \n    .sektorler_69e5288b734e5 .sektor-img img {\n        object-fit: contain;\n        margin-bottom: 4px;\n        opacity: 0.85;\n        transition: opacity 0.3s ease;\n    }\n    \n    .sektorler_69e5288b734e5 .sektor-img:hover img {\n        opacity: 1;\n    }\n    \n    .sektorler_69e5288b734e5 span {\n        transition: 0.3s ease;\n        color: #000000;\n        line-height: 1.4;\n\t\tfont-size: 14px;\n    }\n    \n    .sektorler_69e5288b734e5 span:hover {\n        color: #e43c2f;\n    }\n    \n    .sektorler-title {\n        text-align: center;\n        margin-bottom: 20px;\n    }\n    \n    @media (max-width: 768px) {\n        .sektorler_69e5288b734e5 {\n            justify-content: center;\n            gap: 30px;\n        }\n        \n        .sektorler_69e5288b734e5 .sektor-img {\n            width: 80px;\n        }\n    }\n    <\/style>[\/vc_column][\/vc_row][vc_row full_width=\u00a0\u00bbstretch_row\u00a0\u00bb gap=\u00a0\u00bb20&Prime; equal_height=\u00a0\u00bbyes\u00a0\u00bb][vc_column width=\u00a0\u00bb1\/3&Prime;]    <div class=\"product-card-col wpb_column vc_column_container\">\n        <div class=\"vc_column-inner\">\n            <div class=\"wpb_wrapper\">\n                                    <div class=\"wpb_single_image wpb_content_element vc_align_left\">\n                        <figure class=\"wpb_wrapper vc_figure\">\n                                                            <a href=\"https:\/\/www.mikropor.com\/fr\/filtration-de-lair-atmospherique\/filtres-grossiers\/\" target=\"_self\" class=\"vc_single_image-wrapper vc_box_border_grey\">\n                            \n                            <img loading=\"lazy\" decoding=\"async\" src=\"https:\/\/www.mikropor.com\/wp-content\/uploads\/2025\/08\/HVACBANNER-_gray-01-scaled.png\" class=\"vc_single_image-img attachment-full\" alt=\"\">\n\n                                                            <\/a>\n                                                    <\/figure>\n                    <\/div>\n                \n                                    <div class=\"wpb_text_column wpb_content_element \">\n                        <div class=\"wpb_wrapper\">\n                            <div class=\"card-header-custom\">\n                                                                    <a href=\"https:\/\/www.mikropor.com\/fr\/filtration-de-lair-atmospherique\/filtres-grossiers\/\" target=\"_self\" class=\"product-title\">Filtres grossiers<\/a>\n                                \n                                                                    <a class=\"product-button\" href=\"https:\/\/www.mikropor.com\/fr\/filtration-de-lair-atmospherique\/filtres-grossiers\/\" target=\"_self\">\n                                        <span class=\"arrow\">\u279c<\/span>\n                                    <\/a>\n                                                            <\/div>\n                        <\/div>\n                    <\/div>\n                \n                            <\/div>\n        <\/div>\n    <\/div>\n    [\/vc_column][vc_column width=\u00a0\u00bb1\/3&Prime;]    <div class=\"product-card-col wpb_column vc_column_container\">\n        <div class=\"vc_column-inner\">\n            <div class=\"wpb_wrapper\">\n                                    <div class=\"wpb_single_image wpb_content_element vc_align_left\">\n                        <figure class=\"wpb_wrapper vc_figure\">\n                                                            <a href=\"https:\/\/www.mikropor.com\/fr\/filtration-de-lair-atmospherique\/filtres-sensibles\/\" target=\"_self\" class=\"vc_single_image-wrapper vc_box_border_grey\">\n                            \n                            <img loading=\"lazy\" decoding=\"async\" src=\"https:\/\/www.mikropor.com\/wp-content\/uploads\/2025\/08\/HVACBANNER-_gray-02-scaled.png\" class=\"vc_single_image-img attachment-full\" alt=\"\">\n\n                                                            <\/a>\n                                                    <\/figure>\n                    <\/div>\n                \n                                    <div class=\"wpb_text_column wpb_content_element \">\n                        <div class=\"wpb_wrapper\">\n                            <div class=\"card-header-custom\">\n                                                                    <a href=\"https:\/\/www.mikropor.com\/fr\/filtration-de-lair-atmospherique\/filtres-sensibles\/\" target=\"_self\" class=\"product-title\">Filtres sensibles<\/a>\n                                \n                                                                    <a class=\"product-button\" href=\"https:\/\/www.mikropor.com\/fr\/filtration-de-lair-atmospherique\/filtres-sensibles\/\" target=\"_self\">\n                                        <span class=\"arrow\">\u279c<\/span>\n                                    <\/a>\n                                                            <\/div>\n                        <\/div>\n                    <\/div>\n                \n                            <\/div>\n        <\/div>\n    <\/div>\n    [\/vc_column][vc_column width=\u00a0\u00bb1\/3&Prime;]    <div class=\"product-card-col wpb_column vc_column_container\">\n        <div class=\"vc_column-inner\">\n            <div class=\"wpb_wrapper\">\n                                    <div class=\"wpb_single_image wpb_content_element vc_align_left\">\n                        <figure class=\"wpb_wrapper vc_figure\">\n                                                            <a href=\"https:\/\/www.mikropor.com\/fr\/filtration-de-lair-atmospherique\/filtres-haute-temperature-2\/\" target=\"_self\" class=\"vc_single_image-wrapper vc_box_border_grey\">\n                            \n                            <img loading=\"lazy\" decoding=\"async\" src=\"https:\/\/www.mikropor.com\/wp-content\/uploads\/2025\/08\/HVACBANNER-_gray-03-scaled.png\" class=\"vc_single_image-img attachment-full\" alt=\"\">\n\n                                                            <\/a>\n                                                    <\/figure>\n                    <\/div>\n                \n                                    <div class=\"wpb_text_column wpb_content_element \">\n                        <div class=\"wpb_wrapper\">\n                            <div class=\"card-header-custom\">\n                                                                    <a href=\"https:\/\/www.mikropor.com\/fr\/filtration-de-lair-atmospherique\/filtres-haute-temperature-2\/\" target=\"_self\" class=\"product-title\">Filtres haute temp\u00e9rature<\/a>\n                                \n                                                                    <a class=\"product-button\" href=\"https:\/\/www.mikropor.com\/fr\/filtration-de-lair-atmospherique\/filtres-haute-temperature-2\/\" target=\"_self\">\n                                        <span class=\"arrow\">\u279c<\/span>\n                                    <\/a>\n                                                            <\/div>\n                        <\/div>\n                    <\/div>\n                \n                            <\/div>\n        <\/div>\n    <\/div>\n    [\/vc_column][\/vc_row][vc_row full_width=\u00a0\u00bbstretch_row\u00a0\u00bb gap=\u00a0\u00bb20&Prime; equal_height=\u00a0\u00bbyes\u00a0\u00bb][vc_column width=\u00a0\u00bb1\/3&Prime;]    <div class=\"product-card-col wpb_column vc_column_container\">\n        <div class=\"vc_column-inner\">\n            <div class=\"wpb_wrapper\">\n                                    <div class=\"wpb_single_image wpb_content_element vc_align_left\">\n                        <figure class=\"wpb_wrapper vc_figure\">\n                                                            <a href=\"https:\/\/www.mikropor.com\/fr\/filtration-de-lair-atmospherique\/filtres-a-charbon\/\" target=\"_self\" class=\"vc_single_image-wrapper vc_box_border_grey\">\n                            \n                            <img loading=\"lazy\" decoding=\"async\" src=\"https:\/\/www.mikropor.com\/wp-content\/uploads\/2025\/08\/HVACBANNER-_gray-04-scaled.png\" class=\"vc_single_image-img attachment-full\" alt=\"\">\n\n                                                            <\/a>\n                                                    <\/figure>\n                    <\/div>\n                \n                                    <div class=\"wpb_text_column wpb_content_element \">\n                        <div class=\"wpb_wrapper\">\n                            <div class=\"card-header-custom\">\n                                                                    <a href=\"https:\/\/www.mikropor.com\/fr\/filtration-de-lair-atmospherique\/filtres-a-charbon\/\" target=\"_self\" class=\"product-title\">Filtres \u00e0 charbon<\/a>\n                                \n                                                                    <a class=\"product-button\" href=\"https:\/\/www.mikropor.com\/fr\/filtration-de-lair-atmospherique\/filtres-a-charbon\/\" target=\"_self\">\n                                        <span class=\"arrow\">\u279c<\/span>\n                                    <\/a>\n                                                            <\/div>\n                        <\/div>\n                    <\/div>\n                \n                            <\/div>\n        <\/div>\n    <\/div>\n    [\/vc_column][vc_column width=\u00a0\u00bb1\/3&Prime;]    <div class=\"product-card-col wpb_column vc_column_container\">\n        <div class=\"vc_column-inner\">\n            <div class=\"wpb_wrapper\">\n                                    <div class=\"wpb_single_image wpb_content_element vc_align_left\">\n                        <figure class=\"wpb_wrapper vc_figure\">\n                                                            <a href=\"https:\/\/www.mikropor.com\/fr\/filtration-de-lair-atmospherique\/filtres-epa-hepa-et-ulpa-2\/\" target=\"_self\" class=\"vc_single_image-wrapper vc_box_border_grey\">\n                            \n                            <img loading=\"lazy\" decoding=\"async\" src=\"https:\/\/www.mikropor.com\/wp-content\/uploads\/2025\/08\/HVACBANNER-_gray-05-scaled.png\" class=\"vc_single_image-img attachment-full\" alt=\"\">\n\n                                                            <\/a>\n                                                    <\/figure>\n                    <\/div>\n                \n                                    <div class=\"wpb_text_column wpb_content_element \">\n                        <div class=\"wpb_wrapper\">\n                            <div class=\"card-header-custom\">\n                                                                    <a href=\"https:\/\/www.mikropor.com\/fr\/filtration-de-lair-atmospherique\/filtres-epa-hepa-et-ulpa-2\/\" target=\"_self\" class=\"product-title\">Filtres EPA, HEPA et ULPA<\/a>\n                                \n                                                                    <a class=\"product-button\" href=\"https:\/\/www.mikropor.com\/fr\/filtration-de-lair-atmospherique\/filtres-epa-hepa-et-ulpa-2\/\" target=\"_self\">\n                                        <span class=\"arrow\">\u279c<\/span>\n                                    <\/a>\n                                                            <\/div>\n                        <\/div>\n                    <\/div>\n                \n                            <\/div>\n        <\/div>\n    <\/div>\n    [\/vc_column][vc_column width=\u00a0\u00bb1\/3&Prime;]    <div class=\"product-card-col wpb_column vc_column_container\">\n        <div class=\"vc_column-inner\">\n            <div class=\"wpb_wrapper\">\n                                    <div class=\"wpb_single_image wpb_content_element vc_align_left\">\n                        <figure class=\"wpb_wrapper vc_figure\">\n                                                            <a href=\"https:\/\/www.mikropor.com\/fr\/filtration-de-lair-atmospherique\/boites-hepa\/\" target=\"_self\" class=\"vc_single_image-wrapper vc_box_border_grey\">\n                            \n                            <img loading=\"lazy\" decoding=\"async\" src=\"https:\/\/www.mikropor.com\/wp-content\/uploads\/2025\/08\/HVACBANNER-_gray-06-scaled.png\" class=\"vc_single_image-img attachment-full\" alt=\"\">\n\n                                                            <\/a>\n                                                    <\/figure>\n                    <\/div>\n                \n                                    <div class=\"wpb_text_column wpb_content_element \">\n                        <div class=\"wpb_wrapper\">\n                            <div class=\"card-header-custom\">\n                                                                    <a href=\"https:\/\/www.mikropor.com\/fr\/filtration-de-lair-atmospherique\/boites-hepa\/\" target=\"_self\" class=\"product-title\">Bo\u00eetes HEPA<\/a>\n                                \n                                                                    <a class=\"product-button\" href=\"https:\/\/www.mikropor.com\/fr\/filtration-de-lair-atmospherique\/boites-hepa\/\" target=\"_self\">\n                                        <span class=\"arrow\">\u279c<\/span>\n                                    <\/a>\n                                                            <\/div>\n                        <\/div>\n                    <\/div>\n                \n                            <\/div>\n        <\/div>\n    <\/div>\n    [\/vc_column][\/vc_row][vc_row][vc_column][vc_raw_html]JTNDc3R5bGUlM0UuY29udGVudC1jb250YWluZXIlMjAlN0JwYWRkaW5nLXRvcCUzQSUyMDEwN3B4JTNCJTNDJTJGc3R5bGUlM0U=[\/vc_raw_html][\/vc_column][\/vc_row]<\/p>\n<\/section>","protected":false},"excerpt":{"rendered":"<p>[vc_row][vc_column][\/vc_column][\/vc_row][vc_row css=\u00a0\u00bb.vc_custom_1751705551096{margin-bottom: 30px !important;padding-top: 20px !important;padding-right: 20px !important;padding-bottom: 20px !important;padding-left: 20px !important;background-color: #ffffff !important;}\u00a0\u00bb el_class=\u00a0\u00bbborder-e5e5e5&Prime;][vc_column width=\u00a0\u00bb1\/2&Prime;][vc_custom_heading text=\u00a0\u00bbFiltration de l&rsquo;air atmosph\u00e9rique\u00a0\u00bb font_container=\u00a0\u00bbtag:h3|text_align:left\u00a0\u00bb google_fonts=\u00a0\u00bbfont_family:Open%20Sans%3A300%2C300italic%2Cregular%2Citalic%2C600%2C600italic%2C700%2C700italic%2C800%2C800italic|font_style:600%20bold%20regular%3A600%3Anormal\u00a0\u00bb][vc_column_text]Les syst\u00e8mes de Chauffage, Ventilation et Climatisation (HVAC) jouent un r\u00f4le essentiel dans l\u2019am\u00e9lioration de la\u00a0qualit\u00e9 de l\u2019air int\u00e9rieur. Des\u00a0filtres HVAC\u00a0bien s\u00e9lectionn\u00e9s \u00e9liminent non seulement les particules, les gaz nocifs et les odeurs, mais [&hellip;]<\/p>\n","protected":false},"author":3,"featured_media":0,"parent":0,"menu_order":0,"comment_status":"closed","ping_status":"closed","template":"","meta":{"footnotes":""},"class_list":["post-86738","page","type-page","status-publish","hentry"],"_links":{"self":[{"href":"https:\/\/www.mikropor.com\/fr\/wp-json\/wp\/v2\/pages\/86738","targetHints":{"allow":["GET"]}}],"collection":[{"href":"https:\/\/www.mikropor.com\/fr\/wp-json\/wp\/v2\/pages"}],"about":[{"href":"https:\/\/www.mikropor.com\/fr\/wp-json\/wp\/v2\/types\/page"}],"author":[{"embeddable":true,"href":"https:\/\/www.mikropor.com\/fr\/wp-json\/wp\/v2\/users\/3"}],"replies":[{"embeddable":true,"href":"https:\/\/www.mikropor.com\/fr\/wp-json\/wp\/v2\/comments?post=86738"}],"version-history":[{"count":11,"href":"https:\/\/www.mikropor.com\/fr\/wp-json\/wp\/v2\/pages\/86738\/revisions"}],"predecessor-version":[{"id":90629,"href":"https:\/\/www.mikropor.com\/fr\/wp-json\/wp\/v2\/pages\/86738\/revisions\/90629"}],"wp:attachment":[{"href":"https:\/\/www.mikropor.com\/fr\/wp-json\/wp\/v2\/media?parent=86738"}],"curies":[{"name":"wp","href":"https:\/\/api.w.org\/{rel}","templated":true}]}}