{"id":86848,"date":"2025-06-25T15:55:20","date_gmt":"2025-06-25T12:55:20","guid":{"rendered":"https:\/\/www.mikropor.com\/ilac-endustrisi\/"},"modified":"2026-01-08T09:22:46","modified_gmt":"2026-01-08T06:22:46","slug":"industrie-pharmaceutique","status":"publish","type":"page","link":"https:\/\/www.mikropor.com\/fr\/industrie-pharmaceutique\/","title":{"rendered":"Industrie pharmaceutique"},"content":{"rendered":"<section class=\"wpb-content-wrapper\"><p>[vc_row][vc_column]    <nav class=\"mikropor-breadcrumb\" aria-label=\"Breadcrumb\">\n        <ol class=\"breadcrumb-list\">\n                            <li class=\"breadcrumb-item \">\n                                            <a href=\"https:\/\/www.mikropor.com\/fr\/\" >\n                            Accueil                        <\/a>\n                                        \n                                            <span class=\"breadcrumb-separator\" aria-hidden=\"true\">&gt;<\/span>\n                                    <\/li>\n                            <li class=\"breadcrumb-item \">\n                                            <a href=\"https:\/\/www.mikropor.com\/fr\/filtration-de-lair-atmospherique-2\/\" >\n                            Filtration de l\u2019air atmosph\u00e9rique                        <\/a>\n                                        \n                                    <\/li>\n                    <\/ol>\n    <\/nav>\n    [\/vc_column][\/vc_row][vc_row equal_height=\u00a0\u00bbyes\u00a0\u00bb css=\u00a0\u00bb.vc_custom_1751871457710{margin-bottom: 35px !important;padding-top: 20px !important;padding-right: 20px !important;padding-bottom: 20px !important;padding-left: 20px !important;background-color: #ffffff !important;}\u00a0\u00bb el_class=\u00a0\u00bbborder-e5e5e5&Prime;][vc_column width=\u00a0\u00bb1\/2&Prime;][vc_custom_heading text=\u00a0\u00bbIndustrie pharmaceutique\u00a0\u00bb font_container=\u00a0\u00bbtag:h4|text_align:left\u00a0\u00bb google_fonts=\u00a0\u00bbfont_family:Open%20Sans%3A300%2C300italic%2Cregular%2Citalic%2C600%2C600italic%2C700%2C700italic%2C800%2C800italic|font_style:700%20bold%20regular%3A700%3Anormal\u00a0\u00bb][vc_column_text]Mikropor propose des syst\u00e8mes avanc\u00e9s de filtration d&rsquo;air pour les environnements de fabrication pharmaceutique n\u00e9cessitant un contr\u00f4le strict de la contamination. Nos filtres EPA, HEPA, ULPA et syst\u00e8mes de flux d&rsquo;air laminaire assurent des conditions de salle blanche sans particules essentielles pour la s\u00e9curit\u00e9 de production de m\u00e9dicaments. Ces solutions de filtration sp\u00e9cialis\u00e9es \u00e9liminent les contaminants a\u00e9roport\u00e9s et maintiennent des environnements de production st\u00e9riles conformes aux normes pharmaceutiques.[\/vc_column_text][\/vc_column][vc_column width=\u00a0\u00bb1\/2&Prime; el_class=\u00a0\u00bbimage-column\u00a0\u00bb][vc_single_image image=\u00a0\u00bb87787&Prime; img_size=\u00a0\u00bbfull\u00a0\u00bb alignment=\u00a0\u00bbcenter\u00a0\u00bb style=\u00a0\u00bbvc_box_rounded\u00a0\u00bb css=\u00a0\u00bb.vc_custom_1756192837726{margin-top: 5px !important;}\u00a0\u00bb el_class=\u00a0\u00bbwow fadeIn delay&#8211;1&Prime;][\/vc_column][\/vc_row][vc_row full_width=\u00a0\u00bbstretch_row\u00a0\u00bb equal_height=\u00a0\u00bbyes\u00a0\u00bb][vc_column width=\u00a0\u00bb1\/3&Prime;]    <div class=\"product-card-col wpb_column vc_column_container\">\n        <div class=\"vc_column-inner\">\n            <div class=\"wpb_wrapper\">\n                                    <div class=\"wpb_single_image wpb_content_element vc_align_left\">\n                        <figure class=\"wpb_wrapper vc_figure\">\n                                                            <a href=\"https:\/\/www.mikropor.com\/fr\/filtration-de-lair-atmospherique\/filtres-grossiers\/serie-mskpn\/\" target=\"_self\" class=\"vc_single_image-wrapper vc_box_border_grey\">\n                            \n                            <img loading=\"lazy\" decoding=\"async\" src=\"https:\/\/www.mikropor.com\/wp-content\/uploads\/2025\/07\/7-MSKPN-SERIES.png\" class=\"vc_single_image-img attachment-full\" alt=\"\">\n\n                                                            <\/a>\n                                                    <\/figure>\n                    <\/div>\n                \n                                    <div class=\"wpb_text_column wpb_content_element \">\n                        <div class=\"wpb_wrapper\">\n                            <div class=\"card-header-custom\">\n                                                                    <a href=\"https:\/\/www.mikropor.com\/fr\/filtration-de-lair-atmospherique\/filtres-grossiers\/serie-mskpn\/\" target=\"_self\" class=\"product-title\">S\u00e9rie MSKPN<\/a>\n                                \n                                                                    <a class=\"product-button\" href=\"https:\/\/www.mikropor.com\/fr\/filtration-de-lair-atmospherique\/filtres-grossiers\/serie-mskpn\/\" target=\"_self\">\n                                        <span class=\"arrow\">\u279c<\/span>\n                                    <\/a>\n                                                            <\/div>\n                        <\/div>\n                    <\/div>\n                \n                            <\/div>\n        <\/div>\n    <\/div>\n    [\/vc_column][vc_column width=\u00a0\u00bb1\/3&Prime;]    <div class=\"product-card-col wpb_column vc_column_container\">\n        <div class=\"vc_column-inner\">\n            <div class=\"wpb_wrapper\">\n                                    <div class=\"wpb_single_image wpb_content_element vc_align_left\">\n                        <figure class=\"wpb_wrapper vc_figure\">\n                                                            <a href=\"https:\/\/www.mikropor.com\/fr\/filtration-de-lair-atmospherique\/filtres-sensibles\/serie-mpg\/\" target=\"_self\" class=\"vc_single_image-wrapper vc_box_border_grey\">\n                            \n                            <img loading=\"lazy\" decoding=\"async\" src=\"https:\/\/www.mikropor.com\/wp-content\/uploads\/2025\/07\/18-MPG-SERIES.png\" class=\"vc_single_image-img attachment-full\" alt=\"\">\n\n                                                            <\/a>\n                                                    <\/figure>\n                    <\/div>\n                \n                                    <div class=\"wpb_text_column wpb_content_element \">\n                        <div class=\"wpb_wrapper\">\n                            <div class=\"card-header-custom\">\n                                                                    <a href=\"https:\/\/www.mikropor.com\/fr\/filtration-de-lair-atmospherique\/filtres-sensibles\/serie-mpg\/\" target=\"_self\" class=\"product-title\">S\u00e9rie MPG<\/a>\n                                \n                                                                    <a class=\"product-button\" href=\"https:\/\/www.mikropor.com\/fr\/filtration-de-lair-atmospherique\/filtres-sensibles\/serie-mpg\/\" target=\"_self\">\n                                        <span class=\"arrow\">\u279c<\/span>\n                                    <\/a>\n                                                            <\/div>\n                        <\/div>\n                    <\/div>\n                \n                            <\/div>\n        <\/div>\n    <\/div>\n    [\/vc_column][vc_column width=\u00a0\u00bb1\/3&Prime;]    <div class=\"product-card-col wpb_column vc_column_container\">\n        <div class=\"vc_column-inner\">\n            <div class=\"wpb_wrapper\">\n                                    <div class=\"wpb_single_image wpb_content_element vc_align_left\">\n                        <figure class=\"wpb_wrapper vc_figure\">\n                                                            <a href=\"https:\/\/www.mikropor.com\/fr\/filtration-de-lair-atmospherique\/filtres-grossiers\/serie-mpre\/\" target=\"_self\" class=\"vc_single_image-wrapper vc_box_border_grey\">\n                            \n                            <img loading=\"lazy\" decoding=\"async\" src=\"https:\/\/www.mikropor.com\/wp-content\/uploads\/2025\/07\/13-MPRE-SERIES.png\" class=\"vc_single_image-img attachment-full\" alt=\"\">\n\n                                                            <\/a>\n                                                    <\/figure>\n                    <\/div>\n                \n                                    <div class=\"wpb_text_column wpb_content_element \">\n                        <div class=\"wpb_wrapper\">\n                            <div class=\"card-header-custom\">\n                                                                    <a href=\"https:\/\/www.mikropor.com\/fr\/filtration-de-lair-atmospherique\/filtres-grossiers\/serie-mpre\/\" target=\"_self\" class=\"product-title\">S\u00e9rie MPRE<\/a>\n                                \n                                                                    <a class=\"product-button\" href=\"https:\/\/www.mikropor.com\/fr\/filtration-de-lair-atmospherique\/filtres-grossiers\/serie-mpre\/\" target=\"_self\">\n                                        <span class=\"arrow\">\u279c<\/span>\n                                    <\/a>\n                                                            <\/div>\n                        <\/div>\n                    <\/div>\n                \n                            <\/div>\n        <\/div>\n    <\/div>\n    [\/vc_column][\/vc_row][vc_row full_width=\u00a0\u00bbstretch_row\u00a0\u00bb equal_height=\u00a0\u00bbyes\u00a0\u00bb][vc_column width=\u00a0\u00bb1\/3&Prime;]    <div class=\"product-card-col wpb_column vc_column_container\">\n        <div class=\"vc_column-inner\">\n            <div class=\"wpb_wrapper\">\n                                    <div class=\"wpb_single_image wpb_content_element vc_align_left\">\n                        <figure class=\"wpb_wrapper vc_figure\">\n                                                            <a href=\"https:\/\/www.mikropor.com\/fr\/filtration-de-lair-atmospherique\/filtres-sensibles\/serie-mvee\/\" target=\"_self\" class=\"vc_single_image-wrapper vc_box_border_grey\">\n                            \n                            <img loading=\"lazy\" decoding=\"async\" src=\"https:\/\/www.mikropor.com\/wp-content\/uploads\/2025\/07\/27-MVEE-SERIES.png\" class=\"vc_single_image-img attachment-full\" alt=\"\">\n\n                                                            <\/a>\n                                                    <\/figure>\n                    <\/div>\n                \n                                    <div class=\"wpb_text_column wpb_content_element \">\n                        <div class=\"wpb_wrapper\">\n                            <div class=\"card-header-custom\">\n                                                                    <a href=\"https:\/\/www.mikropor.com\/fr\/filtration-de-lair-atmospherique\/filtres-sensibles\/serie-mvee\/\" target=\"_self\" class=\"product-title\">S\u00e9rie MVEE<\/a>\n                                \n                                                                    <a class=\"product-button\" href=\"https:\/\/www.mikropor.com\/fr\/filtration-de-lair-atmospherique\/filtres-sensibles\/serie-mvee\/\" target=\"_self\">\n                                        <span class=\"arrow\">\u279c<\/span>\n                                    <\/a>\n                                                            <\/div>\n                        <\/div>\n                    <\/div>\n                \n                            <\/div>\n        <\/div>\n    <\/div>\n    [\/vc_column][vc_column width=\u00a0\u00bb1\/3&Prime;]    <div class=\"product-card-col wpb_column vc_column_container\">\n        <div class=\"vc_column-inner\">\n            <div class=\"wpb_wrapper\">\n                                    <div class=\"wpb_single_image wpb_content_element vc_align_left\">\n                        <figure class=\"wpb_wrapper vc_figure\">\n                                                            <a href=\"https:\/\/www.mikropor.com\/fr\/filtration-de-lair-atmospherique\/filtres-haute-temperature-2\/serie-mvhht\/\" target=\"_self\" class=\"vc_single_image-wrapper vc_box_border_grey\">\n                            \n                            <img loading=\"lazy\" decoding=\"async\" src=\"https:\/\/www.mikropor.com\/wp-content\/uploads\/2025\/07\/32-MVHHT-SERIES.png\" class=\"vc_single_image-img attachment-full\" alt=\"\">\n\n                                                            <\/a>\n                                                    <\/figure>\n                    <\/div>\n                \n                                    <div class=\"wpb_text_column wpb_content_element \">\n                        <div class=\"wpb_wrapper\">\n                            <div class=\"card-header-custom\">\n                                                                    <a href=\"https:\/\/www.mikropor.com\/fr\/filtration-de-lair-atmospherique\/filtres-haute-temperature-2\/serie-mvhht\/\" target=\"_self\" class=\"product-title\">S\u00e9rie MVHHT<\/a>\n                                \n                                                                    <a class=\"product-button\" href=\"https:\/\/www.mikropor.com\/fr\/filtration-de-lair-atmospherique\/filtres-haute-temperature-2\/serie-mvhht\/\" target=\"_self\">\n                                        <span class=\"arrow\">\u279c<\/span>\n                                    <\/a>\n                                                            <\/div>\n                        <\/div>\n                    <\/div>\n                \n                            <\/div>\n        <\/div>\n    <\/div>\n    [\/vc_column][vc_column width=\u00a0\u00bb1\/3&Prime;]    <div class=\"product-card-col wpb_column vc_column_container\">\n        <div class=\"vc_column-inner\">\n            <div class=\"wpb_wrapper\">\n                                    <div class=\"wpb_single_image wpb_content_element vc_align_left\">\n                        <figure class=\"wpb_wrapper vc_figure\">\n                                                            <a href=\"https:\/\/www.mikropor.com\/fr\/filtration-de-lair-atmospherique\/filtres-epa-hepa-et-ulpa\/serie-hfn-profil-aluminium-70-mm\/\" target=\"_self\" class=\"vc_single_image-wrapper vc_box_border_grey\">\n                            \n                            <img loading=\"lazy\" decoding=\"async\" src=\"https:\/\/www.mikropor.com\/wp-content\/uploads\/2025\/07\/44-HFN-SERIES-ALUMINIUM-PROFILE-70-mm.png\" class=\"vc_single_image-img attachment-full\" alt=\"\">\n\n                                                            <\/a>\n                                                    <\/figure>\n                    <\/div>\n                \n                                    <div class=\"wpb_text_column wpb_content_element \">\n                        <div class=\"wpb_wrapper\">\n                            <div class=\"card-header-custom\">\n                                                                    <a href=\"https:\/\/www.mikropor.com\/fr\/filtration-de-lair-atmospherique\/filtres-epa-hepa-et-ulpa\/serie-hfn-profil-aluminium-70-mm\/\" target=\"_self\" class=\"product-title\">S\u00e9rie HFN PROFIL ALUMINIUM 70 mm<\/a>\n                                \n                                                                    <a class=\"product-button\" href=\"https:\/\/www.mikropor.com\/fr\/filtration-de-lair-atmospherique\/filtres-epa-hepa-et-ulpa\/serie-hfn-profil-aluminium-70-mm\/\" target=\"_self\">\n                                        <span class=\"arrow\">\u279c<\/span>\n                                    <\/a>\n                                                            <\/div>\n                        <\/div>\n                    <\/div>\n                \n                            <\/div>\n        <\/div>\n    <\/div>\n    [\/vc_column][\/vc_row][vc_row full_width=\u00a0\u00bbstretch_row\u00a0\u00bb equal_height=\u00a0\u00bbyes\u00a0\u00bb][vc_column width=\u00a0\u00bb1\/3&Prime;]    <div class=\"product-card-col wpb_column vc_column_container\">\n        <div class=\"vc_column-inner\">\n            <div class=\"wpb_wrapper\">\n                                    <div class=\"wpb_single_image wpb_content_element vc_align_left\">\n                        <figure class=\"wpb_wrapper vc_figure\">\n                                                            <a href=\"https:\/\/www.mikropor.com\/fr\/filtration-de-lair-atmospherique\/filtres-epa-hepa-et-ulpa\/serie-hfn-gasket-gel-80-mm\/\" target=\"_self\" class=\"vc_single_image-wrapper vc_box_border_grey\">\n                            \n                            <img loading=\"lazy\" decoding=\"async\" src=\"https:\/\/www.mikropor.com\/wp-content\/uploads\/2025\/07\/48-HFN-SERIES-GEL-SEAL-80-mm.png\" class=\"vc_single_image-img attachment-full\" alt=\"\">\n\n                                                            <\/a>\n                                                    <\/figure>\n                    <\/div>\n                \n                                    <div class=\"wpb_text_column wpb_content_element \">\n                        <div class=\"wpb_wrapper\">\n                            <div class=\"card-header-custom\">\n                                                                    <a href=\"https:\/\/www.mikropor.com\/fr\/filtration-de-lair-atmospherique\/filtres-epa-hepa-et-ulpa\/serie-hfn-gasket-gel-80-mm\/\" target=\"_self\" class=\"product-title\">SERIE HFN GASKET GEL 80 mm<\/a>\n                                \n                                                                    <a class=\"product-button\" href=\"https:\/\/www.mikropor.com\/fr\/filtration-de-lair-atmospherique\/filtres-epa-hepa-et-ulpa\/serie-hfn-gasket-gel-80-mm\/\" target=\"_self\">\n                                        <span class=\"arrow\">\u279c<\/span>\n                                    <\/a>\n                                                            <\/div>\n                        <\/div>\n                    <\/div>\n                \n                            <\/div>\n        <\/div>\n    <\/div>\n    [\/vc_column][vc_column width=\u00a0\u00bb1\/3&Prime;]    <div class=\"product-card-col wpb_column vc_column_container\">\n        <div class=\"vc_column-inner\">\n            <div class=\"wpb_wrapper\">\n                                    <div class=\"wpb_single_image wpb_content_element vc_align_left\">\n                        <figure class=\"wpb_wrapper vc_figure\">\n                                                            <a href=\"https:\/\/www.mikropor.com\/fr\/filtration-de-lair-atmospherique\/filtres-epa-hepa-et-ulpa\/serie-mvh-boitier-metallique-debit-maxi-292-mm\/\" target=\"_self\" class=\"vc_single_image-wrapper vc_box_border_grey\">\n                            \n                            <img loading=\"lazy\" decoding=\"async\" src=\"https:\/\/www.mikropor.com\/wp-content\/uploads\/2025\/07\/67-MVH-SERIES-METAL-FRAME-MAX.-FLOW-292-mm.png\" class=\"vc_single_image-img attachment-full\" alt=\"\">\n\n                                                            <\/a>\n                                                    <\/figure>\n                    <\/div>\n                \n                                    <div class=\"wpb_text_column wpb_content_element \">\n                        <div class=\"wpb_wrapper\">\n                            <div class=\"card-header-custom\">\n                                                                    <a href=\"https:\/\/www.mikropor.com\/fr\/filtration-de-lair-atmospherique\/filtres-epa-hepa-et-ulpa\/serie-mvh-boitier-metallique-debit-maxi-292-mm\/\" target=\"_self\" class=\"product-title\">S\u00e9rie MVH BO\u00ceTIER M\u00c9TALLIQUE D\u00c9BIT MAXI 292 mm<\/a>\n                                \n                                                                    <a class=\"product-button\" href=\"https:\/\/www.mikropor.com\/fr\/filtration-de-lair-atmospherique\/filtres-epa-hepa-et-ulpa\/serie-mvh-boitier-metallique-debit-maxi-292-mm\/\" target=\"_self\">\n                                        <span class=\"arrow\">\u279c<\/span>\n                                    <\/a>\n                                                            <\/div>\n                        <\/div>\n                    <\/div>\n                \n                            <\/div>\n        <\/div>\n    <\/div>\n    [\/vc_column][vc_column width=\u00a0\u00bb1\/3&Prime;]    <div class=\"product-card-col wpb_column vc_column_container\">\n        <div class=\"vc_column-inner\">\n            <div class=\"wpb_wrapper\">\n                                    <div class=\"wpb_single_image wpb_content_element vc_align_left\">\n                        <figure class=\"wpb_wrapper vc_figure\">\n                                                            <a href=\"https:\/\/www.mikropor.com\/fr\/filtration-de-lair-atmospherique\/boites-hepa\/serie-h-box-lsc\/\" target=\"_self\" class=\"vc_single_image-wrapper vc_box_border_grey\">\n                            \n                            <img loading=\"lazy\" decoding=\"async\" src=\"https:\/\/www.mikropor.com\/wp-content\/uploads\/2025\/07\/73-H-BOX-LSC-SERIES.png\" class=\"vc_single_image-img attachment-full\" alt=\"\">\n\n                                                            <\/a>\n                                                    <\/figure>\n                    <\/div>\n                \n                                    <div class=\"wpb_text_column wpb_content_element \">\n                        <div class=\"wpb_wrapper\">\n                            <div class=\"card-header-custom\">\n                                                                    <a href=\"https:\/\/www.mikropor.com\/fr\/filtration-de-lair-atmospherique\/boites-hepa\/serie-h-box-lsc\/\" target=\"_self\" class=\"product-title\">S\u00e9rie H-BOX LSC<\/a>\n                                \n                                                                    <a class=\"product-button\" href=\"https:\/\/www.mikropor.com\/fr\/filtration-de-lair-atmospherique\/boites-hepa\/serie-h-box-lsc\/\" target=\"_self\">\n                                        <span class=\"arrow\">\u279c<\/span>\n                                    <\/a>\n                                                            <\/div>\n                        <\/div>\n                    <\/div>\n                \n                            <\/div>\n        <\/div>\n    <\/div>\n    [\/vc_column][\/vc_row][vc_row][vc_column][vc_raw_html]JTNDc3R5bGUlM0UuZW50cnktY29udGVudCUyMCU3Qm1hcmdpbi10b3AlM0ElMjAzMHB4JTNCJTdEJTIwLmFkdmFuY2VkLXNpZGViYXItbWVudSUyMCU3QiUyMG1hcmdpbi10b3AlM0ElMjAzMHB4JTNCJTIwJTdEJTNDJTJGc3R5bGUlM0U=[\/vc_raw_html][\/vc_column][\/vc_row]<\/p>\n<\/section>","protected":false},"excerpt":{"rendered":"<p>[vc_row][vc_column][\/vc_column][\/vc_row][vc_row equal_height=\u00a0\u00bbyes\u00a0\u00bb css=\u00a0\u00bb.vc_custom_1751871457710{margin-bottom: 35px !important;padding-top: 20px !important;padding-right: 20px !important;padding-bottom: 20px !important;padding-left: 20px !important;background-color: #ffffff !important;}\u00a0\u00bb el_class=\u00a0\u00bbborder-e5e5e5&Prime;][vc_column width=\u00a0\u00bb1\/2&Prime;][vc_custom_heading text=\u00a0\u00bbIndustrie pharmaceutique\u00a0\u00bb font_container=\u00a0\u00bbtag:h4|text_align:left\u00a0\u00bb google_fonts=\u00a0\u00bbfont_family:Open%20Sans%3A300%2C300italic%2Cregular%2Citalic%2C600%2C600italic%2C700%2C700italic%2C800%2C800italic|font_style:700%20bold%20regular%3A700%3Anormal\u00a0\u00bb][vc_column_text]Mikropor propose des syst\u00e8mes avanc\u00e9s de filtration d&rsquo;air pour les environnements de fabrication pharmaceutique n\u00e9cessitant un contr\u00f4le strict de la contamination. Nos filtres EPA, HEPA, ULPA et syst\u00e8mes de flux d&rsquo;air laminaire assurent des conditions [&hellip;]<\/p>\n","protected":false},"author":3,"featured_media":0,"parent":0,"menu_order":0,"comment_status":"closed","ping_status":"closed","template":"","meta":{"footnotes":""},"class_list":["post-86848","page","type-page","status-publish","hentry"],"_links":{"self":[{"href":"https:\/\/www.mikropor.com\/fr\/wp-json\/wp\/v2\/pages\/86848","targetHints":{"allow":["GET"]}}],"collection":[{"href":"https:\/\/www.mikropor.com\/fr\/wp-json\/wp\/v2\/pages"}],"about":[{"href":"https:\/\/www.mikropor.com\/fr\/wp-json\/wp\/v2\/types\/page"}],"author":[{"embeddable":true,"href":"https:\/\/www.mikropor.com\/fr\/wp-json\/wp\/v2\/users\/3"}],"replies":[{"embeddable":true,"href":"https:\/\/www.mikropor.com\/fr\/wp-json\/wp\/v2\/comments?post=86848"}],"version-history":[{"count":7,"href":"https:\/\/www.mikropor.com\/fr\/wp-json\/wp\/v2\/pages\/86848\/revisions"}],"predecessor-version":[{"id":91980,"href":"https:\/\/www.mikropor.com\/fr\/wp-json\/wp\/v2\/pages\/86848\/revisions\/91980"}],"wp:attachment":[{"href":"https:\/\/www.mikropor.com\/fr\/wp-json\/wp\/v2\/media?parent=86848"}],"curies":[{"name":"wp","href":"https:\/\/api.w.org\/{rel}","templated":true}]}}