{"id":86883,"date":"2025-08-18T09:48:50","date_gmt":"2025-08-18T06:48:50","guid":{"rendered":"https:\/\/www.mikropor.com\/yag-su-ayirici-uniteleri\/"},"modified":"2025-09-09T11:26:46","modified_gmt":"2025-09-09T08:26:46","slug":"separateurs-huile-eau","status":"publish","type":"page","link":"https:\/\/www.mikropor.com\/fr\/separateurs-huile-eau\/","title":{"rendered":"S\u00e9parateurs huile-eau"},"content":{"rendered":"<section class=\"wpb-content-wrapper\"><p>[vc_row css=\u00a0\u00bb.vc_custom_1750229107128{padding-right: 60px !important;}\u00a0\u00bb][vc_column css=\u00a0\u00bb.vc_custom_1750330042790{background-position: center !important;background-repeat: no-repeat !important;background-size: cover !important;}\u00a0\u00bb]    <nav class=\"mikropor-breadcrumb\" aria-label=\"Breadcrumb\">\n        <ol class=\"breadcrumb-list\">\n                            <li class=\"breadcrumb-item \">\n                                            <a href=\"https:\/\/www.mikropor.com\/fr\/\" >\n                            Accueil                        <\/a>\n                                        \n                                    <\/li>\n                    <\/ol>\n    <\/nav>\n    [\/vc_column][\/vc_row][vc_row equal_height=\u00a0\u00bbyes\u00a0\u00bb css=\u00a0\u00bb.vc_custom_1751890017661{margin-bottom: 35px !important;padding-top: 20px !important;padding-right: 20px !important;padding-bottom: 20px !important;padding-left: 20px !important;background-color: #ffffff !important;}\u00a0\u00bb el_class=\u00a0\u00bbborder-e5e5e5&Prime;][vc_column width=\u00a0\u00bb1\/2&Prime; el_class=\u00a0\u00bbimage-column\u00a0\u00bb][vc_column_text css=\u00a0\u00bb.vc_custom_1755500399054{padding-bottom: 15px !important;}\u00a0\u00bb]<\/p>\n<h3><span style=\"color: #000000; font-weight: 600;\"><strong>S\u00e9rie MWOS<\/strong><\/span><\/h3>\n<p><strong>S\u00e9parateurs huile-eau<\/strong><br \/>\n(11 Nm\u00b3\/h &#8211; 250 Nm\u00b3\/h)[\/vc_column_text][vc_column_text css=\u00a0\u00bb.vc_custom_1755500409286{padding-bottom: 15px !important;}\u00a0\u00bb]Les s\u00e9parateurs huile-eau de la s\u00e9rie MWOS de Mikropor vous permettent de s\u00e9parer la teneur en huile dans le drain conform\u00e9ment aux normes ISO 14000 de mani\u00e8re fiable et \u00e9conomique. La teneur en huile, comprise entre environ 3000 et 500 ppm, peut \u00eatre r\u00e9duite \u00e0 10 ppm. De plus, proc\u00e9dure d&rsquo;installation et d&rsquo;entretien conviviale qui minimise les temps d&rsquo;arr\u00eat de la machine.[\/vc_column_text]<div class=\"button-group\"><a class=\"custom-btn\" href=\"#\" data-product=\"S\u00e9parateurs huile-eau\">Demander un Devis<\/a><\/div>[\/vc_column][vc_column width=\u00a0\u00bb1\/2&Prime;][vc_gallery interval=\u00a0\u00bb5&Prime; images=\u00a0\u00bb87442&Prime; img_size=\u00a0\u00bbfull\u00a0\u00bb][\/vc_column][\/vc_row][vc_row el_class=\u00a0\u00bbborder-e5e5e5&Prime; css=\u00a0\u00bb.vc_custom_1757405768501{margin-bottom: 30px !important;padding-top: 20px !important;padding-right: 20px !important;padding-bottom: 20px !important;padding-left: 20px !important;}\u00a0\u00bb][vc_column width=\u00a0\u00bb5\/6&Prime;]<div class=\"corporate-features-table\"><div class=\"feature-item\"><div class=\"feature-label\"><i class=\"fa-solid fa-wind\"><\/i> Temp\u00e9rature d'Entr\u00e9e d'Air<\/div><div class=\"feature-value\">25\u00b0C<\/div><div class=\"feature-value\">-<\/div><\/div><div class=\"feature-item\"><div class=\"feature-label\"><i class=\"fa-solid fa-droplet\"><\/i> Humidit\u00e9 Relative de l'Air<\/div><div class=\"feature-value\">60%<\/div><div class=\"feature-value\">-<\/div><\/div><div class=\"feature-item\"><div class=\"feature-label\"><i class=\"fa-solid fa-cog\"><\/i> Capacit\u00e9 du Compresseur pour Huile Min\u00e9rale (m\u00b3\/min)<\/div><div class=\"feature-value\">2<\/div><div class=\"feature-value\">-<\/div><\/div><div class=\"feature-item\"><div class=\"feature-label\"><i class=\"fa-solid fa-cog\"><\/i> Capacit\u00e9 du Compresseur pour Huile Synth\u00e9tique (m\u00b3\/min)<\/div><div class=\"feature-value\">2<\/div><div class=\"feature-value\">-<\/div><\/div><div class=\"feature-item\"><div class=\"feature-label\"><i class=\"fa-solid fa-oil-can\"><\/i> Concentration d'Huile \u00e0 la Sortie<\/div><div class=\"feature-value\">\u226410ppm<\/div><div class=\"feature-value\">-<\/div><\/div><\/div>[\/vc_column][vc_column width=\u00a0\u00bb1\/6&Prime;][vc_column_text]<img decoding=\"async\" class=\"alignnone size-full wp-image-82516 alignright\" src=\"https:\/\/www.mikropor.com\/wp-content\/webp-express\/webp-images\/uploads\/2021\/05\/CE.png.webp\" alt=\"\" width=\"75\" \/>[\/vc_column_text][\/vc_column][\/vc_row][vc_row][vc_column][vc_raw_html]JTNDc3R5bGUlM0UuZW50cnktY29udGVudCUyMCU3Qm1hcmdpbi10b3AlM0ElMjAzMHB4JTNCJTdEJTIwLmFkdmFuY2VkLXNpZGViYXItbWVudSUyMCU3QiUyMG1hcmdpbi10b3AlM0ElMjAzMHB4JTNCJTIwJTdEJTNDJTJGc3R5bGUlM0U=[\/vc_raw_html][\/vc_column][\/vc_row]<\/p>\n<\/section>","protected":false},"excerpt":{"rendered":"<p>[vc_row css=\u00a0\u00bb.vc_custom_1750229107128{padding-right: 60px !important;}\u00a0\u00bb][vc_column css=\u00a0\u00bb.vc_custom_1750330042790{background-position: center !important;background-repeat: no-repeat !important;background-size: cover !important;}\u00a0\u00bb][\/vc_column][\/vc_row][vc_row equal_height=\u00a0\u00bbyes\u00a0\u00bb css=\u00a0\u00bb.vc_custom_1751890017661{margin-bottom: 35px !important;padding-top: 20px !important;padding-right: 20px !important;padding-bottom: 20px !important;padding-left: 20px !important;background-color: #ffffff !important;}\u00a0\u00bb el_class=\u00a0\u00bbborder-e5e5e5&Prime;][vc_column width=\u00a0\u00bb1\/2&Prime; el_class=\u00a0\u00bbimage-column\u00a0\u00bb][vc_column_text css=\u00a0\u00bb.vc_custom_1755500399054{padding-bottom: 15px !important;}\u00a0\u00bb] S\u00e9rie MWOS S\u00e9parateurs huile-eau (11 Nm\u00b3\/h &#8211; 250 Nm\u00b3\/h)[\/vc_column_text][vc_column_text css=\u00a0\u00bb.vc_custom_1755500409286{padding-bottom: 15px !important;}\u00a0\u00bb]Les s\u00e9parateurs huile-eau de la s\u00e9rie MWOS de Mikropor vous permettent de s\u00e9parer [&hellip;]<\/p>\n","protected":false},"author":3,"featured_media":87442,"parent":0,"menu_order":0,"comment_status":"closed","ping_status":"closed","template":"","meta":{"footnotes":""},"class_list":["post-86883","page","type-page","status-publish","has-post-thumbnail","hentry"],"_links":{"self":[{"href":"https:\/\/www.mikropor.com\/fr\/wp-json\/wp\/v2\/pages\/86883","targetHints":{"allow":["GET"]}}],"collection":[{"href":"https:\/\/www.mikropor.com\/fr\/wp-json\/wp\/v2\/pages"}],"about":[{"href":"https:\/\/www.mikropor.com\/fr\/wp-json\/wp\/v2\/types\/page"}],"author":[{"embeddable":true,"href":"https:\/\/www.mikropor.com\/fr\/wp-json\/wp\/v2\/users\/3"}],"replies":[{"embeddable":true,"href":"https:\/\/www.mikropor.com\/fr\/wp-json\/wp\/v2\/comments?post=86883"}],"version-history":[{"count":5,"href":"https:\/\/www.mikropor.com\/fr\/wp-json\/wp\/v2\/pages\/86883\/revisions"}],"predecessor-version":[{"id":90506,"href":"https:\/\/www.mikropor.com\/fr\/wp-json\/wp\/v2\/pages\/86883\/revisions\/90506"}],"wp:featuredmedia":[{"embeddable":true,"href":"https:\/\/www.mikropor.com\/fr\/wp-json\/wp\/v2\/media\/87442"}],"wp:attachment":[{"href":"https:\/\/www.mikropor.com\/fr\/wp-json\/wp\/v2\/media?parent=86883"}],"curies":[{"name":"wp","href":"https:\/\/api.w.org\/{rel}","templated":true}]}}