{"id":92468,"date":"2022-10-25T14:53:39","date_gmt":"2022-10-25T11:53:39","guid":{"rendered":"https:\/\/www.mikropor.com\/carriere\/acik-pozisyonlar\/"},"modified":"2026-03-30T10:06:08","modified_gmt":"2026-03-30T07:06:08","slug":"postes-a-pourvoir","status":"publish","type":"page","link":"https:\/\/www.mikropor.com\/fr\/carriere\/postes-a-pourvoir\/","title":{"rendered":"Postes \u00e0 pourvoir"},"content":{"rendered":"<section class=\"wpb-content-wrapper\"><p>[vc_row full_width=\u00a0\u00bbstretch_row\u00a0\u00bb parallax=\u00a0\u00bbcontent-moving\u00a0\u00bb css=\u00a0\u00bb.vc_custom_1617615625310{margin-top: -50px !important;padding-top: 12% !important;padding-bottom: 12% !important;background: #333333 url(https:\/\/www.mikropor.com\/wp-content\/uploads\/2021\/04\/Tasarim-1-scaled-2.jpg?id=72990);background-position:center;background-repeat:-repeat;background-size:cover;}\u00a0\u00bb][vc_column width=\u00a0\u00bb2\/5&Prime;][\/vc_column][vc_column width=\u00a0\u00bb3\/5&Prime;][vc_custom_heading text=\u00a0\u00bbNous savons que ce n&rsquo;est qu&rsquo;avec nos collaborateurs que nous pourrons aller de l&rsquo;avant.\u00a0\u00bb font_container=\u00a0\u00bbtag:h2|font_size:44|text_align:left|color:%23ffffff\u00a0\u00bb use_theme_fonts=\u00a0\u00bbyes\u00a0\u00bb el_class=\u00a0\u00bbabout-subtitle wow fadeIn delay&#8211;1 vc_hidden-xs\u00a0\u00bb][vc_custom_heading text=\u00a0\u00bbNous savons que ce n&rsquo;est qu&rsquo;avec nos collaborateurs que nous pourrons aller de l&rsquo;avant.\u00a0\u00bb font_container=\u00a0\u00bbtag:h2|font_size:25|text_align:center|color:%23ffffff\u00a0\u00bb use_theme_fonts=\u00a0\u00bbyes\u00a0\u00bb el_class=\u00a0\u00bbabout-subtitle wow fadeIn delay&#8211;1 vc_hidden-lg vc_hidden-md vc_hidden-sm\u00a0\u00bb][\/vc_column][\/vc_row][vc_row css=\u00a0\u00bb.vc_custom_1667477749605{margin-top: 30px !important;}\u00a0\u00bb][vc_column width=\u00a0\u00bb1\/6&Prime;][\/vc_column][vc_column width=\u00a0\u00bb2\/3&Prime;][vc_custom_heading text=\u00a0\u00bbIl n&rsquo;y a actuellement aucune annonce.\u00a0\u00bb font_container=\u00a0\u00bbtag:h3|text_align:center|color:%23c83e30&Prime; use_theme_fonts=\u00a0\u00bbyes\u00a0\u00bb][\/vc_column][vc_column width=\u00a0\u00bb1\/6&Prime;][\/vc_column][\/vc_row][vc_row disable_element=\u00a0\u00bbyes\u00a0\u00bb css=\u00a0\u00bb.vc_custom_1739388565910{margin-top: 30px !important;}\u00a0\u00bb][vc_column width=\u00a0\u00bb1\/6&Prime;][\/vc_column][vc_column width=\u00a0\u00bb2\/3&Prime;][vc_custom_heading text=\u00a0\u00bbPazarlama Uzman\u0131\u00a0\u00bb font_container=\u00a0\u00bbtag:h3|text_align:left|color:%23c83e30&Prime; use_theme_fonts=\u00a0\u00bbyes\u00a0\u00bb link=\u00a0\u00bburl:https%3A%2F%2Fwww.mikropor.com%2Ftr%2Fkariyer%2Facik-pozisyonlar%2Fpazarlama-uzmani%2F\u00a0\u00bb][vc_column_text]<\/p>\n<h6>\u0130lan Tarihi: 24 Ocak 2025<\/h6>\n<p>[\/vc_column_text][vc_column_text]\u0130nsan, \u00e7evre, teknoloji oda\u011f\u0131nda, s\u00fcrekli ilerlemeyi ilke edinerek gelece\u011fe y\u00f6n veren firmam\u0131z i\u00e7in <strong><em>Pazarlama Uzman\u0131<\/em><\/strong>\u00a0olarak de\u011fer katacak tak\u0131m arkada\u015f\u0131 ar\u0131yoruz.[\/vc_column_text][vc_raw_html]JTNDYSUyMGhyZWYlM0QlMjJodHRwcyUzQSUyRiUyRnd3dy5taWtyb3Bvci5jb20lMkZ0ciUyRmthcml5ZXIlMkZhY2lrLXBvemlzeW9ubGFyJTJGcGF6YXJsYW1hLXV6bWFuaSUyRiUyMiUyMHJlbCUzRCUyMm5vb3BlbmVyJTIyJTIwY2xhc3MlM0QlMjJjY2Z3LXByaW1hcnktYnV0dG9uJTIyJTNFJTBBJUM0JUIwJUM1JTlGJTIwJUM0JUIwbGFuJUM0JUIxJTIwRGV0YXlsYXIlQzQlQjElMEElM0MlMkZhJTNF[\/vc_raw_html][\/vc_column][vc_column width=\u00a0\u00bb1\/6&Prime;][\/vc_column][\/vc_row][vc_row disable_element=\u00a0\u00bbyes\u00a0\u00bb css=\u00a0\u00bb.vc_custom_1739388555860{margin-top: 30px !important;}\u00a0\u00bb][vc_column width=\u00a0\u00bb1\/6&Prime;][\/vc_column][vc_column width=\u00a0\u00bb2\/3&Prime;][vc_custom_heading text=\u00a0\u00bbMalzeme Planlama Uzman\u0131\u00a0\u00bb font_container=\u00a0\u00bbtag:h3|text_align:left|color:%23c83e30&Prime; use_theme_fonts=\u00a0\u00bbyes\u00a0\u00bb link=\u00a0\u00bburl:https%3A%2F%2Fwww.mikropor.com%2Ftr%2Fkariyer%2Facik-pozisyonlar%2Fmalzeme-planlama-uzmani%2F\u00a0\u00bb][vc_column_text]<\/p>\n<h6>\u0130lan Tarihi: 24 Ocak 2025<\/h6>\n<p>[\/vc_column_text][vc_column_text]\u0130nsan, \u00e7evre, teknoloji oda\u011f\u0131nda, s\u00fcrekli ilerlemeyi ilke edinerek gelece\u011fe y\u00f6n veren firmam\u0131z i\u00e7in <strong><em>Malzeme Planlama Uzman\u0131<\/em><\/strong>\u00a0olarak de\u011fer katacak tak\u0131m arkada\u015f\u0131 ar\u0131yoruz.[\/vc_column_text][vc_raw_html]JTNDYSUyMGhyZWYlM0QlMjJodHRwcyUzQSUyRiUyRnd3dy5taWtyb3Bvci5jb20lMkZ0ciUyRmthcml5ZXIlMkZhY2lrLXBvemlzeW9ubGFyJTJGbWFsemVtZS1wbGFubGFtYS11em1hbmklMkYlMjIlMjByZWwlM0QlMjJub29wZW5lciUyMiUyMGNsYXNzJTNEJTIyY2Nmdy1wcmltYXJ5LWJ1dHRvbiUyMiUzRSUwQSVDNCVCMCVDNSU5RiUyMCVDNCVCMGxhbiVDNCVCMSUyMERldGF5bGFyJUM0JUIxJTBBJTNDJTJGYSUzRQ==[\/vc_raw_html][\/vc_column][vc_column width=\u00a0\u00bb1\/6&Prime;][\/vc_column][\/vc_row][vc_row disable_element=\u00a0\u00bbyes\u00a0\u00bb][vc_column width=\u00a0\u00bb1\/6&Prime;][\/vc_column][vc_column width=\u00a0\u00bb2\/3&Prime;][vc_custom_heading text=\u00a0\u00bbLojistik Uzman Yard\u0131mc\u0131s\u0131\u00a0\u00bb font_container=\u00a0\u00bbtag:h3|text_align:left|color:%23c83e30&Prime; use_theme_fonts=\u00a0\u00bbyes\u00a0\u00bb link=\u00a0\u00bburl:https%3A%2F%2Fwww.mikropor.com%2Ftr%2Fkariyer%2Facik-pozisyonlar%2Flojistik-uzman-yardimcisi%2F\u00a0\u00bb][vc_column_text]<\/p>\n<h6>\u0130lan Tarihi: 24 Ocak 2025<\/h6>\n<p>[\/vc_column_text][vc_column_text]<\/p>\n<p class=\"m_4415471255981463790xxxxmsonormal\">\u0130nsan, \u00e7evre, teknoloji oda\u011f\u0131nda, s\u00fcrekli ilerlemeyi ilke edinerek gelece\u011fe y\u00f6n veren firmam\u0131z i\u00e7in <em><strong>Lojistik Uzman Yard\u0131mc\u0131s\u0131<\/strong>\u00a0<\/em>olarak de\u011fer katacak tak\u0131m arkada\u015f\u0131 ar\u0131yoruz.<\/p>\n<p>[\/vc_column_text][vc_raw_html]JTNDYSUyMGhyZWYlM0QlMjJodHRwcyUzQSUyRiUyRnd3dy5taWtyb3Bvci5jb20lMkZ0ciUyRmthcml5ZXIlMkZhY2lrLXBvemlzeW9ubGFyJTJGbG9qaXN0aWstdXptYW4teWFyZGltY2lzaSUyRiUyMiUyMHJlbCUzRCUyMm5vb3BlbmVyJTIyJTIwY2xhc3MlM0QlMjJjY2Z3LXByaW1hcnktYnV0dG9uJTIyJTNFJTBBJUM0JUIwJUM1JTlGJTIwJUM0JUIwbGFuJUM0JUIxJTIwRGV0YXlsYXIlQzQlQjElMEElM0MlMkZhJTNF[\/vc_raw_html][\/vc_column][vc_column width=\u00a0\u00bb1\/6&Prime;][\/vc_column][\/vc_row][vc_row disable_element=\u00a0\u00bbyes\u00a0\u00bb][vc_column width=\u00a0\u00bb1\/6&Prime;][\/vc_column][vc_column width=\u00a0\u00bb2\/3&Prime;][vc_custom_heading text=\u00a0\u00bbStratejik Sat\u0131n Alma Uzman\u0131\u00a0\u00bb font_container=\u00a0\u00bbtag:h3|text_align:left|color:%23c83e30&Prime; use_theme_fonts=\u00a0\u00bbyes\u00a0\u00bb link=\u00a0\u00bburl:https%3A%2F%2Fwww.mikropor.com%2Ftr%2Fkariyer%2Facik-pozisyonlar%2Fstratejik-satin-alma-uzmani%2F\u00a0\u00bb][vc_column_text]<\/p>\n<h6>\u0130lan Tarihi: 24 Ocak 2025<\/h6>\n<p>[\/vc_column_text][vc_column_text]<\/p>\n<p class=\"m_4415471255981463790xxxxmsonormal\">\u0130nsan, \u00e7evre, teknoloji oda\u011f\u0131nda, s\u00fcrekli ilerlemeyi ilke edinerek gelece\u011fe y\u00f6n veren firmam\u0131z i\u00e7in <em><strong>Stratejik Sat\u0131n Alma Uzman\u0131<\/strong>\u00a0<\/em>olarak de\u011fer katacak tak\u0131m arkada\u015f\u0131 ar\u0131yoruz.<\/p>\n<p>[\/vc_column_text][vc_raw_html]JTNDYSUyMGhyZWYlM0QlMjJodHRwcyUzQSUyRiUyRnd3dy5taWtyb3Bvci5jb20lMkZ0ciUyRmthcml5ZXIlMkZhY2lrLXBvemlzeW9ubGFyJTJGc3RyYXRlamlrLXNhdGluLWFsbWEtdXptYW5pJTJGJTIyJTIwcmVsJTNEJTIybm9vcGVuZXIlMjIlMjBjbGFzcyUzRCUyMmNjZnctcHJpbWFyeS1idXR0b24lMjIlM0UlMEElQzQlQjAlQzUlOUYlMjAlQzQlQjBsYW4lQzQlQjElMjBEZXRheWxhciVDNCVCMSUwQSUzQyUyRmElM0U=[\/vc_raw_html][\/vc_column][vc_column width=\u00a0\u00bb1\/6&Prime;][\/vc_column][\/vc_row][vc_row disable_element=\u00a0\u00bbyes\u00a0\u00bb][vc_column width=\u00a0\u00bb1\/6&Prime;][\/vc_column][vc_column width=\u00a0\u00bb2\/3&Prime;][vc_custom_heading text=\u00a0\u00bbArge Elektrik Elektronik M\u00fchendisi\u00a0\u00bb font_container=\u00a0\u00bbtag:h3|text_align:left|color:%23c83e30&Prime; use_theme_fonts=\u00a0\u00bbyes\u00a0\u00bb link=\u00a0\u00bburl:https%3A%2F%2Fwww.mikropor.com%2Ftr%2Fkariyer%2Facik-pozisyonlar%2Farge-elektrik-elektronik-muhendisi%2F\u00a0\u00bb][vc_column_text]<\/p>\n<h6>\u0130lan Tarihi: 24 Ocak 2025<\/h6>\n<p>[\/vc_column_text][vc_column_text]<\/p>\n<p class=\"m_4415471255981463790xxxxmsonormal\">\u0130nsan, \u00e7evre, teknoloji oda\u011f\u0131nda, s\u00fcrekli ilerlemeyi ilke edinerek gelece\u011fe y\u00f6n veren firmam\u0131z i\u00e7in <em><strong>Arge Elektrik Elektronik M\u00fchendisi<\/strong>\u00a0<\/em>olarak de\u011fer katacak tak\u0131m arkada\u015f\u0131 ar\u0131yoruz.<\/p>\n<p>[\/vc_column_text][vc_raw_html]JTNDYSUyMGhyZWYlM0QlMjJodHRwcyUzQSUyRiUyRnd3dy5taWtyb3Bvci5jb20lMkZ0ciUyRmthcml5ZXIlMkZhY2lrLXBvemlzeW9ubGFyJTJGYXJnZS1lbGVrdHJpay1lbGVrdHJvbmlrLW11aGVuZGlzaSUyRiUyMiUyMHJlbCUzRCUyMm5vb3BlbmVyJTIyJTIwY2xhc3MlM0QlMjJjY2Z3LXByaW1hcnktYnV0dG9uJTIyJTNFJTBBJUM0JUIwJUM1JTlGJTIwJUM0JUIwbGFuJUM0JUIxJTIwRGV0YXlsYXIlQzQlQjElMEElM0MlMkZhJTNF[\/vc_raw_html][\/vc_column][vc_column width=\u00a0\u00bb1\/6&Prime;][\/vc_column][\/vc_row]<\/p>\n<\/section>","protected":false},"excerpt":{"rendered":"<p>[vc_row full_width=\u00a0\u00bbstretch_row\u00a0\u00bb parallax=\u00a0\u00bbcontent-moving\u00a0\u00bb css=\u00a0\u00bb.vc_custom_1617615625310{margin-top: -50px !important;padding-top: 12% !important;padding-bottom: 12% !important;background: #333333 url(https:\/\/www.mikropor.com\/wp-content\/uploads\/2021\/04\/Tasarim-1-scaled-2.jpg?id=72990);background-position:center;background-repeat:-repeat;background-size:cover;}\u00a0\u00bb][vc_column width=\u00a0\u00bb2\/5&Prime;][\/vc_column][vc_column width=\u00a0\u00bb3\/5&Prime;][vc_custom_heading text=\u00a0\u00bbNous savons que ce n&rsquo;est qu&rsquo;avec nos collaborateurs que nous pourrons aller de l&rsquo;avant.\u00a0\u00bb font_container=\u00a0\u00bbtag:h2|font_size:44|text_align:left|color:%23ffffff\u00a0\u00bb use_theme_fonts=\u00a0\u00bbyes\u00a0\u00bb el_class=\u00a0\u00bbabout-subtitle wow fadeIn delay&#8211;1 vc_hidden-xs\u00a0\u00bb][vc_custom_heading text=\u00a0\u00bbNous savons que ce n&rsquo;est qu&rsquo;avec nos collaborateurs que nous pourrons aller de l&rsquo;avant.\u00a0\u00bb font_container=\u00a0\u00bbtag:h2|font_size:25|text_align:center|color:%23ffffff\u00a0\u00bb use_theme_fonts=\u00a0\u00bbyes\u00a0\u00bb el_class=\u00a0\u00bbabout-subtitle wow fadeIn delay&#8211;1 [&hellip;]<\/p>\n","protected":false},"author":3,"featured_media":0,"parent":84169,"menu_order":0,"comment_status":"closed","ping_status":"closed","template":"page-full-width.php","meta":{"footnotes":""},"class_list":["post-92468","page","type-page","status-publish","hentry"],"_links":{"self":[{"href":"https:\/\/www.mikropor.com\/fr\/wp-json\/wp\/v2\/pages\/92468","targetHints":{"allow":["GET"]}}],"collection":[{"href":"https:\/\/www.mikropor.com\/fr\/wp-json\/wp\/v2\/pages"}],"about":[{"href":"https:\/\/www.mikropor.com\/fr\/wp-json\/wp\/v2\/types\/page"}],"author":[{"embeddable":true,"href":"https:\/\/www.mikropor.com\/fr\/wp-json\/wp\/v2\/users\/3"}],"replies":[{"embeddable":true,"href":"https:\/\/www.mikropor.com\/fr\/wp-json\/wp\/v2\/comments?post=92468"}],"version-history":[{"count":2,"href":"https:\/\/www.mikropor.com\/fr\/wp-json\/wp\/v2\/pages\/92468\/revisions"}],"predecessor-version":[{"id":92491,"href":"https:\/\/www.mikropor.com\/fr\/wp-json\/wp\/v2\/pages\/92468\/revisions\/92491"}],"up":[{"embeddable":true,"href":"https:\/\/www.mikropor.com\/fr\/wp-json\/wp\/v2\/pages\/84169"}],"wp:attachment":[{"href":"https:\/\/www.mikropor.com\/fr\/wp-json\/wp\/v2\/media?parent=92468"}],"curies":[{"name":"wp","href":"https:\/\/api.w.org\/{rel}","templated":true}]}}