{"id":72172,"date":"2017-06-28T14:22:45","date_gmt":"2017-06-28T14:22:45","guid":{"rendered":"http:\/\/themedemo.commercegurus.com\/accentuatedemo\/?page_id=72172"},"modified":"2025-06-30T16:35:25","modified_gmt":"2025-06-30T13:35:25","slug":"havalandirma-filtreleri","status":"publish","type":"page","link":"https:\/\/www.mikropor.com\/tr\/atmosferik-hava-filtrasyonu\/havalandirma-filtreleri\/","title":{"rendered":"Havaland\u0131rma Filtreleri"},"content":{"rendered":"<section class=\"wpb-content-wrapper\"><p>[vc_row][vc_column width=\u201d1\/2\u2033][vc_colum\u00adn_text]<\/p>\n<h5 style=\"font-size: 19px;\">Y\u00fcksek teknolojiye ve enerji verimlili\u011fine sahip hava filtrelerimiz, par\u00e7ac\u0131kl\u0131 maddenin (PM) insan sa\u011fl\u0131\u011f\u0131, \u00fcretim prosesleri ve \u00fcr\u00fcnler \u00fczerindeki olumsuz etkisine kar\u015f\u0131 koruma sa\u011flamaktad\u0131r. \u00dcr\u00fcnlerimizin verimlilik de\u011ferlerini EN 779 ve hava filtrelerinin kapasitelerini daha geni\u015f spektrumda partik\u00fcller kullanarak test eden global ISO16890 Standartlar\u0131 ile garanti ediyoruz.<\/h5>\n<p>[\/vc_colum\u00adn_text][\/vc_column][vc_column width=\u201d1\/2\u2033][vc_singl\u00ade_image image=\u201d73326\u2033 img_size=\u201dfull\u201d add_capt\u00adion=\u201dyes\u201d style=\u201dvc_box_r\u00adounded\u201d css=\u201d.vc_custo\u00adm_161848\u00ad2769897{margin-top: 5px !important;}\u201d el_class=\u201dwow fadeIn delay\u20131\u2033][\/vc_column][\/vc_row][vc_row][vc_column][vc_colum\u00adn_text]Temel maliyet unsurlar\u00ad\u0131ndan biri olan enerji t\u00fcketimi, toplam hava filtrasy\u00adonu maliyetl\u00aderinin yakla\u015f\u0131k %80\u2019ini olu\u015fturur. Bu y\u00fcksek oran sebebiyle, enerji verimlil\u00adi\u011fi y\u00fcksek hava filtresi kullan\u0131m\u0131 ile maliyetl\u00aderde ciddi oranda tasarruf sa\u011flan\u0131r\u00adken, filtre de\u011fi\u015fim periyodu uzar ve at\u0131k miktarlar\u0131 d\u00fc\u015fer. Eurovent 4\/11; G4, M5, M6, F7, F8 ve F9 s\u0131n\u0131f\u0131 filtrele\u00adrin enerji verimlil\u00adi\u011fini de\u011ferlen\u00addirmek icin olu\u015fturu\u00adlmu\u015f \u00f6zel bir sertifik\u00adasyondur. Eurovent sertifik\u00adal\u0131 \u00fcr\u00fcnleri\u00admiz sa\u011fl\u0131\u011f\u0131n\u00ad\u0131z\u0131 ve \u00e7evreyi korurken, enerji maliyetl\u00aderinizi d\u00fc\u015f\u00fcr\u00fcr.<\/p>\n<p>A\u015fa\u011f\u0131daki ana kategori\u00adlerdeki geni\u015f \u00fcr\u00fcn \u00e7e\u015fitlil\u00adi\u011fimizi g\u00f6rmek i\u00e7in soldaki panelden \u00fcr\u00fcn katalo\u011fu\u00admuzu indirebi\u00adlirsiniz.<\/p>\n<ul>\n<li>Kaba Filtreler (G2-G3-G4)<\/li>\n<li>Hassas Filtreler (M5-F9)<\/li>\n<li>Aktif Karbon Filtreler<\/li>\n<\/ul>\n<p>Farkl\u0131 end\u00fcstri\u00adlerin beklenti ve ihtiya\u00e7l\u00adar\u0131na en uygun \u00e7\u00f6z\u00fcmleri uzun d\u00f6nemli maliyet minimiza\u00adsyonunu dikkate alarak sistematik bir anlay\u0131\u015fla sunuyoruz. <strong>Mikropor Temiz Hava Y\u00f6netimi (MICAM: Mikropor Clean Air Management)<\/strong> ad\u0131n\u0131 verdi\u011fimiz \u00f6zel bir programla \u00e7\u00f6z\u00fcm orta\u011f\u0131 oldu\u011fumuz i\u015fletmel\u00aderin filtre performa\u00adnslar\u0131n\u0131 izliyoruz, kontrol ediyoruz, raporluy\u00adoruz ve optimum enerji t\u00fcketimini sa\u011flayacak filtrasyon \u00e7\u00f6z\u00fcmler\u00adini hayata ge\u00e7iriyo\u00adruz.<\/p>\n<p>Uygulama alanlar\u0131\u00adm\u0131za \u00f6zel \u00e7\u00f6z\u00fcmler\u00adimizi incelemek i\u00e7in soldaki panelden bro\u015f\u00fcrle\u00adrimizi indirebi\u00adlirsiniz.[\/vc_colum\u00adn_text][\/vc_column][\/vc_row][vc_row disable_\u00adelement=\u201dyes\u201d css=\u201d.vc_custo\u00adm_161848\u00ad2935278{padding-top: 15px !important;padding-bottom: 25px !important;}\u201d][vc_column][vc_tta_t\u00adabs shape=\u201dsquare\u201d active_s\u00adection=\u201d1\u2033][vc_tta_s\u00adection title=\u201dOverview\u201d tab_id=\u201d14986407\u00ad67828-d829c451-e4e8\u2033][vc_colum\u00adn_text]A corporate tax is a tax imposed on the net profit of a corporat\u00adion that are taxed at the entity level in a particular jurisdic\u00adtion. Net profit for corporate tax is generally the financial statement net profit with modifica\u00adtions, and may be defined in great detail within each country\u2019s tax system. Such taxes may include income or other taxes.[\/vc_colum\u00adn_text][\/vc_tta_s\u00adection][vc_tta_s\u00adection title=\u201dTypes\u201d tab_id=\u201d14986407\u00ad67881-a7334b3d-3aa6\u2033][vc_colum\u00adn_text]Corporat\u00adions may be taxed on their incomes, property, or existence or equity structure by various jurisdic\u00adtions. Maryland imposes a tax on corporat\u00adions organized in that state based on the number of shares of capital stock issued and outstand\u00ading. Many jurisdic\u00adtions instead impose a tax based on stated or computed capital, often including retained profits.[\/vc_colum\u00adn_text][\/vc_tta_s\u00adection][vc_tta_s\u00adection title=\u201dIncome\u201d tab_id=\u201d14986408\u00ad23454-a7f3f480-2399\u2033][vc_colum\u00adn_text]Most systems impose income tax at a specified rate of tax times taxable income, which may be decreased due to tax exemption. The United States define taxable income for a corporat\u00adion as all gross income, i.e. sales plus other income minus cost of goods sold and tax exempt income less allowable tax deductions, without the allowance of the standard deduction.[\/vc_colum\u00adn_text][\/vc_tta_s\u00adection][\/vc_tta_t\u00adabs][\/vc_column][\/vc_row][vc_row disable_\u00adelement=\u201dyes\u201d css=\u201d.vc_custo\u00adm_162030\u00ad5069355{padding-bottom: 20px !important;}\u201d][vc_column][vc_custo\u00adm_heading text=\u201dKaynaklar\u201d font_con\u00adtainer=\u201dtag:h4|text_align:left\u201d use_them\u00ade_fonts=\u201dyes\u201d css=\u201d.vc_custo\u00adm_161848\u00ad3032907{padding-bottom: 10px !important;}\u201d][vc_row_i\u00adnner][vc_colum\u00adn_inner el_class=\u201dwow fadeIn delay\u20131\u2033 width=\u201d1\/2\u2033][vc_colum\u00adn_text]<\/p>\n<ul class=\"doc\">\n<li><a href=\"#\" target=\"_blank\" rel=\"noopener\">Kaba Filtreler Teknik D\u00f6k\u00fcman<\/a> <strong>1.76 MB<\/strong><\/li>\n<\/ul>\n<p>[\/vc_colum\u00adn_text][\/vc_colum\u00adn_inner][vc_colum\u00adn_inner el_class=\u201dwow fadeIn delay\u20132\u2033 width=\u201d1\/2\u2033][vc_colum\u00adn_text]<\/p>\n<ul class=\"doc\">\n<li><a href=\"#\" target=\"_blank\" rel=\"noopener noreferrer\">Hassas Filtreler Teknik D\u00f6k\u00fcman<\/a> <strong>2.86 MB<\/strong><\/li>\n<\/ul>\n<p>[\/vc_colum\u00adn_text][\/vc_colum\u00adn_inner][\/vc_row_i\u00adnner][\/vc_column][\/vc_row][vc_row disable_\u00adelement=\u201dyes\u201d css=\u201d.vc_custo\u00adm_175129\u00ad0523060{padding-bottom: 15px !important;}\u201d][vc_column][vc_colum\u00adn_text]<\/p><div class=\"wpb_wrapper\"><h3 style=\"text-align: left; margin-bottom: -25px;\" class=\"vc_custom_heading\">B\u00f6lge Sat\u0131\u015f M\u00fcd\u00fcrleri<\/h3>\n\t<div class=\"wpb_text_column wpb_content_element \">\n\t\t<div class=\"wpb_wrapper\">\n\t\t\t<div class=\"vc_row wpb_row vc_row-fluid\">\n\t\t\t\t<div class=\"wpb_column vc_column_container vc_col-sm-6\">\n\t\t\t\t\t<div class=\"vc_column-inner\">\n\t\t\t\t\t\t<div class=\"wpb_wrapper\">\n\t\t\t\t\t\t\t<div class=\"wpb_text_column wpb_content_element \">\n\t\t\t\t\t\t\t\t<div class=\"wpb_wrapper\">    \n\t\t\t\t\t\t\t\t\t<p><img loading=\"lazy\" decoding=\"async\" class=\"alignleft wp-image-75586 size-thumbnail\" src=\"https:\/\/www.mikropor.com\/wp-content\/uploads\/2021\/11\/Ulku-150x150.jpg\" alt=\"\" width=\"100\" height=\"100\"><\/p>\n\t\t\t\t\t\t\t\t\t<h5 style=\"white-space: nowrap;\">\u00dclk\u00fc Nur \u00c7OL<\/h5>\n\t\t\t\t\t\t\t\t\t<h6 style=\"white-space: nowrap;\">T:+90 212 211 55 00<br>\n\t\t\t\t\t\t\t\t\tM:+90 530 547 66 50<br>\n<a href=\"mailto:ulku.col@mikropor.com\">ulku.col@mikropor.com<\/a><\/h6> \n\t\t\t\t\t\t\t\t<\/div>\n\t\t\t\t\t\t\t<\/div>\n\t\t\t\t\t\t<\/div>\n\t\t\t\t\t<\/div>\n\t\t\t\t<\/div>\n\t\t\t\t<div class=\"wpb_column vc_column_container vc_col-sm-6\">\n\t\t\t\t\t<div class=\"vc_column-inner\">\n\t\t\t\t\t\t<div class=\"wpb_wrapper\">\n\t\t\t\t\t\t\t<div class=\"wpb_text_column wpb_content_element \">\n\t\t\t\t\t\t\t\t<div class=\"wpb_wrapper\">\n\t\t\t\t\t\t\t\t\t<p><img loading=\"lazy\" decoding=\"async\" class=\"alignleft wp-image-75586 size-thumbnail\" src=\"https:\/\/www.mikropor.com\/wp-content\/uploads\/2021\/12\/eray-150x150.jpg\" alt=\"\" width=\"100\" height=\"100\"><\/p>\n\t\t\t\t\t\t\t\t\t<h5 style=\"white-space: nowrap;\">Eray K\u0131z\u0131lc\u0131ko\u011flu<\/h5>\n\t\t\t\t\t\t\t\t\t<h6 style=\"white-space: nowrap;\">T: +90 312 267 07 00<br>\n\t\t\t\t\t\t\t\t\tM: +90 533 612 55 59<br>\n\t\t\t\t\t\t\t\t\t<a href=\"mailto:eray.kizilcikoglu@mikropor.com\">eray.kizilcikoglu@mikropor.com<\/a><br><\/h6>\n\t\t\t\t\t\t\t\t<\/div>\n\t\t\t\t\t\t\t<\/div>\n\t\t\t\t\t\t<\/div>\n\t\t\t\t\t<\/div>\n\t\t\t\t<\/div>\n\t\t\t<\/div>\n\t\t\t<div class=\"vc_row wpb_row vc_row-fluid\">\n\t\t\t\t<div class=\"wpb_column vc_column_container vc_col-sm-6\">\n\t\t\t\t\t<div class=\"vc_column-inner\">\n\t\t\t\t\t\t<div class=\"wpb_wrapper\">\n\t\t\t\t\t\t\t<div class=\"wpb_text_column wpb_content_element \">\n\t\t\t\t\t\t\t\t<div class=\"wpb_wrapper\">    \n\t\t\t\t\t\t\t\t\t<p><img loading=\"lazy\" decoding=\"async\" class=\"alignleft wp-image-75586 size-thumbnail\" src=\"https:\/\/www.mikropor.com\/wp-content\/uploads\/2022\/08\/korayvatansever-1-150x150.jpeg\" alt=\"\" width=\"100\" height=\"100\"><\/p>\n\t\t\t\t\t\t\t\t\t<h5 style=\"white-space: nowrap;\">Koray Vatansever<\/h5>\n\t\t\t\t\t\t\t\t\t<h6 style=\"white-space: nowrap;\">T: +90 212 211 55 00<br>\nM: +90 539 516 31 01<br>\n<a href=\"mailto:Koray.Vatansever@mikropor.com;\">Koray.Vatansever@mikropor.com<\/a><\/h6>\n\t\t\t\t\t\t\t\t<\/div>\n\t\t\t\t\t\t\t<\/div>\n\t\t\t\t\t\t<\/div>\n\t\t\t\t\t<\/div>\n\t\t\t\t<\/div>\n\t\t\t<\/div>\n\t\t<\/div>\n\t<\/div>\n<\/div>\n[\/vc_column_text][\/vc_column][\/vc_row][vc_row][vc_column][vc_raw_html]JTNDc3R5bGUlM0UuZW50cnktY29udGVudCUyMCU3Qm1hcmdpbi10b3AlM0ElMjAzMHB4JTNCJTdEJTIwLmFkdmFuY2VkLXNpZGViYXItbWVudSUyMCU3QiUyMG1hcmdpbi10b3AlM0ElMjAzMHB4JTNCJTIwJTdEJTNDJTJGc3R5bGUlM0U=[\/vc_raw_html][\/vc_column][\/vc_row]\n<\/section>","protected":false},"excerpt":{"rendered":"<p>[vc_row][vc_column width=\u201d1\/2\u2033][vc_colum\u00adn_text] Y\u00fcksek teknolojiye ve enerji verimlili\u011fine sahip hava filtrelerimiz, par\u00e7ac\u0131kl\u0131 maddenin (PM) insan sa\u011fl\u0131\u011f\u0131, \u00fcretim prosesleri ve \u00fcr\u00fcnler \u00fczerindeki olumsuz etkisine kar\u015f\u0131 koruma sa\u011flamaktad\u0131r. \u00dcr\u00fcnlerimizin verimlilik de\u011ferlerini EN 779 ve hava filtrelerinin kapasitelerini daha geni\u015f spektrumda partik\u00fcller kullanarak test eden global ISO16890 Standartlar\u0131 ile garanti ediyoruz. [\/vc_colum\u00adn_text][\/vc_column][vc_column width=\u201d1\/2\u2033][vc_singl\u00ade_image image=\u201d73326\u2033 img_size=\u201dfull\u201d add_capt\u00adion=\u201dyes\u201d style=\u201dvc_box_r\u00adounded\u201d css=\u201d.vc_custo\u00adm_161848\u00ad2769897{margin-top: 5px [&hellip;]<\/p>\n","protected":false},"author":3,"featured_media":0,"parent":72438,"menu_order":0,"comment_status":"closed","ping_status":"closed","template":"","meta":{"footnotes":""},"class_list":["post-72172","page","type-page","status-publish","hentry"],"_links":{"self":[{"href":"https:\/\/www.mikropor.com\/tr\/wp-json\/wp\/v2\/pages\/72172","targetHints":{"allow":["GET"]}}],"collection":[{"href":"https:\/\/www.mikropor.com\/tr\/wp-json\/wp\/v2\/pages"}],"about":[{"href":"https:\/\/www.mikropor.com\/tr\/wp-json\/wp\/v2\/types\/page"}],"author":[{"embeddable":true,"href":"https:\/\/www.mikropor.com\/tr\/wp-json\/wp\/v2\/users\/3"}],"replies":[{"embeddable":true,"href":"https:\/\/www.mikropor.com\/tr\/wp-json\/wp\/v2\/comments?post=72172"}],"version-history":[{"count":3,"href":"https:\/\/www.mikropor.com\/tr\/wp-json\/wp\/v2\/pages\/72172\/revisions"}],"predecessor-version":[{"id":82482,"href":"https:\/\/www.mikropor.com\/tr\/wp-json\/wp\/v2\/pages\/72172\/revisions\/82482"}],"up":[{"embeddable":true,"href":"https:\/\/www.mikropor.com\/tr\/wp-json\/wp\/v2\/pages\/72438"}],"wp:attachment":[{"href":"https:\/\/www.mikropor.com\/tr\/wp-json\/wp\/v2\/media?parent=72172"}],"curies":[{"name":"wp","href":"https:\/\/api.w.org\/{rel}","templated":true}]}}