{"id":72867,"date":"2021-04-01T13:49:03","date_gmt":"2021-04-01T10:49:03","guid":{"rendered":"https:\/\/www.mikropor.com.tr\/?page_id=72867"},"modified":"2021-07-12T13:35:28","modified_gmt":"2021-07-12T10:35:28","slug":"marka-degerlerimiz","status":"publish","type":"page","link":"https:\/\/www.mikropor.com\/tr\/kurumsal\/marka-degerlerimiz\/","title":{"rendered":"Marka De\u011ferlerimiz"},"content":{"rendered":"<section class=\"wpb-content-wrapper\"><p>[vc_row full_width=\u201dstretch_\u00adrow\u201d parallax=\u201dcontent-moving\u201d css=\u201d.vc_custo\u00adm_162361\u00ad6022444{margin-top: -50px !important;padding-top: 8% !important;padding-bottom: 8% !important;background-image: url(https:\/\/www.mikropor.com\/wp-content\/uploads\/2021\/04\/MIKROPOR\u00ad_1647.jpg?id=73321) !important;}\u201d el_class=\u201dvc_hidden-xs\u201d][vc_column width=\u201d1\/2\u2033][vc_custo\u00adm_heading text=\u201d\u00dcretim teknikle\u00adrinde hep daha yeniyi aramaya devam ediyoruz.\u201d font_con\u00adtainer=\u201dtag:h2|font_size:48px|text_align:left|color:%23ffffff\u201d use_them\u00ade_fonts=\u201dyes\u201d el_class=\u201dabout-subtitle wow fadeIn delay\u20131\u2033][\/vc_column][vc_column width=\u201d1\/2\u2033][\/vc_column][\/vc_row][vc_row full_width=\u201dstretch_\u00adrow\u201d parallax=\u201dcontent-moving\u201d css=\u201d.vc_custo\u00adm_162361\u00ad6213320{margin-top: -50px !important;padding-top: 8% !important;padding-bottom: 8% !important;background-image: url(https:\/\/www.mikropor.com\/wp-content\/uploads\/2021\/06\/MARKA-DEGERLERI-1.jpg?id=74731) !important;}\u201d el_class=\u201dvc_hidden-lg vc_hidden-md vc_hidden-sm\u201d][vc_column width=\u201d1\/2\u2033][vc_custo\u00adm_heading text=\u201d\u00dcretim teknikle\u00adrinde hep daha yeniyi aramaya devam ediyoruz.\u201d font_con\u00adtainer=\u201dtag:h2|font_size:25px|text_align:center|color:%23ffffff\u201d use_them\u00ade_fonts=\u201dyes\u201d el_class=\u201dabout-subtitle wow fadeIn delay\u20131\u2033][\/vc_column][vc_column width=\u201d1\/2\u2033][\/vc_column][\/vc_row][vc_row][vc_column width=\u201d4\/6\u2033][vc_row_i\u00adnner equal_he\u00adight=\u201dyes\u201d content_\u00adplacement=\u201dmiddle\u201d el_class=\u201dwow fadeIn delay\u20131\u2033 css=\u201d.vc_custo\u00adm_161891\u00ad6322485{padding-top: 70px !important;}\u201d][vc_colum\u00adn_inner width=\u201d1\/4\u2033][vc_singl\u00ade_image image=\u201d73175\u2033 img_size=\u201dfull\u201d alignment=\u201dcenter\u201d el_class=\u201dmarka-mobil\u201d][\/vc_colum\u00adn_inner][vc_colum\u00adn_inner width=\u201d3\/4\u2033][vc_colum\u00adn_text]<\/p>\n<p style=\"font-size: 16px;\">Kendi teknoloj\u00adisine sahip, \u00fcretti\u011fi \u00fcr\u00fcnler ile d\u00fcnyan\u0131n d\u00f6rt bir yan\u0131na \u00e7\u00f6z\u00fcm sunan bir \u015firket olarak, \u00fcretim teknikle\u00adrinde hep daha yeniyi aramaya devam ediyoruz.<\/p>\n<p>[\/vc_colum\u00adn_text][\/vc_colum\u00adn_inner][\/vc_row_i\u00adnner][vc_row_i\u00adnner content_\u00adplacement=\u201dmiddle\u201d el_class=\u201dwow fadeIn delay\u20132\u2033][vc_colum\u00adn_inner width=\u201d1\/4\u2033][vc_singl\u00ade_image image=\u201d73176\u2033 img_size=\u201dfull\u201d el_class=\u201dmarka-mobil\u201d][\/vc_colum\u00adn_inner][vc_colum\u00adn_inner width=\u201d3\/4\u2033][vc_colum\u00adn_text]<\/p>\n<p style=\"font-size: 16px;\">\u201cBirlikten kuvvet do\u011far.\u201d s\u00f6z\u00fcne olan inanc\u0131m\u0131\u00adzla, birka\u00e7 ki\u015fi ile \u00e7\u0131kt\u0131\u011f\u0131m\u0131z yola bug\u00fcn, 1000 ki\u015fiyi a\u015fan bir ekiple devam ediyoruz.<\/p>\n<p>[\/vc_colum\u00adn_text][\/vc_colum\u00adn_inner][\/vc_row_i\u00adnner][vc_row_i\u00adnner content_\u00adplacement=\u201dmiddle\u201d el_class=\u201dwow fadeIn delay\u20133\u2033][vc_colum\u00adn_inner width=\u201d1\/4\u2033][vc_singl\u00ade_image image=\u201d73177\u2033 img_size=\u201dfull\u201d el_class=\u201dmarka-mobil\u201d][\/vc_colum\u00adn_inner][vc_colum\u00adn_inner width=\u201d3\/4\u2033][vc_colum\u00adn_text]<\/p>\n<p style=\"font-size: 16px;\">\u201cY\u00fcksek kaliteli \u00e7evre dostu \u00fcretim\u201d anlay\u0131\u015f\u0131\u00adm\u0131z ile bug\u00fcnden yar\u0131nlar\u0131 d\u00fc\u015f\u00fcn\u00fcyor; \u00e7\u00f6z\u00fcmler\u00adimiz ile enerji verimlil\u00adi\u011fine imkan tan\u0131yoruz.<\/p>\n<p>[\/vc_colum\u00adn_text][\/vc_colum\u00adn_inner][\/vc_row_i\u00adnner][vc_row_i\u00adnner content_\u00adplacement=\u201dmiddle\u201d el_class=\u201dwow fadeIn delay\u20134\u2033][vc_colum\u00adn_inner width=\u201d1\/4\u2033][vc_singl\u00ade_image image=\u201d73178\u2033 img_size=\u201dfull\u201d el_class=\u201dmarka-mobil\u201d][\/vc_colum\u00adn_inner][vc_colum\u00adn_inner width=\u201d3\/4\u2033][vc_colum\u00adn_text]<\/p>\n<p style=\"font-size: 16px;\">Ba\u015far\u0131n\u0131n merkezinde insan oldu\u011funu bilerek \u00e7al\u0131\u015fanl\u00adar\u0131m\u0131z\u0131 oda\u011f\u0131m\u0131zda tutuyor, her birinin fikrine de\u011fer veriyoruz.<\/p>\n<p>[\/vc_colum\u00adn_text][\/vc_colum\u00adn_inner][\/vc_row_i\u00adnner][vc_row_i\u00adnner content_\u00adplacement=\u201dmiddle\u201d el_class=\u201dwow fadeIn delay\u20135\u2033][vc_colum\u00adn_inner width=\u201d1\/4\u2033][vc_singl\u00ade_image image=\u201d73179\u2033 img_size=\u201dfull\u201d el_class=\u201dmarka-mobil\u201d][\/vc_colum\u00adn_inner][vc_colum\u00adn_inner width=\u201d3\/4\u2033][vc_colum\u00adn_text el_class=\u201dwow fadeIn delay\u20136\u2033]<\/p>\n<p style=\"font-size: 16px;\">\u201cGelece\u011fi \u00dcretme\u201d felsefesi ile uzmanla\u015f\u00adt\u0131\u011f\u0131m\u0131z sekt\u00f6rde, yenilenen teknoloj\u00adiye h\u0131zl\u0131 bir \u015fekilde adapte olabiliyor, m\u00fc\u015fteril\u00aderimizin ihtiya\u00e7l\u00adar\u0131n\u0131 rahatl\u0131kla kar\u015f\u0131lay\u00adabiliyoruz.<\/p>\n<p>[\/vc_colum\u00adn_text][\/vc_colum\u00adn_inner][\/vc_row_i\u00adnner][vc_raw_h\u00adtml]JTNDc3R5\u00adbGUlM0Uu\u00addmNfcm93\u00adJTIwJTdC\u00adJTIwbWFy\u00adZ2luLWJv\u00addHRvbSUz\u00adQSUyMC0y\u00adNHB4JTNC\u00adJTdEJTBB\u00adJTQwbWVk\u00adaWElMjBv\u00adbmx5JTIw\u00adc2NyZWVu\u00adJTIwYW5k\u00adJTIwJTI4\u00adbWF4LXdp\u00adZHRoJTNB\u00adJTIwNzIw\u00adcHglMjkl\u00adN0IlMEEu\u00addmNfY3Vz\u00addG9tXzE2\u00adMTg5MTYz\u00adMjI0ODUl\u00adMjAlN0Il\u00adMEElMjAl\u00adMjAlMjAl\u00adMjBwYWRk\u00adaW5nLXRv\u00adcCUzQSUy\u00adMDBweCUy\u00adMCUyMWlt\u00adcG9ydGFu\u00addCUzQiUw\u00adQSU3RCUw\u00adQSUyM2Nv\u00adbnRlbnQl\u00adMjAud3Bi\u00adX2FsZXJ0\u00adJTIwcCUz\u00adQWxhc3Qt\u00adY2hpbGQl\u00adMkMlMjAl\u00adMjNjb250\u00adZW50JTIw\u00adLndwYl90\u00adZXh0X2Nv\u00adbHVtbiUy\u00adMCUzQWxh\u00adc3QtY2hp\u00adbGQlMkMl\u00adMjAlMjNj\u00adb250ZW50\u00adJTIwLndw\u00adYl90ZXh0\u00adX2NvbHVt\u00adbiUyMHAl\u00adM0FsYXN0\u00adLWNoaWxk\u00adJTJDJTIw\u00adLndwYl9h\u00adbGVydCUy\u00adMHAlM0Fs\u00adYXN0LWNo\u00adaWxkJTJD\u00adJTIwLndw\u00adYl90ZXh0\u00adX2NvbHVt\u00adbiUyMCUz\u00adQWxhc3Qt\u00adY2hpbGQl\u00adMkMlMjAu\u00add3BiX3Rl\u00adeHRfY29s\u00addW1uJTIw\u00adcCUzQWxh\u00adc3QtY2hp\u00adbGQlMjAl\u00adN0IlMEEl\u00adMjAlMjAl\u00adMjAlMjBt\u00adYXJnaW4t\u00adYm90dG9t\u00adJTNBJTIw\u00adNDBweCUz\u00adQiUwQSU3\u00adRCUwQS53\u00adcGJfYnV0\u00addG9uJTJD\u00adJTIwLndw\u00adYl9jb250\u00adZW50X2Vs\u00adZW1lbnQl\u00adMkMlMjB1\u00adbC53cGJf\u00addGh1bWJu\u00adYWlscy1m\u00adbHVpZCUz\u00adRWxpJTIw\u00adJTdCJTBB\u00adJTIwJTIw\u00adJTIwJTIw\u00adbWFyZ2lu\u00adLWJvdHRv\u00adbSUzQSUy\u00adMDBweCUz\u00adQiUwQSU3\u00adRCUwQSU3\u00adRCUwQSUz\u00adQyUyRnN0\u00adeWxlJTNF[\/vc_raw_h\u00adtml][\/vc_column][vc_column width=\u201d2\/6\u2033 offset=\u201dvc_hidden-md vc_hidden-sm vc_hidden-xs\u201d][vc_singl\u00ade_image image=\u201d73943\u2033 img_size=\u201d211\u00d7400\u2033 alignment=\u201dright\u201d el_class=\u201dwow slideInR\u00adight delay\u20136\u2033 css=\u201d.vc_custo\u00adm_162150\u00ad9493464{padding-top: 70px !important;}\u201d][\/vc_column][\/vc_row][vc_row content_\u00adplacement=\u201dmiddle\u201d disable_\u00adelement=\u201dyes\u201d css=\u201d.vc_custo\u00adm_161727\u00ad4127938{padding-top: 65px !important;}\u201d el_id=\u201dsektorler\u201d][vc_column width=\u201d1\/2\u2033 el_class=\u201dwow fadeIn delay\u20131\u2033][vc_singl\u00ade_image image=\u201d72365\u2033 img_size=\u201dfull\u201d][\/vc_column][vc_column width=\u201d1\/2\u2033 el_class=\u201dwow fadeIn delay\u20132\u2033][vc_custo\u00adm_heading text=\u201d\u00dcr\u00fcnleri\u00admizin Kullan\u0131l\u00add\u0131\u011f\u0131 Sekt\u00f6rler\u201d use_them\u00ade_fonts=\u201dyes\u201d el_class=\u201dabout-subtitle_2\u2033 css=\u201d.vc_custo\u00adm_161545\u00ad5061552{padding-right: 3% !important;padding-left: 3% !important;}\u201d][vc_row_i\u00adnner][vc_colum\u00adn_inner width=\u201d1\/2\u2033][vc_colum\u00adn_text css=\u201d.vc_custo\u00adm_161545\u00ad5427533{padding-right: 3% !important;padding-left: 3% !important;}\u201d]<\/p>\n<ul>\n<li>AVM\u2019ler ve Plazalar<\/li>\n<li>Hastaneler ve Lavoratuarlar<\/li>\n<li>\u00d6zel Tasar\u0131m Filtreler<\/li>\n<li>\u0130la\u00e7 Sekt\u00f6r\u00fc<\/li>\n<li>Kompres\u00f6r Sekt\u00f6r\u00fc<\/li>\n<\/ul>\n<p>[\/vc_colum\u00adn_text][\/vc_colum\u00adn_inner][vc_colum\u00adn_inner width=\u201d1\/2\u2033][vc_colum\u00adn_text css=\u201d.vc_custo\u00adm_161545\u00ad5440005{padding-right: 3% !important;padding-left: 3% !important;}\u201d]<\/p>\n<ul>\n<li>Demir \u00c7elik Sekt\u00f6r\u00fc<\/li>\n<li>Boya ve Kaplama Sistemleri<\/li>\n<li>\u0130leri Teknoloji Uygulamalar\u0131<\/li>\n<li>Temiz Oda ve HVAC<\/li>\n<\/ul>\n<p>[\/vc_colum\u00adn_text][\/vc_colum\u00adn_inner][\/vc_row_i\u00adnner][\/vc_column][\/vc_row]<\/p>\n<\/section>","protected":false},"excerpt":{"rendered":"<p>[vc_row full_width=\u201dstretch_\u00adrow\u201d parallax=\u201dcontent-moving\u201d css=\u201d.vc_custo\u00adm_162361\u00ad6022444{margin-top: -50px !important;padding-top: 8% !important;padding-bottom: 8% !important;background-image: url(https:\/\/www.mikropor.com\/wp-content\/uploads\/2021\/04\/MIKROPOR\u00ad_1647.jpg?id=73321) !important;}\u201d el_class=\u201dvc_hidden-xs\u201d][vc_column width=\u201d1\/2\u2033][vc_custo\u00adm_heading text=\u201d\u00dcretim teknikle\u00adrinde hep daha yeniyi aramaya devam ediyoruz.\u201d font_con\u00adtainer=\u201dtag:h2|font_size:48px|text_align:left|color:%23ffffff\u201d use_them\u00ade_fonts=\u201dyes\u201d el_class=\u201dabout-subtitle wow fadeIn delay\u20131\u2033][\/vc_column][vc_column width=\u201d1\/2\u2033][\/vc_column][\/vc_row][vc_row full_width=\u201dstretch_\u00adrow\u201d parallax=\u201dcontent-moving\u201d css=\u201d.vc_custo\u00adm_162361\u00ad6213320{margin-top: -50px !important;padding-top: 8% !important;padding-bottom: 8% !important;background-image: url(https:\/\/www.mikropor.com\/wp-content\/uploads\/2021\/06\/MARKA-DEGERLERI-1.jpg?id=74731) !important;}\u201d el_class=\u201dvc_hidden-lg vc_hidden-md vc_hidden-sm\u201d][vc_column width=\u201d1\/2\u2033][vc_custo\u00adm_heading text=\u201d\u00dcretim teknikle\u00adrinde hep daha yeniyi aramaya devam ediyoruz.\u201d font_con\u00adtainer=\u201dtag:h2|font_size:25px|text_align:center|color:%23ffffff\u201d use_them\u00ade_fonts=\u201dyes\u201d el_class=\u201dabout-subtitle [&hellip;]<\/p>\n","protected":false},"author":3,"featured_media":0,"parent":72146,"menu_order":0,"comment_status":"closed","ping_status":"closed","template":"page-full-width.php","meta":{"footnotes":""},"class_list":["post-72867","page","type-page","status-publish","hentry"],"_links":{"self":[{"href":"https:\/\/www.mikropor.com\/tr\/wp-json\/wp\/v2\/pages\/72867","targetHints":{"allow":["GET"]}}],"collection":[{"href":"https:\/\/www.mikropor.com\/tr\/wp-json\/wp\/v2\/pages"}],"about":[{"href":"https:\/\/www.mikropor.com\/tr\/wp-json\/wp\/v2\/types\/page"}],"author":[{"embeddable":true,"href":"https:\/\/www.mikropor.com\/tr\/wp-json\/wp\/v2\/users\/3"}],"replies":[{"embeddable":true,"href":"https:\/\/www.mikropor.com\/tr\/wp-json\/wp\/v2\/comments?post=72867"}],"version-history":[{"count":0,"href":"https:\/\/www.mikropor.com\/tr\/wp-json\/wp\/v2\/pages\/72867\/revisions"}],"up":[{"embeddable":true,"href":"https:\/\/www.mikropor.com\/tr\/wp-json\/wp\/v2\/pages\/72146"}],"wp:attachment":[{"href":"https:\/\/www.mikropor.com\/tr\/wp-json\/wp\/v2\/media?parent=72867"}],"curies":[{"name":"wp","href":"https:\/\/api.w.org\/{rel}","templated":true}]}}