{"id":73429,"date":"2021-04-29T00:44:47","date_gmt":"2021-04-28T21:44:47","guid":{"rendered":"https:\/\/www.mikropor.com.tr\/?page_id=73429"},"modified":"2025-06-30T16:34:25","modified_gmt":"2025-06-30T13:34:25","slug":"yuksek-sicaklik-filtreleri","status":"publish","type":"page","link":"https:\/\/www.mikropor.com\/tr\/atmosferik-hava-filtrasyonu\/yuksek-sicaklik-filtreleri\/","title":{"rendered":"Y\u00fcksek S\u0131cakl\u0131k Filtreleri"},"content":{"rendered":"<section class=\"wpb-content-wrapper\"><p>[vc_row][vc_column width=\u201d1\/2\u2033][vc_colum\u00adn_text]<\/p>\n<h5 style=\"font-size: 19px;\">Y\u00fcksek teknolojiye ve enerji verimlili\u011fine sahip hava filtrelerimiz, par\u00e7ac\u0131kl\u0131 maddenin (PM) insan sa\u011fl\u0131\u011f\u0131, \u00fcretim prosesleri ve \u00fcr\u00fcnler \u00fczerindeki olumsuz etkisine kar\u015f\u0131 koruma sa\u011flamaktad\u0131r. \u00dcr\u00fcnlerimizin verimlilik de\u011ferlerini EN 779 ve hava filtrelerinin kapasitelerini daha geni\u015f spektrumda partik\u00fcller kullanarak test eden global ISO16890 Standartlar\u0131 ile garanti ediyoruz.<\/h5>\n<p>[\/vc_colum\u00adn_text][\/vc_column][vc_column width=\u201d1\/2\u2033][vc_singl\u00ade_image image=\u201d73438\u2033 img_size=\u201dfull\u201d add_capt\u00adion=\u201dyes\u201d style=\u201dvc_box_r\u00adounded\u201d css=\u201d.vc_custo\u00adm_161964\u00ad6966498{margin-top: 5px !important;}\u201d el_class=\u201dwow fadeIn delay\u20131\u2033][\/vc_column][\/vc_row][vc_row][vc_column][vc_colum\u00adn_text]Temel maliyet unsurlar\u00ad\u0131ndan biri olan enerji t\u00fcketimi, toplam hava filtrasy\u00adonu maliyetl\u00aderinin yakla\u015f\u0131k %80\u2019ini olu\u015fturur. Bu y\u00fcksek oran sebebiyle, enerji verimlil\u00adi\u011fi y\u00fcksek hava filtresi kullan\u0131m\u0131 ile maliyetl\u00aderde ciddi oranda tasarruf sa\u011flan\u0131r\u00adken, filtre de\u011fi\u015fim periyodu uzar ve at\u0131k miktarlar\u0131 d\u00fc\u015fer. Eurovent 4\/11; G4, M5, M6, F7, F8 ve F9 s\u0131n\u0131f\u0131 filtrele\u00adrin enerji verimlil\u00adi\u011fini de\u011ferlen\u00addirmek i\u00e7in olu\u015fturu\u00adlmu\u015f \u00f6zel bir sertifik\u00adasyondur. <strong>Eurovent<\/strong> sertifik\u00adal\u0131 \u00fcr\u00fcnleri\u00admiz sa\u011fl\u0131\u011f\u0131n\u00ad\u0131z\u0131 ve \u00e7evreyi korurken, enerji maliyetl\u00aderinizi d\u00fc\u015f\u00fcr\u00fcr.<\/p>\n<p>G\u00fcn\u00fcm\u00fcz modern boyama s\u00fcre\u00e7leri sabit olarak temiz ve partik\u00fcl\u00ads\u00fcz hava ya da VOC i\u00e7ermeyen devirdaim havas\u0131na ihtiya\u00e7 duymakta\u00add\u0131r. K\u00fcresel d\u00fczeyde edindi\u011fi\u00admiz tecr\u00fcbel\u00aderle bilinen otomobil \u00fcreticil\u00aderine HVAC ve HT (y\u00fcksek s\u0131cakl\u0131k) uygulama\u00adlar\u0131 i\u00e7in en iyi hava filtrasyon \u00e7\u00f6z\u00fcmler\u00adini sunuyoruz.<\/p>\n<p>HVAC sistemle\u00adrinin yan\u0131 s\u0131ra end\u00fcstri\u00adyel boya prosesleri ve f\u0131r\u0131nlar\u0131 i\u00e7in farkl\u0131 ideal s\u0131cakl\u0131k\u00adlara ula\u015fan filtrasyon \u00e7\u00f6z\u00fcmleri sunuyoruz. 350\u00b0C\u00a0\u2018lik \u00e7al\u0131\u015fma s\u0131cakl\u0131k\u00adlar\u0131na eri\u015febilen geni\u015f \u00fcr\u00fcn \u00e7e\u015fitlil\u00adi\u011fimizi g\u00f6rmek i\u00e7in soldaki panelden \u00fcr\u00fcn katalo\u011fu\u00admuzu indirebi\u00adlirsiniz.<\/p>\n<ul>\n<li>Partik\u00fcl Filtrasyonu (F6 \u2013 H10)<\/li>\n<li>Standart d\u0131\u015f\u0131 \u00f6zelliklerde \u00fcretim<\/li>\n<li>Silikon ve yap\u0131\u015ft\u0131r\u0131c\u0131 \u00f6zellikteki kimyasallar i\u00e7ermez<\/li>\n<\/ul>\n<p>Farkl\u0131 end\u00fcstri\u00adlerin beklenti ve ihtiya\u00e7l\u00adar\u0131na en uygun \u00e7\u00f6z\u00fcmleri uzun d\u00f6nemli maliyet minimiza\u00adsyonunu dikkate alarak sistematik bir anlay\u0131\u015fla sunuyoruz. <strong>Mikropor Temiz Hava Y\u00f6netimi (MICAM: Mikropor Clean Air Management)<\/strong> ad\u0131n\u0131 verdi\u011fimiz \u00f6zel bir programla \u00e7\u00f6z\u00fcm orta\u011f\u0131 oldu\u011fumuz i\u015fletmel\u00aderin filtre performa\u00adnslar\u0131n\u0131 izliyoruz, kontrol ediyoruz, raporluy\u00adoruz ve optimum enerji t\u00fcketimini sa\u011flayacak filtrasyon \u00e7\u00f6z\u00fcmler\u00adini hayata ge\u00e7iriyo\u00adruz.<\/p>\n<p>Otomotiv ve di\u011fer uygulama alanlar\u0131\u00adm\u0131za \u00f6zel \u00e7\u00f6z\u00fcmler\u00adimizi incelemek i\u00e7in soldaki panelden bro\u015f\u00fcrle\u00adrimizi indirebi\u00adlirsiniz.[\/vc_colum\u00adn_text][\/vc_column][\/vc_row][vc_row disable_\u00adelement=\u201dyes\u201d css=\u201d.vc_custo\u00adm_161848\u00ad2935278{padding-top: 15px !important;padding-bottom: 25px !important;}\u201d][vc_column][vc_tta_t\u00adabs shape=\u201dsquare\u201d active_s\u00adection=\u201d1\u2033][vc_tta_s\u00adection title=\u201dOverview\u201d tab_id=\u201d14986407\u00ad67828-d829c451-e4e8\u2033][vc_colum\u00adn_text]A corporate tax is a tax imposed on the net profit of a corporat\u00adion that are taxed at the entity level in a particular jurisdic\u00adtion. Net profit for corporate tax is generally the financial statement net profit with modifica\u00adtions, and may be defined in great detail within each country\u2019s tax system. Such taxes may include income or other taxes.[\/vc_colum\u00adn_text][\/vc_tta_s\u00adection][vc_tta_s\u00adection title=\u201dTypes\u201d tab_id=\u201d14986407\u00ad67881-a7334b3d-3aa6\u2033][vc_colum\u00adn_text]Corporat\u00adions may be taxed on their incomes, property, or existence or equity structure by various jurisdic\u00adtions. Maryland imposes a tax on corporat\u00adions organized in that state based on the number of shares of capital stock issued and outstand\u00ading. Many jurisdic\u00adtions instead impose a tax based on stated or computed capital, often including retained profits.[\/vc_colum\u00adn_text][\/vc_tta_s\u00adection][vc_tta_s\u00adection title=\u201dIncome\u201d tab_id=\u201d14986408\u00ad23454-a7f3f480-2399\u2033][vc_colum\u00adn_text]Most systems impose income tax at a specified rate of tax times taxable income, which may be decreased due to tax exemption. The United States define taxable income for a corporat\u00adion as all gross income, i.e. sales plus other income minus cost of goods sold and tax exempt income less allowable tax deductions, without the allowance of the standard deduction.[\/vc_colum\u00adn_text][\/vc_tta_s\u00adection][\/vc_tta_t\u00adabs][\/vc_column][\/vc_row][vc_row disable_\u00adelement=\u201dyes\u201d css=\u201d.vc_custo\u00adm_162030\u00ad5105943{padding-bottom: 20px !important;}\u201d][vc_column][vc_custo\u00adm_heading text=\u201dKaynaklar\u201d font_con\u00adtainer=\u201dtag:h4|text_align:left\u201d use_them\u00ade_fonts=\u201dyes\u201d css=\u201d.vc_custo\u00adm_161848\u00ad3032907{padding-bottom: 10px !important;}\u201d][vc_row_i\u00adnner][vc_colum\u00adn_inner el_class=\u201dwow fadeIn delay\u20131\u2033][vc_colum\u00adn_text]<\/p>\n<ul class=\"doc\">\n<li><a href=\"#\" target=\"_blank\" rel=\"noopener\">Y\u00fcksek S\u0131cakl\u0131k Filtreleri Teknik Dok\u00fcman<\/a> <strong>1.76 MB<\/strong><\/li>\n<\/ul>\n<p>[\/vc_colum\u00adn_text][\/vc_colum\u00adn_inner][\/vc_row_i\u00adnner][\/vc_column][\/vc_row][vc_row disable_\u00adelement=\u201dyes\u201d css=\u201d.vc_custo\u00adm_175129\u00ad0463030{padding-bottom: 15px !important;}\u201d][vc_column][vc_raw_h\u00adtml]JTVCc2Ml\u00adMjBuYW1l\u00adJTNEJTIy\u00adMjAyNUhW\u00adQUNUUiUy\u00adMiU1RCU1\u00adQiUyRnNj\u00adJTVE[\/vc_raw_h\u00adtml][\/vc_column][\/vc_row][vc_row][vc_column][vc_raw_h\u00adtml]JTNDc3R5\u00adbGUlM0Uu\u00adZW50cnkt\u00adY29udGVu\u00addCUyMCU3\u00adQm1hcmdp\u00adbi10b3Al\u00adM0ElMjAz\u00adMHB4JTNC\u00adJTdEJTIw\u00adLmFkdmFu\u00adY2VkLXNp\u00adZGViYXIt\u00adbWVudSUy\u00adMCU3QiUy\u00adMG1hcmdp\u00adbi10b3Al\u00adM0ElMjAz\u00adMHB4JTNC\u00adJTIwJTdE\u00adJTNDJTJG\u00adc3R5bGUl\u00adM0U=[\/vc_raw_h\u00adtml][\/vc_column][\/vc_row]<\/p>\n<\/section>","protected":false},"excerpt":{"rendered":"<p>[vc_row][vc_column width=\u201d1\/2\u2033][vc_colum\u00adn_text] Y\u00fcksek teknolojiye ve enerji verimlili\u011fine sahip hava filtrelerimiz, par\u00e7ac\u0131kl\u0131 maddenin (PM) insan sa\u011fl\u0131\u011f\u0131, \u00fcretim prosesleri ve \u00fcr\u00fcnler \u00fczerindeki olumsuz etkisine kar\u015f\u0131 koruma sa\u011flamaktad\u0131r. \u00dcr\u00fcnlerimizin verimlilik de\u011ferlerini EN 779 ve hava filtrelerinin kapasitelerini daha geni\u015f spektrumda partik\u00fcller kullanarak test eden global ISO16890 Standartlar\u0131 ile garanti ediyoruz. [\/vc_colum\u00adn_text][\/vc_column][vc_column width=\u201d1\/2\u2033][vc_singl\u00ade_image image=\u201d73438\u2033 img_size=\u201dfull\u201d add_capt\u00adion=\u201dyes\u201d style=\u201dvc_box_r\u00adounded\u201d css=\u201d.vc_custo\u00adm_161964\u00ad6966498{margin-top: 5px [&hellip;]<\/p>\n","protected":false},"author":3,"featured_media":0,"parent":72438,"menu_order":0,"comment_status":"closed","ping_status":"closed","template":"","meta":{"footnotes":""},"class_list":["post-73429","page","type-page","status-publish","hentry"],"_links":{"self":[{"href":"https:\/\/www.mikropor.com\/tr\/wp-json\/wp\/v2\/pages\/73429","targetHints":{"allow":["GET"]}}],"collection":[{"href":"https:\/\/www.mikropor.com\/tr\/wp-json\/wp\/v2\/pages"}],"about":[{"href":"https:\/\/www.mikropor.com\/tr\/wp-json\/wp\/v2\/types\/page"}],"author":[{"embeddable":true,"href":"https:\/\/www.mikropor.com\/tr\/wp-json\/wp\/v2\/users\/3"}],"replies":[{"embeddable":true,"href":"https:\/\/www.mikropor.com\/tr\/wp-json\/wp\/v2\/comments?post=73429"}],"version-history":[{"count":3,"href":"https:\/\/www.mikropor.com\/tr\/wp-json\/wp\/v2\/pages\/73429\/revisions"}],"predecessor-version":[{"id":82479,"href":"https:\/\/www.mikropor.com\/tr\/wp-json\/wp\/v2\/pages\/73429\/revisions\/82479"}],"up":[{"embeddable":true,"href":"https:\/\/www.mikropor.com\/tr\/wp-json\/wp\/v2\/pages\/72438"}],"wp:attachment":[{"href":"https:\/\/www.mikropor.com\/tr\/wp-json\/wp\/v2\/media?parent=73429"}],"curies":[{"name":"wp","href":"https:\/\/api.w.org\/{rel}","templated":true}]}}