{"id":73450,"date":"2021-04-29T01:15:07","date_gmt":"2021-04-28T22:15:07","guid":{"rendered":"https:\/\/www.mikropor.com.tr\/?page_id=73450"},"modified":"2025-06-30T16:31:17","modified_gmt":"2025-06-30T13:31:17","slug":"gaz-turbini-hava-emis-filtreleri","status":"publish","type":"page","link":"https:\/\/www.mikropor.com\/tr\/atmosferik-hava-filtrasyonu\/gaz-turbini-hava-emis-filtreleri\/","title":{"rendered":"Gaz T\u00fcrbini Hava Emi\u015f Filtreleri"},"content":{"rendered":"<section class=\"wpb-content-wrapper\"><p>[vc_row][vc_column width=\u201d1\/2\u2033][vc_colum\u00adn_text]<\/p>\n<h5 style=\"font-size: 19px;\">Gaz t\u00fcrbinlerine y\u00f6nelik filtrasyon sistemlerimiz, y\u00fcksek y\u00fczey alanlar\u0131 sayesinde y\u00fcksek verim ve d\u00fc\u015f\u00fck bas\u0131n\u00e7 kay\u0131plar\u0131 sa\u011flayan mini pile, derinlemesine toz y\u00fckleme ve pulse (titre\u015fimli) filtre gibi benzersiz \u00e7\u00f6z\u00fcmler i\u00e7ermektedir.<\/h5>\n<p>[\/vc_colum\u00adn_text][\/vc_column][vc_column width=\u201d1\/2\u2033][vc_singl\u00ade_image image=\u201d73386\u2033 img_size=\u201d306\u00d7204\u2033 add_capt\u00adion=\u201dyes\u201d style=\u201dvc_box_r\u00adounded\u201d css=\u201d.vc_custo\u00adm_161964\u00ad9404655{margin-top: 5px !important;}\u201d el_class=\u201dwow fadeIn delay\u20131\u2033][\/vc_column][\/vc_row][vc_row][vc_column][vc_colum\u00adn_text]Temel maliyet unsurlar\u00ad\u0131ndan biri olan enerji t\u00fcketimi, toplam hava filtrasy\u00adonu maliyetl\u00aderinin yakla\u015f\u0131k %80\u2019ini olu\u015fturur. Bu y\u00fcksek oran sebebiyle, enerji verimlil\u00adi\u011fi y\u00fcksek hava filtresi kullan\u0131m\u0131 ile maliyetl\u00aderde ciddi oranda tasarruf sa\u011flan\u0131r\u00adken, filtre de\u011fi\u015fim periyodu uzar ve at\u0131k miktarlar\u0131 d\u00fc\u015fer. Eurovent 4\/11; G4, M5, M6, F7, F8 ve F9 s\u0131n\u0131f\u0131 filtrele\u00adrin enerji verimlil\u00adi\u011fini de\u011ferlen\u00addirmek i\u00e7in olu\u015fturu\u00adlmu\u015f \u00f6zel bir sertifik\u00adasyondur. <strong>Eurovent<\/strong> sertifik\u00adal\u0131 \u00fcr\u00fcnleri\u00admiz sa\u011fl\u0131\u011f\u0131n\u00ad\u0131z\u0131 ve \u00e7evreyi korurken, enerji maliyetl\u00aderinizi d\u00fc\u015f\u00fcr\u00fcr.<\/p>\n<p>Bilinen gaz t\u00fcrbini \u00fcreticil\u00aderi taraf\u0131ndan tercih edilen y\u00fcksek teknoloj\u00adiye sahip pulse (titre\u015fimli) ve statik hava emi\u015f filtrele\u00adrimiz zor \u00e7evresel ko\u015fullar alt\u0131nda \u00fcst\u00fcn filtrasyon sa\u011flamak\u00adtad\u0131r. T\u00fcrbin kanatlar\u00ad\u0131n\u0131n zarara u\u011frama oranlar\u0131\u00adn\u0131n \u00e7ok d\u00fc\u015f\u00fck oldu\u011fu ve y\u00fcksek t\u00fcrbin enerji verimlilik de\u011ferler\u00adine sahip \u00e7\u00f6z\u00fcmler\u00adimiz ayr\u0131ca k\u0131y\u0131 ve offshore uygulama\u00adlar\u0131nda y\u00fcksek nem oranlar\u0131na dayan\u0131kl\u00ad\u0131d\u0131r.<\/p>\n<ul>\n<li>Y\u00fcksek verimlilik, dayan\u0131kl\u0131l\u0131k, uzun servis \u00f6m\u00fcrleri ve de\u011fi\u015fen \u00e7evresel fakt\u00f6rlere y\u00f6nelik farkl\u0131 beklenti ve ihtiya\u00e7lara uygun \u00e7\u00f6z\u00fcmler<\/li>\n<li>Y\u00fcksek toz y\u00fckleme kapasitesi sayesinde \u00e7imento toz, kum, hidrokarbon ve end\u00fcstriyel kontaminantlara ge\u00e7it vermeyen tasar\u0131m<\/li>\n<li>Duru\u015flara sebep olabilen korozyon, kat\u0131 partik\u00fcl, aerosol ve tuz gibi maddelere kar\u015f\u0131 en ideal \u00e7\u00f6z\u00fcmler<\/li>\n<li>D\u00fc\u015f\u00fck fark bas\u0131n\u00e7lar\u0131 sayesinde i\u015fletmede devaml\u0131l\u0131\u011f\u0131 sa\u011flayan teknoloji<\/li>\n<\/ul>\n<p>Gaz T\u00fcrbinleri ve di\u011fer uygulama alanlar\u0131\u00adm\u0131za \u00f6zel \u00e7\u00f6z\u00fcmler\u00adimizi incelemek i\u00e7in soldaki panelden bro\u015f\u00fcrle\u00adrimizi indirebi\u00adlirsiniz.[\/vc_colum\u00adn_text][\/vc_column][\/vc_row][vc_row disable_\u00adelement=\u201dyes\u201d css=\u201d.vc_custo\u00adm_161848\u00ad2935278{padding-top: 15px !important;padding-bottom: 25px !important;}\u201d][vc_column][vc_tta_t\u00adabs shape=\u201dsquare\u201d active_s\u00adection=\u201d1\u2033][vc_tta_s\u00adection title=\u201dOverview\u201d tab_id=\u201d14986407\u00ad67828-d829c451-e4e8\u2033][vc_colum\u00adn_text]A corporate tax is a tax imposed on the net profit of a corporat\u00adion that are taxed at the entity level in a particular jurisdic\u00adtion. Net profit for corporate tax is generally the financial statement net profit with modifica\u00adtions, and may be defined in great detail within each country\u2019s tax system. Such taxes may include income or other taxes.[\/vc_colum\u00adn_text][\/vc_tta_s\u00adection][vc_tta_s\u00adection title=\u201dTypes\u201d tab_id=\u201d14986407\u00ad67881-a7334b3d-3aa6\u2033][vc_colum\u00adn_text]Corporat\u00adions may be taxed on their incomes, property, or existence or equity structure by various jurisdic\u00adtions. Maryland imposes a tax on corporat\u00adions organized in that state based on the number of shares of capital stock issued and outstand\u00ading. Many jurisdic\u00adtions instead impose a tax based on stated or computed capital, often including retained profits.[\/vc_colum\u00adn_text][\/vc_tta_s\u00adection][vc_tta_s\u00adection title=\u201dIncome\u201d tab_id=\u201d14986408\u00ad23454-a7f3f480-2399\u2033][vc_colum\u00adn_text]Most systems impose income tax at a specified rate of tax times taxable income, which may be decreased due to tax exemption. The United States define taxable income for a corporat\u00adion as all gross income, i.e. sales plus other income minus cost of goods sold and tax exempt income less allowable tax deductions, without the allowance of the standard deduction.[\/vc_colum\u00adn_text][\/vc_tta_s\u00adection][\/vc_tta_t\u00adabs][\/vc_column][\/vc_row][vc_row disable_\u00adelement=\u201dyes\u201d css=\u201d.vc_custo\u00adm_162030\u00ad5186879{padding-bottom: 20px !important;}\u201d][vc_column][vc_custo\u00adm_heading text=\u201dKaynaklar\u201d font_con\u00adtainer=\u201dtag:h4|text_align:left\u201d use_them\u00ade_fonts=\u201dyes\u201d css=\u201d.vc_custo\u00adm_161848\u00ad3032907{padding-bottom: 10px !important;}\u201d][vc_row_i\u00adnner][vc_colum\u00adn_inner el_class=\u201dwow fadeIn delay\u20131\u2033][vc_colum\u00adn_text]<\/p>\n<ul class=\"doc\">\n<li><a href=\"#\" target=\"_blank\" rel=\"noopener\">Gaz T\u00fcrbini Hava Emi\u015f Filtreleri Teknik Dok\u00fcman<\/a> <strong>1.76 MB<\/strong><\/li>\n<\/ul>\n<p>[\/vc_colum\u00adn_text][\/vc_colum\u00adn_inner][\/vc_row_i\u00adnner][\/vc_column][\/vc_row][vc_row disable_\u00adelement=\u201dyes\u201d css=\u201d.vc_custo\u00adm_175129\u00ad0274321{padding-bottom: 15px !important;}\u201d][vc_column][vc_raw_h\u00adtml]JTVCc2Ml\u00adMjBuYW1l\u00adJTNEJTIy\u00adMjAyNUhW\u00adQUNUUiUy\u00adMiU1RCU1\u00adQiUyRnNj\u00adJTVE[\/vc_raw_h\u00adtml][\/vc_column][\/vc_row][vc_row][vc_column][vc_raw_h\u00adtml]JTNDc3R5\u00adbGUlM0Uu\u00adZW50cnkt\u00adY29udGVu\u00addCUyMCU3\u00adQm1hcmdp\u00adbi10b3Al\u00adM0ElMjAz\u00adMHB4JTNC\u00adJTdEJTIw\u00adLmFkdmFu\u00adY2VkLXNp\u00adZGViYXIt\u00adbWVudSUy\u00adMCU3QiUy\u00adMG1hcmdp\u00adbi10b3Al\u00adM0ElMjAz\u00adMHB4JTNC\u00adJTIwJTdE\u00adJTNDJTJG\u00adc3R5bGUl\u00adM0U=[\/vc_raw_h\u00adtml][\/vc_column][\/vc_row]<\/p>\n<\/section>","protected":false},"excerpt":{"rendered":"<p>[vc_row][vc_column width=\u201d1\/2\u2033][vc_colum\u00adn_text] Gaz t\u00fcrbinlerine y\u00f6nelik filtrasyon sistemlerimiz, y\u00fcksek y\u00fczey alanlar\u0131 sayesinde y\u00fcksek verim ve d\u00fc\u015f\u00fck bas\u0131n\u00e7 kay\u0131plar\u0131 sa\u011flayan mini pile, derinlemesine toz y\u00fckleme ve pulse (titre\u015fimli) filtre gibi benzersiz \u00e7\u00f6z\u00fcmler i\u00e7ermektedir. [\/vc_colum\u00adn_text][\/vc_column][vc_column width=\u201d1\/2\u2033][vc_singl\u00ade_image image=\u201d73386\u2033 img_size=\u201d306\u00d7204\u2033 add_capt\u00adion=\u201dyes\u201d style=\u201dvc_box_r\u00adounded\u201d css=\u201d.vc_custo\u00adm_161964\u00ad9404655{margin-top: 5px !important;}\u201d el_class=\u201dwow fadeIn delay\u20131\u2033][\/vc_column][\/vc_row][vc_row][vc_column][vc_colum\u00adn_text]Temel maliyet unsurlar\u00ad\u0131ndan biri olan enerji t\u00fcketimi, toplam hava filtrasy\u00adonu maliyetl\u00aderinin yakla\u015f\u0131k %80\u2019ini [&hellip;]<\/p>\n","protected":false},"author":3,"featured_media":0,"parent":72438,"menu_order":0,"comment_status":"closed","ping_status":"closed","template":"","meta":{"footnotes":""},"class_list":["post-73450","page","type-page","status-publish","hentry"],"_links":{"self":[{"href":"https:\/\/www.mikropor.com\/tr\/wp-json\/wp\/v2\/pages\/73450","targetHints":{"allow":["GET"]}}],"collection":[{"href":"https:\/\/www.mikropor.com\/tr\/wp-json\/wp\/v2\/pages"}],"about":[{"href":"https:\/\/www.mikropor.com\/tr\/wp-json\/wp\/v2\/types\/page"}],"author":[{"embeddable":true,"href":"https:\/\/www.mikropor.com\/tr\/wp-json\/wp\/v2\/users\/3"}],"replies":[{"embeddable":true,"href":"https:\/\/www.mikropor.com\/tr\/wp-json\/wp\/v2\/comments?post=73450"}],"version-history":[{"count":2,"href":"https:\/\/www.mikropor.com\/tr\/wp-json\/wp\/v2\/pages\/73450\/revisions"}],"predecessor-version":[{"id":82468,"href":"https:\/\/www.mikropor.com\/tr\/wp-json\/wp\/v2\/pages\/73450\/revisions\/82468"}],"up":[{"embeddable":true,"href":"https:\/\/www.mikropor.com\/tr\/wp-json\/wp\/v2\/pages\/72438"}],"wp:attachment":[{"href":"https:\/\/www.mikropor.com\/tr\/wp-json\/wp\/v2\/media?parent=73450"}],"curies":[{"name":"wp","href":"https:\/\/api.w.org\/{rel}","templated":true}]}}