{"id":73479,"date":"2021-04-29T02:08:15","date_gmt":"2021-04-28T23:08:15","guid":{"rendered":"https:\/\/www.mikropor.com.tr\/?page_id=73479"},"modified":"2025-06-30T16:30:17","modified_gmt":"2025-06-30T13:30:17","slug":"atex-filtreler","status":"publish","type":"page","link":"https:\/\/www.mikropor.com\/tr\/atmosferik-hava-filtrasyonu\/atex-filtreler\/","title":{"rendered":"Atex Filtreler"},"content":{"rendered":"<section class=\"wpb-content-wrapper\"><p>[vc_row][vc_column width=\u201d1\/2\u2033][vc_colum\u00adn_text]<\/p>\n<h5 style=\"font-size: 19px;\">Son geli\u015fmi\u015f teknolojileri ve ekipmanlar\u0131 kullanan D\u00fcnya Standartlar\u0131nda bir \u00dcretici olarak, 30 y\u0131l\u0131 a\u015fk\u0131n k\u00fcresel filtrasyon deneyimiyle, m\u00fc\u015fterilerimizin taleplerini anl\u0131yor ve bu sebeple t\u00fcm d\u00fcnyada ATEX uygulamalar\u0131 i\u00e7in tercih edilen i\u015f orta\u011f\u0131y\u0131z.<\/h5>\n<p>[\/vc_colum\u00adn_text][\/vc_column][vc_column width=\u201d1\/2\u2033][vc_singl\u00ade_image image=\u201d73385\u2033 img_size=\u201dmedium\u201d alignment=\u201dcenter\u201d style=\u201dvc_box_r\u00adounded\u201d css=\u201d.vc_custo\u00adm_161965\u00ad1490631{margin-top: 5px !important;}\u201d el_class=\u201dwow fadeIn delay\u20131\u2033][\/vc_column][\/vc_row][vc_row][vc_column][vc_colum\u00adn_text]End\u00fcstri\u00addeki \u00e7e\u015fitli havaland\u00ad\u0131rma uygulama\u00adlar\u0131nda, geri d\u00f6n\u00fc\u015ft\u00fcr\u00ad\u00fclm\u00fc\u015f proses havas\u0131, \u00fcretimden \u00fcretilen elektros\u00adtatik y\u00fckler i\u00e7erebilen partik\u00fcl\u00adleri i\u00e7erebilir. Filtreler sirk\u00fclas\u00adyon s\u0131ras\u0131nda bu par\u00e7ac\u0131k\u00adlar\u0131 yakalarken, ortam filtresi ve \u00e7er\u00e7eves\u00adindeki elektros\u00adtatik y\u00fck\u00fc de emer. Ek olarak, atmosferde patlay\u0131c\u0131 gaz veya aerosol kayna\u011f\u0131 varsa, elektros\u00adtatik bo\u015falma nedeniyle filtrenin olu\u015fturd\u00adu\u011fu k\u0131v\u0131lc\u0131m\u00adlar yard\u0131m\u0131yla ciddi yang\u0131n ve hatta patlama riskleri ortaya \u00e7\u0131kabilir. Bu nedenle, bu t\u00fcr ortamlarda kullan\u0131lan filtrele\u00adrin Ex-Proof (Patlamaya Kar\u015f\u0131 Korunakl\u0131) olmas\u0131 gerekmek\u00adtedir.<\/p>\n<p>Patlama riskleri\u00adnden ka\u00e7\u0131nmak i\u00e7in, Avrupa Komisyonu 2014\/34\/EU ATEX Ekipman Direktifi\u2019ni ilan etti. Mikropor filtreleri 2014\/34\/EU ve AB taraf\u0131ndan \u00e7\u0131kar\u0131lan ek destekle\u00adyici direktif\u00adlere g\u00f6re \u00fcretilme\u00adktedir.<\/p>\n<p>Lider bir hava filtresi \u00fcreticisi olarak Mikropor, \u00e7e\u015fitli end\u00fcstri\u00adlere filtrasy\u00adonun her a\u015famas\u0131 i\u00e7in en geni\u015f ATEX Sertifik\u00adal\u0131 Ex-Proof filtre yelpazes\u00adini sunmakta\u00add\u0131r.<\/p>\n<p>Gaz T\u00fcrbinleri ve di\u011fer uygulama alanlar\u0131\u00adm\u0131za \u00f6zel \u00e7\u00f6z\u00fcmler\u00adimizi incelemek i\u00e7in soldaki panelden bro\u015f\u00fcrle\u00adrimizi indirebi\u00adlirsiniz.<\/p>\n<ul>\n<li>\u0130la\u00e7<\/li>\n<li>Petrokimya<\/li>\n<li>G\u0131da<\/li>\n<li>Otomotiv<\/li>\n<li>Savunma<\/li>\n<\/ul>\n<p>Geni\u015f \u00fcr\u00fcn \u00e7e\u015fitlil\u00adi\u011fimizi g\u00f6rmek i\u00e7in soldaki panelden \u00fcr\u00fcn katalo\u011fu\u00admuzu indirebi\u00adlirsiniz.\u00a0 .[\/vc_colum\u00adn_text][\/vc_column][\/vc_row][vc_row disable_\u00adelement=\u201dyes\u201d css=\u201d.vc_custo\u00adm_161848\u00ad2935278{padding-top: 15px !important;padding-bottom: 25px !important;}\u201d][vc_column][vc_tta_t\u00adabs shape=\u201dsquare\u201d active_s\u00adection=\u201d1\u2033][vc_tta_s\u00adection title=\u201dOverview\u201d tab_id=\u201d14986407\u00ad67828-d829c451-e4e8\u2033][vc_colum\u00adn_text]A corporate tax is a tax imposed on the net profit of a corporat\u00adion that are taxed at the entity level in a particular jurisdic\u00adtion. Net profit for corporate tax is generally the financial statement net profit with modifica\u00adtions, and may be defined in great detail within each country\u2019s tax system. Such taxes may include income or other taxes.[\/vc_colum\u00adn_text][\/vc_tta_s\u00adection][vc_tta_s\u00adection title=\u201dTypes\u201d tab_id=\u201d14986407\u00ad67881-a7334b3d-3aa6\u2033][vc_colum\u00adn_text]Corporat\u00adions may be taxed on their incomes, property, or existence or equity structure by various jurisdic\u00adtions. Maryland imposes a tax on corporat\u00adions organized in that state based on the number of shares of capital stock issued and outstand\u00ading. Many jurisdic\u00adtions instead impose a tax based on stated or computed capital, often including retained profits.[\/vc_colum\u00adn_text][\/vc_tta_s\u00adection][vc_tta_s\u00adection title=\u201dIncome\u201d tab_id=\u201d14986408\u00ad23454-a7f3f480-2399\u2033][vc_colum\u00adn_text]Most systems impose income tax at a specified rate of tax times taxable income, which may be decreased due to tax exemption. The United States define taxable income for a corporat\u00adion as all gross income, i.e. sales plus other income minus cost of goods sold and tax exempt income less allowable tax deductions, without the allowance of the standard deduction.[\/vc_colum\u00adn_text][\/vc_tta_s\u00adection][\/vc_tta_t\u00adabs][\/vc_column][\/vc_row][vc_row disable_\u00adelement=\u201dyes\u201d css=\u201d.vc_custo\u00adm_162307\u00ad1656016{padding-bottom: 20px !important;}\u201d][vc_column][vc_custo\u00adm_heading text=\u201dKaynaklar\u201d font_con\u00adtainer=\u201dtag:h4|text_align:left\u201d use_them\u00ade_fonts=\u201dyes\u201d css=\u201d.vc_custo\u00adm_161848\u00ad3032907{padding-bottom: 10px !important;}\u201d][vc_row_i\u00adnner][vc_colum\u00adn_inner el_class=\u201dwow fadeIn delay\u20131\u2033][vc_colum\u00adn_text]<\/p>\n<ul class=\"doc\">\n<li><a href=\"https:\/\/www.mikropor.com\/wp-content\/uploads\/2021\/05\/033_MIKROPOR-ATEX-BROSUR-210820.pdf\" target=\"_blank\" rel=\"noopener\">ATEX Filtreleri Bro\u015f\u00fcr\u00fc<\/a> <strong>1.47 MB<\/strong><\/li>\n<\/ul>\n<p>[\/vc_colum\u00adn_text][\/vc_colum\u00adn_inner][\/vc_row_i\u00adnner][\/vc_column][\/vc_row][vc_row disable_\u00adelement=\u201dyes\u201d css=\u201d.vc_custo\u00adm_175129\u00ad0215641{padding-bottom: 15px !important;}\u201d][vc_column][vc_raw_h\u00adtml]JTVCc2Ml\u00adMjBuYW1l\u00adJTNEJTIy\u00adMjAyNUhW\u00adQUNUUiUy\u00adMiU1RCU1\u00adQiUyRnNj\u00adJTVE[\/vc_raw_h\u00adtml][\/vc_column][\/vc_row][vc_row][vc_column][vc_raw_h\u00adtml]JTNDc3R5\u00adbGUlM0Uu\u00adZW50cnkt\u00adY29udGVu\u00addCUyMCU3\u00adQm1hcmdp\u00adbi10b3Al\u00adM0ElMjAz\u00adMHB4JTNC\u00adJTdEJTIw\u00adLmFkdmFu\u00adY2VkLXNp\u00adZGViYXIt\u00adbWVudSUy\u00adMCU3QiUy\u00adMG1hcmdp\u00adbi10b3Al\u00adM0ElMjAz\u00adMHB4JTNC\u00adJTIwJTdE\u00adJTNDJTJG\u00adc3R5bGUl\u00adM0U=[\/vc_raw_h\u00adtml][\/vc_column][\/vc_row]<\/p>\n<\/section>","protected":false},"excerpt":{"rendered":"<p>[vc_row][vc_column width=\u201d1\/2\u2033][vc_colum\u00adn_text] Son geli\u015fmi\u015f teknolojileri ve ekipmanlar\u0131 kullanan D\u00fcnya Standartlar\u0131nda bir \u00dcretici olarak, 30 y\u0131l\u0131 a\u015fk\u0131n k\u00fcresel filtrasyon deneyimiyle, m\u00fc\u015fterilerimizin taleplerini anl\u0131yor ve bu sebeple t\u00fcm d\u00fcnyada ATEX uygulamalar\u0131 i\u00e7in tercih edilen i\u015f orta\u011f\u0131y\u0131z. [\/vc_colum\u00adn_text][\/vc_column][vc_column width=\u201d1\/2\u2033][vc_singl\u00ade_image image=\u201d73385\u2033 img_size=\u201dmedium\u201d alignment=\u201dcenter\u201d style=\u201dvc_box_r\u00adounded\u201d css=\u201d.vc_custo\u00adm_161965\u00ad1490631{margin-top: 5px !important;}\u201d el_class=\u201dwow fadeIn delay\u20131\u2033][\/vc_column][\/vc_row][vc_row][vc_column][vc_colum\u00adn_text]End\u00fcstri\u00addeki \u00e7e\u015fitli havaland\u00ad\u0131rma uygulama\u00adlar\u0131nda, geri d\u00f6n\u00fc\u015ft\u00fcr\u00ad\u00fclm\u00fc\u015f proses havas\u0131, \u00fcretimden \u00fcretilen [&hellip;]<\/p>\n","protected":false},"author":3,"featured_media":0,"parent":72438,"menu_order":0,"comment_status":"closed","ping_status":"closed","template":"","meta":{"footnotes":""},"class_list":["post-73479","page","type-page","status-publish","hentry"],"_links":{"self":[{"href":"https:\/\/www.mikropor.com\/tr\/wp-json\/wp\/v2\/pages\/73479","targetHints":{"allow":["GET"]}}],"collection":[{"href":"https:\/\/www.mikropor.com\/tr\/wp-json\/wp\/v2\/pages"}],"about":[{"href":"https:\/\/www.mikropor.com\/tr\/wp-json\/wp\/v2\/types\/page"}],"author":[{"embeddable":true,"href":"https:\/\/www.mikropor.com\/tr\/wp-json\/wp\/v2\/users\/3"}],"replies":[{"embeddable":true,"href":"https:\/\/www.mikropor.com\/tr\/wp-json\/wp\/v2\/comments?post=73479"}],"version-history":[{"count":2,"href":"https:\/\/www.mikropor.com\/tr\/wp-json\/wp\/v2\/pages\/73479\/revisions"}],"predecessor-version":[{"id":82465,"href":"https:\/\/www.mikropor.com\/tr\/wp-json\/wp\/v2\/pages\/73479\/revisions\/82465"}],"up":[{"embeddable":true,"href":"https:\/\/www.mikropor.com\/tr\/wp-json\/wp\/v2\/pages\/72438"}],"wp:attachment":[{"href":"https:\/\/www.mikropor.com\/tr\/wp-json\/wp\/v2\/media?parent=73479"}],"curies":[{"name":"wp","href":"https:\/\/api.w.org\/{rel}","templated":true}]}}