{"id":73487,"date":"2021-05-04T14:32:54","date_gmt":"2021-05-04T11:32:54","guid":{"rendered":"https:\/\/www.mikropor.com.tr\/?page_id=73487"},"modified":"2025-06-30T16:29:30","modified_gmt":"2025-06-30T13:29:30","slug":"yag-buhari-toplayici-sistemler","status":"publish","type":"page","link":"https:\/\/www.mikropor.com\/tr\/atmosferik-hava-filtrasyonu\/yag-buhari-toplayici-sistemler\/","title":{"rendered":"Ya\u011f Buhar\u0131 Toplay\u0131c\u0131 Sistemler"},"content":{"rendered":"<section class=\"wpb-content-wrapper\"><p>[vc_row][vc_column width=\u201d1\/2\u2033][vc_colum\u00adn_text]<\/p>\n<h5 style=\"font-size: 19px;\">OMC Sistemi sistemde herhangi bir de\u011fi\u015fiklik yapmadan montajlanabilir. Kusursuz tasar\u0131m\u0131yla kolay kurulum, kullan\u0131m ve d\u00fc\u015f\u00fck g\u00fc\u00e7 t\u00fcketimi sa\u011flar. D\u00fc\u015f\u00fck g\u00fcr\u00fclt\u00fc seviyesi ve bak\u0131m maliyetiyle OMC, i\u015fletmelerin i\u015fini kolayla\u015ft\u0131rmaktad\u0131r.<\/h5>\n<p>[\/vc_colum\u00adn_text][\/vc_column][vc_column width=\u201d1\/2\u2033][vc_singl\u00ade_image image=\u201d73492\u2033 img_size=\u201d306\u00d7204\u2033 add_capt\u00adion=\u201dyes\u201d style=\u201dvc_box_r\u00adounded\u201d css=\u201d.vc_custo\u00adm_162012\u00ad8183786{margin-top: 5px !important;}\u201d el_class=\u201dwow fadeIn delay\u20131\u2033][\/vc_column][\/vc_row][vc_row][vc_column][vc_colum\u00adn_text]CNC torna ve freze tezgahla\u00adr\u0131n\u0131n so\u011futma ve ya\u011flama s\u0131v\u0131lar\u0131 i\u015flem esnas\u0131nda etrafa yay\u0131l\u0131r. Da\u011f\u0131lan so\u011futma s\u0131v\u0131s\u0131 (ya\u011f) kaygan bir y\u00fczey olu\u015fturur ve bu da i\u015f g\u00fcvenli\u011fi a\u00e7\u0131s\u0131ndan tehlikel\u00adidir. Bununla birlikte bu s\u0131v\u0131 zamanla azal\u0131r ve yeniden tamamlan\u00admas\u0131 gerekir. Metal i\u015fleme sekt\u00f6r\u00fcnde ya\u011f buhar\u0131 toplay\u0131c\u0131 sistemle\u00adrin kullan\u0131m\u0131 zorunludur. Buhar\u0131n solunmas\u0131 risklidir ve atmosfere sal\u0131n\u0131m\u0131 yasakt\u0131r. Bir\u00e7ok \u00fclkede bu durum yerel ve uluslara\u00adras\u0131 kurulu\u015flar taraf\u0131ndan kontrol edilmekt\u00adedir.<\/p>\n<p>OMC Sistemi, be\u015f ad\u0131mdan olu\u015fan bir filtreleme sunar:<\/p>\n<ul>\n<li>Hava Da\u011f\u0131t\u0131c\u0131<\/li>\n<li>\u00c7arpt\u0131rmal\u0131 Separat\u00f6r<\/li>\n<li>\u00d6n Filtre Separat\u00f6r<\/li>\n<li>Magicbox Separat\u00f6r<\/li>\n<li>Hepa Filtre (%99,95)<\/li>\n<\/ul>\n<p>[\/vc_colum\u00adn_text][\/vc_column][\/vc_row][vc_row disable_\u00adelement=\u201dyes\u201d css=\u201d.vc_custo\u00adm_161848\u00ad2935278{padding-top: 15px !important;padding-bottom: 25px !important;}\u201d][vc_column][vc_tta_t\u00adabs shape=\u201dsquare\u201d active_s\u00adection=\u201d1\u2033][vc_tta_s\u00adection title=\u201dOverview\u201d tab_id=\u201d14986407\u00ad67828-d829c451-e4e8\u2033][vc_colum\u00adn_text]A corporate tax is a tax imposed on the net profit of a corporat\u00adion that are taxed at the entity level in a particular jurisdic\u00adtion. Net profit for corporate tax is generally the financial statement net profit with modifica\u00adtions, and may be defined in great detail within each country\u2019s tax system. Such taxes may include income or other taxes.[\/vc_colum\u00adn_text][\/vc_tta_s\u00adection][vc_tta_s\u00adection title=\u201dTypes\u201d tab_id=\u201d14986407\u00ad67881-a7334b3d-3aa6\u2033][vc_colum\u00adn_text]Corporat\u00adions may be taxed on their incomes, property, or existence or equity structure by various jurisdic\u00adtions. Maryland imposes a tax on corporat\u00adions organized in that state based on the number of shares of capital stock issued and outstand\u00ading. Many jurisdic\u00adtions instead impose a tax based on stated or computed capital, often including retained profits.[\/vc_colum\u00adn_text][\/vc_tta_s\u00adection][vc_tta_s\u00adection title=\u201dIncome\u201d tab_id=\u201d14986408\u00ad23454-a7f3f480-2399\u2033][vc_colum\u00adn_text]Most systems impose income tax at a specified rate of tax times taxable income, which may be decreased due to tax exemption. The United States define taxable income for a corporat\u00adion as all gross income, i.e. sales plus other income minus cost of goods sold and tax exempt income less allowable tax deductions, without the allowance of the standard deduction.[\/vc_colum\u00adn_text][\/vc_tta_s\u00adection][\/vc_tta_t\u00adabs][\/vc_column][\/vc_row][vc_row disable_\u00adelement=\u201dyes\u201d css=\u201d.vc_custo\u00adm_162030\u00ad5210640{padding-bottom: 20px !important;}\u201d][vc_column][vc_custo\u00adm_heading text=\u201dKaynaklar\u201d font_con\u00adtainer=\u201dtag:h4|text_align:left\u201d use_them\u00ade_fonts=\u201dyes\u201d css=\u201d.vc_custo\u00adm_161848\u00ad3032907{padding-bottom: 10px !important;}\u201d][vc_row_i\u00adnner][vc_colum\u00adn_inner el_class=\u201dwow fadeIn delay\u20131\u2033][vc_colum\u00adn_text]<\/p>\n<ul class=\"doc\">\n<li><a href=\"#\" target=\"_blank\" rel=\"noopener\">OMC Sistemi Teknik Dok\u00fcman<\/a> <strong>1.76 MB<\/strong><\/li>\n<\/ul>\n<p>[\/vc_colum\u00adn_text][\/vc_colum\u00adn_inner][\/vc_row_i\u00adnner][\/vc_column][\/vc_row][vc_row disable_\u00adelement=\u201dyes\u201d css=\u201d.vc_custo\u00adm_175129\u00ad0167756{padding-bottom: 15px !important;}\u201d][vc_column][vc_custo\u00adm_heading text=\u201dB\u00f6lge Sat\u0131\u015f M\u00fcd\u00fcrleri\u201d font_con\u00adtainer=\u201dtag:h4|text_align:left\u201d use_them\u00ade_fonts=\u201dyes\u201d][vc_raw_h\u00adtml]JTVCc2Ml\u00adMjBuYW1l\u00adJTNEJTIy\u00adQXRtb3Nm\u00adZXJpay1U\u00adZWFtJTIy\u00adJTVE[\/vc_raw_h\u00adtml][\/vc_column][\/vc_row][vc_row disable_\u00adelement=\u201dyes\u201d][vc_column][vc_raw_h\u00adtml]JTNDc3R5\u00adbGUlM0Uu\u00adZW50cnkt\u00adY29udGVu\u00addCUyMCU3\u00adQm1hcmdp\u00adbi10b3Al\u00adM0ElMjAz\u00adMHB4JTNC\u00adJTdEJTIw\u00adLmFkdmFu\u00adY2VkLXNp\u00adZGViYXIt\u00adbWVudSUy\u00adMCU3QiUy\u00adMG1hcmdp\u00adbi10b3Al\u00adM0ElMjAz\u00adMHB4JTNC\u00adJTIwJTdE\u00adJTNDJTJG\u00adc3R5bGUl\u00adM0U=[\/vc_raw_h\u00adtml][\/vc_column][\/vc_row]<\/p>\n<\/section>","protected":false},"excerpt":{"rendered":"<p>[vc_row][vc_column width=\u201d1\/2\u2033][vc_colum\u00adn_text] OMC Sistemi sistemde herhangi bir de\u011fi\u015fiklik yapmadan montajlanabilir. Kusursuz tasar\u0131m\u0131yla kolay kurulum, kullan\u0131m ve d\u00fc\u015f\u00fck g\u00fc\u00e7 t\u00fcketimi sa\u011flar. D\u00fc\u015f\u00fck g\u00fcr\u00fclt\u00fc seviyesi ve bak\u0131m maliyetiyle OMC, i\u015fletmelerin i\u015fini kolayla\u015ft\u0131rmaktad\u0131r. [\/vc_colum\u00adn_text][\/vc_column][vc_column width=\u201d1\/2\u2033][vc_singl\u00ade_image image=\u201d73492\u2033 img_size=\u201d306\u00d7204\u2033 add_capt\u00adion=\u201dyes\u201d style=\u201dvc_box_r\u00adounded\u201d css=\u201d.vc_custo\u00adm_162012\u00ad8183786{margin-top: 5px !important;}\u201d el_class=\u201dwow fadeIn delay\u20131\u2033][\/vc_column][\/vc_row][vc_row][vc_column][vc_colum\u00adn_text]CNC torna ve freze tezgahla\u00adr\u0131n\u0131n so\u011futma ve ya\u011flama s\u0131v\u0131lar\u0131 i\u015flem esnas\u0131nda etrafa yay\u0131l\u0131r. Da\u011f\u0131lan [&hellip;]<\/p>\n","protected":false},"author":3,"featured_media":0,"parent":72438,"menu_order":0,"comment_status":"closed","ping_status":"closed","template":"","meta":{"footnotes":""},"class_list":["post-73487","page","type-page","status-publish","hentry"],"_links":{"self":[{"href":"https:\/\/www.mikropor.com\/tr\/wp-json\/wp\/v2\/pages\/73487","targetHints":{"allow":["GET"]}}],"collection":[{"href":"https:\/\/www.mikropor.com\/tr\/wp-json\/wp\/v2\/pages"}],"about":[{"href":"https:\/\/www.mikropor.com\/tr\/wp-json\/wp\/v2\/types\/page"}],"author":[{"embeddable":true,"href":"https:\/\/www.mikropor.com\/tr\/wp-json\/wp\/v2\/users\/3"}],"replies":[{"embeddable":true,"href":"https:\/\/www.mikropor.com\/tr\/wp-json\/wp\/v2\/comments?post=73487"}],"version-history":[{"count":3,"href":"https:\/\/www.mikropor.com\/tr\/wp-json\/wp\/v2\/pages\/73487\/revisions"}],"predecessor-version":[{"id":82464,"href":"https:\/\/www.mikropor.com\/tr\/wp-json\/wp\/v2\/pages\/73487\/revisions\/82464"}],"up":[{"embeddable":true,"href":"https:\/\/www.mikropor.com\/tr\/wp-json\/wp\/v2\/pages\/72438"}],"wp:attachment":[{"href":"https:\/\/www.mikropor.com\/tr\/wp-json\/wp\/v2\/media?parent=73487"}],"curies":[{"name":"wp","href":"https:\/\/api.w.org\/{rel}","templated":true}]}}