{"id":73870,"date":"2021-05-10T23:11:08","date_gmt":"2021-05-10T20:11:08","guid":{"rendered":"https:\/\/www.mikropor.com.tr\/?page_id=73870"},"modified":"2025-06-30T16:27:14","modified_gmt":"2025-06-30T13:27:14","slug":"basincli-hava-kurutuculari","status":"publish","type":"page","link":"https:\/\/www.mikropor.com\/tr\/basincli-hava-sistemleri\/basincli-hava-kurutuculari\/","title":{"rendered":"Bas\u0131n\u00e7l\u0131 Hava Kurutucular\u0131"},"content":{"rendered":"<section class=\"wpb-content-wrapper\"><p>[vc_row][vc_column width=\u201d1\/2\u2033][vc_colum\u00adn_text]<\/p>\n<h5 style=\"font-size: 19px;\">Bas\u0131n\u00e7l\u0131 hava ile \u00e7al\u0131\u015fan t\u00fcm uygulamalarda temiz ve kuru hava kullan\u0131m\u0131 b\u00fcy\u00fck \u00f6nem ta\u015f\u0131r. Standart kompres\u00f6r \u00e7\u0131k\u0131s\u0131ndan gelen nem ya da kirlilik ciddi sistem hatalar\u0131na neden olur. Bu kalitesiz hava \u00fcretkenli\u011fi azaltmas\u0131n\u0131n yan\u0131nda nihai \u00fcr\u00fcn\u00fcn kalitesini de d\u00fc\u015f\u00fcr\u00fcr. Y\u00fcksek kalite bas\u0131n\u00e7l\u0131 havan\u0131n \u00f6neminin fark\u0131nday\u0131z ve m\u00fc\u015fterilerimize en y\u00fcksek kalitede bas\u0131n\u00e7l\u0131 hava sunmay\u0131 garanti ediyoruz.<\/h5>\n<style>.ccfw-default-sidebar {margin-top: 31px;}<\/style>\n<p>[\/vc_colum\u00adn_text][\/vc_column][vc_column width=\u201d1\/2\u2033][vc_singl\u00ade_image image=\u201d72838\u2033 img_size=\u201d306\u00d7204\u2033 add_capt\u00adion=\u201dyes\u201d alignment=\u201dcenter\u201d style=\u201dvc_box_r\u00adounded\u201d css=\u201d.vc_custo\u00adm_162067\u00ad7582088{margin-top: 5px !important;}\u201d el_class=\u201dwow fadeIn delay\u20131\u2033][\/vc_column][\/vc_row][vc_row][vc_column][vc_colum\u00adn_text]Her t\u00fcrl\u00fc bas\u0131n\u00e7l\u0131 hava filtreleme ve temizleme uygulama\u00adlar\u0131na y\u00f6nelik geli\u015ftir\u00addi\u011fimiz geni\u015f \u00fcr\u00fcn gam\u0131m\u0131zla g\u0131da, birac\u0131l\u0131k, ta\u015f\u0131nabi\u00adlir temiz hava, kimyasal santraller, saf hava ve temiz oda teknoloj\u00adileri, eczac\u0131l\u0131k sekt\u00f6r\u00fc, dokuma makineleri, foto\u011fraf laboratu\u00advarlar\u0131, sprey boyama ve toz boyama prosesleri, ambalaj, kontrol ve cihaz havas\u0131, kumlama\/p\u00fcsk\u00fcrtme, mikro\u00e7ip \u00fcretimi ve optik gibi i\u015flenmi\u015f hava ve bas\u0131n\u00e7l\u0131 havan\u0131n kullan\u0131l\u00add\u0131\u011f\u0131 di\u011fer bir\u00e7ok end\u00fcstriye uygun \u00e7\u00f6z\u00fcmler sunuyoruz.<\/p>\n<p>A\u015fa\u011f\u0131daki ana kategori\u00adlerdeki geni\u015f \u00fcr\u00fcn \u00e7e\u015fitlil\u00adi\u011fimizi g\u00f6rmek i\u00e7in soldaki panelden \u00fcr\u00fcn katalo\u011fu\u00admuzu ve bro\u015f\u00fcrle\u00adrimizi indirebi\u00adlirsiniz.<\/p>\n<ul>\n<li>Devirdaimsiz So\u011futmal\u0131 Tip Bas\u0131n\u00e7l\u0131 Hava Kurutucular\u0131<\/li>\n<li>Statik So\u011futmal\u0131 Tip Bas\u0131n\u00e7l\u0131 Hava Kurutucular\u0131<\/li>\n<li>Devirdaimli (Termal K\u00fctle) So\u011futmal\u0131 Tip Bas\u0131n\u00e7l\u0131 Hava Kurutucular\u0131<\/li>\n<li>Digital Scroll So\u011futmal\u0131 Tip Bas\u0131n\u00e7l\u0131 Hava Kurutucular\u0131<\/li>\n<li>Mod\u00fcler Kimyasal Tip Bas\u0131n\u00e7l\u0131 Hava Kurutucular\u0131<\/li>\n<li>Is\u0131tmas\u0131z Kimyasal Tip Bas\u0131n\u00e7l\u0131 Hava Kurutucular\u0131 (PSA)<\/li>\n<li>Is\u0131tmal\u0131 Kimyasal Tip Bas\u0131n\u00e7l\u0131 Hava Kurutucular\u0131 (TSA)<\/li>\n<\/ul>\n<p>[\/vc_colum\u00adn_text][\/vc_column][\/vc_row][vc_row disable_\u00adelement=\u201dyes\u201d css=\u201d.vc_custo\u00adm_161848\u00ad2935278{padding-top: 15px !important;padding-bottom: 25px !important;}\u201d][vc_column][vc_tta_t\u00adabs shape=\u201dsquare\u201d active_s\u00adection=\u201d1\u2033][vc_tta_s\u00adection title=\u201dOverview\u201d tab_id=\u201d14986407\u00ad67828-d829c451-e4e8\u2033][vc_colum\u00adn_text]A corporate tax is a tax imposed on the net profit of a corporat\u00adion that are taxed at the entity level in a particular jurisdic\u00adtion. Net profit for corporate tax is generally the financial statement net profit with modifica\u00adtions, and may be defined in great detail within each country\u2019s tax system. Such taxes may include income or other taxes.[\/vc_colum\u00adn_text][\/vc_tta_s\u00adection][vc_tta_s\u00adection title=\u201dTypes\u201d tab_id=\u201d14986407\u00ad67881-a7334b3d-3aa6\u2033][vc_colum\u00adn_text]Corporat\u00adions may be taxed on their incomes, property, or existence or equity structure by various jurisdic\u00adtions. Maryland imposes a tax on corporat\u00adions organized in that state based on the number of shares of capital stock issued and outstand\u00ading. Many jurisdic\u00adtions instead impose a tax based on stated or computed capital, often including retained profits.[\/vc_colum\u00adn_text][\/vc_tta_s\u00adection][vc_tta_s\u00adection title=\u201dIncome\u201d tab_id=\u201d14986408\u00ad23454-a7f3f480-2399\u2033][vc_colum\u00adn_text]Most systems impose income tax at a specified rate of tax times taxable income, which may be decreased due to tax exemption. The United States define taxable income for a corporat\u00adion as all gross income, i.e. sales plus other income minus cost of goods sold and tax exempt income less allowable tax deductions, without the allowance of the standard deduction.[\/vc_colum\u00adn_text][\/vc_tta_s\u00adection][\/vc_tta_t\u00adabs][\/vc_column][\/vc_row][vc_row disable_\u00adelement=\u201dyes\u201d css=\u201d.vc_custo\u00adm_162030\u00ad5243622{padding-bottom: 20px !important;}\u201d][vc_column][vc_custo\u00adm_heading text=\u201dKaynaklar\u201d font_con\u00adtainer=\u201dtag:h4|text_align:left\u201d use_them\u00ade_fonts=\u201dyes\u201d css=\u201d.vc_custo\u00adm_161848\u00ad3032907{padding-bottom: 10px !important;}\u201d][vc_row_i\u00adnner][vc_colum\u00adn_inner el_class=\u201dwow fadeIn delay\u20131\u2033][vc_colum\u00adn_text]<\/p>\n<ul class=\"doc\">\n<li><a href=\"#\" target=\"_blank\" rel=\"noopener\">OMC Sistemi Teknik Dok\u00fcman<\/a> <strong>1.76 MB<\/strong><\/li>\n<\/ul>\n<p>[\/vc_colum\u00adn_text][\/vc_colum\u00adn_inner][\/vc_row_i\u00adnner][\/vc_column][\/vc_row][vc_row disable_\u00adelement=\u201dyes\u201d css=\u201d.vc_custo\u00adm_175129\u00ad0030977{padding-bottom: 15px !important;}\u201d][vc_column][vc_colum\u00adn_text]<\/p><div class=\"wpb_wrapper\"><h3 style=\"text-align: left\" class=\"vc_custom_heading\">B\u00f6lge Sat\u0131\u015f M\u00fcd\u00fcrleri<\/h3>\n\t<div class=\"wpb_text_column wpb_content_element \">\n\t\t<div class=\"wpb_wrapper\">\n\t\t\t<div class=\"vc_row wpb_row vc_row-fluid\"><div class=\"wpb_column vc_column_container vc_col-sm-6\"><div class=\"vc_column-inner\" style=\"margin-top: -25px;\"><div class=\"wpb_wrapper\">\n\t<div class=\"wpb_text_column wpb_content_element \">\n\t\t<div class=\"wpb_wrapper\">    \n\t\t\t<p><img loading=\"lazy\" decoding=\"async\" class=\"alignleft wp-image-75586 size-thumbnail\" src=\"https:\/\/www.mikropor.com\/wp-content\/uploads\/2021\/12\/tolga-150x150.jpg\" alt=\"\" width=\"100\" height=\"100\" srcset=\"https:\/\/www.mikropor.com\/wp-content\/uploads\/2021\/12\/tolga-150x150.jpg 150w, https:\/\/www.mikropor.com\/wp-content\/uploads\/2021\/12\/tolga-300x300.jpg 300w, https:\/\/www.mikropor.com\/wp-content\/uploads\/2021\/12\/tolga.jpg 450w\" sizes=\"auto, (max-width: 150px) 100vw, 150px\"><\/p>\n<h5 style=\"white-space: nowrap;\">Tolga At\u00e7\u0131<\/h5>\n<h6 style=\"white-space: nowrap;\">T: +90 216 455 55 42<br>\nM: +90 533 618 62 66<br>\n<a href=\"mailto:tolga.atci@mikropor.com\">tolga.atci@mikropor.com<\/a><br><\/h6>\n\n\t\t<\/div>\n\t<\/div>\n<\/div><\/div><\/div><div class=\"wpb_column vc_column_container vc_col-sm-6\"><div class=\"vc_column-inner\" style=\"margin-top: -25px;\"><div class=\"wpb_wrapper\">\n\t<div class=\"wpb_text_column wpb_content_element \">\n\t\t<div class=\"wpb_wrapper\">\n\t\t\t<p><img loading=\"lazy\" decoding=\"async\" class=\"alignleft wp-image-75586 size-thumbnail\" src=\"https:\/\/www.mikropor.com\/wp-content\/uploads\/2021\/12\/eray-150x150.jpg\" alt=\"\" width=\"100\" height=\"100\"><\/p>\n<h5 style=\"white-space: nowrap;\">Eray K\u0131z\u0131lc\u0131ko\u011flu<\/h5>\n<h6 style=\"white-space: nowrap;\">T: +90 312 267 07 00<br>\nM: +90 533 612 55 59<br>\n<a href=\"mailto:eray.kizilcikoglu@mikropor.com\">eray.kizilcikoglu@mikropor.com<\/a><br><\/h6>\n\n\t\t<\/div>\n\t<\/div>\n<\/div><\/div><\/div><\/div>\n\n\t\t<\/div>\n\t<\/div>\n<\/div>[\/vc_column_text][\/vc_column][\/vc_row][vc_row][vc_column][vc_raw_html]JTNDc3R5bGUlM0UuZW50cnktY29udGVudCUyMCU3Qm1hcmdpbi10b3AlM0ElMjAzMHB4JTNCJTdEJTIwLmFkdmFuY2VkLXNpZGViYXItbWVudSUyMCU3QiUyMG1hcmdpbi10b3AlM0ElMjAzMHB4JTNCJTIwJTdEJTNDJTJGc3R5bGUlM0U=[\/vc_raw_html][\/vc_column][\/vc_row]\n<\/section>","protected":false},"excerpt":{"rendered":"<p>[vc_row][vc_column width=\u201d1\/2\u2033][vc_colum\u00adn_text] Bas\u0131n\u00e7l\u0131 hava ile \u00e7al\u0131\u015fan t\u00fcm uygulamalarda temiz ve kuru hava kullan\u0131m\u0131 b\u00fcy\u00fck \u00f6nem ta\u015f\u0131r. Standart kompres\u00f6r \u00e7\u0131k\u0131s\u0131ndan gelen nem ya da kirlilik ciddi sistem hatalar\u0131na neden olur. Bu kalitesiz hava \u00fcretkenli\u011fi azaltmas\u0131n\u0131n yan\u0131nda nihai \u00fcr\u00fcn\u00fcn kalitesini de d\u00fc\u015f\u00fcr\u00fcr. Y\u00fcksek kalite bas\u0131n\u00e7l\u0131 havan\u0131n \u00f6neminin fark\u0131nday\u0131z ve m\u00fc\u015fterilerimize en y\u00fcksek kalitede bas\u0131n\u00e7l\u0131 hava sunmay\u0131 garanti [&hellip;]<\/p>\n","protected":false},"author":3,"featured_media":0,"parent":72447,"menu_order":0,"comment_status":"closed","ping_status":"closed","template":"","meta":{"footnotes":""},"class_list":["post-73870","page","type-page","status-publish","hentry"],"_links":{"self":[{"href":"https:\/\/www.mikropor.com\/tr\/wp-json\/wp\/v2\/pages\/73870","targetHints":{"allow":["GET"]}}],"collection":[{"href":"https:\/\/www.mikropor.com\/tr\/wp-json\/wp\/v2\/pages"}],"about":[{"href":"https:\/\/www.mikropor.com\/tr\/wp-json\/wp\/v2\/types\/page"}],"author":[{"embeddable":true,"href":"https:\/\/www.mikropor.com\/tr\/wp-json\/wp\/v2\/users\/3"}],"replies":[{"embeddable":true,"href":"https:\/\/www.mikropor.com\/tr\/wp-json\/wp\/v2\/comments?post=73870"}],"version-history":[{"count":6,"href":"https:\/\/www.mikropor.com\/tr\/wp-json\/wp\/v2\/pages\/73870\/revisions"}],"predecessor-version":[{"id":82458,"href":"https:\/\/www.mikropor.com\/tr\/wp-json\/wp\/v2\/pages\/73870\/revisions\/82458"}],"up":[{"embeddable":true,"href":"https:\/\/www.mikropor.com\/tr\/wp-json\/wp\/v2\/pages\/72447"}],"wp:attachment":[{"href":"https:\/\/www.mikropor.com\/tr\/wp-json\/wp\/v2\/media?parent=73870"}],"curies":[{"name":"wp","href":"https:\/\/api.w.org\/{rel}","templated":true}]}}