{"id":73881,"date":"2021-05-20T12:57:56","date_gmt":"2021-05-20T09:57:56","guid":{"rendered":"https:\/\/www.mikropor.com.tr\/?page_id=73881"},"modified":"2025-11-03T17:03:56","modified_gmt":"2025-11-03T14:03:56","slug":"azot-jeneratorleri","status":"publish","type":"page","link":"https:\/\/www.mikropor.com\/tr\/gaz-uretim-sistemleri\/azot-jeneratorleri\/","title":{"rendered":"Azot Jenerat\u00f6rleri"},"content":{"rendered":"<section class=\"wpb-content-wrapper\"><p>[vc_row][vc_column width=\u201d1\/2\u2033][vc_colum\u00adn_text]<\/p>\n<h5 style=\"font-size: 19px;\">Azot \u00fcretim sistemlerimiz, azot safla\u015ft\u0131rma sistemlerimizle birlikte g\u00fc\u00e7 t\u00fcketimini \u00f6nemli \u00f6l\u00e7\u00fcde azalt\u0131rken, m\u00fcmk\u00fcn olan en y\u00fcksek azot safl\u0131\u011f\u0131 seviyelerinin elde edilmesini sa\u011flar. Geni\u015f \u00fcr\u00fcn \u00e7e\u015fitlili\u011fimizle farkl\u0131 safl\u0131klarda azot gereksinimlerine \u00f6zel \u00e7\u00f6z\u00fcmler sunuyoruz.<\/h5>\n<style>.ccfw-default-sidebar {margin-top: 31px;}<\/style>\n<p>[\/vc_colum\u00adn_text][\/vc_column][vc_column width=\u201d1\/2\u2033][vc_singl\u00ade_image image=\u201d72848\u2033 img_size=\u201d306\u00d7204\u2033 add_capt\u00adion=\u201dyes\u201d alignment=\u201dcenter\u201d style=\u201dvc_box_r\u00adounded\u201d css=\u201d.vc_custo\u00adm_162150\u00ad4838450{margin-top: 5px !important;}\u201d el_class=\u201dwow fadeIn delay\u20131\u2033][\/vc_column][\/vc_row][vc_row][vc_column][vc_colum\u00adn_text]Azotu oksijenden ay\u0131r\u0131p zenginle\u00ad\u015ftirmek i\u00e7in kullan\u0131lan Bas\u0131n\u00e7 Sal\u0131n\u0131ml\u0131 Adsorpsi\u00adyon (PSA: Pressure Swing Adsorption) tipi Azot Jenerat\u00f6r\u00fc Sistemi, adsorpsi\u00adyon i\u00e7in Karbon Molek\u00fcll\u00fc Elek (CMS: Carbon Molecular Sieve) kullan\u0131r. Karbon Molek\u00fcll\u00fc Elek (CMS), belli bir bas\u0131n\u00e7 alt\u0131nda oksijen ve su buhar\u0131 molek\u00fcll\u00aderini tutup, azotun ge\u00e7mesine izin verir.<\/p>\n<p>Yeni geli\u015ftir\u00addi\u011fimiz MDX Serisi Azot Safla\u015ft\u0131\u00adrma Sistemi, azot safl\u0131k seviyele\u00adrini % 99,5 veya % 99,9\u2019dan ba\u015flayarak % 99,999 safl\u0131\u011fa kadar y\u00fckseltmek i\u00e7in son derece ekonomik bir yol sunar.<\/p>\n<p>Metal, kimya, plastik end\u00fcstri\u00adleri, temizleme, ar\u0131tma ve azot dolum uygulama\u00adlar\u0131, g\u0131da \u00fcretim ve depolama s\u00fcre\u00e7leri gibi \u00e7ok \u00e7e\u015fitli alanlara \u00f6zel m\u00fc\u015fteri odakl\u0131 \u00e7\u00f6z\u00fcmler sunuyoruz.<\/p>\n<p>A\u015fa\u011f\u0131daki ana kategori\u00adlerdeki geni\u015f \u00fcr\u00fcn \u00e7e\u015fitlil\u00adi\u011fimizi g\u00f6rmek i\u00e7in soldaki panelden \u00fcr\u00fcn katalo\u011fu\u00admuzu ve bro\u015f\u00fcrle\u00adrimizi indirebi\u00adlirsiniz.<\/p>\n<ul>\n<li>MNG PRO Serisi PSA Azot Jenerat\u00f6rleri<\/li>\n<li>MDX Serisi Azot Safla\u015ft\u0131rma Sistemleri<\/li>\n<li>MOG Serisi PSA Oksijen Jenerat\u00f6rleri<\/li>\n<\/ul>\n<p>[\/vc_colum\u00adn_text][\/vc_column][\/vc_row][vc_row disable_\u00adelement=\u201dyes\u201d css=\u201d.vc_custo\u00adm_161848\u00ad2935278{padding-top: 15px !important;padding-bottom: 25px !important;}\u201d][vc_column][vc_tta_t\u00adabs shape=\u201dsquare\u201d active_s\u00adection=\u201d1\u2033][vc_tta_s\u00adection title=\u201dOverview\u201d tab_id=\u201d14986407\u00ad67828-d829c451-e4e8\u2033][vc_colum\u00adn_text]A corporate tax is a tax imposed on the net profit of a corporat\u00adion that are taxed at the entity level in a particular jurisdic\u00adtion. Net profit for corporate tax is generally the financial statement net profit with modifica\u00adtions, and may be defined in great detail within each country\u2019s tax system. Such taxes may include income or other taxes.[\/vc_colum\u00adn_text][\/vc_tta_s\u00adection][vc_tta_s\u00adection title=\u201dTypes\u201d tab_id=\u201d14986407\u00ad67881-a7334b3d-3aa6\u2033][vc_colum\u00adn_text]Corporat\u00adions may be taxed on their incomes, property, or existence or equity structure by various jurisdic\u00adtions. Maryland imposes a tax on corporat\u00adions organized in that state based on the number of shares of capital stock issued and outstand\u00ading. Many jurisdic\u00adtions instead impose a tax based on stated or computed capital, often including retained profits.[\/vc_colum\u00adn_text][\/vc_tta_s\u00adection][vc_tta_s\u00adection title=\u201dIncome\u201d tab_id=\u201d14986408\u00ad23454-a7f3f480-2399\u2033][vc_colum\u00adn_text]Most systems impose income tax at a specified rate of tax times taxable income, which may be decreased due to tax exemption. The United States define taxable income for a corporat\u00adion as all gross income, i.e. sales plus other income minus cost of goods sold and tax exempt income less allowable tax deductions, without the allowance of the standard deduction.[\/vc_colum\u00adn_text][\/vc_tta_s\u00adection][\/vc_tta_t\u00adabs][\/vc_column][\/vc_row][vc_row disable_\u00adelement=\u201dyes\u201d css=\u201d.vc_custo\u00adm_162030\u00ad5243622{padding-bottom: 20px !important;}\u201d][vc_column][vc_custo\u00adm_heading text=\u201dKaynaklar\u201d font_con\u00adtainer=\u201dtag:h4|text_align:left\u201d use_them\u00ade_fonts=\u201dyes\u201d css=\u201d.vc_custo\u00adm_161848\u00ad3032907{padding-bottom: 10px !important;}\u201d][vc_row_i\u00adnner][vc_colum\u00adn_inner el_class=\u201dwow fadeIn delay\u20131\u2033][vc_colum\u00adn_text]<\/p>\n<ul class=\"doc\">\n<li><a href=\"#\" target=\"_blank\" rel=\"noopener\">OMC Sistemi Teknik Dok\u00fcman<\/a> <strong>1.76 MB<\/strong><\/li>\n<\/ul>\n<p>[\/vc_colum\u00adn_text][\/vc_colum\u00adn_inner][\/vc_row_i\u00adnner][\/vc_column][\/vc_row][vc_row disable_\u00adelement=\u201dyes\u201d css=\u201d.vc_custo\u00adm_175128\u00ad9631544{padding-bottom: 15px !important;}\u201d][vc_column][vc_colum\u00adn_text]<\/p><div class=\"wpb_wrapper\"><h3 style=\"text-align: left; margin-bottom: -25px;\" class=\"vc_custom_heading\">B\u00f6lge Sat\u0131\u015f M\u00fcd\u00fcrleri<\/h3>\n\t<div class=\"wpb_text_column wpb_content_element \">\n\t\t<div class=\"wpb_wrapper\">\n\t\t\t<div class=\"vc_row wpb_row vc_row-fluid\">\n\t\t\t\t<div class=\"wpb_column vc_column_container vc_col-sm-6\">\n\t\t\t\t\t<div class=\"vc_column-inner\">\n\t\t\t\t\t\t<div class=\"wpb_wrapper\">\n\t\t\t\t\t\t\t<div class=\"wpb_text_column wpb_content_element \">\n\t\t\t\t\t\t\t\t<div class=\"wpb_wrapper\">    \n\t\t\t\t\t\t\t\t\t<p><img loading=\"lazy\" decoding=\"async\" class=\"alignleft wp-image-75586 size-thumbnail\" src=\"https:\/\/www.mikropor.com\/wp-content\/uploads\/2025\/01\/Dogan-1.jpg\" alt=\"\" width=\"100\" height=\"100\"><\/p>\n\t\t\t\t\t\t\t\t\t<h5 style=\"white-space: nowrap;\">Do\u011fan Akku\u015f<\/h5>\n\t\t\t\t\t\t\t\t\t<h6 style=\"white-space: nowrap;\">T: +90 212 211 55 00<br>\n\t\t\t\t\t\t\t\t\tM: +90 533 615 59 11<br>\n\t\t\t\t\t\t\t\t\t<a href=\"mailto:dogan.akkus@mikropor.com\">dogan.akkus@mikropor.com<\/a><br><\/h6>\n\t\t\t\t\t\t\t\t<\/div>\n\t\t\t\t\t\t\t<\/div>\n\t\t\t\t\t\t<\/div>\n\t\t\t\t\t<\/div>\n\t\t\t\t<\/div>\n\t\t\t\t<div class=\"wpb_column vc_column_container vc_col-sm-6\">\n\t\t\t\t\t<div class=\"vc_column-inner\">\n\t\t\t\t\t\t<div class=\"wpb_wrapper\">\n\t\t\t\t\t\t\t<div class=\"wpb_text_column wpb_content_element \">\n\t\t\t\t\t\t\t\t<div class=\"wpb_wrapper\">\n\t\t\t\t\t\t\t\t\t<p><img loading=\"lazy\" decoding=\"async\" class=\"alignleft wp-image-75586 size-thumbnail\" src=\"https:\/\/www.mikropor.com\/wp-content\/uploads\/2021\/12\/eray-150x150.jpg\" alt=\"\" width=\"100\" height=\"100\"><\/p>\n\t\t\t\t\t\t\t\t\t<h5 style=\"white-space: nowrap;\">Eray K\u0131z\u0131lc\u0131ko\u011flu<\/h5>\n\t\t\t\t\t\t\t\t\t<h6 style=\"white-space: nowrap;\">T: +90 312 267 07 00<br>\n\t\t\t\t\t\t\t\t\tM: +90 533 612 55 59<br>\n\t\t\t\t\t\t\t\t\t<a href=\"mailto:eray.kizilcikoglu@mikropor.com\">eray.kizilcikoglu@mikropor.com<\/a><br><\/h6>\n\t\t\t\t\t\t\t\t<\/div>\n\t\t\t\t\t\t\t<\/div>\n\t\t\t\t\t\t<\/div>\n\t\t\t\t\t<\/div>\n\t\t\t\t<\/div>\n\t\t\t<\/div>\n\t\t\t<div class=\"vc_row wpb_row vc_row-fluid\">\n\t\t\t\t<div class=\"wpb_column vc_column_container vc_col-sm-6\">\n\t\t\t\t\t<div class=\"vc_column-inner\">\n\t\t\t\t\t\t<div class=\"wpb_wrapper\">\n\t\t\t\t\t\t\t<div class=\"wpb_text_column wpb_content_element \">\n\t\t\t\t\t\t\t\t<div class=\"wpb_wrapper\">    \n\t\t\t\t\t\t\t\t\t<p><img loading=\"lazy\" decoding=\"async\" class=\"alignleft wp-image-75586 size-thumbnail\" src=\"https:\/\/www.mikropor.com\/wp-content\/uploads\/2021\/12\/tolga-150x150.jpg\" alt=\"\" width=\"100\" height=\"100\" srcset=\"https:\/\/www.mikropor.com\/wp-content\/uploads\/2021\/12\/tolga-150x150.jpg 150w, https:\/\/www.mikropor.com\/wp-content\/uploads\/2021\/12\/tolga-300x300.jpg 300w, https:\/\/www.mikropor.com\/wp-content\/uploads\/2021\/12\/tolga.jpg 450w\" sizes=\"auto, (max-width: 100px) 100vw, 100px\"><\/p>\n\t\t\t\t\t\t\t\t\t<h5 style=\"white-space: nowrap;\">Tolga AT\u00c7I<\/h5>\n\t\t\t\t\t\t\t\t\t<h6 style=\"white-space: nowrap;\">T: +90 216 455 55 42<br>\n\t\t\t\t\t\t\t\t\tM: +90 533 618 62 66<br>\n\t\t\t\t\t\t\t\t\t<a href=\"mailto:tolga.atci@mikropor.com\">tolga.atci@mikropor.com<\/a><br><\/h6>\n\t\t\t\t\t\t\t\t<\/div>\n\t\t\t\t\t\t\t<\/div>\n\t\t\t\t\t\t<\/div>\n\t\t\t\t\t<\/div>\n\t\t\t\t<\/div>\n\t\t\t<\/div>\n\t\t<\/div>\n\t<\/div>\n<\/div>\n[\/vc_column_text][\/vc_column][\/vc_row][vc_row disable_element=\u201dyes\u201d css=\u201d.vc_custom_1629147470677{margin-bottom: -15px !important;}\u201d][vc_column width=\u201d1\/2\u2033 el_class=\u201dwow fadeIn delay\u20131\u2033][vc_row_inner][vc_column_inner width=\u201d1\/3\u2033][vc_single_image image=\u201d72405\u2033 img_size=\u201dfull\u201d el_class=\u201dmarka-mobill\u201d][\/vc_column_inner][vc_column_inner width=\u201d2\/3\u2033][vc_column_text]\n<h5>Tolga AT\u00c7I<\/h5>\n<h6>T: +90 216 455 55 42<br>\nM: +90 533 618 62 66<br>\n<a href=\"mailto:tolga.atci@mikropor.com\">tolga.atci@mikropor.com<\/a><\/h6>\n<p>[\/vc_colum\u00adn_text][\/vc_colum\u00adn_inner][\/vc_row_i\u00adnner][\/vc_column][vc_column width=\u201d1\/2\u2033 el_class=\u201dwow fadeIn delay\u20132\u2033][vc_row_i\u00adnner][vc_colum\u00adn_inner width=\u201d1\/3\u2033][vc_singl\u00ade_image image=\u201d73343\u2033 img_size=\u201dfull\u201d el_class=\u201dmarka-mobill\u201d][\/vc_colum\u00adn_inner][vc_colum\u00adn_inner width=\u201d2\/3\u2033][vc_colum\u00adn_text]<\/p>\n<h5>Eray K\u0131z\u0131lc\u0131ko\u011flu<\/h5>\n<h6>T: +90 312 267 07 00<br>\nM: +90 533 612 55 59<br>\n<a href=\"mailto:eray.kizilcikoglu@mikropor.com\">eray.kizilcikoglu@mikropor.com<\/a><\/h6>\n<p>[\/vc_colum\u00adn_text][\/vc_colum\u00adn_inner][\/vc_row_i\u00adnner][\/vc_column][\/vc_row][vc_row disable_\u00adelement=\u201dyes\u201d css=\u201d.vc_custo\u00adm_165942\u00ad6150995{margin-bottom: -15px !important;}\u201d][vc_column width=\u201d1\/2\u2033 el_class=\u201dwow fadeIn delay\u20131\u2033][vc_row_i\u00adnner][vc_colum\u00adn_inner width=\u201d1\/3\u2033][vc_singl\u00ade_image image=\u201d75763\u2033 img_size=\u201dfull\u201d el_class=\u201dmarka-mobill\u201d][\/vc_colum\u00adn_inner][vc_colum\u00adn_inner width=\u201d2\/3\u2033][vc_colum\u00adn_text]<\/p>\n<h5>Koray Vatansever<\/h5>\n<h6>T: +90 212 211 55 00<br>\nM: +90 539 516 31 01<br>\n<a href=\"mailto:Koray.Vatansever@mikropor.com;\">Koray.Vatansever@mikropor.com<\/a><\/h6>\n<p>[\/vc_colum\u00adn_text][\/vc_colum\u00adn_inner][\/vc_row_i\u00adnner][\/vc_column][vc_column width=\u201d1\/2\u2033 el_class=\u201dwow fadeIn delay\u20132\u2033][vc_row_i\u00adnner][vc_colum\u00adn_inner width=\u201d1\/3\u2033][vc_singl\u00ade_image image=\u201d73343\u2033 img_size=\u201dfull\u201d el_class=\u201dmarka-mobill\u201d][\/vc_colum\u00adn_inner][vc_colum\u00adn_inner width=\u201d2\/3\u2033][vc_colum\u00adn_text]<\/p>\n<h5>Eray K\u0131z\u0131lc\u0131ko\u011flu<\/h5>\n<h6>T: +90 312 267 07 00<br>\nM: +90 533 612 55 59<br>\n<a href=\"mailto:eray.kizilcikoglu@mikropor.com\">eray.kizilcikoglu@mikropor.com<\/a><\/h6>\n<p>[\/vc_colum\u00adn_text][\/vc_colum\u00adn_inner][\/vc_row_i\u00adnner][\/vc_column][\/vc_row][vc_row][vc_column][vc_raw_h\u00adtml]JTNDc3R5\u00adbGUlM0Uu\u00adZW50cnkt\u00adY29udGVu\u00addCUyMCU3\u00adQm1hcmdp\u00adbi10b3Al\u00adM0ElMjAz\u00adMHB4JTNC\u00adJTdEJTIw\u00adLmFkdmFu\u00adY2VkLXNp\u00adZGViYXIt\u00adbWVudSUy\u00adMCU3QiUy\u00adMG1hcmdp\u00adbi10b3Al\u00adM0ElMjAz\u00adMHB4JTNC\u00adJTIwJTdE\u00adJTNDJTJG\u00adc3R5bGUl\u00adM0U=[\/vc_raw_h\u00adtml][\/vc_column][\/vc_row]<\/p>\n<\/section>","protected":false},"excerpt":{"rendered":"<p>[vc_row][vc_column width=\u201d1\/2\u2033][vc_colum\u00adn_text] Azot \u00fcretim sistemlerimiz, azot safla\u015ft\u0131rma sistemlerimizle birlikte g\u00fc\u00e7 t\u00fcketimini \u00f6nemli \u00f6l\u00e7\u00fcde azalt\u0131rken, m\u00fcmk\u00fcn olan en y\u00fcksek azot safl\u0131\u011f\u0131 seviyelerinin elde edilmesini sa\u011flar. Geni\u015f \u00fcr\u00fcn \u00e7e\u015fitlili\u011fimizle farkl\u0131 safl\u0131klarda azot gereksinimlerine \u00f6zel \u00e7\u00f6z\u00fcmler sunuyoruz. [\/vc_colum\u00adn_text][\/vc_column][vc_column width=\u201d1\/2\u2033][vc_singl\u00ade_image image=\u201d72848\u2033 img_size=\u201d306\u00d7204\u2033 add_capt\u00adion=\u201dyes\u201d alignment=\u201dcenter\u201d style=\u201dvc_box_r\u00adounded\u201d css=\u201d.vc_custo\u00adm_162150\u00ad4838450{margin-top: 5px !important;}\u201d el_class=\u201dwow fadeIn delay\u20131\u2033][\/vc_column][\/vc_row][vc_row][vc_column][vc_colum\u00adn_text]Azotu oksijenden ay\u0131r\u0131p zenginle\u00ad\u015ftirmek i\u00e7in kullan\u0131lan Bas\u0131n\u00e7 Sal\u0131n\u0131ml\u0131 Adsorpsi\u00adyon [&hellip;]<\/p>\n","protected":false},"author":3,"featured_media":0,"parent":72452,"menu_order":0,"comment_status":"closed","ping_status":"closed","template":"","meta":{"footnotes":""},"class_list":["post-73881","page","type-page","status-publish","hentry"],"_links":{"self":[{"href":"https:\/\/www.mikropor.com\/tr\/wp-json\/wp\/v2\/pages\/73881","targetHints":{"allow":["GET"]}}],"collection":[{"href":"https:\/\/www.mikropor.com\/tr\/wp-json\/wp\/v2\/pages"}],"about":[{"href":"https:\/\/www.mikropor.com\/tr\/wp-json\/wp\/v2\/types\/page"}],"author":[{"embeddable":true,"href":"https:\/\/www.mikropor.com\/tr\/wp-json\/wp\/v2\/users\/3"}],"replies":[{"embeddable":true,"href":"https:\/\/www.mikropor.com\/tr\/wp-json\/wp\/v2\/comments?post=73881"}],"version-history":[{"count":5,"href":"https:\/\/www.mikropor.com\/tr\/wp-json\/wp\/v2\/pages\/73881\/revisions"}],"predecessor-version":[{"id":91351,"href":"https:\/\/www.mikropor.com\/tr\/wp-json\/wp\/v2\/pages\/73881\/revisions\/91351"}],"up":[{"embeddable":true,"href":"https:\/\/www.mikropor.com\/tr\/wp-json\/wp\/v2\/pages\/72452"}],"wp:attachment":[{"href":"https:\/\/www.mikropor.com\/tr\/wp-json\/wp\/v2\/media?parent=73881"}],"curies":[{"name":"wp","href":"https:\/\/api.w.org\/{rel}","templated":true}]}}