{"id":74311,"date":"2021-05-27T15:20:48","date_gmt":"2021-05-27T12:20:48","guid":{"rendered":"https:\/\/www.mikropor.com.tr\/?page_id=74311"},"modified":"2021-06-10T22:30:39","modified_gmt":"2021-06-10T19:30:39","slug":"yasal-uyari-ve-kullanim-sartlari","status":"publish","type":"page","link":"https:\/\/www.mikropor.com\/tr\/yasal-uyari-ve-kullanim-sartlari\/","title":{"rendered":"Yasal Uyar\u0131 ve Kullan\u0131m \u015eartlar\u0131"},"content":{"rendered":"<section class=\"wpb-content-wrapper\"><p>[vc_row][vc_column][vc_colum\u00adn_text]<\/p>\n<h3>\u00a0<\/h3>\n<p><br>Tan\u0131mlar ve Ko\u015fullar<\/p>\n<p>Bu web sitesine girmeniz veya bu web sitesind\u00adeki herhangi bir bilgiyi kullanma\u00adn\u0131z a\u015fa\u011f\u0131daki ko\u015fullar\u0131 ve h\u00fck\u00fcmleri kabul etti\u011finiz anlam\u0131na gelmekte\u00addir.<\/p>\n<p>Bu web sitesinin kullan\u0131m\u00ad\u0131ndan do\u011fan ve do\u011facak her t\u00fcrl\u00fc zarar ve\/veya kay\u0131plar\u00addan dolay\u0131 Mikropor Makina Sanayi ve Ticaret A.\u015e (bundan b\u00f6yle k\u0131saca \u201cMikropor\u201d olarak an\u0131lacak\u00adt\u0131r), y\u00f6netim kurulu \u00fcyeleri, y\u00f6netici\u00adleri, \u00e7al\u0131\u015fanl\u00adar\u0131, bu sitede yer alan bilgileri haz\u0131rlayan ki\u015filerin ve Mikropor\u2019un yetkilen\u00addirdi\u011fi ki\u015fi ve kurulu\u015fl\u00adar\u0131n hi\u00e7bir hukuki ve cezai sorumlul\u00adu\u011fu bulunmam\u00adaktad\u0131r.<\/p>\n<p>Mikropor bu yasal uyar\u0131da yer alan t\u00fcm ko\u015fullar\u0131 ve h\u00fck\u00fcmleri \u00f6nceden bir ihbara gerek kalmaks\u0131\u00adz\u0131n de\u011fi\u015ftirme ve g\u00fcncelleme hakk\u0131na haizdir.<\/p>\n\n<h3>\u00a0<\/h3>\n<p><br>Bilgilen\u00addirme ve Feragat<\/p>\n<p>Bu web sitesi bilgilen\u00addirme amac\u0131yla iyi niyetle haz\u0131rlan\u00adm\u0131\u015ft\u0131r. Bu web sitesinde yer alan her t\u00fcrl\u00fc bilgi genel nitelikte olup, do\u011frulu\u011fu, eksiksiz olmas\u0131, g\u00fcvenili\u00adrli\u011fi, yeterlil\u00adi\u011fi ve g\u00fcncelli\u011fi hi\u00e7bir surette Mikropor taraf\u0131ndan garanti ve taahh\u00fct edilmeme\u00adktedir.<\/p>\n<p>Mikropor, hi\u00e7bir \u015fekil ve surette \u00f6n ihbara ve\/veya ihtara gerek kalmaks\u0131\u00adz\u0131n her zaman s\u00f6z konusu bilgileri de\u011fi\u015ftir\u00adebilir, d\u00fczelteb\u00adilir ve\/veya \u00e7\u0131karabi\u00adlir.<br>Bu web sitesine eri\u015fim ve sitede yer alan bilgilerin gerek do\u011frudan gerekse dolayl\u0131 kullan\u0131m\u00ad\u0131ndan kaynakla\u00adnan do\u011frudan ve\/veya dolayl\u0131 maddi ve\/veya manevi menfi ve\/veya m\u00fcsbet, velhas\u0131l her t\u00fcrl\u00fc zarardan her nam alt\u0131nda olursa olsun Mikropor, y\u00f6netim kurulu \u00fcyeleri, y\u00f6netici\u00adleri, \u00e7al\u0131\u015fanl\u00adar\u0131, bu sitede yer alan bilgileri haz\u0131rlayan ki\u015filer ve Mikropor\u2019un yetkilen\u00addirdi\u011fi ki\u015fi ve kurulu\u015fl\u00adar\u0131n sorumlu tutulamaz.<\/p>\n\n<h3>\u00a0<\/h3>\n<p><br>Fikri M\u00fclkiyet<\/p>\n<p>Bu web sitesinde yer alan, bunlar\u0131 i\u00e7eren ama bunlarla s\u0131n\u0131rl\u0131 olmayan, t\u00fcm sayfalar, foto\u011fraf\u00adlar, dizaynlar, resimler gibi malzemeler ve bilgilere ili\u015fkin telif hakk\u0131 ve\/veya di\u011fer fikri m\u00fclkiyet haklar\u0131 Mikropor\u2019a ait ve ilgili kanunlarca korunmakta olup, bu malzemeler ve bilgiler izinsiz kullan\u0131l\u00adamaz, iktisap edilemez ve de\u011fi\u015ftir\u00adilemez.<\/p>\n<p>Bu web sitesinde ad\u0131 ge\u00e7en ba\u015fkaca \u015firketler ve \u00fcr\u00fcnleri sahipler\u00adinin ticari markalar\u00ad\u0131d\u0131r ve ayr\u0131ca fikri m\u00fclkiyet haklar\u0131 kapsam\u0131nda korunmak\u00adtad\u0131r.<br>Bu web sitesind\u00adeki bilgileri herhangi bir ticari ve \u00e7\u0131kar amac\u0131 olmadan ki\u015fisel bilgi edinmek amac\u0131yla kullanab\u00adilir, indirebi\u00adlir, kopyalay\u00adabilir ve yazd\u0131rab\u00adilirsiniz yada herhangi bir ticari ve \u00e7\u0131kar amac\u0131 olmadan \u00fc\u00e7\u00fcnc\u00fc \u015fah\u0131slara sadece ki\u015fisel bilgilen\u00addirilmel\u00aderi amac\u0131yla bu bilgilerin Mikropor web sitesinden temin edildi\u011fini ve burada yer alan t\u00fcm ko\u015ful ve h\u00fck\u00fcmlere ba\u011fl\u0131 olduklar\u00ad\u0131n\u0131 belirtmek \u015fart\u0131yla verebilir ve g\u00f6ndereb\u00adilirsiniz.<br>Bu web sitesinde yer alan herhangi bir bilgiyi, herhangi bir \u015fekilde tahrif etmek, her t\u00fcrl\u00fc cezai ve hukuki takibata neden olacakt\u0131r.<\/p>\n\n<h3>\u00a0<\/h3>\n<p><br>Yetkili Mahkeme<\/p>\n<p>Bu web sitesinin kullan\u0131m\u00ad\u0131ndan do\u011fan ve\/veya yasal uyar\u0131da yer alan ko\u015ful ve h\u00fck\u00fcmlere ili\u015fkin ve\/veya bu web sitesi ile ba\u011flant\u0131l\u0131 olarak \u00e7\u0131kabile\u00adcek uyu\u015fmazl\u00ad\u0131klarda T\u00fcrk\u00e7e Yasal Uyar\u0131 metni esas olup, Ankara Mahkemel\u00aderi ve \u0130cra ve \u0130flas Daireleri yetkilidir.<\/p>\n<p>Bu yay\u0131n, Mikropor\u2019un izni olmadan kopyalan\u00adamaz, da\u011f\u0131t\u0131la\u00admaz, ticari bir ama\u00e7la kaynak g\u00f6steril\u00admek suretiyle kullan\u0131l\u00adamaz ve hi\u00e7bir format alt\u0131nda bilgisayar sistemle\u00adrine aktar\u0131la\u00admaz. \u00a9 2021 Mikropor Makina ve Sanayi Ticaret A.\u015e.<\/p>\n\n<h3>\u00a0<\/h3>\n<p id=\"gizlilik-notu\"><br>Gizlilik Notu<\/p>\n<p>Bu e-posta (ve ekleri) gizli bilgi i\u00e7ermekt\u00adedir ve sadece g\u00f6nderilen ki\u015fiye y\u00f6neliktir. Bu e-postan\u0131n muhatab\u0131 de\u011filseniz veya i\u00e7eri\u011fi ile ilginiz yoksa, Mikropor Makina Sanayi ve Ticaret A.\u015e\u2019nin onay\u0131 olmaks\u0131z\u0131n bu e-postan\u0131n okunmas\u0131, de\u011fi\u015ftir\u00adilmesi, kopyalan\u00admas\u0131, \u00fc\u00e7\u00fcnc\u00fc ki\u015filere a\u00e7\u0131klanm\u00adas\u0131, yay\u0131nlan\u00admas\u0131, if\u015fa edilmesi veya iletilmesi yasakt\u0131r. Bu e-postan\u0131n g\u00f6nderil\u00admek istendi\u011fi ki\u015fi de\u011filseniz (ya da bu e-postay\u0131 yanl\u0131\u015fl\u0131\u00adkla ald\u0131ysan\u0131z), l\u00fctfen yollayan ki\u015fiyi hemen haberdar ediniz ve e-postay\u0131 sistemin\u00adizden derhal siliniz. E-posta iletiminin g\u00fcvenli veya hatas\u0131z oldu\u011funun garantisi olmad\u0131\u011f\u0131\u00adndan ge\u00e7 veya eksik iletim veya i\u00e7erik ve bilgilerde eksiklik, kay\u0131p, de\u011fi\u015fiklik veya vir\u00fcs olabilir. Bu nedenle, bu mesaj\u0131n iletimin\u00adden dolay\u0131, g\u00f6nderen, i\u00e7erikteki hata, eksiklik, do\u011frulu\u011fun ve gizlili\u011fin ihlalinden veya bu yolla bilgi payla\u015f\u0131m\u0131, iletimi, depolanm\u00adas\u0131 gibi herhangi bir kullan\u0131m\u00ad\u0131ndan hi\u00e7bir \u015fekilde sorumlu de\u011fildir.Bu mesaj\u0131n i\u00e7eri\u011fi yazar\u0131na ait olup, Mikropor Makina Sanayi ve Ticaret A.\u015e\u2019nin g\u00f6r\u00fc\u015fler\u00adini i\u00e7ermeye\u00adbilir.<\/p>\n<p>Bu e-postan\u0131n i\u00e7eri\u011finde ge\u00e7en \u015firketim\u00adizin ad veya nam\u0131na yarat\u0131lan fikri ve s\u0131nai haklar Mikropor Makina Sanayi ve Ticaret A.\u015e\u2019ye ait olup, maddi ve manevi t\u00fcm haklar\u0131 sakl\u0131d\u0131r.<\/p>\n<p>[\/vc_colum\u00adn_text][vc_raw_h\u00adtml]JTNDc3R5\u00adbGUlM0Uu\u00adcmlnaHQt\u00adY29udGVu\u00addCUyMCU3\u00adQiUwQSUy\u00adMCUyMCUy\u00adMCUyMHBh\u00adZGRpbmct\u00adbGVmdCUz\u00adQSUyMDUx\u00adcHglM0Il\u00adMEElMjAl\u00adMjAlMjAl\u00adMjBwYWRk\u00adaW5nLXRv\u00adcCUzQSUy\u00adMDEwcHgl\u00adM0IlMEEl\u00adN0QxMHB4\u00adJTNCJTND\u00adJTJGc3R5\u00adbGUlM0U=[\/vc_raw_h\u00adtml][\/vc_column][\/vc_row][vc_row][vc_column][vc_colum\u00adn_text]<\/p>\n<p>[\/vc_colum\u00adn_text][\/vc_column][\/vc_row]<\/p><\/section>","protected":false},"excerpt":{"rendered":"<p>[vc_row][vc_column][vc_colum\u00adn_text] \u00a0 Tan\u0131mlar ve Ko\u015fullar Bu web sitesine girmeniz veya bu web sitesind\u00adeki herhangi bir bilgiyi kullanma\u00adn\u0131z a\u015fa\u011f\u0131daki ko\u015fullar\u0131 ve h\u00fck\u00fcmleri kabul etti\u011finiz anlam\u0131na gelmekte\u00addir. Bu web sitesinin kullan\u0131m\u00ad\u0131ndan do\u011fan ve do\u011facak her t\u00fcrl\u00fc zarar ve\/veya kay\u0131plar\u00addan dolay\u0131 Mikropor Makina Sanayi ve Ticaret A.\u015e (bundan b\u00f6yle k\u0131saca \u201cMikropor\u201d olarak an\u0131lacak\u00adt\u0131r), y\u00f6netim kurulu \u00fcyeleri, y\u00f6netici\u00adleri, \u00e7al\u0131\u015fanl\u00adar\u0131, [&hellip;]<\/p>\n","protected":false},"author":3,"featured_media":0,"parent":0,"menu_order":0,"comment_status":"closed","ping_status":"closed","template":"","meta":{"footnotes":""},"class_list":["post-74311","page","type-page","status-publish","hentry"],"_links":{"self":[{"href":"https:\/\/www.mikropor.com\/tr\/wp-json\/wp\/v2\/pages\/74311","targetHints":{"allow":["GET"]}}],"collection":[{"href":"https:\/\/www.mikropor.com\/tr\/wp-json\/wp\/v2\/pages"}],"about":[{"href":"https:\/\/www.mikropor.com\/tr\/wp-json\/wp\/v2\/types\/page"}],"author":[{"embeddable":true,"href":"https:\/\/www.mikropor.com\/tr\/wp-json\/wp\/v2\/users\/3"}],"replies":[{"embeddable":true,"href":"https:\/\/www.mikropor.com\/tr\/wp-json\/wp\/v2\/comments?post=74311"}],"version-history":[{"count":0,"href":"https:\/\/www.mikropor.com\/tr\/wp-json\/wp\/v2\/pages\/74311\/revisions"}],"wp:attachment":[{"href":"https:\/\/www.mikropor.com\/tr\/wp-json\/wp\/v2\/media?parent=74311"}],"curies":[{"name":"wp","href":"https:\/\/api.w.org\/{rel}","templated":true}]}}