{"id":75309,"date":"2021-08-20T12:51:14","date_gmt":"2021-08-20T09:51:14","guid":{"rendered":"https:\/\/www.mikropor.com\/?page_id=75309"},"modified":"2025-06-30T16:18:46","modified_gmt":"2025-06-30T13:18:46","slug":"oksijen-jeneratorleri","status":"publish","type":"page","link":"https:\/\/www.mikropor.com\/tr\/gaz-uretim-sistemleri\/oksijen-jeneratorleri\/","title":{"rendered":"Oksijen Jenerat\u00f6rleri"},"content":{"rendered":"<section class=\"wpb-content-wrapper\"><p>[vc_row][vc_column width=\u201d1\/2\u2033][vc_colum\u00adn_text]<\/p>\n<h5 style=\"font-size: 19px;\">Oksijen jenerat\u00f6rlerimiz, bas\u0131n\u00e7 sal\u0131n\u0131ml\u0131 adsorpsiyon (PSA) y\u00f6ntemi kullan\u0131larak g\u00fcvenilir bir \u015fekilde saf oksijen elde edilmesini sa\u011flar. \u0130\u00e7erisinde g\u00fc\u00e7l\u00fc bir adsorban olan zeolit molek\u00fcler elek sayesinde oksijen, havada bulunan ba\u015fta azot ve argon gibi elementlerden ayr\u0131l\u0131r.<\/h5>\n<style>.ccfw-default-sidebar {margin-top: 31px;}<\/style>\n<p>[\/vc_colum\u00adn_text][\/vc_column][vc_column width=\u201d1\/2\u2033][vc_singl\u00ade_image image=\u201d72848\u2033 img_size=\u201d306\u00d7204\u2033 add_capt\u00adion=\u201dyes\u201d alignment=\u201dcenter\u201d style=\u201dvc_box_r\u00adounded\u201d css=\u201d.vc_custo\u00adm_162150\u00ad4838450{margin-top: 5px !important;}\u201d el_class=\u201dwow fadeIn delay\u20131\u2033][\/vc_column][\/vc_row][vc_row][vc_column][vc_colum\u00adn_text]Oksijen jenerat\u00f6\u00adrlerimiz , i\u00e7erisi zeolit molek\u00fcll\u00aderiyle doldurul\u00admu\u015f iki kuleye, giri\u015fte kullan\u0131lan \u00f6zel ya\u011f separat\u00f6\u00adr\u00fcne (Carboles\u00adcer), c\u0131k\u0131\u015f partik\u00fcl filtrele\u00adrine, \u00f6zel tasar\u0131m valf, debimetre ve oksijen analiz\u00f6r\u00ad\u00fcne sahiptir. Birinci tankta zeolit belli bir bas\u0131n\u00e7 alt\u0131nda azot, argon gibi molek\u00fcll\u00aderi tutar ve oksijen ayr\u0131\u015ft\u0131rma i\u015flemi ba\u015flar.<\/p>\n<p>Yeni geli\u015ftir\u00addi\u011fimiz MOG Serisi PSA Oksijen Jenerat\u00f6\u00adrleri, m\u00fc\u015fteri beklenti ve ihtiya\u00e7l\u00adar\u0131na g\u00f6re de\u011fi\u015fen, %90 ile %95 aral\u0131\u011f\u0131n\u00addaki safl\u0131k de\u011ferler\u00adinde y\u00fcksek kapasitede oksijen sunar.<\/p>\n<p>Metal, medikal, cam, maden, ka\u011f\u0131t end\u00fcstri\u00adleri; ozon sistemleri, bal\u0131k \u00e7iftlikl\u00aderi ve end\u00fcstri\u00adyel f\u0131r\u0131nlar gibi \u00e7ok \u00e7e\u015fitli alanlara \u00f6zel m\u00fc\u015fteri odakl\u0131 \u00e7\u00f6z\u00fcmler sunuyoruz.<\/p>\n<p>Geni\u015f \u00fcr\u00fcn \u00e7e\u015fitlil\u00adi\u011fimizi g\u00f6rmek i\u00e7in soldaki panelden \u00fcr\u00fcn katalo\u011fu\u00admuzu ve bro\u015f\u00fcrle\u00adrimizi indirebi\u00adlirsiniz.[\/vc_colum\u00adn_text][\/vc_column][\/vc_row][vc_row disable_\u00adelement=\u201dyes\u201d css=\u201d.vc_custo\u00adm_161848\u00ad2935278{padding-top: 15px !important;padding-bottom: 25px !important;}\u201d][vc_column][vc_tta_t\u00adabs shape=\u201dsquare\u201d active_s\u00adection=\u201d1\u2033][vc_tta_s\u00adection title=\u201dOverview\u201d tab_id=\u201d14986407\u00ad67828-d829c451-e4e8\u2033][vc_colum\u00adn_text]A corporate tax is a tax imposed on the net profit of a corporat\u00adion that are taxed at the entity level in a particular jurisdic\u00adtion. Net profit for corporate tax is generally the financial statement net profit with modifica\u00adtions, and may be defined in great detail within each country\u2019s tax system. Such taxes may include income or other taxes.[\/vc_colum\u00adn_text][\/vc_tta_s\u00adection][vc_tta_s\u00adection title=\u201dTypes\u201d tab_id=\u201d14986407\u00ad67881-a7334b3d-3aa6\u2033][vc_colum\u00adn_text]Corporat\u00adions may be taxed on their incomes, property, or existence or equity structure by various jurisdic\u00adtions. Maryland imposes a tax on corporat\u00adions organized in that state based on the number of shares of capital stock issued and outstand\u00ading. Many jurisdic\u00adtions instead impose a tax based on stated or computed capital, often including retained profits.[\/vc_colum\u00adn_text][\/vc_tta_s\u00adection][vc_tta_s\u00adection title=\u201dIncome\u201d tab_id=\u201d14986408\u00ad23454-a7f3f480-2399\u2033][vc_colum\u00adn_text]Most systems impose income tax at a specified rate of tax times taxable income, which may be decreased due to tax exemption. The United States define taxable income for a corporat\u00adion as all gross income, i.e. sales plus other income minus cost of goods sold and tax exempt income less allowable tax deductions, without the allowance of the standard deduction.[\/vc_colum\u00adn_text][\/vc_tta_s\u00adection][\/vc_tta_t\u00adabs][\/vc_column][\/vc_row][vc_row disable_\u00adelement=\u201dyes\u201d css=\u201d.vc_custo\u00adm_162030\u00ad5243622{padding-bottom: 20px !important;}\u201d][vc_column][vc_custo\u00adm_heading text=\u201dKaynaklar\u201d font_con\u00adtainer=\u201dtag:h4|text_align:left\u201d use_them\u00ade_fonts=\u201dyes\u201d css=\u201d.vc_custo\u00adm_161848\u00ad3032907{padding-bottom: 10px !important;}\u201d][vc_row_i\u00adnner][vc_colum\u00adn_inner el_class=\u201dwow fadeIn delay\u20131\u2033][vc_colum\u00adn_text]<\/p>\n<ul class=\"doc\">\n<li><a href=\"#\" target=\"_blank\" rel=\"noopener\">OMC Sistemi Teknik Dok\u00fcman<\/a> <strong>1.76 MB<\/strong><\/li>\n<\/ul>\n<p>[\/vc_colum\u00adn_text][\/vc_colum\u00adn_inner][\/vc_row_i\u00adnner][\/vc_column][\/vc_row][vc_row disable_\u00adelement=\u201dyes\u201d css=\u201d.vc_custo\u00adm_175128\u00ad9524940{padding-bottom: 15px !important;}\u201d][vc_column][vc_colum\u00adn_text]<\/p><div class=\"wpb_wrapper\"><h3 style=\"text-align: left\" class=\"vc_custom_heading\">B\u00f6lge Sat\u0131\u015f M\u00fcd\u00fcrleri<\/h3>\n\t<div class=\"wpb_text_column wpb_content_element \">\n\t\t<div class=\"wpb_wrapper\">\n\t\t\t<div class=\"vc_row wpb_row vc_row-fluid\"><div class=\"wpb_column vc_column_container vc_col-sm-6\"><div class=\"vc_column-inner\" style=\"margin-top: -25px;\"><div class=\"wpb_wrapper\">\n\t<div class=\"wpb_text_column wpb_content_element \">\n\t\t<div class=\"wpb_wrapper\">    \n\t\t\t<p><img loading=\"lazy\" decoding=\"async\" class=\"alignleft wp-image-75586 size-thumbnail\" src=\"https:\/\/www.mikropor.com\/wp-content\/uploads\/2021\/12\/tolga-150x150.jpg\" alt=\"\" width=\"100\" height=\"100\" srcset=\"https:\/\/www.mikropor.com\/wp-content\/uploads\/2021\/12\/tolga-150x150.jpg 150w, https:\/\/www.mikropor.com\/wp-content\/uploads\/2021\/12\/tolga-300x300.jpg 300w, https:\/\/www.mikropor.com\/wp-content\/uploads\/2021\/12\/tolga.jpg 450w\" sizes=\"auto, (max-width: 150px) 100vw, 150px\"><\/p>\n<h5 style=\"white-space: nowrap;\">Tolga At\u00e7\u0131<\/h5>\n<h6 style=\"white-space: nowrap;\">T: +90 216 455 55 42<br>\nM: +90 533 618 62 66<br>\n<a href=\"mailto:tolga.atci@mikropor.com\">tolga.atci@mikropor.com<\/a><br><\/h6>\n\n\t\t<\/div>\n\t<\/div>\n<\/div><\/div><\/div><div class=\"wpb_column vc_column_container vc_col-sm-6\"><div class=\"vc_column-inner\" style=\"margin-top: -25px;\"><div class=\"wpb_wrapper\">\n\t<div class=\"wpb_text_column wpb_content_element \">\n\t\t<div class=\"wpb_wrapper\">\n\t\t\t<p><img loading=\"lazy\" decoding=\"async\" class=\"alignleft wp-image-75586 size-thumbnail\" src=\"https:\/\/www.mikropor.com\/wp-content\/uploads\/2021\/12\/eray-150x150.jpg\" alt=\"\" width=\"100\" height=\"100\"><\/p>\n<h5 style=\"white-space: nowrap;\">Eray K\u0131z\u0131lc\u0131ko\u011flu<\/h5>\n<h6 style=\"white-space: nowrap;\">T: +90 312 267 07 00<br>\nM: +90 533 612 55 59<br>\n<a href=\"mailto:eray.kizilcikoglu@mikropor.com\">eray.kizilcikoglu@mikropor.com<\/a><br><\/h6>\n\n\t\t<\/div>\n\t<\/div>\n<\/div><\/div><\/div><\/div>\n\n\t\t<\/div>\n\t<\/div>\n<\/div>[\/vc_column_text][\/vc_column][\/vc_row][vc_row disable_element=\u201dyes\u201d css=\u201d.vc_custom_1629147470677{margin-bottom: -15px !important;}\u201d][vc_column width=\u201d1\/2\u2033 el_class=\u201dwow fadeIn delay\u20131\u2033][vc_row_inner][vc_column_inner width=\u201d1\/3\u2033][vc_single_image image=\u201d72405\u2033 img_size=\u201dfull\u201d el_class=\u201dmarka-mobill\u201d][\/vc_column_inner][vc_column_inner width=\u201d2\/3\u2033][vc_column_text]\n<h5>Tolga AT\u00c7I<\/h5>\n<h6>T: +90 216 455 55 42<br>\nM: +90 533 618 62 66<br>\n<a href=\"mailto:tolga.atci@mikropor.com\">tolga.atci@mikropor.com<\/a><\/h6>\n<p>[\/vc_colum\u00adn_text][\/vc_colum\u00adn_inner][\/vc_row_i\u00adnner][\/vc_column][vc_column width=\u201d1\/2\u2033 el_class=\u201dwow fadeIn delay\u20132\u2033][vc_row_i\u00adnner][vc_colum\u00adn_inner width=\u201d1\/3\u2033][vc_singl\u00ade_image image=\u201d73343\u2033 img_size=\u201dfull\u201d el_class=\u201dmarka-mobill\u201d][\/vc_colum\u00adn_inner][vc_colum\u00adn_inner width=\u201d2\/3\u2033][vc_colum\u00adn_text]<\/p>\n<h5>Eray K\u0131z\u0131lc\u0131ko\u011flu<\/h5>\n<h6>T: +90 312 267 07 00<br>\nM: +90 533 612 55 59<br>\n<a href=\"mailto:eray.kizilcikoglu@mikropor.com\">eray.kizilcikoglu@mikropor.com<\/a><\/h6>\n<p>[\/vc_colum\u00adn_text][\/vc_colum\u00adn_inner][\/vc_row_i\u00adnner][\/vc_column][\/vc_row][vc_row][vc_column][vc_raw_h\u00adtml]JTNDc3R5\u00adbGUlM0Uu\u00adZW50cnkt\u00adY29udGVu\u00addCUyMCU3\u00adQm1hcmdp\u00adbi10b3Al\u00adM0ElMjAz\u00adMHB4JTNC\u00adJTdEJTIw\u00adLmFkdmFu\u00adY2VkLXNp\u00adZGViYXIt\u00adbWVudSUy\u00adMCU3QiUy\u00adMG1hcmdp\u00adbi10b3Al\u00adM0ElMjAz\u00adMHB4JTNC\u00adJTIwJTdE\u00adJTNDJTJG\u00adc3R5bGUl\u00adM0U=[\/vc_raw_h\u00adtml][\/vc_column][\/vc_row]<\/p>\n<\/section>","protected":false},"excerpt":{"rendered":"<p>[vc_row][vc_column width=\u201d1\/2\u2033][vc_colum\u00adn_text] Oksijen jenerat\u00f6rlerimiz, bas\u0131n\u00e7 sal\u0131n\u0131ml\u0131 adsorpsiyon (PSA) y\u00f6ntemi kullan\u0131larak g\u00fcvenilir bir \u015fekilde saf oksijen elde edilmesini sa\u011flar. \u0130\u00e7erisinde g\u00fc\u00e7l\u00fc bir adsorban olan zeolit molek\u00fcler elek sayesinde oksijen, havada bulunan ba\u015fta azot ve argon gibi elementlerden ayr\u0131l\u0131r. [\/vc_colum\u00adn_text][\/vc_column][vc_column width=\u201d1\/2\u2033][vc_singl\u00ade_image image=\u201d72848\u2033 img_size=\u201d306\u00d7204\u2033 add_capt\u00adion=\u201dyes\u201d alignment=\u201dcenter\u201d style=\u201dvc_box_r\u00adounded\u201d css=\u201d.vc_custo\u00adm_162150\u00ad4838450{margin-top: 5px !important;}\u201d el_class=\u201dwow fadeIn delay\u20131\u2033][\/vc_column][\/vc_row][vc_row][vc_column][vc_colum\u00adn_text]Oksijen jenerat\u00f6\u00adrlerimiz , i\u00e7erisi zeolit molek\u00fcll\u00aderiyle [&hellip;]<\/p>\n","protected":false},"author":3,"featured_media":0,"parent":72452,"menu_order":0,"comment_status":"closed","ping_status":"closed","template":"","meta":{"footnotes":""},"class_list":["post-75309","page","type-page","status-publish","hentry"],"_links":{"self":[{"href":"https:\/\/www.mikropor.com\/tr\/wp-json\/wp\/v2\/pages\/75309","targetHints":{"allow":["GET"]}}],"collection":[{"href":"https:\/\/www.mikropor.com\/tr\/wp-json\/wp\/v2\/pages"}],"about":[{"href":"https:\/\/www.mikropor.com\/tr\/wp-json\/wp\/v2\/types\/page"}],"author":[{"embeddable":true,"href":"https:\/\/www.mikropor.com\/tr\/wp-json\/wp\/v2\/users\/3"}],"replies":[{"embeddable":true,"href":"https:\/\/www.mikropor.com\/tr\/wp-json\/wp\/v2\/comments?post=75309"}],"version-history":[{"count":3,"href":"https:\/\/www.mikropor.com\/tr\/wp-json\/wp\/v2\/pages\/75309\/revisions"}],"predecessor-version":[{"id":82446,"href":"https:\/\/www.mikropor.com\/tr\/wp-json\/wp\/v2\/pages\/75309\/revisions\/82446"}],"up":[{"embeddable":true,"href":"https:\/\/www.mikropor.com\/tr\/wp-json\/wp\/v2\/pages\/72452"}],"wp:attachment":[{"href":"https:\/\/www.mikropor.com\/tr\/wp-json\/wp\/v2\/media?parent=75309"}],"curies":[{"name":"wp","href":"https:\/\/api.w.org\/{rel}","templated":true}]}}