{"id":75674,"date":"2022-03-25T10:12:43","date_gmt":"2022-03-25T07:12:43","guid":{"rendered":"https:\/\/www.mikropor.com\/?page_id=75674"},"modified":"2022-03-28T01:51:16","modified_gmt":"2022-03-27T22:51:16","slug":"kisisel-verilerin-korunmasi-ve-islenmesi-hakkinda-aydinlatma-metni","status":"publish","type":"page","link":"https:\/\/www.mikropor.com\/tr\/kisisel-verilerin-korunmasi-ve-islenmesi-hakkinda-aydinlatma-metni\/","title":{"rendered":"KVKK"},"content":{"rendered":"<section class=\"wpb-content-wrapper\"><p>[vc_row css=\u201d.vc_custo\u00adm_164819\u00ad3901635{padding-top: 30px !important;}\u201d][vc_column][vc_colum\u00adn_text]<\/p>\n<p><strong>K\u0130\u015e\u0130SEL VER\u0130LER\u0130N KORUNMASI ve \u0130\u015eLENMES\u0130 HAKKINDA AYDINLATMA METN\u0130<\/strong><\/p>\n\n<p>\u0130\u015fbu Ki\u015fisel Verilerin Korunmas\u0131 ve \u0130\u015flenmesi Hakk\u0131nda Bilgilen\u00addirmenin amac\u0131, M\u0130KROPOR MAK\u0130NA SANAY\u0130 VE T\u0130CARET A.\u015e.(M\u0130KROPOR) taraf\u0131ndan y\u00f6netilm\u00adekte olan mikropor.com adresinde yer alan internet sitesinin (M\u0130KROPOR) kullan\u0131m\u0131 s\u0131ras\u0131nda elde edilen ve\/veya \u00fc\u00e7\u00fcnc\u00fc ki\u015filerden al\u0131nan ki\u015fisel verilerin kullan\u0131m\u00ad\u0131na ili\u015fkin olarak 6698 say\u0131l\u0131 Ki\u015fisel Verilerin Korunmas\u0131 Hakk\u0131nda Kanun\u2019un (Ki\u015fisel Verilerin Korunmas\u0131 Kanunu) 10. maddesi ile getirilen ayd\u0131nlatma y\u00fck\u00fcml\u00fcl\u00ad\u00fc\u011f\u00fcn\u00fcn yerine getirilm\u00adesidir. Ayr\u0131ca Kullan\u0131c\u00ad\u0131lar\u2019\u0131n M\u0130KROPOR\u2019un kullan\u0131m\u0131 ile ilgili olarak M\u0130KROPOR taraf\u0131ndan toplanan veya Kullan\u0131c\u00ad\u0131lar\u0131n pozitif hareketl\u00aderi ile kendiler\u00adinin M\u0130KROPOR\u2019a girdikleri ki\u015fisel verilerin toplanma \u015fekilleri, i\u015flenme ama\u00e7lar\u0131, hukuki nedenleri ve haklar\u0131 konular\u0131\u00adnda \u015feffaf bir \u015fekilde Kullan\u0131c\u00ad\u0131lar\u0131 bilgilen\u00addirmektir.<\/p>\n\n<p>M\u0130KROPOR, teknoloj\u00adiye yat\u0131r\u0131m yaparak, gelece\u011fi \u00fcretme idealinde, g\u00fcvenilir ve sa\u011fl\u0131kl\u0131 \u00fcr\u00fcnleri ile topluma faydal\u0131 olma \u00e7abas\u0131nd\u00adad\u0131r. Ki\u015fisel verilerin hukuka uygun olarak toplanmas\u0131, saklanmas\u0131 ve sadece gerekti\u011fi durumlarda payla\u015f\u0131l\u00admas\u0131n\u0131 temin etmek, gizlili\u011fi korumak amac\u0131yla m\u00fckemmel g\u00fcvenlik tedbirleri almaktad\u0131r. Bu \u00e7er\u00e7evede \u015firketim\u00adizin \u00e7al\u0131\u015fan\u0131 olmak i\u00e7in veya staj yapmak \u00fczere ba\u015fvuruda bulunan ki\u015filerin verilerini 6698 say\u0131l\u0131 Kanun kapsam\u0131nda belirtilen y\u00fck\u00fcml\u00fcl\u00ad\u00fcklerimiz \u00e7er\u00e7eves\u00adinde saklamak\u00adtay\u0131z.<\/p>\n\n<p>Ki\u015fisel Verilerin Korunmas\u0131 Kanunu uyar\u0131nca, ki\u015fisel verileri\u00adniz; veri sorumlusu olarak M\u0130KROPOR taraf\u0131ndan a\u015fa\u011f\u0131da a\u00e7\u0131klanan kapsamda toplanacak ve i\u015flenebi\u00adlecektir. \u00c7evrimi\u00e7i veya online i\u015f ba\u015fvurunuz s\u00fcrecinde temin etti\u011fimiz ki\u015fisel verileri\u00adniz a\u015fa\u011f\u0131da belirtil\u00addi\u011fi gibidir, bizim i\u00e7in \u00e7ok de\u011ferli olup gizlidir ve bu nedenle sadece a\u015fa\u011f\u0131da belirtilen ama\u00e7lar i\u00e7in kullan\u0131l\u00adacakt\u0131r.<\/p>\n<br>\n<figure class=\"wp-block-table\">\n<table>\n<tbody>\n<tr>\n<td><strong>\u00c7ALI\u015eAN ADAYI VER\u0130LER\u0130 (STAJER ADAYLAR DAH\u0130L)<\/strong><\/td>\n<td><strong>KULLANIM AMACI<\/strong><\/td>\n<\/tr>\n<tr>\n<td>ADINIZ, SOYADINIZ<\/td>\n<td>\u00c7al\u0131\u015fan aday\u0131 olarak \u015fahs\u0131n\u0131z tan\u0131mak, sizinle ileti\u015fime ge\u00e7ebilmek amac\u0131yla.<\/td>\n<\/tr>\n<tr>\n<td>TELEFON NUMARANIZ<\/td>\n<td>\u0130\u015f ba\u015fvurunuza istinaden sizinle ileti\u015fim kurabilmek, i\u015f ba\u015fvuru formunuzda yer alan bilgilerinizle ilgili \u00f6n g\u00f6r\u00fc\u015fme yapmak ve sorular\u0131n\u0131za cevap verebilmek amac\u0131yla.<\/td>\n<\/tr>\n<tr>\n<td>E POSTA ADRES\u0130N\u0130Z<\/td>\n<td>\u0130leti\u015fim kurabilmek amac\u0131yla<\/td>\n<\/tr>\n<tr>\n<td>CV B\u0130LG\u0130LER\u0130N\u0130Z<\/td>\n<td>CV\u2019nizde yer alan e\u011fitim, i\u015f tecr\u00fcbesi, referanslar gibi t\u00fcm bilgileriniz i\u015fe al\u0131m s\u00fcrecindeki de\u011ferlendirmelerimizde kullan\u0131lacakt\u0131r.<\/td>\n<\/tr>\n<\/tbody>\n<\/table>\n<\/figure>\n\n<p>Ki\u015fisel verileri\u00adnizi mevzuata uygun, en g\u00fcvenilir ve m\u00fckemmel \u015fekilde saklayac\u00ada\u011f\u0131m\u0131z\u0131, yasal s\u00fcresi d\u0131\u015f\u0131nda saklama yapmayac\u00ada\u011f\u0131m\u0131z\u0131 beyan ve taahh\u00fct ederiz. \u0130lgili kanun ve sair mevzuat kapsam\u0131nda yukar\u0131da yer alan verileri\u00adnizden kaynakl\u0131 yasal haklar\u0131n\u00ad\u0131z\u0131 i\u00e7eren talepler\u00adinizi dilek\u00e7e ile Ahi Evran OSB Mah. O\u011fuz Cad.No:5 Sincan ANKARA adresimize bizzat elden iletebil\u00adirsiniz. Ba\u015fvurun\u00aduzu ayr\u0131ca Veri Sorumlus\u00aduna Ba\u015fvuru Usul ve Esaslar\u0131 Hakk\u0131nda Tebli\u011f kapsam\u0131nda <a href=\"mailto:mikropor.as@hs01.kep.tr\">mikropor.as@hs01.kep.tr<\/a> veya \u00a0<a href=\"mailto:mikropor@mikropor.com\">mikropor@mikropor.com<\/a> adresi ve di\u011fer ileti\u015fim kanallar\u00ad\u0131m\u0131z ile yapabili\u00adrsiniz.<\/p>\n\n<p><strong>Yukar\u0131da Ki\u015fisel Verileri\u00admin \u0130\u015flenmes\u00adine \u0130li\u015fkin Ayd\u0131nlatma Metni\u2019ni tebli\u011f ettim, okudum ve kabul ettim.<\/strong><\/p>\n<p><strong>Ad-Soyad\u00a0\u00a0\u00a0\u00a0\u00a0\u00a0 :<\/strong><br><strong>Tarih\u00a0\u00a0\u00a0\u00a0\u00a0\u00a0\u00a0\u00a0\u00a0\u00a0\u00a0\u00a0\u00a0 : 5 Nisan 2026 18:59<\/strong><\/p>\n<p>[\/vc_colum\u00adn_text][\/vc_column][\/vc_row]<\/p>\n<\/section>","protected":false},"excerpt":{"rendered":"<p>[vc_row css=\u201d.vc_custo\u00adm_164819\u00ad3901635{padding-top: 30px !important;}\u201d][vc_column][vc_colum\u00adn_text] K\u0130\u015e\u0130SEL VER\u0130LER\u0130N KORUNMASI ve \u0130\u015eLENMES\u0130 HAKKINDA AYDINLATMA METN\u0130 \u0130\u015fbu Ki\u015fisel Verilerin Korunmas\u0131 ve \u0130\u015flenmesi Hakk\u0131nda Bilgilen\u00addirmenin amac\u0131, M\u0130KROPOR MAK\u0130NA SANAY\u0130 VE T\u0130CARET A.\u015e.(M\u0130KROPOR) taraf\u0131ndan y\u00f6netilm\u00adekte olan mikropor.com adresinde yer alan internet sitesinin (M\u0130KROPOR) kullan\u0131m\u0131 s\u0131ras\u0131nda elde edilen ve\/veya \u00fc\u00e7\u00fcnc\u00fc ki\u015filerden al\u0131nan ki\u015fisel verilerin kullan\u0131m\u00ad\u0131na ili\u015fkin olarak 6698 say\u0131l\u0131 Ki\u015fisel Verilerin Korunmas\u0131 [&hellip;]<\/p>\n","protected":false},"author":3,"featured_media":0,"parent":0,"menu_order":0,"comment_status":"closed","ping_status":"closed","template":"page-full-width.php","meta":{"footnotes":""},"class_list":["post-75674","page","type-page","status-publish","hentry"],"_links":{"self":[{"href":"https:\/\/www.mikropor.com\/tr\/wp-json\/wp\/v2\/pages\/75674","targetHints":{"allow":["GET"]}}],"collection":[{"href":"https:\/\/www.mikropor.com\/tr\/wp-json\/wp\/v2\/pages"}],"about":[{"href":"https:\/\/www.mikropor.com\/tr\/wp-json\/wp\/v2\/types\/page"}],"author":[{"embeddable":true,"href":"https:\/\/www.mikropor.com\/tr\/wp-json\/wp\/v2\/users\/3"}],"replies":[{"embeddable":true,"href":"https:\/\/www.mikropor.com\/tr\/wp-json\/wp\/v2\/comments?post=75674"}],"version-history":[{"count":0,"href":"https:\/\/www.mikropor.com\/tr\/wp-json\/wp\/v2\/pages\/75674\/revisions"}],"wp:attachment":[{"href":"https:\/\/www.mikropor.com\/tr\/wp-json\/wp\/v2\/media?parent=75674"}],"curies":[{"name":"wp","href":"https:\/\/api.w.org\/{rel}","templated":true}]}}